{"id":8493,"date":"2019-07-05T19:10:22","date_gmt":"2019-07-05T17:10:22","guid":{"rendered":"https:\/\/www.oaxaca.gob.mx\/salud\/?page_id=8456"},"modified":"2019-12-05T14:17:53","modified_gmt":"2019-12-05T20:17:53","slug":"volumen-6-numero-1-enero-marzo-2019","status":"publish","type":"page","link":"https:\/\/www.oaxaca.gob.mx\/salud\/volumen-6-numero-1-enero-marzo-2019\/","title":{"rendered":"Volumen 6, N\u00famero 1, (Enero-Marzo 2019)"},"content":{"rendered":"<p>Portada N\u00fam. 1 Vol. 6 2019 <a href=\"\/salud\/wp-content\/uploads\/sites\/32\/2019\/06\/Portada-revista-enero-marzo-2019.pdf\" target=\"_blank\" rel=\"noopener noreferrer\"><i class=\"far fa-file-pdf fa-2x\">\u00a0<\/i><\/a><br \/>\nVolumen 6, N\u00famero 1 2019<br \/>\nComit\u00e9 Editorial <a href=\"\/salud\/wp-content\/uploads\/sites\/32\/2019\/06\/Comite-Editorial-enero-marzo-2019.pdf\" target=\"_blank\" rel=\"noopener noreferrer\"><i class=\"far fa-file-pdf fa-2x\">\u00a0<\/i><\/a><br \/>\nVolumen 6, N\u00famero 1 2019<br \/>\nContenido <a href=\"\/salud\/wp-content\/uploads\/sites\/32\/2019\/06\/Contenido-revista-enero-marzo-2019.pdf\" target=\"_blank\" rel=\"noopener noreferrer\"><i class=\"far fa-file-pdf fa-2x\">\u00a0<\/i><\/a><\/p>\n<p>Volumen 6, N\u00famero 1 2019 ( Art\u00edculo Original 1)<br \/>\nEpidemiolog\u00eda descriptiva del c\u00e1ncer en adultos atendidos en el Hospital Regional de Alta Especialidad de Oaxaca: experiencia de 10 a\u00f1os. <a href=\"\/salud\/wp-content\/uploads\/sites\/32\/2019\/06\/Separata-del-Articulo_Epidemiologia-del-cancer-en-HRAEO_publicado.pdf\" target=\"_blank\" rel=\"noopener noreferrer\"><i class=\"far fa-file-pdf fa-2x\">\u00a0<\/i><\/a><br \/>\nVel\u00e1squez-Paz AL,1 Azamar-Cruz E.1 H1<\/p>\n<p>Volumen 6, N\u00famero 1 2019 ( Art\u00edculo Original 2)<br \/>\nSeroprevalencia de anticuerpos anti-Toxoplasmagondii en una poblaci\u00f3n de la regi\u00f3n central de Veracruz. <a href=\"\/salud\/wp-content\/uploads\/sites\/32\/2019\/06\/Separata-del-Articulo_Seroprevalencia-de-anticuerpos-antitoxoplasma_publicado.pdf\" target=\"_blank\" rel=\"noopener noreferrer\"><i class=\"far fa-file-pdf fa-2x\">\u00a0<\/i><\/a><br \/>\nDe Jes\u00fas-S\u00e1nchez M,1 Ruiz-Navarro G,1 Varela-Cardoso M,1 Gonz\u00e1lez-Del Carmen M1.<\/p>\n<p>Volumen 6, N\u00famero 1 2019 (Art\u00edculo Original 3)<br \/>\nH\u00e1bitos y pr\u00e1cticas etnoentomol\u00f3gicas en la comunidad de Puerto Escondido, Oaxaca. <a href=\"\/salud\/wp-content\/uploads\/sites\/32\/2019\/06\/Separata-del-ArticuloHhabitos-y-practicas-etnoentomologicas_publicado.pdf\" target=\"_blank\" rel=\"noopener noreferrer\"><i class=\"far fa-file-pdf fa-2x\">\u00a0<\/i><\/a><br \/>\nMart\u00ednez-S\u00e1nchez A,1 Rodr\u00edguez-D\u00edaz A,2 Victores-Aguirre M3<\/p>\n<p>Volumen 6, N\u00famero 1 2019 (Art\u00edculo en Revisi\u00f3n)<br \/>\nCategor\u00edas conceptuales de la violencia obst\u00e9trica.<a href=\"https:\/\/www.oaxaca.gob.mx\/salud\/wp-content\/uploads\/sites\/32\/2019\/12\/Acs191-05o.pdf\" target=\"_blank\" rel=\"noopener noreferrer\"><i class=\"far fa-file-pdf fa-2x\">\u00a0<\/i><\/a><br \/>\nGuerrero-Sotelo RN,1 Hern\u00e1ndez-Ram\u00edrez JC,2 Hern\u00e1ndez-Arzola LI,3 Arag\u00f3n-Gonz\u00e1lez GR4.<\/p>\n","protected":false},"excerpt":{"rendered":"<p>Portada N\u00fam. 1 Vol. 6 2019 \u00a0 Volumen 6, N\u00famero 1 2019 Comit\u00e9 Editorial \u00a0 Volumen 6, N\u00famero 1 2019 Contenido \u00a0 Volumen 6, N\u00famero 1 2019 ( Art\u00edculo Original 1) Epidemiolog\u00eda descriptiva del c\u00e1ncer en adultos atendidos en el Hospital Regional de Alta Especialidad de Oaxaca: experiencia de 10 a\u00f1os. \u00a0 Vel\u00e1squez-Paz AL,1 Azamar-Cruz [&hellip;]<\/p>\n","protected":false},"author":1,"featured_media":0,"parent":0,"menu_order":0,"comment_status":"closed","ping_status":"closed","template":"","meta":{"episode_type":"","audio_file":"","podmotor_file_id":"","podmotor_episode_id":"","cover_image":"","cover_image_id":"","duration":"","filesize":"","filesize_raw":"","date_recorded":"","explicit":"","block":"","itunes_episode_number":"","itunes_title":"","itunes_season_number":"","itunes_episode_type":"","footnotes":""},"categories":[],"tags":[],"class_list":["post-8493","page","type-page","status-publish","hentry"],"acf":[],"publishpress_future_action":{"enabled":false,"date":"2026-05-16 01:09:11","action":"change-status","newStatus":"draft","terms":[],"taxonomy":"category","extraData":[]},"publishpress_future_workflow_manual_trigger":{"enabledWorkflows":[]},"_links":{"self":[{"href":"https:\/\/www.oaxaca.gob.mx\/salud\/wp-json\/wp\/v2\/pages\/8493","targetHints":{"allow":["GET"]}}],"collection":[{"href":"https:\/\/www.oaxaca.gob.mx\/salud\/wp-json\/wp\/v2\/pages"}],"about":[{"href":"https:\/\/www.oaxaca.gob.mx\/salud\/wp-json\/wp\/v2\/types\/page"}],"author":[{"embeddable":true,"href":"https:\/\/www.oaxaca.gob.mx\/salud\/wp-json\/wp\/v2\/users\/1"}],"replies":[{"embeddable":true,"href":"https:\/\/www.oaxaca.gob.mx\/salud\/wp-json\/wp\/v2\/comments?post=8493"}],"version-history":[{"count":2,"href":"https:\/\/www.oaxaca.gob.mx\/salud\/wp-json\/wp\/v2\/pages\/8493\/revisions"}],"predecessor-version":[{"id":8849,"href":"https:\/\/www.oaxaca.gob.mx\/salud\/wp-json\/wp\/v2\/pages\/8493\/revisions\/8849"}],"wp:attachment":[{"href":"https:\/\/www.oaxaca.gob.mx\/salud\/wp-json\/wp\/v2\/media?parent=8493"}],"wp:term":[{"taxonomy":"category","embeddable":true,"href":"https:\/\/www.oaxaca.gob.mx\/salud\/wp-json\/wp\/v2\/categories?post=8493"},{"taxonomy":"post_tag","embeddable":true,"href":"https:\/\/www.oaxaca.gob.mx\/salud\/wp-json\/wp\/v2\/tags?post=8493"}],"curies":[{"name":"wp","href":"https:\/\/api.w.org\/{rel}","templated":true}]}}