{"id":7619,"date":"2019-01-31T16:49:00","date_gmt":"2019-01-31T22:49:00","guid":{"rendered":"https:\/\/www.oaxaca.gob.mx\/salud\/?page_id=6778"},"modified":"2019-01-31T16:49:00","modified_gmt":"2019-01-31T22:49:00","slug":"volumen-5-numero-3-julio-septiembre-2018","status":"publish","type":"page","link":"https:\/\/www.oaxaca.gob.mx\/salud\/volumen-5-numero-3-julio-septiembre-2018\/","title":{"rendered":"Volumen 5, N\u00famero 3, (Julio-Septiembre 2018)"},"content":{"rendered":"<table border=\"0\">\n<tbody>\n<tr>\n<td>\n<div id=\"label_art\"><strong>Portada N\u00fam. 3 Vol. 5 2018<\/strong> <a href=\"https:\/\/www.oaxaca.gob.mx\/salud\/wp-content\/uploads\/sites\/32\/2019\/01\/portada-julio-sep-2018-final.pdf\" target=\"_blank\" rel=\"noopener noreferrer\"><i class=\"far fa-file-pdf fa-2x\">&nbsp;<\/i><\/a><\/div>\n<\/td>\n<\/tr>\n<\/tbody>\n<\/table>\n<div id=\"separator\"><\/div>\n<table border=\"0\">\n<tbody>\n<tr>\n<td>\n<div id=\"label_vol\"><strong>Volumen 5, N\u00famero 3, 2018\u00a0<\/strong><\/div>\n<\/td>\n<\/tr>\n<tr>\n<td>\n<div id=\"label_art\">Comit\u00e9 Editorial\u00a0<a href=\"https:\/\/www.oaxaca.gob.mx\/salud\/wp-content\/uploads\/sites\/32\/2019\/01\/com_editorial.pdf\" target=\"_blank\" rel=\"noopener noreferrer\"><i class=\"far fa-file-pdf fa-2x\">&nbsp;<\/i><\/a><\/div>\n<\/td>\n<\/tr>\n<\/tbody>\n<\/table>\n<div><\/div>\n<div>\n<table border=\"0\">\n<tbody>\n<tr>\n<td>\n<div id=\"label_vol\"><strong>Volumen 5, N\u00famero 3, 2018\u00a0<\/strong><\/div>\n<\/td>\n<\/tr>\n<tr>\n<td>\n<div id=\"label_art\">Contenido\u00a0\u00a0<a href=\"https:\/\/www.oaxaca.gob.mx\/salud\/wp-content\/uploads\/sites\/32\/2019\/01\/contenido.pdf\" target=\"_blank\" rel=\"noopener noreferrer\"><i class=\"far fa-file-pdf fa-2x\">&nbsp;<\/i><\/a><\/div>\n<\/td>\n<\/tr>\n<\/tbody>\n<\/table>\n<\/div>\n<div id=\"separator\"><\/div>\n<p>&nbsp;<\/p>\n<div><\/div>\n<table border=\"0\">\n<tbody>\n<tr>\n<td>\n<div id=\"label_vol\"><strong>Volumen 5, N\u00famero 3, 2018 ( Art\u00edculo Original 1)<\/strong><\/div>\n<\/td>\n<\/tr>\n<tr>\n<td>\n<div id=\"label_art\">Identificaci\u00f3n de arbovirus en mosquitos vectores (Aedes spp.) de Oaxaca mediante qRT-PCR.<a href=\"https:\/\/www.oaxaca.gob.mx\/salud\/wp-content\/uploads\/sites\/32\/2019\/01\/articulo-1.pdf\" target=\"_blank\" rel=\"noopener noreferrer\"><i class=\"far fa-file-pdf fa-2x\">&nbsp;<\/i><\/a><\/div>\n<p>Ram\u00edrez-Palacios LR,1 Landeta-Vel\u00e1zquez S,1 Miguel-L\u00f3pez G,1 Mart\u00ednez-Mu\u00f1ez JP,1 Cruz- Altamirano E,1 Tapia-Pastrana G1<\/td>\n<\/tr>\n<\/tbody>\n<\/table>\n<div id=\"separator\"><\/div>\n<div>\n<table border=\"0\">\n<tbody>\n<tr>\n<td>\n<div id=\"label_vol\"><strong>Volumen 5, N\u00famero 3, 2018 ( Art\u00edculo Original 2)<\/strong><\/div>\n<\/td>\n<\/tr>\n<tr>\n<td>\n<div id=\"label_art\">Calidad del documento de consentimiento informado en expedientes cl\u00ednicos de queja por atenci\u00f3n obst\u00e9trica.\u00a0<a href=\"https:\/\/www.oaxaca.gob.mx\/salud\/wp-content\/uploads\/sites\/32\/2019\/01\/articulo-2.pdf\" target=\"_blank\" rel=\"noopener noreferrer\"><i class=\"far fa-file-pdf fa-2x\">&nbsp;<\/i><\/a><\/div>\n<p>Calvo-Aguilar O,1 Torres-Falc\u00f3n M,2 Valdez-Santiago MR3<\/td>\n<\/tr>\n<\/tbody>\n<\/table>\n<\/div>\n<div><\/div>\n<table border=\"0\">\n<tbody>\n<tr>\n<td>\n<div id=\"label_vol\"><strong>Volumen 5, N\u00famero 3, 2018 (Art\u00edculo Original 3)<\/strong><\/div>\n<\/td>\n<\/tr>\n<tr>\n<td>\n<div id=\"label_art\">Factores que influyen en el control prenatal en la Red Obst\u00e9trica Metropolitana.<a href=\"https:\/\/www.oaxaca.gob.mx\/salud\/wp-content\/uploads\/sites\/32\/2019\/01\/articulo3.pdf\" target=\"_blank\" rel=\"noopener noreferrer\"><i class=\"far fa-file-pdf fa-2x\">&nbsp;<\/i><\/a><\/div>\n<p>Cordero-de Le\u00f3n AB,1 Flores-Mendoza G1<\/td>\n<\/tr>\n<\/tbody>\n<\/table>\n<p><a href=\"\/salud\/revista-avance-en-ciencia-salud-y-medicina\/\"><img loading=\"lazy\" decoding=\"async\" class=\"alignleft wp-image-492\" src=\"https:\/\/www.oaxaca.gob.mx\/salud\/wp-content\/uploads\/sites\/32\/2016\/01\/regresar.png\" alt=\"regresar\" width=\"30\" height=\"30\" srcset=\"https:\/\/www.oaxaca.gob.mx\/salud\/wp-content\/uploads\/sites\/32\/2016\/01\/regresar.png 512w, https:\/\/www.oaxaca.gob.mx\/salud\/wp-content\/uploads\/sites\/32\/2016\/01\/regresar-150x150.png 150w, https:\/\/www.oaxaca.gob.mx\/salud\/wp-content\/uploads\/sites\/32\/2016\/01\/regresar-300x300.png 300w\" sizes=\"auto, (max-width: 30px) 100vw, 30px\" \/><\/a>\t\t<\/p>\n","protected":false},"excerpt":{"rendered":"<p>Portada N\u00fam. 3 Vol. 5 2018 &nbsp; Volumen 5, N\u00famero 3, 2018\u00a0 Comit\u00e9 Editorial\u00a0&nbsp; Volumen 5, N\u00famero 3, 2018\u00a0 Contenido\u00a0\u00a0&nbsp; &nbsp; Volumen 5, N\u00famero 3, 2018 ( Art\u00edculo Original 1) Identificaci\u00f3n de arbovirus en mosquitos vectores (Aedes spp.) de Oaxaca mediante qRT-PCR.&nbsp; Ram\u00edrez-Palacios LR,1 Landeta-Vel\u00e1zquez S,1 Miguel-L\u00f3pez G,1 Mart\u00ednez-Mu\u00f1ez JP,1 Cruz- Altamirano E,1 Tapia-Pastrana G1 [&hellip;]<\/p>\n","protected":false},"author":1,"featured_media":0,"parent":0,"menu_order":0,"comment_status":"closed","ping_status":"closed","template":"","meta":{"episode_type":"","audio_file":"","podmotor_file_id":"","podmotor_episode_id":"","cover_image":"","cover_image_id":"","duration":"","filesize":"","filesize_raw":"","date_recorded":"","explicit":"","block":"","itunes_episode_number":"","itunes_title":"","itunes_season_number":"","itunes_episode_type":"","footnotes":""},"categories":[],"tags":[],"class_list":["post-7619","page","type-page","status-publish","hentry"],"acf":[],"publishpress_future_action":{"enabled":false,"date":"2026-05-11 07:40:21","action":"change-status","newStatus":"draft","terms":[],"taxonomy":"category","extraData":[]},"publishpress_future_workflow_manual_trigger":{"enabledWorkflows":[]},"_links":{"self":[{"href":"https:\/\/www.oaxaca.gob.mx\/salud\/wp-json\/wp\/v2\/pages\/7619","targetHints":{"allow":["GET"]}}],"collection":[{"href":"https:\/\/www.oaxaca.gob.mx\/salud\/wp-json\/wp\/v2\/pages"}],"about":[{"href":"https:\/\/www.oaxaca.gob.mx\/salud\/wp-json\/wp\/v2\/types\/page"}],"author":[{"embeddable":true,"href":"https:\/\/www.oaxaca.gob.mx\/salud\/wp-json\/wp\/v2\/users\/1"}],"replies":[{"embeddable":true,"href":"https:\/\/www.oaxaca.gob.mx\/salud\/wp-json\/wp\/v2\/comments?post=7619"}],"version-history":[{"count":0,"href":"https:\/\/www.oaxaca.gob.mx\/salud\/wp-json\/wp\/v2\/pages\/7619\/revisions"}],"wp:attachment":[{"href":"https:\/\/www.oaxaca.gob.mx\/salud\/wp-json\/wp\/v2\/media?parent=7619"}],"wp:term":[{"taxonomy":"category","embeddable":true,"href":"https:\/\/www.oaxaca.gob.mx\/salud\/wp-json\/wp\/v2\/categories?post=7619"},{"taxonomy":"post_tag","embeddable":true,"href":"https:\/\/www.oaxaca.gob.mx\/salud\/wp-json\/wp\/v2\/tags?post=7619"}],"curies":[{"name":"wp","href":"https:\/\/api.w.org\/{rel}","templated":true}]}}