{"id":7615,"date":"2018-12-04T10:18:39","date_gmt":"2018-12-04T16:18:39","guid":{"rendered":"https:\/\/www.oaxaca.gob.mx\/salud\/?page_id=6493"},"modified":"2026-04-16T09:48:25","modified_gmt":"2026-04-16T15:48:25","slug":"presupuestarios","status":"publish","type":"page","link":"https:\/\/www.oaxaca.gob.mx\/salud\/presupuestarios\/","title":{"rendered":"Presupuestarios"},"content":{"rendered":"<p>&nbsp;<\/p>\n<p>&nbsp;<\/p>\n<p>&nbsp;<\/p>\n<table border=\"0\" width=\"550\" align=\"center\">\n<tbody>\n<tr>\n<td align=\"left\">En apego al art\u00edculo 48 de la Ley de Coordinaci\u00f3n Fiscal, se publica la siguiente informaci\u00f3n sobre el ejercicio y destino de los Fondos de Aportaciones Federales.<\/p>\n<p><strong>A\u00f1o 2026<\/strong><\/td>\n<\/tr>\n<tr>\n<td><strong>RESUMEN PROGRAM\u00c1TICO-PRESUPUESTAL<\/strong><\/p>\n<p><a href=\"https:\/\/www.oaxaca.gob.mx\/salud\/wp-content\/uploads\/sites\/32\/2026\/04\/RESUMEN-PROGRAMATICO-PRESUPUESTAL.pdf\" target=\"_blank\" rel=\"noopener noreferrer\">-1er Trimestre 2026<\/a><\/td>\n<\/tr>\n<tr>\n<td><strong> RESUMEN POR CAPITULO-PARTIDA PRESUPUESTAL<\/strong><\/p>\n<p><a href=\"https:\/\/www.oaxaca.gob.mx\/salud\/wp-content\/uploads\/sites\/32\/2026\/04\/CLASIFICACION-POR-OBJETO-DEL-GASTO.pdf\" target=\"_blank\" rel=\"noopener noreferrer\">-1er Trimestre 2026<\/a><\/td>\n<\/tr>\n<tr>\n<td align=\"left\">En apego al art\u00edculo 48 de la Ley de Coordinaci\u00f3n Fiscal, se publica la siguiente informaci\u00f3n sobre el ejercicio y destino de los Fondos de Aportaciones Federales.<\/p>\n<p><strong>A\u00f1o 2025<\/strong><\/td>\n<\/tr>\n<tr>\n<td><strong>RESUMEN PROGRAM\u00c1TICO-PRESUPUESTAL<\/strong><\/p>\n<p><a href=\"https:\/\/www.oaxaca.gob.mx\/salud\/wp-content\/uploads\/sites\/32\/2025\/04\/resumen-por-programa-presupuestario.pdf\" target=\"_blank\" rel=\"noopener noreferrer\">-1er Trimestre 2025<\/a><br \/>\n<a href=\"https:\/\/www.oaxaca.gob.mx\/salud\/wp-content\/uploads\/sites\/32\/2025\/07\/programatica.pdf\" target=\"_blank\" rel=\"noopener noreferrer\">-2do Trimestre 2025<\/a><br \/>\n<a href=\"https:\/\/www.oaxaca.gob.mx\/salud\/wp-content\/uploads\/sites\/32\/2025\/10\/RESUMEN-PROGRAMATICO-PRESUPUESTAL.pdf\" target=\"_blank\" rel=\"noopener noreferrer\">-3er Trimestre 2025<\/a><br \/>\n<a href=\"https:\/\/www.oaxaca.gob.mx\/salud\/wp-content\/uploads\/sites\/32\/2026\/01\/RESUMEN_POR_PROGRAMA_PRESUP.pdf\" target=\"_blank\" rel=\"noopener noreferrer\">-4to Trimestre 2025<\/a><\/td>\n<\/tr>\n<tr>\n<td><strong> RESUMEN POR CAPITULO-PARTIDA PRESUPUESTAL<\/strong><\/p>\n<p><a href=\"https:\/\/www.oaxaca.gob.mx\/salud\/wp-content\/uploads\/sites\/32\/2025\/04\/Clasificacion-por-objeto-del-gasto-capitulo-concepto.pdf\" target=\"_blank\" rel=\"noopener noreferrer\">-1er Trimestre 2025<\/a><br \/>\n<a href=\"https:\/\/www.oaxaca.gob.mx\/salud\/wp-content\/uploads\/sites\/32\/2025\/07\/clasificacion-por-objeto-del-gasto.pdf\" target=\"_blank\" rel=\"noopener noreferrer\">-2do Trimestre 2025<\/a><br \/>\n<a href=\"https:\/\/www.oaxaca.gob.mx\/salud\/wp-content\/uploads\/sites\/32\/2025\/10\/CLASIFICACION-POR-OBJETO-DEL-GASTO-CAPITULO-CONCEPTO.pdf\" target=\"_blank\" rel=\"noopener noreferrer\">-3er Trimestre 2025<\/a><br \/>\n<a href=\"https:\/\/www.oaxaca.gob.mx\/salud\/wp-content\/uploads\/sites\/32\/2026\/01\/RESUMEN_POR_OBJETO_DE_GASTO.pdf\" target=\"_blank\" rel=\"noopener noreferrer\">-4to Trimestre 2025<\/a><\/td>\n<\/tr>\n<tr>\n<td align=\"left\">En apego al art\u00edculo 48 de la Ley de Coordinaci\u00f3n Fiscal, se publica la siguiente informaci\u00f3n sobre el ejercicio y destino de los Fondos de Aportaciones Federales.<\/p>\n<p><strong>A\u00f1o 2024<\/strong><\/td>\n<\/tr>\n<tr>\n<td><strong>RESUMEN PROGRAM\u00c1TICO-PRESUPUESTAL<\/strong><\/p>\n<p><a href=\"https:\/\/www.oaxaca.gob.mx\/salud\/wp-content\/uploads\/sites\/32\/2024\/04\/RESUMEN-POR-PROGRAMA-PRESUPUESTARIO.pdf\" target=\"_blank\" rel=\"noopener noreferrer\">-1er Trimestre 2024<\/a><br \/>\n<a href=\"https:\/\/www.oaxaca.gob.mx\/salud\/wp-content\/uploads\/sites\/32\/2024\/07\/RESUMEN-POR-PROGRAMA-PRESUPUESTARIO-2DO.-TRIM.-24.pdf\" target=\"_blank\" rel=\"noopener noreferrer\">-2do Trimestre 2024<\/a><br \/>\n<a href=\"https:\/\/www.oaxaca.gob.mx\/salud\/wp-content\/uploads\/sites\/32\/2024\/10\/RESUMEN-POR-PROGRAMA-PRESUPUESTARIO.pdf\" target=\"_blank\" rel=\"noopener noreferrer\">-3er Trimestre 2024<\/a><br \/>\n<a href=\"https:\/\/www.oaxaca.gob.mx\/salud\/wp-content\/uploads\/sites\/32\/2025\/01\/4-TRIM-ESTADO-ANALITICO-DEL-EJERCICIO-DEL-PRESUPUESTO-DE-EGRESOS.pdf\" target=\"_blank\" rel=\"noopener noreferrer\">-4to Trimestre 2024<\/a><\/td>\n<\/tr>\n<tr>\n<td><strong> RESUMEN POR CAPITULO-PARTIDA PRESUPUESTAL<\/strong><\/p>\n<p><a href=\"https:\/\/www.oaxaca.gob.mx\/salud\/wp-content\/uploads\/sites\/32\/2024\/04\/CLASIFICACION-POR-OBJETO-DEL-GASTO.pdf\" target=\"_blank\" rel=\"noopener noreferrer\">-1er Trimestre 2024<\/a><br \/>\n<a href=\"https:\/\/www.oaxaca.gob.mx\/salud\/wp-content\/uploads\/sites\/32\/2024\/07\/CLASIFICACION-POR-OBJETO-DEL-GASTO-2DO.-TRIM.-24.pdf\" target=\"_blank\" rel=\"noopener noreferrer\">-2do Trimestre 2024<\/a><br \/>\n<a href=\"https:\/\/www.oaxaca.gob.mx\/salud\/wp-content\/uploads\/sites\/32\/2024\/10\/3.-CLASIFICACION-POR-OBJETO-DEL-GASTO.pdf\" target=\"_blank\" rel=\"noopener noreferrer\">-3er Trimestre 2024<\/a><br \/>\n<a href=\"https:\/\/www.oaxaca.gob.mx\/salud\/wp-content\/uploads\/sites\/32\/2025\/01\/4-TRIMESTRE-ESTADO-ANALITICO-DEL-EJERCICIO-DEL-PRESUPUESTO-DE-EGRESOS.pdf\" target=\"_blank\" rel=\"noopener noreferrer\">-4to Trimestre 2024<\/a><\/td>\n<\/tr>\n<tr>\n<td align=\"left\">En apego al art\u00edculo 48 de la Ley de Coordinaci\u00f3n Fiscal, se publica la siguiente informaci\u00f3n sobre el ejercicio y destino de los Fondos de Aportaciones Federales.<\/p>\n<p><strong>A\u00f1o 2023<\/strong><\/td>\n<\/tr>\n<tr>\n<td><strong>RESUMEN PROGRAM\u00c1TICO-PRESUPUESTAL<\/strong><\/p>\n<p><a href=\"https:\/\/www.oaxaca.gob.mx\/salud\/wp-content\/uploads\/sites\/32\/2023\/04\/CLASIFICACION-PROGRAMA-PRESUPUESTARIO.pdf\" target=\"_blank\" rel=\"noopener noreferrer\">-1er Trimestre 2023<\/a><br \/>\n<a href=\"https:\/\/www.oaxaca.gob.mx\/salud\/wp-content\/uploads\/sites\/32\/2023\/07\/RESUMEN-POR-PROGRAMA-PRESUPUESTARIO-5.pdf\" target=\"_blank\" rel=\"noopener noreferrer\">-2do Trimestre 2023<\/a><br \/>\n<a href=\"https:\/\/www.oaxaca.gob.mx\/salud\/wp-content\/uploads\/sites\/32\/2023\/10\/RESUMEN-POR-PROGRAMA-PRESUPUESTARIO-6.pdf\" target=\"_blank\" rel=\"noopener noreferrer\">-3er Trimestre 2023<\/a><br \/>\n<a href=\"https:\/\/www.oaxaca.gob.mx\/salud\/wp-content\/uploads\/sites\/32\/2024\/02\/CLASIFICACION-PRO-PROGRAMA.pdf\" target=\"_blank\" rel=\"noopener noreferrer\">-4to Trimestre 2023<\/a><\/td>\n<\/tr>\n<tr>\n<td><strong> RESUMEN POR CAPITULO-PARTIDA PRESUPUESTAL<\/strong><\/p>\n<p><a href=\"https:\/\/www.oaxaca.gob.mx\/salud\/wp-content\/uploads\/sites\/32\/2023\/04\/D-CLASIFICACION-POR-OBJETO-DEL-GASTO.pdf\" target=\"_blank\" rel=\"noopener noreferrer\">-1er Trimestre 2023<\/a><br \/>\n<a href=\"https:\/\/www.oaxaca.gob.mx\/salud\/wp-content\/uploads\/sites\/32\/2023\/07\/CLASIFICACION-POR-OBJETO-DEL-GASTO-CAPITULO-CONCEPTO-1.pdf\" target=\"_blank\" rel=\"noopener noreferrer\">-2do Trimestre 2023<\/a><br \/>\n<a href=\"https:\/\/www.oaxaca.gob.mx\/salud\/wp-content\/uploads\/sites\/32\/2023\/10\/a-CLASIFICACION-POR-OBJETO-DEL-GASTO.pdf\" target=\"_blank\" rel=\"noopener noreferrer\">-3er Trimestre 2023<\/a><br \/>\n<a href=\"https:\/\/www.oaxaca.gob.mx\/salud\/wp-content\/uploads\/sites\/32\/2024\/02\/CLASIFICACION-POR-OBJETO-DEL-GASTO-2.pdf\" target=\"_blank\" rel=\"noopener noreferrer\">-4to Trimestre 2023<\/a><\/td>\n<\/tr>\n<tr>\n<td align=\"left\">En apego al art\u00edculo 48 de la Ley de Coordinaci\u00f3n Fiscal, se publica la siguiente informaci\u00f3n sobre el ejercicio y destino de los Fondos de Aportaciones Federales.<\/p>\n<p><strong>A\u00f1o 2022<\/strong><\/td>\n<\/tr>\n<tr>\n<td><strong>RESUMEN PROGRAM\u00c1TICO-PRESUPUESTAL<\/strong><\/p>\n<p><a href=\"https:\/\/www.oaxaca.gob.mx\/salud\/wp-content\/uploads\/sites\/32\/2022\/04\/5.-RESUMEN-POR-PROGRAMA-PRESUPUESTARIO-1ER.-TRIMESTRE-2022.pdf\" target=\"_blank\" rel=\"noopener noreferrer\">-1er Trimestre 2022<\/a><br \/>\n<a href=\"https:\/\/www.oaxaca.gob.mx\/salud\/wp-content\/uploads\/sites\/32\/2022\/07\/PROGRAMATICA.pdf\" target=\"_blank\" rel=\"noopener noreferrer\">-2do Trimestre 2022<\/a><br \/>\n<a href=\"https:\/\/www.oaxaca.gob.mx\/salud\/wp-content\/uploads\/sites\/32\/2022\/10\/RESUMEN-PROGRAMA-PRESUPUESTARIO-1.pdf\" target=\"_blank\" rel=\"noopener noreferrer\">-3er Trimestre 2022<\/a><br \/>\n<a href=\"https:\/\/www.oaxaca.gob.mx\/salud\/wp-content\/uploads\/sites\/32\/2023\/01\/RESUMEN-POR-PROGRAMA-PRESUPUESTARIO-4.pdf\" target=\"_blank\" rel=\"noopener noreferrer\">-4to Trimestre 2022<\/a><\/td>\n<\/tr>\n<tr>\n<td><strong> RESUMEN POR CAPITULO-PARTIDA PRESUPUESTAL<\/strong><\/p>\n<p><a href=\"https:\/\/www.oaxaca.gob.mx\/salud\/wp-content\/uploads\/sites\/32\/2022\/04\/2.-CLASIFICACION-POR-OBJETO-DEL-GASTO-CAPITULO-CONCEPTO-1ER.-TRIMESTRE-2022.pdf\" target=\"_blank\" rel=\"noopener noreferrer\">-1er Trimestre 2022<\/a><br \/>\n<a href=\"https:\/\/www.oaxaca.gob.mx\/salud\/wp-content\/uploads\/sites\/32\/2022\/07\/CLASIFICACION-POR-OBJETO-DEL-GASTO-CAPITULO.pdf\" target=\"_blank\" rel=\"noopener noreferrer\">-2do Trimestre 2022<\/a><br \/>\n<a href=\"https:\/\/www.oaxaca.gob.mx\/salud\/wp-content\/uploads\/sites\/32\/2022\/10\/CLASIFICACION-POR-OBJETO-DEL-GASTO-1.pdf\" target=\"_blank\" rel=\"noopener noreferrer\">-3er Trimestre 2022<\/a><br \/>\n<a href=\"https:\/\/www.oaxaca.gob.mx\/salud\/wp-content\/uploads\/sites\/32\/2023\/01\/A-CLASIFICACION-POR-OBJETO-DEL-GASTO-CAPITULO-CONCEPTO.pdf\" target=\"_blank\" rel=\"noopener noreferrer\">-4to Trimestre 2022<\/a><\/td>\n<\/tr>\n<tr>\n<td><strong> PRESUPUESTO DE EGRESOS DEL ESTADO<\/strong><\/td>\n<\/tr>\n<\/tbody>\n<tbody>\n<tr>\n<td align=\"left\">En apego al art\u00edculo 48 de la Ley de Coordinaci\u00f3n Fiscal, se publica la siguiente informaci\u00f3n sobre el ejercicio y destino de los Fondos de Aportaciones Federales.<\/p>\n<p><strong>A\u00f1o 2021<\/strong><\/td>\n<\/tr>\n<tr>\n<td><strong>RESUMEN PROGRAM\u00c1TICO-PRESUPUESTAL<\/strong><\/p>\n<p><a href=\"https:\/\/www.oaxaca.gob.mx\/salud\/wp-content\/uploads\/sites\/32\/2021\/04\/RESUMEN-POR-PROGRAMA-PRESUPUESTARIO-1.pdf\" target=\"_blank\" rel=\"noopener noreferrer\">-1er Trimestre 2021<\/a><br \/>\n<a href=\"https:\/\/www.oaxaca.gob.mx\/salud\/wp-content\/uploads\/sites\/32\/2021\/07\/RESUMEN-POR-PROGRAMA-PRESUPUESTARIO-2.pdf\" target=\"_blank\" rel=\"noopener noreferrer\">-2do Trimestre 2021<\/a><br \/>\n<a href=\"https:\/\/www.oaxaca.gob.mx\/salud\/wp-content\/uploads\/sites\/32\/2021\/10\/RESUMEN-POR-PROGRAMA-PRESUPUESTARIO-3ER.-TRIMESTRE.pdf\" target=\"_blank\" rel=\"noopener noreferrer\">-3er Trimestre 2021<\/a><br \/>\n<a href=\"https:\/\/www.oaxaca.gob.mx\/salud\/wp-content\/uploads\/sites\/32\/2022\/04\/5.-RESUMEN-POR-PROGRAMA-PRESUPUESTARIO-CIERRE-2021.pdf\" target=\"_blank\" rel=\"noopener noreferrer\">-4to Trimestre 2021<\/a><\/td>\n<\/tr>\n<tr>\n<td><strong> RESUMEN POR CAPITULO-PARTIDA PRESUPUESTAL<\/strong><\/p>\n<p><a href=\"https:\/\/www.oaxaca.gob.mx\/salud\/wp-content\/uploads\/sites\/32\/2021\/04\/CLASIFICACION-POR-OBJETO-DE-GASTO-CAPITULO-CONCEPTO.pdf\" target=\"_blank\" rel=\"noopener noreferrer\">-1er Trimestre 2021<\/a><br \/>\n<a href=\"https:\/\/www.oaxaca.gob.mx\/salud\/wp-content\/uploads\/sites\/32\/2021\/07\/RESUMEN-POR-CAPITULO-CONCEPTO-DE-GASTO.pdf\" target=\"_blank\" rel=\"noopener noreferrer\">-2do Trimestre 2021<\/a><br \/>\n<a href=\"https:\/\/www.oaxaca.gob.mx\/salud\/wp-content\/uploads\/sites\/32\/2021\/10\/RESUMEN-CAPITULO-X-OBJETO-DEL-GASTO-3ER.-TRIMESTRE-2021.pdf\" target=\"_blank\" rel=\"noopener noreferrer\">-3er Trimestre 2021<\/a><br \/>\n<a href=\"https:\/\/www.oaxaca.gob.mx\/salud\/wp-content\/uploads\/sites\/32\/2022\/04\/2.-CALSIFICACION-POR-OBJETO-DEL-GASTO-CAPITULO-CONCEPTO-CIERRE-2021.pdf\" target=\"_blank\" rel=\"noopener noreferrer\">-4to Trimestre 2021<\/a><\/td>\n<\/tr>\n<tr>\n<td><strong> PRESUPUESTO DE EGRESOS DEL ESTADO<\/strong><\/td>\n<\/tr>\n<\/tbody>\n<tbody>\n<tr>\n<td align=\"left\">En apego al art\u00edculo 48 de la Ley de Coordinaci\u00f3n Fiscal, se publica la siguiente informaci\u00f3n sobre el ejercicio y destino de los Fondos de Aportaciones Federales.<\/p>\n<p><strong>A\u00f1o 2020<\/strong><\/td>\n<\/tr>\n<tr>\n<td><strong>RESUMEN PROGRAM\u00c1TICO-PRESUPUESTAL<\/strong><\/p>\n<p><a href=\"https:\/\/www.oaxaca.gob.mx\/salud\/wp-content\/uploads\/sites\/32\/2020\/04\/1ER.-TRIMESTRE-PROGRAM\u00c1TICO-PRESUPUESTAL.pdf\" target=\"_blank\" rel=\"noopener noreferrer\">-1er Trimestre 2020<\/a><br \/>\n<a href=\"https:\/\/www.oaxaca.gob.mx\/salud\/wp-content\/uploads\/sites\/32\/2020\/07\/RESUMEN-PROGRAMATICA-PRESUPUESTAL.pdf\" target=\"_blank\" rel=\"noopener noreferrer\">-2do Trimestre 2020<\/a><br \/>\n<a href=\"https:\/\/www.oaxaca.gob.mx\/salud\/wp-content\/uploads\/sites\/32\/2020\/10\/RESUMEN-POR-PROGRAMA-PRESUPUESTARIO.pdf\" target=\"_blank\" rel=\"noopener noreferrer\">-3er Trimestre 2020<\/a><br \/>\n<a href=\"https:\/\/www.oaxaca.gob.mx\/salud\/wp-content\/uploads\/sites\/32\/2021\/01\/RSUMEN-POR-PROGRAMA-PRESUPUESTARIO-2020-DEFINITIVO-4TO.-TRIMESTRE.pdf\" target=\"_blank\" rel=\"noopener noreferrer\">-4to Trimestre 2020<\/a><\/td>\n<\/tr>\n<tr>\n<td><strong> RESUMEN POR CAPITULO-PARTIDA PRESUPUESTAL<\/strong><\/p>\n<p><a href=\"https:\/\/www.oaxaca.gob.mx\/salud\/wp-content\/uploads\/sites\/32\/2020\/04\/1ER.-TRIMESTRE-CAPITULO-CONCEPTO-1.pdf\" target=\"_blank\" rel=\"noopener noreferrer\">-1er Trimestre 2020<\/a><br \/>\n<a href=\"https:\/\/www.oaxaca.gob.mx\/salud\/wp-content\/uploads\/sites\/32\/2020\/07\/RESUMEN-POR-CAPITULO-PARTIDA-PRESUPUESTAL.pdf\" target=\"_blank\" rel=\"noopener noreferrer\">-2do Trimestre 2020<\/a><br \/>\n<a href=\"https:\/\/www.oaxaca.gob.mx\/salud\/wp-content\/uploads\/sites\/32\/2020\/10\/RESUMEN-POR-CAPITULO-PARTIDA-PRESUPUESTARIA.pdf\" target=\"_blank\" rel=\"noopener noreferrer\">-3er Trimestre 2020<\/a><br \/>\n<a href=\"https:\/\/www.oaxaca.gob.mx\/salud\/wp-content\/uploads\/sites\/32\/2021\/01\/CLASIFICACION-POR-OBJETO-DEL-GASTO-CAPITULO-CONCEPTO-2020-DEFINITIVO-4TO.-TRIMESTRE.pdf\" target=\"_blank\" rel=\"noopener noreferrer\">-4to Trimestre 2020<\/a><\/td>\n<\/tr>\n<tr>\n<td><strong> PRESUPUESTO DE EGRESOS DEL ESTADO<\/strong><\/p>\n<p><a href=\"https:\/\/www.oaxaca.gob.mx\/salud\/wp-content\/uploads\/sites\/32\/2020\/04\/DECRETO-884-Presupuesto-de-Egresos-2020-OK.docx\" target=\"_blank\" rel=\"noopener noreferrer\">-Ejercicio Fiscal 2020<\/a><\/td>\n<\/tr>\n<\/tbody>\n<tbody>\n<tr>\n<td align=\"left\">En apego al art\u00edculo 48 de la Ley de Coordinaci\u00f3n Fiscal, se publica la siguiente informaci\u00f3n sobre el ejercicio y destino de los Fondos de Aportaciones Federales.<\/p>\n<p><strong>A\u00f1o 2019<\/strong><\/td>\n<\/tr>\n<tr>\n<td><strong>RESUMEN PROGRAM\u00c1TICO-PRESUPUESTAL<\/strong><\/p>\n<p><a href=\"https:\/\/www.oaxaca.gob.mx\/salud\/wp-content\/uploads\/sites\/32\/2019\/07\/RESUMEN-POR-PROGRAMA-PRESUPUESTARIO-1ER.-TRIMESTRE-2019.pdf\" target=\"_blank\" rel=\"noopener noreferrer\">-1er Trimestre 2019<\/a><br \/>\n<a href=\"https:\/\/www.oaxaca.gob.mx\/salud\/wp-content\/uploads\/sites\/32\/2019\/07\/RESUMEN-POR-PROGRAMA-PRESUPUESTARIO-2DO.-TRIMESTRE-2019.pdf\" target=\"_blank\" rel=\"noopener noreferrer\">-2do Trimestre 2019<\/a><br \/>\n<a href=\"https:\/\/www.oaxaca.gob.mx\/salud\/wp-content\/uploads\/sites\/32\/2019\/10\/3er-Trimestre-2019-Program\u00e1tico.pdf\" target=\"_blank\" rel=\"noopener noreferrer\">-3er Trimestre 2019<\/a><br \/>\n<a href=\"https:\/\/www.oaxaca.gob.mx\/salud\/wp-content\/uploads\/sites\/32\/2020\/01\/CLASIFICACI\u00d3N-POR-OBJETO-DEL-GASTO-CPITULO-CONCEPTO-4TO.-TRIMESTRE.pdf\" target=\"_blank\" rel=\"noopener noreferrer\">-4to Trimestre 2019<\/a><\/td>\n<\/tr>\n<tr>\n<td><strong> RESUMEN POR CAPITULO-PARTIDA PRESUPUESTAL<\/strong><\/p>\n<p><a href=\"https:\/\/www.oaxaca.gob.mx\/salud\/wp-content\/uploads\/sites\/32\/2019\/07\/RESUMEN-POR-CAPITULO-PARTIDA-PRESUPUESTAL-1ER.-TRIMESTRE-2019.pdf\" target=\"_blank\" rel=\"noopener noreferrer\">-1er Trimestre 2019<\/a><br \/>\n<a href=\"https:\/\/www.oaxaca.gob.mx\/salud\/wp-content\/uploads\/sites\/32\/2019\/07\/RESUMEN-POR-CAPITULO-PARTIDA-PRESUPUESTAL-2DO.-TRIMESTRE-2019.pdf\" target=\"_blank\" rel=\"noopener noreferrer\">-2do Trimestre 2019<\/a><br \/>\n<a href=\"https:\/\/www.oaxaca.gob.mx\/salud\/wp-content\/uploads\/sites\/32\/2019\/10\/3er-Trimestre-2019-Capitulo.pdf\" target=\"_blank\" rel=\"noopener noreferrer\">-3er Trimestre 2019<\/a><br \/>\n<a href=\"https:\/\/www.oaxaca.gob.mx\/salud\/wp-content\/uploads\/sites\/32\/2020\/01\/RESUMEN_POR_ENTIDAD_Y_PARTIDA_PRESUPUESTAL-4TO.-TRIMESTRE-2019.pdf\" target=\"_blank\" rel=\"noopener noreferrer\">-4to Trimestre 2019<\/a><\/td>\n<\/tr>\n<tr>\n<td><strong> PRESUPUESTO DE EGRESOS DEL ESTADO<\/strong><\/p>\n<p><a href=\"https:\/\/www.oaxaca.gob.mx\/salud\/wp-content\/uploads\/sites\/32\/2019\/04\/DECRETO-PRESUPUESTO-EGRESOS-2019.pdf\" target=\"_blank\" rel=\"noopener noreferrer\">-Ejercicio Fiscal 2019<\/a><\/td>\n<\/tr>\n<tr>\n<td align=\"left\">En apego al art\u00edculo 48 de la Ley de Coordinaci\u00f3n Fiscal, se publica la siguiente informaci\u00f3n sobre el ejercicio y destino de los Fondos de Aportaciones Federales.<\/p>\n<p><strong>A\u00f1o 2018<\/strong><\/td>\n<\/tr>\n<tr>\n<td><strong>RESUMEN PROGRAM\u00c1TICO-PRESUPUESTAL<\/strong><\/p>\n<p><a href=\"https:\/\/www.oaxaca.gob.mx\/salud\/wp-content\/uploads\/sites\/32\/2019\/09\/1ER.-TRIMESTRE-2018.pdf\" target=\"_blank\" rel=\"noopener noreferrer\">-1er Trimestre 2018<\/a><br \/>\n<a href=\"https:\/\/www.oaxaca.gob.mx\/salud\/wp-content\/uploads\/sites\/32\/2019\/09\/2DO.-TRIMESTRE-2018.pdf\" target=\"_blank\" rel=\"noopener noreferrer\">-2do Trimestre 2018<\/a><br \/>\n<a href=\"https:\/\/www.oaxaca.gob.mx\/salud\/wp-content\/uploads\/sites\/32\/2019\/09\/3ER.-TRIMESTRE-2018.pdf\" target=\"_blank\" rel=\"noopener noreferrer\">-3er Trimestre 2018<\/a><br \/>\n<a href=\"https:\/\/www.oaxaca.gob.mx\/salud\/wp-content\/uploads\/sites\/32\/2019\/09\/4TO.-TRIMESTRE-2018.pdf\" target=\"_blank\" rel=\"noopener noreferrer\">-4to Trimestre 2018<\/a><\/td>\n<\/tr>\n<tr>\n<td><strong> RESUMEN POR CAPITULO-PARTIDA PRESUPUESTAL<\/strong><\/p>\n<p><a href=\"\/salud\/wp-content\/uploads\/sites\/32\/2019\/02\/RESUMEN-POR-CAPITULO-PARTIDA-PRESUPUESTAL-1ER.-TRIMESTRE-2018-1.pdf\" target=\"_blank\" rel=\"noopener noreferrer\">-1er Trimestre 2018<\/a><br \/>\n<a href=\"\/salud\/wp-content\/uploads\/sites\/32\/2018\/12\/2o-TRIM-RESUMEN-CAPITULO-PARTIDA_PRESUPUESTAL-1.pdf\" target=\"_blank\" rel=\"noopener noreferrer\">-2do Trimestre 2018<\/a><br \/>\n<a href=\"\/salud\/wp-content\/uploads\/sites\/32\/2018\/12\/3ER-TRIM-RESUMEN-POR-CAPITULO-PARTIDA.pdf\" target=\"_blank\" rel=\"noopener noreferrer\">-3er Trimestre 2018<\/a><br \/>\n<a href=\"\/salud\/wp-content\/uploads\/sites\/32\/2019\/02\/RESUMEN-POR-CAPITULO-PARTIDA-PRESUPUESTAL-4to.-TRIMESTRE-2018-1.pdf\" target=\"_blank\" rel=\"noopener noreferrer\">-4to Trimestre 2018<\/a><\/td>\n<\/tr>\n<tr>\n<td><strong> PRESUPUESTO DE EGRESOS DEL ESTADO<\/strong><\/p>\n<p><a href=\"https:\/\/www.oaxaca.gob.mx\/salud\/wp-content\/uploads\/sites\/32\/2019\/02\/Presupuesto-de-Egresos-del-Estado-de-Oaxaca-para-el-Ejercicio-Fiscal-2018.pdf\" target=\"_blank\" rel=\"noopener noreferrer\">-Ejercicio Fiscal 2018<\/a><\/td>\n<\/tr>\n<\/tbody>\n<\/table>\n","protected":false},"excerpt":{"rendered":"<p>&nbsp; &nbsp; &nbsp; En apego al art\u00edculo 48 de la Ley de Coordinaci\u00f3n Fiscal, se publica la siguiente informaci\u00f3n sobre el ejercicio y destino de los Fondos de Aportaciones Federales. A\u00f1o 2026 RESUMEN PROGRAM\u00c1TICO-PRESUPUESTAL -1er Trimestre 2026 RESUMEN POR CAPITULO-PARTIDA PRESUPUESTAL -1er Trimestre 2026 En apego al art\u00edculo 48 de la Ley de Coordinaci\u00f3n Fiscal, [&hellip;]<\/p>\n","protected":false},"author":1,"featured_media":0,"parent":0,"menu_order":0,"comment_status":"closed","ping_status":"closed","template":"","meta":{"episode_type":"","audio_file":"","podmotor_file_id":"","podmotor_episode_id":"","cover_image":"","cover_image_id":"","duration":"","filesize":"","filesize_raw":"","date_recorded":"","explicit":"","block":"","itunes_episode_number":"","itunes_title":"","itunes_season_number":"","itunes_episode_type":"","footnotes":""},"categories":[],"tags":[],"class_list":["post-7615","page","type-page","status-publish","hentry"],"acf":[],"publishpress_future_action":{"enabled":false,"date":"2026-05-20 11:20:22","action":"change-status","newStatus":"draft","terms":[],"taxonomy":"category","extraData":[]},"publishpress_future_workflow_manual_trigger":{"enabledWorkflows":[]},"_links":{"self":[{"href":"https:\/\/www.oaxaca.gob.mx\/salud\/wp-json\/wp\/v2\/pages\/7615","targetHints":{"allow":["GET"]}}],"collection":[{"href":"https:\/\/www.oaxaca.gob.mx\/salud\/wp-json\/wp\/v2\/pages"}],"about":[{"href":"https:\/\/www.oaxaca.gob.mx\/salud\/wp-json\/wp\/v2\/types\/page"}],"author":[{"embeddable":true,"href":"https:\/\/www.oaxaca.gob.mx\/salud\/wp-json\/wp\/v2\/users\/1"}],"replies":[{"embeddable":true,"href":"https:\/\/www.oaxaca.gob.mx\/salud\/wp-json\/wp\/v2\/comments?post=7615"}],"version-history":[{"count":3,"href":"https:\/\/www.oaxaca.gob.mx\/salud\/wp-json\/wp\/v2\/pages\/7615\/revisions"}],"predecessor-version":[{"id":14013,"href":"https:\/\/www.oaxaca.gob.mx\/salud\/wp-json\/wp\/v2\/pages\/7615\/revisions\/14013"}],"wp:attachment":[{"href":"https:\/\/www.oaxaca.gob.mx\/salud\/wp-json\/wp\/v2\/media?parent=7615"}],"wp:term":[{"taxonomy":"category","embeddable":true,"href":"https:\/\/www.oaxaca.gob.mx\/salud\/wp-json\/wp\/v2\/categories?post=7615"},{"taxonomy":"post_tag","embeddable":true,"href":"https:\/\/www.oaxaca.gob.mx\/salud\/wp-json\/wp\/v2\/tags?post=7615"}],"curies":[{"name":"wp","href":"https:\/\/api.w.org\/{rel}","templated":true}]}}