{"id":7608,"date":"2018-10-05T10:28:00","date_gmt":"2018-10-05T16:28:00","guid":{"rendered":"https:\/\/www.oaxaca.gob.mx\/salud\/?page_id=6251"},"modified":"2026-04-27T12:49:22","modified_gmt":"2026-04-27T18:49:22","slug":"convenios","status":"publish","type":"page","link":"https:\/\/www.oaxaca.gob.mx\/salud\/convenios\/","title":{"rendered":"Convenios"},"content":{"rendered":"<p><b>DIRECCI\u00d3N DE ASUNTOS JUR\u00cdDICOS<\/b><b>.<\/b><\/p>\n<p>&nbsp;<\/p>\n<table border=\"0\" width=\"550\" align=\"center\">\n<tbody>\n<tr>\n<td align=\"left\"><strong>A\u00f1o 2026<\/strong><\/td>\n<\/tr>\n<tr>\n<td><strong>CONVENIOS ESPEC\u00cdFICOS EN MATERIA DE MINISTRACI\u00d3N DE RECURSOS FEDERALES.<\/strong><\/p>\n<p><a href=\"https:\/\/www.oaxaca.gob.mx\/salud\/wp-content\/uploads\/sites\/32\/2026\/04\/Acuerdo-de-Coordinacion-Programa-U013-2026.pdf\" target=\"_blank\" rel=\"noopener noreferrer\">Convenio de coordinaci\u00f3n U013<\/a><br \/>\n<a href=\"https:\/\/www.oaxaca.gob.mx\/salud\/wp-content\/uploads\/sites\/32\/2026\/03\/02-CM-SaNAS-OAX-2025.pdf\" target=\"_blank\" rel=\"noopener noreferrer\">Convenio 02-CM-SaNAS-OAX-2025<\/a><br \/>\n<a href=\"https:\/\/www.oaxaca.gob.mx\/salud\/wp-content\/uploads\/sites\/32\/2026\/03\/01-CM-SaNAS-OAX-2025.pdf\" target=\"_blank\" rel=\"noopener noreferrer\">Convenio 01-CM-SaNAS-OAX-2025<\/a><br \/>\n<a href=\"https:\/\/www.oaxaca.gob.mx\/salud\/wp-content\/uploads\/sites\/32\/2026\/04\/CONVENIO-SaNAS-OAX-2026_.pdf\" target=\"_blank\" rel=\"noopener noreferrer\">Convenio-SaNAS-OAX\/2026<\/a><\/td>\n<\/tr>\n<tr>\n<td align=\"left\"><strong>A\u00f1o 2025<\/strong><\/td>\n<\/tr>\n<tr>\n<td><strong>CONVENIOS ESPEC\u00cdFICOS EN MATERIA DE MINISTRACI\u00d3N DE RECURSOS FEDERALES.<\/strong><\/p>\n<p><a href=\"https:\/\/www.oaxaca.gob.mx\/salud\/wp-content\/uploads\/sites\/32\/2025\/11\/Convenio-Especifico-CRESCA-E025-CONASAMA-OAXACA-001-2025.pdf\" target=\"_blank\" rel=\"noopener noreferrer\">Convenio espec\u00edfico CRESCA E025-CONASAMA-OAXACA-001\/2025<\/a><br \/>\n<a href=\"https:\/\/www.oaxaca.gob.mx\/salud\/wp-content\/uploads\/sites\/32\/2025\/09\/Convenio-IB-CC-S200-FAM-2025-OAX-20.pdf\" target=\"_blank\" rel=\"noopener noreferrer\">Convenio de colaboraci\u00f3n IB-CC-S200-FAM-2025-OAX-20<\/a><br \/>\n<a href=\"https:\/\/www.oaxaca.gob.mx\/salud\/wp-content\/uploads\/sites\/32\/2025\/09\/Acuerdo-de-Coordinacion-Programa-U013-2025.pdf\" target=\"_blank\" rel=\"noopener noreferrer\">Convenio de coordinaci\u00f3n Programa U013-2025<\/a><br \/>\n<a href=\"https:\/\/www.oaxaca.gob.mx\/salud\/wp-content\/uploads\/sites\/32\/2025\/05\/CONVENIO-SaNAS-OAX-2025.pdf\" target=\"_blank\" rel=\"noopener noreferrer\">Convenio SaNAS-OAX\/2025<\/a><\/td>\n<\/tr>\n<tr>\n<td align=\"left\"><strong>A\u00f1o 2024<\/strong><\/td>\n<\/tr>\n<tr>\n<td><strong>CONVENIOS ESPEC\u00cdFICOS EN MATERIA DE MINISTRACI\u00d3N DE RECURSOS FEDERALES.<\/strong><\/p>\n<p><a href=\"https:\/\/www.oaxaca.gob.mx\/salud\/wp-content\/uploads\/sites\/32\/2025\/05\/CONVENIO-02-CM-SaNAS-OAX-2024.pdf\" target=\"_blank\" rel=\"noopener noreferrer\">Convenio modificatorio 02-CM-SaNAS-OAX\/2024<\/a><br \/>\n<a href=\"https:\/\/www.oaxaca.gob.mx\/salud\/wp-content\/uploads\/sites\/32\/2025\/04\/PO-U013-1-2024-OAXACA-20.pdf\" target=\"_blank\" rel=\"noopener noreferrer\">Convenio de coordinaci\u00f3n PO-U013-1-2024-OAXACA-20<\/a><br \/>\n<a href=\"https:\/\/www.oaxaca.gob.mx\/salud\/wp-content\/uploads\/sites\/32\/2025\/04\/PO-U013-2024-OAXACA-20.pdf\" target=\"_blank\" rel=\"noopener noreferrer\">Convenio de coordinaci\u00f3n PO-U013-2024-OAXACA-20<\/a><br \/>\n<a href=\"https:\/\/www.oaxaca.gob.mx\/salud\/wp-content\/uploads\/sites\/32\/2024\/10\/01-CM-SaNAS-OAX-2024.pdf\" target=\"_blank\" rel=\"noopener noreferrer\">Convenio especifico 01-CM-SaNAS-OAX-2024<\/a><br \/>\n<a href=\"https:\/\/www.oaxaca.gob.mx\/salud\/wp-content\/uploads\/sites\/32\/2024\/09\/IB-CC-S200-FAM-2024-OAX-20.pdf\" target=\"_blank\" rel=\"noopener noreferrer\">Convenio de colaboraci\u00f3n IB-CC-S200-FAM-2024-OAX-20<\/a><br \/>\n<a href=\"https:\/\/www.oaxaca.gob.mx\/salud\/wp-content\/uploads\/sites\/32\/2024\/09\/CC-U013-2024-OAX-26-Adquisicion-de-equipamiento-CSU5NB-MITLA.pdf\" target=\"_blank\" rel=\"noopener noreferrer\">Convenio CC-U013-2024-OAX-26<\/a><br \/>\n<a href=\"https:\/\/www.oaxaca.gob.mx\/salud\/wp-content\/uploads\/sites\/32\/2024\/09\/CC-U013-2024-OAX-28-Adquisicion-de-equipamiento-Hospital-IXTLAN-DE-JUAREZ.pdf\" target=\"_blank\" rel=\"noopener noreferrer\">Convenio CC-U013-2024-OAX-28<\/a><br \/>\n<a href=\"https:\/\/www.oaxaca.gob.mx\/salud\/wp-content\/uploads\/sites\/32\/2024\/08\/Convenio-SaNAS-OAX-2024.pdf\" target=\"_blank\" rel=\"noopener noreferrer\">Convenio SaNAS-OAX-2024<\/a><br \/>\n<a href=\"https:\/\/www.oaxaca.gob.mx\/salud\/wp-content\/uploads\/sites\/32\/2024\/07\/CEC-Transferencia-de-bienes-inmuebles.pdf\" target=\"_blank\" rel=\"noopener noreferrer\">Convenio CEC-Transferencia de Bienes Inmuebles<\/a><br \/>\n<a href=\"https:\/\/www.oaxaca.gob.mx\/salud\/wp-content\/uploads\/sites\/32\/2024\/07\/CC-E001-2024-OAX-25-Equipamiento-Jalapa-de-Diaz-y-Yaganiza.pdf\" target=\"_blank\" rel=\"noopener noreferrer\">Acuerdo CC-E001-2024-OAX-25<\/a><br \/>\n<a href=\"https:\/\/www.oaxaca.gob.mx\/salud\/wp-content\/uploads\/sites\/32\/2024\/07\/PMA-E001-2024-OAXACA-20-Infraestructura-32-Establecimientos-den-Salud-17m.pdf\" target=\"_blank\" rel=\"noopener noreferrer\">Acuerdo PMA-E001-2024-OAXACA-20<\/a><br \/>\n<a href=\"https:\/\/www.oaxaca.gob.mx\/salud\/wp-content\/uploads\/sites\/32\/2024\/07\/02-CM-SaNAS-OAX-2023-1.pdf\" target=\"_blank\" rel=\"noopener noreferrer\">Acuerdo 02-CM-SaNAS-OAX-2023<\/a><br \/>\n<a href=\"https:\/\/www.oaxaca.gob.mx\/salud\/wp-content\/uploads\/sites\/32\/2024\/07\/Acuerdo-de-Coordinacion-para-la-transferencia-de-recursos-SS-IMSS-BIENESTAR-1.pdf\" target=\"_blank\" rel=\"noopener noreferrer\">Acuerdo SS-IMSS-BIENESTAR<\/a><br \/>\n<a href=\"https:\/\/www.oaxaca.gob.mx\/salud\/wp-content\/uploads\/sites\/32\/2024\/06\/02-CM-SaNAS-OAX-2023.pdf\" target=\"_blank\" rel=\"noopener noreferrer\">Acuerdo 02-CM-SaNAS-OAX-2023<\/a><br \/>\n<a href=\"https:\/\/www.oaxaca.gob.mx\/salud\/wp-content\/uploads\/sites\/32\/2024\/06\/Acuerdo-de-Coordinacion-para-la-transferencia-de-recursos-SS-IMSS-BIENESTAR.pdf\" target=\"_blank\" rel=\"noopener noreferrer\">Acuerdo de Coordinaci\u00f3n para la transferencia de recursos SS-IMSS-BIENESTAR<\/a><br \/>\n<a href=\"https:\/\/www.oaxaca.gob.mx\/salud\/wp-content\/uploads\/sites\/32\/2024\/06\/Convenio-Especifico-CRESCA-CONASAMA-E025-OAX-001-2024.pdf\" target=\"_blank\" rel=\"noopener noreferrer\">Convenio Espec\u00edfico CRESCA-CONASAMA-E025-OAX-001-2024<\/a><br \/>\n<a href=\"https:\/\/www.oaxaca.gob.mx\/salud\/wp-content\/uploads\/sites\/32\/2024\/06\/Acuerdo-de-Coordinacion-para-el-Ejercicio-de-Facultades-en-Materia-de-Control-y-Fomento-Sanitario.pdf\" target=\"_blank\" rel=\"noopener noreferrer\">Acuerdo de Coordinaci\u00f3n para el Ejercicio de Facultades en Materia de Control y Fomento Sanitarios<\/a><br \/>\n<a href=\"https:\/\/www.oaxaca.gob.mx\/salud\/wp-content\/uploads\/sites\/32\/2024\/06\/Convenio-CoNaSer.pdf\" target=\"_blank\" rel=\"noopener noreferrer\">Convenio (Co-NaSer)<\/a><br \/>\n<a href=\"https:\/\/www.oaxaca.gob.mx\/salud\/wp-content\/uploads\/sites\/32\/2024\/04\/PM-E001-2023-OAXACA-20.pdf\" target=\"_blank\" rel=\"noopener noreferrer\">Convenio PM-E001-2023-OAXACA-20<\/a><br \/>\n<a href=\"https:\/\/www.oaxaca.gob.mx\/salud\/wp-content\/uploads\/sites\/32\/2024\/04\/Convenio-CC-E001-2024-OAX-06-Astata.pdf\" target=\"_blank\" rel=\"noopener noreferrer\">Convenio CC-E001-2024-OAX-06-Astata<\/a><br \/>\n<a href=\"https:\/\/www.oaxaca.gob.mx\/salud\/wp-content\/uploads\/sites\/32\/2024\/04\/Convenio-INSABI-APS-E023-2023-20.pdf\" target=\"_blank\" rel=\"noopener noreferrer\">Convenio INSABI-APS-E023-2023-20<\/a><\/td>\n<\/tr>\n<tr>\n<td align=\"left\"><strong>A\u00f1o 2023<\/strong><\/td>\n<\/tr>\n<tr>\n<td><strong>CONVENIOS ESPEC\u00cdFICOS EN MATERIA DE MINISTRACI\u00d3N DE RECURSOS FEDERALES.<\/strong><\/p>\n<p><a href=\"https:\/\/www.oaxaca.gob.mx\/salud\/wp-content\/uploads\/sites\/32\/2024\/03\/01-CM-SaNAS-OAX-2023.pdf\" target=\"_blank\" rel=\"noopener noreferrer\">Convenio 01-CM-SaNAS-OAX-2023<\/a><br \/>\n<a href=\"https:\/\/www.oaxaca.gob.mx\/salud\/wp-content\/uploads\/sites\/32\/2023\/10\/COFEPRIS-CETR-OAX.-20-23.pdf\" target=\"_blank\" rel=\"noopener noreferrer\">Convenio COFEPRIS-CETR-OAX-20-23<\/a><br \/>\n<a href=\"https:\/\/www.oaxaca.gob.mx\/salud\/wp-content\/uploads\/sites\/32\/2023\/10\/CONVENIO-SaNAS-OAX-2023.pdf\" target=\"_blank\" rel=\"noopener noreferrer\">Convenio SaNAS-OAX-2023<\/a><br \/>\n<a href=\"https:\/\/www.oaxaca.gob.mx\/salud\/wp-content\/uploads\/sites\/32\/2023\/09\/INSABI-GO-FAM-E023-2022-OAX-20.pdf\" target=\"_blank\" rel=\"noopener noreferrer\">Convenio INSABI-GO FAM-E023-2022-OAX-20<\/a><br \/>\n<a href=\"https:\/\/www.oaxaca.gob.mx\/salud\/wp-content\/uploads\/sites\/32\/2023\/08\/Convenio-PM-E023-2023-OAXACA-20.pdf\" target=\"_blank\" rel=\"noopener noreferrer\">Convenio PM-E023-2023-OAXACA-20<\/a><br \/>\n<a href=\"https:\/\/www.oaxaca.gob.mx\/salud\/wp-content\/uploads\/sites\/32\/2023\/07\/ANEXO-4-Monto-de-los-recursos-a-transferir-y-Conceptos-de-Gasto-del-Acuerdo-de-Coordinacion.pdf\" target=\"_blank\" rel=\"noopener noreferrer\">Acuerdo ANEXO 4-2023<\/a><br \/>\n<a href=\"https:\/\/www.oaxaca.gob.mx\/salud\/wp-content\/uploads\/sites\/32\/2023\/07\/Convenio-CRESCA-CONADIC-OAX-001-2023-2.pdf\" target=\"_blank\" rel=\"noopener noreferrer\">Convenio CRESCA-CONADIC-OAX-001 2023<\/a><br \/>\n<a href=\"https:\/\/www.oaxaca.gob.mx\/salud\/wp-content\/uploads\/sites\/32\/2023\/05\/INSABI-FAM-CCO-OAX-20-2023-Firmado-totalmente.pdf\" target=\"_blank\" rel=\"noopener noreferrer\">Convenio INSABI-FAM-CCO-OAX-20\/2023<\/a><br \/>\n<a href=\"https:\/\/www.oaxaca.gob.mx\/salud\/wp-content\/uploads\/sites\/32\/2023\/06\/INSABI-SAEPGC-OAX-20-2022.pdf\" target=\"_blank\" rel=\"noopener noreferrer\">Convenio INSABI-SAEPGC-OAX-20-2022<\/a><\/td>\n<\/tr>\n<tr>\n<td align=\"left\"><strong>A\u00f1o 2022<\/strong><\/td>\n<\/tr>\n<tr>\n<td><strong>CONVENIOS ESPEC\u00cdFICOS EN MATERIA DE MINISTRACI\u00d3N DE RECURSOS FEDERALES.<\/strong><\/p>\n<p><a href=\"https:\/\/www.oaxaca.gob.mx\/salud\/wp-content\/uploads\/sites\/32\/2023\/04\/2022-CUARTO-CONVENIO-MODIFICATORIO4-OAX_Firmado.pdf\" target=\"_blank\" rel=\"noopener noreferrer\">Convenio 04-CM-AFASPE-OAX-2022<\/a><br \/>\n<a href=\"https:\/\/www.oaxaca.gob.mx\/salud\/wp-content\/uploads\/sites\/32\/2023\/04\/2022-CONVENIO-MODIFICATORIO3-OAX-Firmado.pdf\" target=\"_blank\" rel=\"noopener noreferrer\">Convenio 03-CM-AFASPE-OAX-2022<\/a><br \/>\n<a href=\"https:\/\/www.oaxaca.gob.mx\/salud\/wp-content\/uploads\/sites\/32\/2023\/01\/CONV.-INSABI-APS-E023-2022-OAX-20-1.pdf\">Convenio INSABI-APS-E023-2022-OAX-20<\/a><br \/>\n<a href=\"https:\/\/www.oaxaca.gob.mx\/salud\/wp-content\/uploads\/sites\/32\/2023\/01\/INSABI-FAM-CCTR-OAX-20-2022-1-1.pdf\">Convenio INSABI-FAM-CCTR-OAX-20-2022<\/a><br \/>\n<a href=\"https:\/\/www.oaxaca.gob.mx\/salud\/wp-content\/uploads\/sites\/32\/2022\/09\/02-CM-AFASPE-OAX-2022.pdf\" target=\"_blank\" rel=\"noopener noreferrer\">Convenio 02-CM-AFASPE-OAX-2022<\/a><br \/>\n<a href=\"https:\/\/www.oaxaca.gob.mx\/salud\/wp-content\/uploads\/sites\/32\/2022\/09\/01-CM-AFASPE-OAX-2022.pdf\" target=\"_blank\" rel=\"noopener noreferrer\">Convenio 01-CM-AFASPE-OAX-2022<\/a><br \/>\n<a href=\"https:\/\/www.oaxaca.gob.mx\/salud\/wp-content\/uploads\/sites\/32\/2022\/06\/CONVENIO-AFASPE-OAX-2022.pdf\" target=\"_blank\" rel=\"noopener noreferrer\">Convenio AFASPE-OAX-2022<\/a><br \/>\n<a href=\"https:\/\/www.oaxaca.gob.mx\/salud\/wp-content\/uploads\/sites\/32\/2023\/02\/05-Convenio-Especifico-CRESCA-CONADIC-OAX-001-2022-1.pdf\" target=\"_blank\" rel=\"noopener noreferrer\">Convenio Espec\u00edfico CRESCA CONADIC 2022<\/a><br \/>\n<a href=\"https:\/\/www.oaxaca.gob.mx\/salud\/wp-content\/uploads\/sites\/32\/2023\/02\/ANEXO-4-2022-Monto-de-recursos-a-transferir-y-conceptos-de-gasto-del-Acuerdo-de-Coordinacion-1.pdf\" target=\"_blank\" rel=\"noopener noreferrer\">ANEXO 4 Monto de recursos a transferir y conceptos de gasto del ACUERDO DE COORDINACI\u00d3N<\/a><\/td>\n<\/tr>\n<tr>\n<td align=\"left\"><strong>A\u00f1o 2021<\/strong><\/td>\n<\/tr>\n<tr>\n<td><strong>CONVENIOS ESPEC\u00cdFICOS EN MATERIA DE MINISTRACI\u00d3N DE RECURSOS FEDERALES.<\/strong><\/p>\n<p><a href=\"https:\/\/www.oaxaca.gob.mx\/salud\/wp-content\/uploads\/sites\/32\/2022\/04\/CONVENIO-PM-E023-2021-OAX-20.pdf\" target=\"_blank\" rel=\"noopener noreferrer\">Convenio PM-E023-2021-OAX-20<\/a><br \/>\n<a href=\"https:\/\/www.oaxaca.gob.mx\/salud\/wp-content\/uploads\/sites\/32\/2022\/04\/CONVENIO-GO-E023-2021-OAX-20.pdf\" target=\"_blank\" rel=\"noopener noreferrer\">Convenio GO-E023-2021-OAX-20<\/a><br \/>\n<a href=\"https:\/\/www.oaxaca.gob.mx\/salud\/wp-content\/uploads\/sites\/32\/2021\/12\/02-CM-AFASPE-OAX-2021.pdf\" target=\"_blank\" rel=\"noopener noreferrer\">Convenio Espec\u00edfico 02-CM-AFASPE-OAX-2021<\/a><br \/>\n<a href=\"https:\/\/www.oaxaca.gob.mx\/salud\/wp-content\/uploads\/sites\/32\/2021\/12\/01-CM-AFASPE-OAX-2021-1.pdf\" target=\"_blank\" rel=\"noopener noreferrer\">Convenio Espec\u00edfico 01-CM-AFASPE-OAX-2021<\/a><br \/>\n<a href=\"https:\/\/www.oaxaca.gob.mx\/salud\/wp-content\/uploads\/sites\/32\/2021\/09\/CONVENIO-ESPECIFICO-CRESCA-CONADIC-OAX-001-2021-firmado-1.pdf\" target=\"_blank\" rel=\"noopener noreferrer\">Convenio Espec\u00edfico CRESCA CONADIC 2021<\/a><br \/>\n<a href=\"https:\/\/www.oaxaca.gob.mx\/salud\/wp-content\/uploads\/sites\/32\/2022\/06\/INSABI-FAM-CECTR-OAX-01-2021.pdf\" target=\"_blank\" rel=\"noopener noreferrer\">Convenio INSABI-FAM-CECTR-OAX-01\/2021<\/a><br \/>\n<a href=\"https:\/\/www.oaxaca.gob.mx\/salud\/wp-content\/uploads\/sites\/32\/2021\/10\/CONVENIO-PSP-E023-2021-OAX-20.pdf\" target=\"_blank\" rel=\"noopener noreferrer\">Convenio PSP-E023-2021-OAX-20<\/a><br \/>\n<a href=\"https:\/\/www.oaxaca.gob.mx\/salud\/wp-content\/uploads\/sites\/32\/2021\/10\/COFEPRIS-CETR-OAX.-20-21-2.pdf\" target=\"_blank\" rel=\"noopener noreferrer\">Convenio COFEPRIS-CETR-OAX-20-21<\/a><\/td>\n<\/tr>\n<tr>\n<td><\/td>\n<\/tr>\n<\/tbody>\n<tbody>\n<tr>\n<td align=\"left\"><strong>A\u00f1o 2020<\/strong><\/td>\n<\/tr>\n<tr>\n<td><strong>CONVENIOS ESPEC\u00cdFICOS EN MATERIA DE MINISTRACI\u00d3N DE RECURSOS FEDERALES.<\/strong><\/p>\n<p><a href=\"https:\/\/www.oaxaca.gob.mx\/salud\/wp-content\/uploads\/sites\/32\/2021\/04\/03-CM-AFASPE-OAX-2020-Final-Final.pdf\" target=\"_blank\" rel=\"noopener noreferrer\">-03-CM-AFASPE-OAX-2020<\/a><br \/>\n<a href=\"https:\/\/www.oaxaca.gob.mx\/salud\/wp-content\/uploads\/sites\/32\/2020\/10\/DGPLADES-FAM-CECTR-OAX-01-2020.pdf\" target=\"_blank\" rel=\"noopener noreferrer\">-DGPLADES-FAM-CECTR-OAX-01-2020<\/a><br \/>\n<a href=\"https:\/\/www.oaxaca.gob.mx\/salud\/wp-content\/uploads\/sites\/32\/2020\/10\/CTR-U013-2020-V.2-OAX-20.pdf\" target=\"_blank\" rel=\"noopener noreferrer\">-CTR-U013-2020-V.2-OAX-20<\/a><br \/>\n<a href=\"https:\/\/www.oaxaca.gob.mx\/salud\/wp-content\/uploads\/sites\/32\/2020\/10\/Acuerdo-de-Coordinacion-INSABI.pdf\" target=\"_blank\" rel=\"noopener noreferrer\">-Acuerdo de Coordinaci\u00f3n INSABI<\/a><br \/>\n<a href=\"https:\/\/www.oaxaca.gob.mx\/salud\/wp-content\/uploads\/sites\/32\/2020\/10\/02-CM-AFASPE-OAX-2020.pdf\" target=\"_blank\" rel=\"noopener noreferrer\">-02-CM-AFASPE-OAX-2020<\/a><br \/>\n<a href=\"https:\/\/www.oaxaca.gob.mx\/salud\/wp-content\/uploads\/sites\/32\/2020\/04\/20-20-CONVENIO-ESP.-AFASPE-2020-1.pdf\" target=\"_blank\" rel=\"noopener noreferrer\">-CONVENIO ESP. AFASPE 2020<\/a><br \/>\n<a href=\"https:\/\/www.oaxaca.gob.mx\/salud\/wp-content\/uploads\/sites\/32\/2020\/10\/51-92-01-CM-AFASPE-2020.pdf\" target=\"_blank\" rel=\"noopener noreferrer\">-CONVENIO 51-92-01-CM-AFASPE 2020<\/a><\/td>\n<\/tr>\n<tr>\n<td><\/td>\n<\/tr>\n<\/tbody>\n<tbody>\n<tr>\n<td align=\"left\"><strong>A\u00f1o 2019<\/strong><\/td>\n<\/tr>\n<tr>\n<td><strong>CONVENIOS ESPEC\u00cdFICOS EN MATERIA DE MINISTRACI\u00d3N DE RECURSOS FEDERALES.<\/strong><\/p>\n<p><a href=\"https:\/\/www.oaxaca.gob.mx\/salud\/wp-content\/uploads\/sites\/32\/2020\/04\/10-10-COFEPRIS-CETR-OAX-20-19..pdf\" target=\"_blank\" rel=\"noopener noreferrer\">-CONVENIO COFEPRIS-CETR-OAX-2019<\/a><br \/>\n<a href=\"https:\/\/www.oaxaca.gob.mx\/salud\/wp-content\/uploads\/sites\/32\/2020\/04\/32-78-02-CM-AFASPE-OAX-2019..pdf\" target=\"_blank\" rel=\"noopener noreferrer\">-CONVENIO AFASPE-OAX-2019-02<\/a><br \/>\n<a href=\"https:\/\/www.oaxaca.gob.mx\/salud\/wp-content\/uploads\/sites\/32\/2020\/04\/19-19-3er-CONV-MOD-AFASPE-2019.pdf\" target=\"_blank\" rel=\"noopener noreferrer\">-CONVENIO AFASPE-OAX-2019-03<\/a><br \/>\n<a href=\"https:\/\/www.oaxaca.gob.mx\/salud\/wp-content\/uploads\/sites\/32\/2020\/04\/24-102-PNR.pdf\" target=\"_blank\" rel=\"noopener noreferrer\">-CONVENIO DGPLADES-PROGRAMA NACIONAL DE RECONSTRUCCI\u00d3N SISMOS DE 2017 Y 2018-CECTR-OAX-01\/19<\/a><br \/>\n<a href=\"https:\/\/www.oaxaca.gob.mx\/salud\/wp-content\/uploads\/sites\/32\/2020\/03\/13-13-CONV.-MODIFICATORIO-CRESCA-CONADIC-OAX-001-2019.pdf\" target=\"_blank\" rel=\"noopener noreferrer\">-CONVENIO MODIFICATORIO CRESCA-CONADIC-OAX-001-2019<\/a><br \/>\n<a href=\"https:\/\/www.oaxaca.gob.mx\/salud\/wp-content\/uploads\/sites\/32\/2019\/11\/16-94-CRESCA-CONADIC.-OAX-001-2019.pdf\" target=\"_blank\" rel=\"noopener noreferrer\">-CONVENIO ESPEC\u00cdFICO CRESCA-CONADIC-OAX-001-2019<\/a><br \/>\n<a href=\"https:\/\/www.oaxaca.gob.mx\/salud\/wp-content\/uploads\/sites\/32\/2019\/11\/4-50-01-CM-AFASPE-OAX-2019..pdf\" target=\"_blank\" rel=\"noopener noreferrer\">-CONVENIO-01-CM-AFASPE-OAX-2019<\/a><br \/>\n<a href=\"https:\/\/www.oaxaca.gob.mx\/salud\/wp-content\/uploads\/sites\/32\/2019\/11\/6-52-SEGURO-M\u00c9DICO-SIGLO-XXI-2019..pdf\" target=\"_blank\" rel=\"noopener noreferrer\">-CONVENIO-PROGRAMA SEGURO M\u00c9DICO SIGLO XXI-(INTERVENCIONES 2019)<\/a><br \/>\n<a href=\"https:\/\/www.oaxaca.gob.mx\/salud\/wp-content\/uploads\/sites\/32\/2019\/11\/11-57-SEGURIDAD-SOCIAL-LABORAL-CECTR-OAX-01-19.pdf\" target=\"_blank\" rel=\"noopener noreferrer\">-ATENCI\u00d3N A LA SALUD Y MEDICAMENTOS GRATUITOS-(POBLACI\u00d3N SIN SEGURIDAD SOCIAL 2019)<\/a><br \/>\n<a href=\"https:\/\/www.oaxaca.gob.mx\/salud\/wp-content\/uploads\/sites\/32\/2019\/11\/18-64-APOYO-ECON\u00d3MICO-A-LOS-SESA-POR-INCREMENTO-DE-DEMANDA-DE-SERVICIOS.pdf\" target=\"_blank\" rel=\"noopener noreferrer\">-C\u00c1PITA-2019<\/a><br \/>\n<a href=\"\/salud\/wp-content\/uploads\/sites\/32\/2019\/04\/AFASPE-OAX-2019.-1.pdf\" target=\"_blank\" rel=\"noopener noreferrer\">-CONVENIO-AFASPE-OAX-2019<\/a><br \/>\n<a href=\"\/salud\/wp-content\/uploads\/sites\/32\/2019\/05\/22-33-DGPLADES-FAM-CECTR-OAX-01-19-1.pdf\" target=\"_blank\" rel=\"noopener noreferrer\">-DGPLADES-FAM-CECTR-OAX-01\/19<\/a><\/td>\n<\/tr>\n<tr>\n<td><\/td>\n<\/tr>\n<tr>\n<td align=\"left\"><strong>A\u00f1o 2018<\/strong><\/td>\n<\/tr>\n<tr>\n<td><strong>CONVENIOS ESPEC\u00cdFICOS EN MATERIA DE MINISTRACI\u00d3N DE RECURSOS FEDERALES.<\/strong><\/p>\n<p><a href=\"https:\/\/www.oaxaca.gob.mx\/salud\/wp-content\/uploads\/sites\/32\/2019\/11\/1-1-CONV.-MODIF.-PROSPERA-INCLUSI\u00d3N-SOCIAL-2018.pdf\" target=\"_blank\" rel=\"noopener noreferrer\">-CONVENIO TRANSFERENCIA DE RECURSOS (PROSPERA 11-10-2018)<\/a><br \/>\n<a href=\"\/salud\/wp-content\/uploads\/sites\/32\/2018\/10\/1-SM-SIGLO-XXI-SESA-INTERVENCIONES-2018-1.pdf\" target=\"_blank\" rel=\"noopener noreferrer\">-1 SM SIGLO XXI (SESA &#8211; INTERVENCIONES &#8211; 2018)<\/a><br \/>\n<a href=\"\/salud\/wp-content\/uploads\/sites\/32\/2018\/10\/2-SEGURO-M\u00c9DICO-SIGLO-XXI-C\u00c1PITA-2018.-1.pdf\" target=\"_blank\" rel=\"noopener noreferrer\">-2 SEGURO M\u00c9DICO SIGLO XXI C\u00c1PITA -2018)<\/a><br \/>\n<a href=\"\/salud\/wp-content\/uploads\/sites\/32\/2018\/10\/3-PROSPERA-INCLUSI\u00d3N-SOCIAL-2018-1.pdf\" target=\"_blank\" rel=\"noopener noreferrer\">-3 PROSPERA (INCLUSI\u00d3N SOCIAL -2018)<\/a><br \/>\n<a href=\"\/salud\/wp-content\/uploads\/sites\/32\/2018\/10\/4-CONVENIO-AFASPE-OAX-2018-1.pdf\" target=\"_blank\" rel=\"noopener noreferrer\">-4 CONVENIO AFASPE-OAX-2018<\/a><br \/>\n<a href=\"https:\/\/www.oaxaca.gob.mx\/salud\/wp-content\/uploads\/sites\/32\/2018\/10\/5-CRESCA-CONADIC-OAX-001-2018.pdf\" target=\"_blank\" rel=\"noopener noreferrer\">-5 CRESCA-CONADIC-OAX-001-2018<\/a><br \/>\n<a href=\"\/salud\/wp-content\/uploads\/sites\/32\/2018\/10\/6-DGPLADES-FAM-CECTR-OAX-01-18-1.pdf\" target=\"_blank\" rel=\"noopener noreferrer\">-6 DGPLADES-FAM-CECTR-OAX-01 18<\/a><br \/>\n<a href=\"https:\/\/www.oaxaca.gob.mx\/salud\/wp-content\/uploads\/sites\/32\/2018\/10\/7-FAM.NVA_.MOD_.-CECTR-OAX-01-18.pdf\" target=\"_blank\" rel=\"noopener noreferrer\">-7 FAM.NVA.MOD.-CECTR-OAX-01-18<\/a><br \/>\n<a href=\"https:\/\/www.oaxaca.gob.mx\/salud\/wp-content\/uploads\/sites\/32\/2018\/10\/8-SESA-INTERVENCIONES-2017.pdf\" target=\"_blank\" rel=\"noopener noreferrer\">-8 SESA &#8211; INTERVENCIONES 2017<\/a><br \/>\n<a href=\"https:\/\/www.oaxaca.gob.mx\/salud\/wp-content\/uploads\/sites\/32\/2018\/10\/9-DGPLADES-FAM-CECTR-MODIF.-OAX-01-18.pdf\" target=\"_blank\" rel=\"noopener noreferrer\">-9 DGPLADES-FAM-CECTR-MODIF.-OAX-01-18<\/a><br \/>\n<a href=\"\/salud\/wp-content\/uploads\/sites\/32\/2018\/10\/10-01-CM-AFASPE-OAX-2018-1.pdf\" target=\"_blank\" rel=\"noopener noreferrer\">-10 01-CM-AFASPE-OAX-2018<\/a><br \/>\n<a href=\"\/salud\/wp-content\/uploads\/sites\/32\/2018\/10\/11-02-CM-AFASPE-OAX-2018-1.pdf\" target=\"_blank\" rel=\"noopener noreferrer\">-11 02-CM-AFASPE-OAX-2018<\/a><br \/>\n<a href=\"\/salud\/wp-content\/uploads\/sites\/32\/2018\/10\/12-01-CM-AFASPE-OAX-2017-1.pdf\" target=\"_blank\" rel=\"noopener noreferrer\">-12 01-CM-AFASPE-OAX-2017<\/a><br \/>\n<a href=\"\/salud\/wp-content\/uploads\/sites\/32\/2018\/10\/13-02-CM-AFASPE-OAX-2017-1.pdf\" target=\"_blank\" rel=\"noopener noreferrer\">-13 02-CM-AFASPE-OAX-2017<\/a><br \/>\n<a href=\"https:\/\/www.oaxaca.gob.mx\/salud\/wp-content\/uploads\/sites\/32\/2018\/10\/14-CRESCA-CONADIC-CENADIC-OAX-001-2016.pdf\" target=\"_blank\" rel=\"noopener noreferrer\">-14 CRESCA-CONADIC-CENADIC-OAX-001-2016<\/a><br \/>\n<a href=\"\/salud\/wp-content\/uploads\/sites\/32\/2018\/10\/15-DGPLADES-FAM-CECTR-OAX.MODIF-02-2016-1.pdf\" target=\"_blank\" rel=\"noopener noreferrer\">-15 DGPLADES-FAM-CECTR-OAX.MODIF-02-2016<\/a><br \/>\n<a href=\"\/salud\/wp-content\/uploads\/sites\/32\/2018\/10\/ACUERDO-E.II_.13-0318-2018-1.pdf\" target=\"_blank\" rel=\"noopener noreferrer\">-16 ACUERDO E.II.13-0318-2018<\/a><br \/>\n<a href=\"\/salud\/wp-content\/uploads\/sites\/32\/2018\/10\/ACUERDO-E.II_.14-0318-2018-1.pdf\" target=\"_blank\" rel=\"noopener noreferrer\">-17 ACUERDO E.II.14-0318-2018<\/a><br \/>\n<a href=\"\/salud\/wp-content\/uploads\/sites\/32\/2018\/10\/COFEPRIS-CETR-OAX-20-2018-1.pdf\" target=\"_blank\" rel=\"noopener noreferrer\">-18 ACUERDO COFEPRIS-CETR-OAX.-20-2018<\/a><br \/>\n<a href=\"https:\/\/www.oaxaca.gob.mx\/salud\/wp-content\/uploads\/sites\/32\/2018\/12\/21-94-DGPLADES-FAM-NVA-MOD-CECTR-MODIF-OAX-01-18.pdf\" target=\"_blank\" rel=\"noopener noreferrer\">-19 CONVENIO DGPLADES-FAM-NVA.MOD.-CECTR-MODIF-OAX-01\/18<\/a><br \/>\n<a href=\"https:\/\/www.oaxaca.gob.mx\/salud\/wp-content\/uploads\/sites\/32\/2018\/12\/21-94-DGPLADES-FAM-NVA-MOD-CECTR-MODIF-OAX-01-18.pdf\" target=\"_blank\" rel=\"noopener noreferrer\">-20 CONVENIO MODIFICATORIO AL CONVENIO ESPEC\u00cdFICO PROSPERA 2018<\/a><\/td>\n<\/tr>\n<tr>\n<td><\/td>\n<\/tr>\n<\/tbody>\n<\/table>\n","protected":false},"excerpt":{"rendered":"<p>DIRECCI\u00d3N DE ASUNTOS JUR\u00cdDICOS. &nbsp; A\u00f1o 2026 CONVENIOS ESPEC\u00cdFICOS EN MATERIA DE MINISTRACI\u00d3N DE RECURSOS FEDERALES. Convenio de coordinaci\u00f3n U013 Convenio 02-CM-SaNAS-OAX-2025 Convenio 01-CM-SaNAS-OAX-2025 Convenio-SaNAS-OAX\/2026 A\u00f1o 2025 CONVENIOS ESPEC\u00cdFICOS EN MATERIA DE MINISTRACI\u00d3N DE RECURSOS FEDERALES. Convenio espec\u00edfico CRESCA E025-CONASAMA-OAXACA-001\/2025 Convenio de colaboraci\u00f3n IB-CC-S200-FAM-2025-OAX-20 Convenio de coordinaci\u00f3n Programa U013-2025 Convenio SaNAS-OAX\/2025 A\u00f1o 2024 CONVENIOS ESPEC\u00cdFICOS [&hellip;]<\/p>\n","protected":false},"author":1,"featured_media":0,"parent":0,"menu_order":0,"comment_status":"closed","ping_status":"closed","template":"","meta":{"episode_type":"","audio_file":"","podmotor_file_id":"","podmotor_episode_id":"","cover_image":"","cover_image_id":"","duration":"","filesize":"","filesize_raw":"","date_recorded":"","explicit":"","block":"","itunes_episode_number":"","itunes_title":"","itunes_season_number":"","itunes_episode_type":"","footnotes":""},"categories":[],"tags":[],"class_list":["post-7608","page","type-page","status-publish","hentry"],"acf":[],"publishpress_future_action":{"enabled":false,"date":"2026-05-23 19:03:57","action":"change-status","newStatus":"draft","terms":[],"taxonomy":"category","extraData":[]},"publishpress_future_workflow_manual_trigger":{"enabledWorkflows":[]},"_links":{"self":[{"href":"https:\/\/www.oaxaca.gob.mx\/salud\/wp-json\/wp\/v2\/pages\/7608","targetHints":{"allow":["GET"]}}],"collection":[{"href":"https:\/\/www.oaxaca.gob.mx\/salud\/wp-json\/wp\/v2\/pages"}],"about":[{"href":"https:\/\/www.oaxaca.gob.mx\/salud\/wp-json\/wp\/v2\/types\/page"}],"author":[{"embeddable":true,"href":"https:\/\/www.oaxaca.gob.mx\/salud\/wp-json\/wp\/v2\/users\/1"}],"replies":[{"embeddable":true,"href":"https:\/\/www.oaxaca.gob.mx\/salud\/wp-json\/wp\/v2\/comments?post=7608"}],"version-history":[{"count":3,"href":"https:\/\/www.oaxaca.gob.mx\/salud\/wp-json\/wp\/v2\/pages\/7608\/revisions"}],"predecessor-version":[{"id":14029,"href":"https:\/\/www.oaxaca.gob.mx\/salud\/wp-json\/wp\/v2\/pages\/7608\/revisions\/14029"}],"wp:attachment":[{"href":"https:\/\/www.oaxaca.gob.mx\/salud\/wp-json\/wp\/v2\/media?parent=7608"}],"wp:term":[{"taxonomy":"category","embeddable":true,"href":"https:\/\/www.oaxaca.gob.mx\/salud\/wp-json\/wp\/v2\/categories?post=7608"},{"taxonomy":"post_tag","embeddable":true,"href":"https:\/\/www.oaxaca.gob.mx\/salud\/wp-json\/wp\/v2\/tags?post=7608"}],"curies":[{"name":"wp","href":"https:\/\/api.w.org\/{rel}","templated":true}]}}