{"id":7606,"date":"2018-07-25T09:17:31","date_gmt":"2018-07-25T15:17:31","guid":{"rendered":"https:\/\/www.oaxaca.gob.mx\/salud\/?page_id=5779"},"modified":"2018-07-25T09:17:31","modified_gmt":"2018-07-25T15:17:31","slug":"volumen-5-numero-1-enero-marzo-2018","status":"publish","type":"page","link":"https:\/\/www.oaxaca.gob.mx\/salud\/volumen-5-numero-1-enero-marzo-2018\/","title":{"rendered":"Volumen 5, N\u00famero 1, (Enero-Marzo 2018)"},"content":{"rendered":"<table border=\"0\">\n<tbody>\n<tr>\n<td>\n<div id=\"label_art\"><strong>Portada N\u00fam. 1 Vol. 5 2018<\/strong> <a href=\"https:\/\/www.oaxaca.gob.mx\/salud\/wp-content\/uploads\/sites\/32\/2018\/07\/portada-enero-marzo-2018-1.pdf\" target=\"_blank\" rel=\"noopener noreferrer\"><i class=\"far fa-file-pdf fa-2x\">&nbsp;<\/i><\/a><\/div>\n<\/td>\n<\/tr>\n<\/tbody>\n<\/table>\n<div id=\"separator\"><\/div>\n<table border=\"0\">\n<tbody>\n<tr>\n<td>\n<div id=\"label_vol\"><strong>Volumen 5, N\u00famero 1 2018\u00a0<\/strong><\/div>\n<\/td>\n<\/tr>\n<tr>\n<td>\n<div id=\"label_art\">Comit\u00e9 Editorial\u00a0<a href=\"\/salud\/wp-content\/uploads\/sites\/32\/2018\/07\/Comit\u00e9-Editorial.pdf\" target=\"_blank\" rel=\"noopener noreferrer\"><i class=\"far fa-file-pdf fa-2x\">&nbsp;<\/i><\/a><\/div>\n<\/td>\n<\/tr>\n<\/tbody>\n<\/table>\n<div><\/div>\n<div>\n<table border=\"0\">\n<tbody>\n<tr>\n<td>\n<div id=\"label_vol\"><strong>Volumen 5, N\u00famero 1 2018\u00a0<\/strong><\/div>\n<\/td>\n<\/tr>\n<tr>\n<td>\n<div id=\"label_art\">Contenido\u00a0\u00a0<a href=\"\/salud\/wp-content\/uploads\/sites\/32\/2018\/07\/Contenido-enero-marzo-2018-1.pdf\" target=\"_blank\" rel=\"noopener noreferrer\"><i class=\"far fa-file-pdf fa-2x\">&nbsp;<\/i><\/a><\/div>\n<\/td>\n<\/tr>\n<\/tbody>\n<\/table>\n<\/div>\n<div id=\"separator\"><\/div>\n<p>&nbsp;<\/p>\n<div><\/div>\n<table border=\"0\">\n<tbody>\n<tr>\n<td>\n<div id=\"label_vol\"><strong>Volumen 5, N\u00famero 1\u00a0 2018 ( Art\u00edculo Original 1)<\/strong><\/div>\n<\/td>\n<\/tr>\n<tr>\n<td>\n<div id=\"label_art\">Principales complicaciones posoperatorias de la Histerectom\u00eda Vaginal en el Centro de Especialidades M\u00e9dicas \u201cDr. Rafael Lucio\u201d.\u00a0<a href=\"https:\/\/www.oaxaca.gob.mx\/salud\/wp-content\/uploads\/sites\/32\/2018\/07\/Acs-181-01i.pdf\" target=\"_blank\" rel=\"noopener noreferrer\"><i class=\"far fa-file-pdf fa-2x\">&nbsp;<\/i><\/a><\/div>\n<p>S\u00e1nchez-Hern\u00e1ndez VL,1 Rodr\u00edguez-Parissi I,1 G\u00f3mez- Landero Tello M,1 Alvarado-Carrasco H1<\/td>\n<\/tr>\n<\/tbody>\n<\/table>\n<div id=\"separator\"><\/div>\n<div>\n<table border=\"0\">\n<tbody>\n<tr>\n<td>\n<div id=\"label_vol\"><strong>Volumen 5, N\u00famero 1 2018 ( Art\u00edculo Original 2)<\/strong><\/div>\n<\/td>\n<\/tr>\n<tr>\n<td>\n<div id=\"label_art\">Apoyo social y adherencia terap\u00e9utica en pacientes portadores de VIH en el Hospital General de Zona No. 1 del Instituto Mexicano del Seguro Social de Oaxaca.\u00a0<a href=\"https:\/\/www.oaxaca.gob.mx\/salud\/wp-content\/uploads\/sites\/32\/2018\/07\/Acs-181-02i.pdf\" target=\"_blank\" rel=\"noopener noreferrer\"><i class=\"far fa-file-pdf fa-2x\">&nbsp;<\/i><\/a><\/div>\n<p>D\u00edaz-Balderas RL,1 Elizarrar\u00e1s-Rivas J,2 Salinas-Mart\u00ednez C,3 Villegas-Mart\u00ednez D,4 Elizarraras-Cruz JD,5 Contreras-Garc\u00eda CM4<\/td>\n<\/tr>\n<\/tbody>\n<\/table>\n<\/div>\n<div><\/div>\n<table border=\"0\">\n<tbody>\n<tr>\n<td>\n<div id=\"label_vol\"><strong>Volumen 5, N\u00famero 1 2018 (Art\u00edculo Original 3)<\/strong><\/div>\n<\/td>\n<\/tr>\n<tr>\n<td>\n<div id=\"label_art\">Enfermedad de Kawasaki: Conceptos actuales\u00a0<a href=\"https:\/\/www.oaxaca.gob.mx\/salud\/wp-content\/uploads\/sites\/32\/2018\/07\/Acs-181-03r.pdf\" target=\"_blank\" rel=\"noopener noreferrer\"><i class=\"far fa-file-pdf fa-2x\">&nbsp;<\/i><\/a><\/div>\n<p>Santos-Calder\u00f3n LA,1 Reyes-Hern\u00e1ndez KL,1 Reyes-G\u00f3mez U,1,3 Guerrero-Becerra M,2 L\u00f3pez-Cruz G,3 Quero-Hern\u00e1ndez A,3 L\u00f3pez-D\u00edas V,4 Garz\u00f3n-S\u00e1nchez E, 3 S\u00e1nchez-Navarro JM4,de Lara-Huerta J5<\/td>\n<\/tr>\n<\/tbody>\n<\/table>\n<div><\/div>\n<table border=\"0\">\n<tbody>\n<tr>\n<td>\n<div id=\"label_vol\"><strong>Volumen 5, N\u00famero 1 2018 (Art\u00edculo Original 4)<\/strong><\/div>\n<\/td>\n<\/tr>\n<tr>\n<td>\n<div id=\"label_art\">P\u00e1ncreas anular y asociaci\u00f3n VACTERL. Reporte de un caso <a href=\"\/salud\/wp-content\/uploads\/sites\/32\/2018\/07\/Acs-181-04c-1.pdf\" target=\"_blank\" rel=\"noopener noreferrer\"><i class=\"far fa-file-pdf fa-2x\">&nbsp;<\/i><\/a><\/div>\n<p>L\u00f3pez-Cruz G,1,2 Pacheco-Barete CF,1,3 L\u00f3pez-D\u00edas AV,4 Ju\u00e1rez-Mesinas DJ,1 Reyes-Gomez U,5 Reyes-Hern\u00e1ndez KL,6 Rodr\u00edguez-Garc\u00eda J,6 Vega-Hern\u00e1ndez HC7<\/td>\n<\/tr>\n<\/tbody>\n<\/table>\n<p><a href=\"\/salud\/revista-avance-en-ciencia-salud-y-medicina\/\"><img loading=\"lazy\" decoding=\"async\" class=\"alignleft wp-image-492\" src=\"https:\/\/www.oaxaca.gob.mx\/salud\/wp-content\/uploads\/sites\/32\/2016\/01\/regresar.png\" alt=\"regresar\" width=\"30\" height=\"30\" srcset=\"https:\/\/www.oaxaca.gob.mx\/salud\/wp-content\/uploads\/sites\/32\/2016\/01\/regresar.png 512w, https:\/\/www.oaxaca.gob.mx\/salud\/wp-content\/uploads\/sites\/32\/2016\/01\/regresar-150x150.png 150w, https:\/\/www.oaxaca.gob.mx\/salud\/wp-content\/uploads\/sites\/32\/2016\/01\/regresar-300x300.png 300w\" sizes=\"auto, (max-width: 30px) 100vw, 30px\" \/><\/a>\t\t<\/p>\n","protected":false},"excerpt":{"rendered":"<p>Portada N\u00fam. 1 Vol. 5 2018 &nbsp; Volumen 5, N\u00famero 1 2018\u00a0 Comit\u00e9 Editorial\u00a0&nbsp; Volumen 5, N\u00famero 1 2018\u00a0 Contenido\u00a0\u00a0&nbsp; &nbsp; Volumen 5, N\u00famero 1\u00a0 2018 ( Art\u00edculo Original 1) Principales complicaciones posoperatorias de la Histerectom\u00eda Vaginal en el Centro de Especialidades M\u00e9dicas \u201cDr. Rafael Lucio\u201d.\u00a0&nbsp; S\u00e1nchez-Hern\u00e1ndez VL,1 Rodr\u00edguez-Parissi I,1 G\u00f3mez- Landero Tello M,1 Alvarado-Carrasco [&hellip;]<\/p>\n","protected":false},"author":1,"featured_media":0,"parent":0,"menu_order":0,"comment_status":"closed","ping_status":"closed","template":"","meta":{"episode_type":"","audio_file":"","podmotor_file_id":"","podmotor_episode_id":"","cover_image":"","cover_image_id":"","duration":"","filesize":"","filesize_raw":"","date_recorded":"","explicit":"","block":"","itunes_episode_number":"","itunes_title":"","itunes_season_number":"","itunes_episode_type":"","footnotes":""},"categories":[],"tags":[],"class_list":["post-7606","page","type-page","status-publish","hentry"],"acf":[],"publishpress_future_action":{"enabled":false,"date":"2026-05-11 12:00:11","action":"change-status","newStatus":"draft","terms":[],"taxonomy":"category","extraData":[]},"publishpress_future_workflow_manual_trigger":{"enabledWorkflows":[]},"_links":{"self":[{"href":"https:\/\/www.oaxaca.gob.mx\/salud\/wp-json\/wp\/v2\/pages\/7606","targetHints":{"allow":["GET"]}}],"collection":[{"href":"https:\/\/www.oaxaca.gob.mx\/salud\/wp-json\/wp\/v2\/pages"}],"about":[{"href":"https:\/\/www.oaxaca.gob.mx\/salud\/wp-json\/wp\/v2\/types\/page"}],"author":[{"embeddable":true,"href":"https:\/\/www.oaxaca.gob.mx\/salud\/wp-json\/wp\/v2\/users\/1"}],"replies":[{"embeddable":true,"href":"https:\/\/www.oaxaca.gob.mx\/salud\/wp-json\/wp\/v2\/comments?post=7606"}],"version-history":[{"count":0,"href":"https:\/\/www.oaxaca.gob.mx\/salud\/wp-json\/wp\/v2\/pages\/7606\/revisions"}],"wp:attachment":[{"href":"https:\/\/www.oaxaca.gob.mx\/salud\/wp-json\/wp\/v2\/media?parent=7606"}],"wp:term":[{"taxonomy":"category","embeddable":true,"href":"https:\/\/www.oaxaca.gob.mx\/salud\/wp-json\/wp\/v2\/categories?post=7606"},{"taxonomy":"post_tag","embeddable":true,"href":"https:\/\/www.oaxaca.gob.mx\/salud\/wp-json\/wp\/v2\/tags?post=7606"}],"curies":[{"name":"wp","href":"https:\/\/api.w.org\/{rel}","templated":true}]}}