{"id":5441,"date":"2018-04-27T15:18:14","date_gmt":"2018-04-27T21:18:14","guid":{"rendered":"https:\/\/www.oaxaca.gob.mx\/salud\/?page_id=5441"},"modified":"2018-04-27T15:18:14","modified_gmt":"2018-04-27T21:18:14","slug":"dgdif","status":"publish","type":"page","link":"https:\/\/www.oaxaca.gob.mx\/salud\/dgdif\/","title":{"rendered":"DGDIF"},"content":{"rendered":"<p>\t\t\t\t<b>DIRECCI\u00d3N GENERAL DE DESARROLLO DE LA INFRAESTRUCTURA F\u00cdSICA <\/b><b>(DGDIF)<\/b><b>.<\/b><\/p>\n<p>&nbsp;<\/p>\n<table border=\"0\" width=\"550\" align=\"center\">\n<tbody>\n<tr>\n<td align=\"left\"><strong>A\u00f1o 2017<\/strong><\/td>\n<\/tr>\n<tr>\n<td><strong>INFORME DE LOS AVANCES F\u00cdSICO-FINANCIEROS DE LOS CONVENIOS VIGENTES ANTE LA DGDIF.<\/strong><\/p>\n<p><a href=\"https:\/\/www.oaxaca.gob.mx\/salud\/wp-content\/uploads\/sites\/32\/2018\/04\/I-trim-17-DGDIF.pdf\" target=\"_blank\" rel=\"noopener noreferrer\">-1er Trimestre 2017<\/a><br \/>\n<a href=\"https:\/\/www.oaxaca.gob.mx\/salud\/wp-content\/uploads\/sites\/32\/2018\/04\/II-trim-17-DGDIF.pdf\" target=\"_blank\" rel=\"noopener noreferrer\">-2do Trimestre 2017<\/a><br \/>\n<a href=\"https:\/\/www.oaxaca.gob.mx\/salud\/wp-content\/uploads\/sites\/32\/2018\/04\/III-trim-17-DGDIF.pdf\" target=\"_blank\" rel=\"noopener noreferrer\">-3er Trimestre 2017<\/a><br \/>\n<a href=\"https:\/\/www.oaxaca.gob.mx\/salud\/wp-content\/uploads\/sites\/32\/2018\/04\/IV-Trim-17-DGDIF.pdf\" target=\"_blank\" rel=\"noopener noreferrer\">-4to Trimestre 2017<\/a><\/td>\n<\/tr>\n<tr>\n<td><\/td>\n<\/tr>\n<\/tbody>\n<\/table>\n","protected":false},"excerpt":{"rendered":"<p>DIRECCI\u00d3N GENERAL DE DESARROLLO DE LA INFRAESTRUCTURA F\u00cdSICA (DGDIF). &nbsp; A\u00f1o 2017 INFORME DE LOS AVANCES F\u00cdSICO-FINANCIEROS DE LOS CONVENIOS VIGENTES ANTE LA DGDIF. -1er Trimestre 2017 -2do Trimestre 2017 -3er Trimestre 2017 -4to Trimestre 2017<\/p>\n","protected":false},"author":1,"featured_media":0,"parent":0,"menu_order":0,"comment_status":"closed","ping_status":"closed","template":"","meta":{"episode_type":"","audio_file":"","podmotor_file_id":"","podmotor_episode_id":"","cover_image":"","cover_image_id":"","duration":"","filesize":"","filesize_raw":"","date_recorded":"","explicit":"","block":"","itunes_episode_number":"","itunes_title":"","itunes_season_number":"","itunes_episode_type":"","footnotes":""},"categories":[],"tags":[],"class_list":["post-5441","page","type-page","status-publish","hentry"],"acf":[],"publishpress_future_action":{"enabled":false,"date":"2026-05-04 23:56:02","action":"change-status","newStatus":"draft","terms":[],"taxonomy":"category","extraData":[]},"publishpress_future_workflow_manual_trigger":{"enabledWorkflows":[]},"_links":{"self":[{"href":"https:\/\/www.oaxaca.gob.mx\/salud\/wp-json\/wp\/v2\/pages\/5441","targetHints":{"allow":["GET"]}}],"collection":[{"href":"https:\/\/www.oaxaca.gob.mx\/salud\/wp-json\/wp\/v2\/pages"}],"about":[{"href":"https:\/\/www.oaxaca.gob.mx\/salud\/wp-json\/wp\/v2\/types\/page"}],"author":[{"embeddable":true,"href":"https:\/\/www.oaxaca.gob.mx\/salud\/wp-json\/wp\/v2\/users\/1"}],"replies":[{"embeddable":true,"href":"https:\/\/www.oaxaca.gob.mx\/salud\/wp-json\/wp\/v2\/comments?post=5441"}],"version-history":[{"count":0,"href":"https:\/\/www.oaxaca.gob.mx\/salud\/wp-json\/wp\/v2\/pages\/5441\/revisions"}],"wp:attachment":[{"href":"https:\/\/www.oaxaca.gob.mx\/salud\/wp-json\/wp\/v2\/media?parent=5441"}],"wp:term":[{"taxonomy":"category","embeddable":true,"href":"https:\/\/www.oaxaca.gob.mx\/salud\/wp-json\/wp\/v2\/categories?post=5441"},{"taxonomy":"post_tag","embeddable":true,"href":"https:\/\/www.oaxaca.gob.mx\/salud\/wp-json\/wp\/v2\/tags?post=5441"}],"curies":[{"name":"wp","href":"https:\/\/api.w.org\/{rel}","templated":true}]}}