{"id":513,"date":"2016-01-20T15:32:19","date_gmt":"2016-01-20T21:32:19","guid":{"rendered":"https:\/\/www.oaxaca.gob.mx\/salud\/?page_id=513"},"modified":"2016-01-20T15:32:19","modified_gmt":"2016-01-20T21:32:19","slug":"instrucciones-para-autores","status":"publish","type":"page","link":"https:\/\/www.oaxaca.gob.mx\/salud\/instrucciones-para-autores\/","title":{"rendered":"Instrucciones para Autores"},"content":{"rendered":"<div id=\"slide_item\">\n<p align=\"justify\">La Revista AVANCES EN CIENCIA, SALUD Y MEDICINA es el \u00d3rgano Oficial de difusi\u00f3n cienti\u0301fica del Sector Salud de Oaxaca.<\/p>\n<p align=\"justify\">Se publican trabajos de investigaci\u00f3n cl\u00ednica, b\u00e1sica, aplicada y epidemiol\u00f3gica, as\u00ed como art\u00edculos de revisi\u00f3n de temas relevantes en la pr\u00e1ctica cl\u00ednica. Los requerimientos est\u00e1n de acuerdo con los Requisitos Uniformes del Comit\u00e9 Internacional de Editores de Revistas M\u00e9dicas (ICMJE).<\/p>\n<\/div>\n<p>&nbsp;<\/p>\n<div id=\"slide_item\">Click <a href=\"\/salud\/wp-content\/uploads\/sites\/32\/revista\/recursos\/ACISAMED_0101_00c_Instrucciones_Para_Autores.pdf\"><img decoding=\"async\" src=\"\/salud\/revista\/images\/pdf.png\" alt=\"\" \/><\/a> para descargar las instrucciones en versi\u00f3n PDF.<\/div>\n","protected":false},"excerpt":{"rendered":"<p>La Revista AVANCES EN CIENCIA, SALUD Y MEDICINA es el \u00d3rgano Oficial de difusi\u00f3n cienti\u0301fica del Sector Salud de Oaxaca. Se publican trabajos de investigaci\u00f3n cl\u00ednica, b\u00e1sica, aplicada y epidemiol\u00f3gica, as\u00ed como art\u00edculos de revisi\u00f3n de temas relevantes en la pr\u00e1ctica cl\u00ednica. Los requerimientos est\u00e1n de acuerdo con los Requisitos Uniformes del Comit\u00e9 Internacional de [&hellip;]<\/p>\n","protected":false},"author":1,"featured_media":0,"parent":0,"menu_order":0,"comment_status":"closed","ping_status":"closed","template":"","meta":{"episode_type":"","audio_file":"","podmotor_file_id":"","podmotor_episode_id":"","cover_image":"","cover_image_id":"","duration":"","filesize":"","filesize_raw":"","date_recorded":"","explicit":"","block":"","itunes_episode_number":"","itunes_title":"","itunes_season_number":"","itunes_episode_type":"","footnotes":""},"categories":[],"tags":[],"class_list":["post-513","page","type-page","status-publish","hentry"],"acf":[],"publishpress_future_action":{"enabled":false,"date":"2026-05-11 07:40:23","action":"change-status","newStatus":"draft","terms":[],"taxonomy":"category","extraData":[]},"publishpress_future_workflow_manual_trigger":{"enabledWorkflows":[]},"_links":{"self":[{"href":"https:\/\/www.oaxaca.gob.mx\/salud\/wp-json\/wp\/v2\/pages\/513","targetHints":{"allow":["GET"]}}],"collection":[{"href":"https:\/\/www.oaxaca.gob.mx\/salud\/wp-json\/wp\/v2\/pages"}],"about":[{"href":"https:\/\/www.oaxaca.gob.mx\/salud\/wp-json\/wp\/v2\/types\/page"}],"author":[{"embeddable":true,"href":"https:\/\/www.oaxaca.gob.mx\/salud\/wp-json\/wp\/v2\/users\/1"}],"replies":[{"embeddable":true,"href":"https:\/\/www.oaxaca.gob.mx\/salud\/wp-json\/wp\/v2\/comments?post=513"}],"version-history":[{"count":0,"href":"https:\/\/www.oaxaca.gob.mx\/salud\/wp-json\/wp\/v2\/pages\/513\/revisions"}],"wp:attachment":[{"href":"https:\/\/www.oaxaca.gob.mx\/salud\/wp-json\/wp\/v2\/media?parent=513"}],"wp:term":[{"taxonomy":"category","embeddable":true,"href":"https:\/\/www.oaxaca.gob.mx\/salud\/wp-json\/wp\/v2\/categories?post=513"},{"taxonomy":"post_tag","embeddable":true,"href":"https:\/\/www.oaxaca.gob.mx\/salud\/wp-json\/wp\/v2\/tags?post=513"}],"curies":[{"name":"wp","href":"https:\/\/api.w.org\/{rel}","templated":true}]}}