{"id":505,"date":"2016-01-20T15:20:02","date_gmt":"2016-01-20T21:20:02","guid":{"rendered":"https:\/\/www.oaxaca.gob.mx\/salud\/?page_id=505"},"modified":"2016-01-20T15:20:02","modified_gmt":"2016-01-20T21:20:02","slug":"comite-editorial","status":"publish","type":"page","link":"https:\/\/www.oaxaca.gob.mx\/salud\/comite-editorial\/","title":{"rendered":"Comit\u00e9 Editorial"},"content":{"rendered":"<div id=\"slide_item\">Jos\u00e9 Francisco T\u00e9llez Zenteno \u2013 Canad\u00e1<br \/>\nNatalie Weder Cisneros \u2013 Nueva York, E.U.A.<br \/>\nAlberto Odor Morales \u2013 California, E.U.A.<br \/>\nJeannette G\u00fcnther \u2013 Alemania<br \/>\nJuan Gilberto Vaughan Figueroa \u2013 Atlanta, E.U.A.<br \/>\nBruno Esta\u00f1ol Vidal \u2013 INCMNSZ<br \/>\nCarlos Cant\u00fa Brito \u2013 INCMNSZ<br \/>\nLuis Mu\u00f1oz Fern\u00e1ndez \u2013 CHMH<br \/>\nAlberto Mimenza Alvarado \u2013 INCMNSZ<br \/>\nSara Gloria Aguilar Navarro \u2013 INCMNSZ<br \/>\nHoracio Sent\u00edes Madrid \u2013 INCMNSZ<br \/>\nGuillermo Garc\u00eda Ramos \u2013 INCMNSZ<br \/>\nAlberto Miguel Ysunza Ogaz\u00f3n \u2013 INCMNSZ<br \/>\nArturo Edgar Zenteno Galindo \u2013 UNAM<br \/>\nErick Azamar Cruz \u2013 HRAEO<br \/>\nGloria Cristina Ortiz Onofre \u2013 HNO<br \/>\nJos\u00e9 Cutberto Hern\u00e1ndez Ram\u00edrez -UNSIS<br \/>\nHady Keita &#8211; UNSIS<\/div>\n<div><a href=\"\/salud\/colaboradores\/\"><img loading=\"lazy\" decoding=\"async\" class=\"alignleft wp-image-492\" src=\"https:\/\/www.oaxaca.gob.mx\/salud\/wp-content\/uploads\/sites\/32\/2016\/01\/regresar.png\" alt=\"regresar\" width=\"30\" height=\"30\" srcset=\"https:\/\/www.oaxaca.gob.mx\/salud\/wp-content\/uploads\/sites\/32\/2016\/01\/regresar.png 512w, https:\/\/www.oaxaca.gob.mx\/salud\/wp-content\/uploads\/sites\/32\/2016\/01\/regresar-150x150.png 150w, https:\/\/www.oaxaca.gob.mx\/salud\/wp-content\/uploads\/sites\/32\/2016\/01\/regresar-300x300.png 300w\" sizes=\"auto, (max-width: 30px) 100vw, 30px\" \/><\/a><\/div>\n","protected":false},"excerpt":{"rendered":"<p>Jos\u00e9 Francisco T\u00e9llez Zenteno \u2013 Canad\u00e1 Natalie Weder Cisneros \u2013 Nueva York, E.U.A. Alberto Odor Morales \u2013 California, E.U.A. Jeannette G\u00fcnther \u2013 Alemania Juan Gilberto Vaughan Figueroa \u2013 Atlanta, E.U.A. Bruno Esta\u00f1ol Vidal \u2013 INCMNSZ Carlos Cant\u00fa Brito \u2013 INCMNSZ Luis Mu\u00f1oz Fern\u00e1ndez \u2013 CHMH Alberto Mimenza Alvarado \u2013 INCMNSZ Sara Gloria Aguilar Navarro \u2013 [&hellip;]<\/p>\n","protected":false},"author":1,"featured_media":0,"parent":0,"menu_order":0,"comment_status":"closed","ping_status":"closed","template":"","meta":{"episode_type":"","audio_file":"","podmotor_file_id":"","podmotor_episode_id":"","cover_image":"","cover_image_id":"","duration":"","filesize":"","filesize_raw":"","date_recorded":"","explicit":"","block":"","itunes_episode_number":"","itunes_title":"","itunes_season_number":"","itunes_episode_type":"","footnotes":""},"categories":[],"tags":[],"class_list":["post-505","page","type-page","status-publish","hentry"],"acf":[],"publishpress_future_action":{"enabled":false,"date":"2026-05-11 07:40:19","action":"change-status","newStatus":"draft","terms":[],"taxonomy":"category","extraData":[]},"publishpress_future_workflow_manual_trigger":{"enabledWorkflows":[]},"_links":{"self":[{"href":"https:\/\/www.oaxaca.gob.mx\/salud\/wp-json\/wp\/v2\/pages\/505","targetHints":{"allow":["GET"]}}],"collection":[{"href":"https:\/\/www.oaxaca.gob.mx\/salud\/wp-json\/wp\/v2\/pages"}],"about":[{"href":"https:\/\/www.oaxaca.gob.mx\/salud\/wp-json\/wp\/v2\/types\/page"}],"author":[{"embeddable":true,"href":"https:\/\/www.oaxaca.gob.mx\/salud\/wp-json\/wp\/v2\/users\/1"}],"replies":[{"embeddable":true,"href":"https:\/\/www.oaxaca.gob.mx\/salud\/wp-json\/wp\/v2\/comments?post=505"}],"version-history":[{"count":0,"href":"https:\/\/www.oaxaca.gob.mx\/salud\/wp-json\/wp\/v2\/pages\/505\/revisions"}],"wp:attachment":[{"href":"https:\/\/www.oaxaca.gob.mx\/salud\/wp-json\/wp\/v2\/media?parent=505"}],"wp:term":[{"taxonomy":"category","embeddable":true,"href":"https:\/\/www.oaxaca.gob.mx\/salud\/wp-json\/wp\/v2\/categories?post=505"},{"taxonomy":"post_tag","embeddable":true,"href":"https:\/\/www.oaxaca.gob.mx\/salud\/wp-json\/wp\/v2\/tags?post=505"}],"curies":[{"name":"wp","href":"https:\/\/api.w.org\/{rel}","templated":true}]}}