{"id":480,"date":"2016-01-20T11:20:06","date_gmt":"2016-01-20T17:20:06","guid":{"rendered":"https:\/\/www.oaxaca.gob.mx\/salud\/?page_id=480"},"modified":"2016-01-20T11:20:06","modified_gmt":"2016-01-20T17:20:06","slug":"volumen-1-numero-2-julio-septiembre-2013","status":"publish","type":"page","link":"https:\/\/www.oaxaca.gob.mx\/salud\/volumen-1-numero-2-julio-septiembre-2013\/","title":{"rendered":"Volumen 1, N\u00famero 2, (Julio-Septiembre 2013)"},"content":{"rendered":"<table border=\"0\">\n<tbody>\n<tr>\n<td>\n<div id=\"label_art\"><strong>Portada N\u00fam. 2 Vol. 1<\/strong> <a href=\"\/salud\/wp-content\/uploads\/sites\/32\/revista\/Revista\/ACISAMED_0102_00a_Portada.pdf\"><i class=\"far fa-file-pdf fa-2x\">&nbsp;<\/i><\/a><\/div>\n<\/td>\n<\/tr>\n<\/tbody>\n<\/table>\n<div id=\"separator\"><\/div>\n<table border=\"0\">\n<tbody>\n<tr>\n<td>\n<div id=\"label_vol\"><strong>Volumen 1, N\u00famero 2 (Editorial)<\/strong><\/div>\n<\/td>\n<\/tr>\n<tr>\n<td>\n<div id=\"label_art\">Integraci\u00f3n de la investigaci\u00f3n en Oaxaca y las ventajas de escribir. <a href=\"\/salud\/wp-content\/uploads\/sites\/32\/revista\/Revista\/ACISAMED_0102_03_Editorial1_Editores.pdf\"><i class=\"far fa-file-pdf fa-2x\">&nbsp;<\/i><\/a><\/div>\n<p>Editores en Jefe<\/td>\n<\/tr>\n<\/tbody>\n<\/table>\n<div id=\"separator\"><\/div>\n<table border=\"0\">\n<tbody>\n<tr>\n<td>\n<div id=\"label_vol\"><strong>Volumen 1, N\u00famero 2 (Art\u00edculo original)<\/strong><\/div>\n<\/td>\n<\/tr>\n<tr>\n<td>\n<div id=\"label_art\">Determinantes de la muerte materna hospitalaria en el estado de Oaxaca. <a href=\"\/salud\/wp-content\/uploads\/sites\/32\/revista\/Revista\/ACISAMED_0102_04_Original1_AzamarCruz.pdf\"><i class=\"far fa-file-pdf fa-2x\">&nbsp;<\/i><\/a><\/div>\n<p>Azamar Cruz Erick, Nigenda L\u00f3pez Gustavo,Lamadrid Figueroa H\u00e9ctor<\/td>\n<\/tr>\n<tr>\n<td>\n<div id=\"label_art\">Conocimiento y actitud del personal de salud para el manejo del paciente con tuberculosis en el estado de Oaxaca. <a href=\"\/salud\/wp-content\/uploads\/sites\/32\/revista\/Revista\/ACISAMED_0102_05_Original2_OrozcoPineda.pdf\"><i class=\"far fa-file-pdf fa-2x\">&nbsp;<\/i><\/a><\/div>\n<p>Orozco Pineda Minerva, Ru\u00edz D\u00e1vila Eugenia<\/td>\n<\/tr>\n<\/tbody>\n<\/table>\n<div id=\"separator\"><\/div>\n<table border=\"0\">\n<tbody>\n<tr>\n<td>\n<div id=\"label_vol\"><strong>Volumen 1, N\u00famero 2 (Art\u00edculo especial)<\/strong><\/div>\n<\/td>\n<\/tr>\n<tr>\n<td>\n<div id=\"label_art\">Aspectos \u00e9ticos de la hematolog\u00eda del embarazo. <a href=\"\/salud\/wp-content\/uploads\/sites\/32\/revista\/Revista\/ACISAMED_0102_06_Especial1_MatadamasZarate.pdf\"><i class=\"far fa-file-pdf fa-2x\">&nbsp;<\/i><\/a><\/div>\n<p>Matadamas Zarate Cuauht\u00e9moc, Hern\u00e1ndez Jer\u00f3nimo Julia Matilde<\/td>\n<\/tr>\n<\/tbody>\n<\/table>\n<div id=\"separator\"><\/div>\n<table border=\"0\">\n<tbody>\n<tr>\n<td>\n<div id=\"label_vol\"><strong>Investigaci\u00f3n, Desarrollo e Innovaci\u00f3n<\/strong><\/div>\n<\/td>\n<\/tr>\n<tr>\n<td>\n<div id=\"label_art\">Los trastornos del sue\u00f1o pueden ser un indicador precl\u00ednico de la enfermedad de Alzheimer. <a href=\"\/salud\/wp-content\/uploads\/sites\/32\/revista\/Revista\/ACISAMED_0102_07_Editorial2_VelasquezPaz.pdf\"><i class=\"far fa-file-pdf fa-2x\">&nbsp;<\/i><\/a><\/div>\n<p>Vel\u00e1squez Paz Arturo<\/td>\n<\/tr>\n<\/tbody>\n<\/table>\n<div id=\"separator\"><strong>\u00a0<\/strong><\/div>\n<table border=\"0\">\n<tbody>\n<tr>\n<td>\n<div id=\"label_vol\"><strong>El Arte de la Ciencia<\/strong><\/div>\n<\/td>\n<\/tr>\n<tr>\n<td>\n<div id=\"label_art\">Neurolog\u00eda Geri\u00e1trica. <a href=\"\/salud\/wp-content\/uploads\/sites\/32\/revista\/Revista\/ACISAMED_0102_08_Editorial3_MimenzaAlvarado.pdf\"><i class=\"far fa-file-pdf fa-2x\">&nbsp;<\/i><\/a><\/div>\n<p>Mimenza Alvarado Alberto J.<\/td>\n<\/tr>\n<\/tbody>\n<\/table>\n<p><a href=\"\/salud\/revista-avance-en-ciencia-salud-y-medicina\/\"><img loading=\"lazy\" decoding=\"async\" class=\"alignleft wp-image-492\" src=\"https:\/\/www.oaxaca.gob.mx\/salud\/wp-content\/uploads\/sites\/32\/2016\/01\/regresar.png\" alt=\"regresar\" width=\"30\" height=\"30\" srcset=\"https:\/\/www.oaxaca.gob.mx\/salud\/wp-content\/uploads\/sites\/32\/2016\/01\/regresar.png 512w, https:\/\/www.oaxaca.gob.mx\/salud\/wp-content\/uploads\/sites\/32\/2016\/01\/regresar-150x150.png 150w, https:\/\/www.oaxaca.gob.mx\/salud\/wp-content\/uploads\/sites\/32\/2016\/01\/regresar-300x300.png 300w\" sizes=\"auto, (max-width: 30px) 100vw, 30px\" \/><\/a>\t\t<\/p>\n","protected":false},"excerpt":{"rendered":"<p>Portada N\u00fam. 2 Vol. 1 &nbsp; Volumen 1, N\u00famero 2 (Editorial) Integraci\u00f3n de la investigaci\u00f3n en Oaxaca y las ventajas de escribir. &nbsp; Editores en Jefe Volumen 1, N\u00famero 2 (Art\u00edculo original) Determinantes de la muerte materna hospitalaria en el estado de Oaxaca. &nbsp; Azamar Cruz Erick, Nigenda L\u00f3pez Gustavo,Lamadrid Figueroa H\u00e9ctor Conocimiento y actitud [&hellip;]<\/p>\n","protected":false},"author":1,"featured_media":0,"parent":0,"menu_order":0,"comment_status":"closed","ping_status":"closed","template":"","meta":{"episode_type":"","audio_file":"","podmotor_file_id":"","podmotor_episode_id":"","cover_image":"","cover_image_id":"","duration":"","filesize":"","filesize_raw":"","date_recorded":"","explicit":"","block":"","itunes_episode_number":"","itunes_title":"","itunes_season_number":"","itunes_episode_type":"","footnotes":""},"categories":[],"tags":[],"class_list":["post-480","page","type-page","status-publish","hentry"],"acf":[],"publishpress_future_action":{"enabled":false,"date":"2026-05-11 07:40:12","action":"change-status","newStatus":"draft","terms":[],"taxonomy":"category","extraData":[]},"publishpress_future_workflow_manual_trigger":{"enabledWorkflows":[]},"_links":{"self":[{"href":"https:\/\/www.oaxaca.gob.mx\/salud\/wp-json\/wp\/v2\/pages\/480","targetHints":{"allow":["GET"]}}],"collection":[{"href":"https:\/\/www.oaxaca.gob.mx\/salud\/wp-json\/wp\/v2\/pages"}],"about":[{"href":"https:\/\/www.oaxaca.gob.mx\/salud\/wp-json\/wp\/v2\/types\/page"}],"author":[{"embeddable":true,"href":"https:\/\/www.oaxaca.gob.mx\/salud\/wp-json\/wp\/v2\/users\/1"}],"replies":[{"embeddable":true,"href":"https:\/\/www.oaxaca.gob.mx\/salud\/wp-json\/wp\/v2\/comments?post=480"}],"version-history":[{"count":0,"href":"https:\/\/www.oaxaca.gob.mx\/salud\/wp-json\/wp\/v2\/pages\/480\/revisions"}],"wp:attachment":[{"href":"https:\/\/www.oaxaca.gob.mx\/salud\/wp-json\/wp\/v2\/media?parent=480"}],"wp:term":[{"taxonomy":"category","embeddable":true,"href":"https:\/\/www.oaxaca.gob.mx\/salud\/wp-json\/wp\/v2\/categories?post=480"},{"taxonomy":"post_tag","embeddable":true,"href":"https:\/\/www.oaxaca.gob.mx\/salud\/wp-json\/wp\/v2\/tags?post=480"}],"curies":[{"name":"wp","href":"https:\/\/api.w.org\/{rel}","templated":true}]}}