{"id":4786,"date":"2018-01-09T12:08:05","date_gmt":"2018-01-09T18:08:05","guid":{"rendered":"https:\/\/www.oaxaca.gob.mx\/salud\/?page_id=4786"},"modified":"2018-01-09T12:08:05","modified_gmt":"2018-01-09T18:08:05","slug":"volumen-4-numero-3-julio-septiembre-2017","status":"publish","type":"page","link":"https:\/\/www.oaxaca.gob.mx\/salud\/volumen-4-numero-3-julio-septiembre-2017\/","title":{"rendered":"Volumen 4, N\u00famero 3, (Julio-Septiembre 2017)"},"content":{"rendered":"<table border=\"0\">\n<tbody>\n<tr>\n<td>\n<div id=\"label_art\"><strong>Portada N\u00fam. 3 Vol. 4 2017<\/strong> <a href=\"https:\/\/www.oaxaca.gob.mx\/salud\/wp-content\/uploads\/sites\/32\/2018\/01\/portada-1-1.pdf\" target=\"_blank\" rel=\"noopener noreferrer\"><i class=\"far fa-file-pdf fa-2x\">&nbsp;<\/i><\/a><\/div>\n<\/td>\n<\/tr>\n<\/tbody>\n<\/table>\n<div id=\"separator\"><\/div>\n<table border=\"0\">\n<tbody>\n<tr>\n<td>\n<div id=\"label_vol\"><strong>Volumen 4, N\u00famero 3 2017\u00a0<\/strong><\/div>\n<\/td>\n<\/tr>\n<tr>\n<td>\n<div id=\"label_art\">Comit\u00e9 Editorial\u00a0<a href=\"https:\/\/www.oaxaca.gob.mx\/salud\/wp-content\/uploads\/sites\/32\/2018\/07\/comite.pdf\" target=\"_blank\" rel=\"noopener noreferrer\"><i class=\"far fa-file-pdf fa-2x\">&nbsp;<\/i><\/a><\/div>\n<\/td>\n<\/tr>\n<\/tbody>\n<\/table>\n<div><\/div>\n<div>\n<table border=\"0\">\n<tbody>\n<tr>\n<td>\n<div id=\"label_vol\"><strong>Volumen 4, N\u00famero 3 2017\u00a0<\/strong><\/div>\n<\/td>\n<\/tr>\n<tr>\n<td>\n<div id=\"label_art\">Contenido\u00a0\u00a0<a href=\"https:\/\/www.oaxaca.gob.mx\/salud\/wp-content\/uploads\/sites\/32\/2018\/07\/contenido.pdf\" target=\"_blank\" rel=\"noopener noreferrer\"><i class=\"far fa-file-pdf fa-2x\">&nbsp;<\/i><\/a><\/div>\n<\/td>\n<\/tr>\n<\/tbody>\n<\/table>\n<\/div>\n<div id=\"separator\"><\/div>\n<p>&nbsp;<\/p>\n<div><\/div>\n<table border=\"0\">\n<tbody>\n<tr>\n<td>\n<div id=\"label_vol\"><strong>Volumen 4, N\u00famero 3\u00a0 2017 ( Art\u00edculo Original 1)<\/strong><\/div>\n<\/td>\n<\/tr>\n<tr>\n<td>\n<div id=\"label_art\">Principales complicaciones postoperatorias de la histerectom\u00eda abdominal en un Centro de Alta Especialidad de Veracruz.\u00a0<a href=\"https:\/\/www.oaxaca.gob.mx\/salud\/wp-content\/uploads\/sites\/32\/2018\/07\/Acs173-02i.pdf\" target=\"_blank\" rel=\"noopener noreferrer\"><i class=\"far fa-file-pdf fa-2x\">&nbsp;<\/i><\/a><\/div>\n<p>Reyes-Jim\u00e9nez E,Ram\u00edrez-Cosmes A,Carrasco-Torres G,P\u00e9rez-Campos-Mayoral L, V\u00e1squez-Garz\u00f3n VR,Balt\u00ederrez-Hoyos R.<\/td>\n<\/tr>\n<\/tbody>\n<\/table>\n<div id=\"separator\"><\/div>\n<div>\n<table border=\"0\">\n<tbody>\n<tr>\n<td>\n<div id=\"label_vol\"><strong>Volumen 4, N\u00famero 3 2017 ( Art\u00edculo Original 2)<\/strong><\/div>\n<\/td>\n<\/tr>\n<tr>\n<td>\n<div id=\"label_art\">H\u00e1bitos de vida y salud con relaci\u00f3n al rendimiento acad\u00e9mico en estudiantes de la Universidad Regional del Sureste.\u00a0\u00a0<a href=\"https:\/\/www.oaxaca.gob.mx\/salud\/wp-content\/uploads\/sites\/32\/2018\/07\/Acs173-03i.pdf\" target=\"_blank\" rel=\"noopener noreferrer\"><i class=\"far fa-file-pdf fa-2x\">&nbsp;<\/i><\/a><\/div>\n<p>Galindo-M\u00e9ndez M.<\/td>\n<\/tr>\n<\/tbody>\n<\/table>\n<\/div>\n<div><\/div>\n<table border=\"0\">\n<tbody>\n<tr>\n<td>\n<div id=\"label_vol\"><strong>Volumen 4, N\u00famero 3 2017 (Art\u00edculo Original 3)<\/strong><\/div>\n<\/td>\n<\/tr>\n<tr>\n<td>\n<div id=\"label_art\">Mesotelioma peritoneal con beneficio cl\u00ednico con vinorelbine de mantenimiento. Reporte de un caso\u00a0<a href=\"https:\/\/www.oaxaca.gob.mx\/salud\/wp-content\/uploads\/sites\/32\/2018\/07\/Acs173-04c.pdf\" target=\"_blank\" rel=\"noopener noreferrer\"><i class=\"far fa-file-pdf fa-2x\">&nbsp;<\/i><\/a><\/div>\n<p>Zamudio-Coste\u00f1o L,Romero-Quechol G.<\/td>\n<\/tr>\n<\/tbody>\n<\/table>\n<div><\/div>\n<table border=\"0\">\n<tbody>\n<tr>\n<td>\n<div id=\"label_vol\"><strong>Volumen 4, N\u00famero 3 2017 (Premio Estatal de Investigaci\u00f3n 2017)<\/strong><\/div>\n<\/td>\n<\/tr>\n<tr>\n<td>\n<div id=\"label_art\">Premio Estatal de Investigaci\u00f3n 2017. <a href=\"https:\/\/www.oaxaca.gob.mx\/salud\/wp-content\/uploads\/sites\/32\/2018\/01\/premio-estatal-1.pdf\" target=\"_blank\" rel=\"noopener noreferrer\"><i class=\"far fa-file-pdf fa-2x\">&nbsp;<\/i><\/a><\/div>\n<div id=\"label_art\">Segunda de Forros. <a href=\"https:\/\/www.oaxaca.gob.mx\/salud\/wp-content\/uploads\/sites\/32\/2018\/01\/segunda-de-forros-1.pdf\" target=\"_blank\" rel=\"noopener noreferrer\"><i class=\"far fa-file-pdf fa-2x\">&nbsp;<\/i><\/a><\/div>\n<div id=\"label_art\">Tercera de Forros. <a href=\"https:\/\/www.oaxaca.gob.mx\/salud\/wp-content\/uploads\/sites\/32\/2018\/01\/tercera-de-forros-1.pdf\" target=\"_blank\" rel=\"noopener noreferrer\"><i class=\"far fa-file-pdf fa-2x\">&nbsp;<\/i><\/a><\/div>\n<div id=\"label_art\">Cuarta de Forros. <a href=\"https:\/\/www.oaxaca.gob.mx\/salud\/wp-content\/uploads\/sites\/32\/2018\/01\/cuarta-de-forros-1.pdf\" target=\"_blank\" rel=\"noopener noreferrer\"><i class=\"far fa-file-pdf fa-2x\">&nbsp;<\/i><\/a><\/div>\n<\/td>\n<\/tr>\n<\/tbody>\n<\/table>\n<p><a href=\"\/salud\/revista-avance-en-ciencia-salud-y-medicina\/\"><img loading=\"lazy\" decoding=\"async\" class=\"alignleft wp-image-492\" src=\"https:\/\/www.oaxaca.gob.mx\/salud\/wp-content\/uploads\/sites\/32\/2016\/01\/regresar.png\" alt=\"regresar\" width=\"30\" height=\"30\" srcset=\"https:\/\/www.oaxaca.gob.mx\/salud\/wp-content\/uploads\/sites\/32\/2016\/01\/regresar.png 512w, https:\/\/www.oaxaca.gob.mx\/salud\/wp-content\/uploads\/sites\/32\/2016\/01\/regresar-150x150.png 150w, https:\/\/www.oaxaca.gob.mx\/salud\/wp-content\/uploads\/sites\/32\/2016\/01\/regresar-300x300.png 300w\" sizes=\"auto, (max-width: 30px) 100vw, 30px\" \/><\/a>\t\t<\/p>\n","protected":false},"excerpt":{"rendered":"<p>Portada N\u00fam. 3 Vol. 4 2017 &nbsp; Volumen 4, N\u00famero 3 2017\u00a0 Comit\u00e9 Editorial\u00a0&nbsp; Volumen 4, N\u00famero 3 2017\u00a0 Contenido\u00a0\u00a0&nbsp; &nbsp; Volumen 4, N\u00famero 3\u00a0 2017 ( Art\u00edculo Original 1) Principales complicaciones postoperatorias de la histerectom\u00eda abdominal en un Centro de Alta Especialidad de Veracruz.\u00a0&nbsp; Reyes-Jim\u00e9nez E,Ram\u00edrez-Cosmes A,Carrasco-Torres G,P\u00e9rez-Campos-Mayoral L, V\u00e1squez-Garz\u00f3n VR,Balt\u00ederrez-Hoyos R. Volumen 4, [&hellip;]<\/p>\n","protected":false},"author":1,"featured_media":0,"parent":0,"menu_order":0,"comment_status":"closed","ping_status":"closed","template":"","meta":{"episode_type":"","audio_file":"","podmotor_file_id":"","podmotor_episode_id":"","cover_image":"","cover_image_id":"","duration":"","filesize":"","filesize_raw":"","date_recorded":"","explicit":"","block":"","itunes_episode_number":"","itunes_title":"","itunes_season_number":"","itunes_episode_type":"","footnotes":""},"categories":[],"tags":[],"class_list":["post-4786","page","type-page","status-publish","hentry"],"acf":[],"publishpress_future_action":{"enabled":false,"date":"2026-05-11 07:40:19","action":"change-status","newStatus":"draft","terms":[],"taxonomy":"category","extraData":[]},"publishpress_future_workflow_manual_trigger":{"enabledWorkflows":[]},"_links":{"self":[{"href":"https:\/\/www.oaxaca.gob.mx\/salud\/wp-json\/wp\/v2\/pages\/4786","targetHints":{"allow":["GET"]}}],"collection":[{"href":"https:\/\/www.oaxaca.gob.mx\/salud\/wp-json\/wp\/v2\/pages"}],"about":[{"href":"https:\/\/www.oaxaca.gob.mx\/salud\/wp-json\/wp\/v2\/types\/page"}],"author":[{"embeddable":true,"href":"https:\/\/www.oaxaca.gob.mx\/salud\/wp-json\/wp\/v2\/users\/1"}],"replies":[{"embeddable":true,"href":"https:\/\/www.oaxaca.gob.mx\/salud\/wp-json\/wp\/v2\/comments?post=4786"}],"version-history":[{"count":0,"href":"https:\/\/www.oaxaca.gob.mx\/salud\/wp-json\/wp\/v2\/pages\/4786\/revisions"}],"wp:attachment":[{"href":"https:\/\/www.oaxaca.gob.mx\/salud\/wp-json\/wp\/v2\/media?parent=4786"}],"wp:term":[{"taxonomy":"category","embeddable":true,"href":"https:\/\/www.oaxaca.gob.mx\/salud\/wp-json\/wp\/v2\/categories?post=4786"},{"taxonomy":"post_tag","embeddable":true,"href":"https:\/\/www.oaxaca.gob.mx\/salud\/wp-json\/wp\/v2\/tags?post=4786"}],"curies":[{"name":"wp","href":"https:\/\/api.w.org\/{rel}","templated":true}]}}