{"id":473,"date":"2016-01-20T11:11:07","date_gmt":"2016-01-20T17:11:07","guid":{"rendered":"https:\/\/www.oaxaca.gob.mx\/salud\/?page_id=473"},"modified":"2016-01-20T11:11:07","modified_gmt":"2016-01-20T17:11:07","slug":"volumen-2-numero-2-abril-junio-2014","status":"publish","type":"page","link":"https:\/\/www.oaxaca.gob.mx\/salud\/volumen-2-numero-2-abril-junio-2014\/","title":{"rendered":"Volumen 2, N\u00famero 2, (Abril-Junio 2014)"},"content":{"rendered":"<table border=\"0\">\n<tbody>\n<tr>\n<td>\n<div id=\"label_art\"><strong>Portada N\u00fam. 2 Vol. 2<\/strong> <a href=\"\/salud\/wp-content\/uploads\/sites\/32\/revista\/Revista\/ACISAMED_0202_01_Colaboradores.pdf\"><i class=\"far fa-file-pdf fa-2x\">&nbsp;<\/i><\/a><\/div>\n<\/td>\n<\/tr>\n<\/tbody>\n<\/table>\n<div id=\"separator\"><\/div>\n<table border=\"0\">\n<tbody>\n<tr>\n<td>\n<div id=\"label_vol\"><strong>Volumen 2, N\u00famero 2 (Editorial)<\/strong><\/div>\n<\/td>\n<\/tr>\n<tr>\n<td>\n<div id=\"label_art\">En ascenso&#8230; <a href=\"\/salud\/wp-content\/uploads\/sites\/32\/revista\/Revista\/ACISAMED_0202_03_Editorial1_Editor.pdf\"><i class=\"far fa-file-pdf fa-2x\">&nbsp;<\/i><\/a><\/div>\n<p>Editor en jefe<\/td>\n<\/tr>\n<\/tbody>\n<\/table>\n<div id=\"separator\"><\/div>\n<table border=\"0\">\n<tbody>\n<tr>\n<td>\n<div id=\"label_vol\"><strong>Volumen 2, N\u00famero 1 (Art\u00edculo original)<\/strong><\/div>\n<\/td>\n<\/tr>\n<tr>\n<td>\n<div id=\"label_art\">Trastornos de la conducta alimentaria en estudiantes 40 adolescentes de Oaxaca.<a href=\"\/salud\/wp-content\/uploads\/sites\/32\/revista\/Revista\/ACISAMED_0202_04_Original1_DeGyvesEscobar.pdf\"><i class=\"far fa-file-pdf fa-2x\">&nbsp;<\/i><\/a><\/div>\n<p>De Gyves-Escobar Enrique, Garc\u00eda-Montalvo Iv\u00e1n Antonio<\/td>\n<\/tr>\n<\/tbody>\n<\/table>\n<div id=\"separator\"><\/div>\n<table border=\"0\">\n<tbody>\n<tr>\n<td>\n<div id=\"label_vol\"><strong>Volumen 2, N\u00famero 2 (Art\u00edculo especial)<\/strong><\/div>\n<\/td>\n<\/tr>\n<tr>\n<td>\n<div id=\"label_art\">Importancia cl\u00ednica de los ritmos circadianos en el 50 reci\u00e9n nacido. <a href=\"\/salud\/wp-content\/uploads\/sites\/32\/revista\/Revista\/ACISAMED_0202_05_Especial1_SanchezSanchez.pdf\"><i class=\"far fa-file-pdf fa-2x\">&nbsp;<\/i><\/a><\/div>\n<p>S\u00e1nchez-S\u00e1nchez Manuel, Rojas-Granados Adelina, V\u00e1zquez-Ruiz Samuel, Altamirano-Jim\u00e9nez Armando, Am\u00edlcar-Sosa Taurino, D&amp;iiacute;az-Vel\u00e1squez Zue, \u00c1ngeles- Castellanos Manuel<\/td>\n<\/tr>\n<\/tbody>\n<\/table>\n<div id=\"separator\"><\/div>\n<table border=\"0\">\n<tbody>\n<tr>\n<td>\n<div id=\"label_vol\"><strong>Volumen 2, N\u00famero 2 (Art\u00edculo de revisi\u00f3n)<\/strong><\/div>\n<\/td>\n<\/tr>\n<tr>\n<td>\n<div id=\"label_art\">Los genes TMPRSS6, TF y HFE en el 60 metabolismo de hierro s\u00e9rico. <a href=\"\/salud\/wp-content\/uploads\/sites\/32\/revista\/Revista\/ACISAMED_0202_06_Revision1_GarciaMontalvo.pdf\"><i class=\"far fa-file-pdf fa-2x\">&nbsp;<\/i><\/a><\/div>\n<p>Mat\u00edas P\u00e9rez Diana, Ben\u00edtez Quecha Fernando, Pe\u0301rez-Escobar Iv\u00e1n, S\u00e1nchez Medina Marco Antonio, Garc\u00eda-Montalvo Iv\u00e1n Antonio<\/td>\n<\/tr>\n<\/tbody>\n<\/table>\n<div id=\"separator\"><\/div>\n<table border=\"0\">\n<tbody>\n<tr>\n<td>\n<div id=\"label_vol\"><strong>El Arte de la Ciencia<\/strong><\/div>\n<\/td>\n<\/tr>\n<tr>\n<td>\n<div id=\"label_art\">La medicina paliativa y los cuidados al final de la vida. <a href=\"\/salud\/wp-content\/uploads\/sites\/32\/revista\/Revista\/ACISAMED_0202_07_Arte1_MatusRuiz.pdf\"><i class=\"far fa-file-pdf fa-2x\">&nbsp;<\/i><\/a><\/div>\n<p>Matus-Ruiz Mar\u00eda Guadalupe<\/td>\n<\/tr>\n<\/tbody>\n<\/table>\n<div id=\"separator\"><\/div>\n<table border=\"0\">\n<tbody>\n<tr>\n<td>\n<div id=\"label_vol\"><strong>Investigaci\u00f3n, Desarrollo e Innovaci\u00f3n<\/strong><\/div>\n<\/td>\n<\/tr>\n<tr>\n<td>\n<div id=\"label_art\">Una duraci\u00f3n mayor a 2 horas del segundo periodo del trabajo de parto representa un mayor riesgo para madre e hijo. <a href=\"\/salud\/wp-content\/uploads\/sites\/32\/revista\/Revista\/ACISAMED_0202_08_InvDesInnov1_VelasquezPaz.pdf\"><i class=\"far fa-file-pdf fa-2x\">&nbsp;<\/i><\/a><\/div>\n<p>Editor en Jefe<\/td>\n<\/tr>\n<\/tbody>\n<\/table>\n<p><a href=\"\/salud\/revista-avance-en-ciencia-salud-y-medicina\/\"><img loading=\"lazy\" decoding=\"async\" class=\"alignleft wp-image-492\" src=\"https:\/\/www.oaxaca.gob.mx\/salud\/wp-content\/uploads\/sites\/32\/2016\/01\/regresar.png\" alt=\"regresar\" width=\"30\" height=\"30\" srcset=\"https:\/\/www.oaxaca.gob.mx\/salud\/wp-content\/uploads\/sites\/32\/2016\/01\/regresar.png 512w, https:\/\/www.oaxaca.gob.mx\/salud\/wp-content\/uploads\/sites\/32\/2016\/01\/regresar-150x150.png 150w, https:\/\/www.oaxaca.gob.mx\/salud\/wp-content\/uploads\/sites\/32\/2016\/01\/regresar-300x300.png 300w\" sizes=\"auto, (max-width: 30px) 100vw, 30px\" \/><\/a>\t\t<\/p>\n","protected":false},"excerpt":{"rendered":"<p>Portada N\u00fam. 2 Vol. 2 &nbsp; Volumen 2, N\u00famero 2 (Editorial) En ascenso&#8230; &nbsp; Editor en jefe Volumen 2, N\u00famero 1 (Art\u00edculo original) Trastornos de la conducta alimentaria en estudiantes 40 adolescentes de Oaxaca.&nbsp; De Gyves-Escobar Enrique, Garc\u00eda-Montalvo Iv\u00e1n Antonio Volumen 2, N\u00famero 2 (Art\u00edculo especial) Importancia cl\u00ednica de los ritmos circadianos en el 50 [&hellip;]<\/p>\n","protected":false},"author":1,"featured_media":0,"parent":0,"menu_order":0,"comment_status":"closed","ping_status":"closed","template":"","meta":{"episode_type":"","audio_file":"","podmotor_file_id":"","podmotor_episode_id":"","cover_image":"","cover_image_id":"","duration":"","filesize":"","filesize_raw":"","date_recorded":"","explicit":"","block":"","itunes_episode_number":"","itunes_title":"","itunes_season_number":"","itunes_episode_type":"","footnotes":""},"categories":[],"tags":[],"class_list":["post-473","page","type-page","status-publish","hentry"],"acf":[],"publishpress_future_action":{"enabled":false,"date":"2026-05-11 07:41:05","action":"change-status","newStatus":"draft","terms":[],"taxonomy":"category","extraData":[]},"publishpress_future_workflow_manual_trigger":{"enabledWorkflows":[]},"_links":{"self":[{"href":"https:\/\/www.oaxaca.gob.mx\/salud\/wp-json\/wp\/v2\/pages\/473","targetHints":{"allow":["GET"]}}],"collection":[{"href":"https:\/\/www.oaxaca.gob.mx\/salud\/wp-json\/wp\/v2\/pages"}],"about":[{"href":"https:\/\/www.oaxaca.gob.mx\/salud\/wp-json\/wp\/v2\/types\/page"}],"author":[{"embeddable":true,"href":"https:\/\/www.oaxaca.gob.mx\/salud\/wp-json\/wp\/v2\/users\/1"}],"replies":[{"embeddable":true,"href":"https:\/\/www.oaxaca.gob.mx\/salud\/wp-json\/wp\/v2\/comments?post=473"}],"version-history":[{"count":0,"href":"https:\/\/www.oaxaca.gob.mx\/salud\/wp-json\/wp\/v2\/pages\/473\/revisions"}],"wp:attachment":[{"href":"https:\/\/www.oaxaca.gob.mx\/salud\/wp-json\/wp\/v2\/media?parent=473"}],"wp:term":[{"taxonomy":"category","embeddable":true,"href":"https:\/\/www.oaxaca.gob.mx\/salud\/wp-json\/wp\/v2\/categories?post=473"},{"taxonomy":"post_tag","embeddable":true,"href":"https:\/\/www.oaxaca.gob.mx\/salud\/wp-json\/wp\/v2\/tags?post=473"}],"curies":[{"name":"wp","href":"https:\/\/api.w.org\/{rel}","templated":true}]}}