{"id":471,"date":"2016-01-20T11:07:26","date_gmt":"2016-01-20T17:07:26","guid":{"rendered":"https:\/\/www.oaxaca.gob.mx\/salud\/?page_id=471"},"modified":"2016-01-20T11:07:26","modified_gmt":"2016-01-20T17:07:26","slug":"volumen-2-numero-3-julio-septiembre-2014","status":"publish","type":"page","link":"https:\/\/www.oaxaca.gob.mx\/salud\/volumen-2-numero-3-julio-septiembre-2014\/","title":{"rendered":"Volumen 2, N\u00famero 3, (Julio-Septiembre 2014)"},"content":{"rendered":"<table border=\"0\">\n<tbody>\n<tr>\n<td>\n<div id=\"label_art\"><strong>Portada N\u00fam. 2 Vol. 3<\/strong> <a href=\"\/salud\/wp-content\/uploads\/sites\/32\/revista\/Revista\/ACISAMED_0203_01_Colaboradores.pdf\"><i class=\"far fa-file-pdf fa-2x\">&nbsp;<\/i><\/a><\/div>\n<\/td>\n<\/tr>\n<\/tbody>\n<\/table>\n<div id=\"separator\"><\/div>\n<table border=\"0\">\n<tbody>\n<tr>\n<td>\n<div id=\"label_vol\"><strong>Volumen 2, N\u00famero 3 (Editorial)<\/strong><\/div>\n<\/td>\n<\/tr>\n<tr>\n<td>\n<div id=\"label_art\">Nacimiento y desarrollo de una revista de investigaci\u00f3n cl\u00ed\u0301nica y biom\u00e9dica para el estado de Oaxaca. <a href=\"\/salud\/wp-content\/uploads\/sites\/32\/revista\/Revista\/ACISAMED_0203_03_Editorial1_ZamudioVillarreal.pdf\"><i class=\"far fa-file-pdf fa-2x\">&nbsp;<\/i><\/a><\/div>\n<p>Zamudio-Villarreal Juan Fernando.<\/td>\n<\/tr>\n<\/tbody>\n<\/table>\n<div id=\"separator\"><\/div>\n<table border=\"0\">\n<tbody>\n<tr>\n<td>\n<div id=\"label_vol\"><strong>Volumen 2, N\u00famero 3 (Art\u00edculo especial)<\/strong><\/div>\n<\/td>\n<\/tr>\n<tr>\n<td>\n<div id=\"label_art\">Relaci\u00f3n simbi\u00f3tica entre el virus del Dengue y el virus Chikungunya. <a href=\"\/salud\/wp-content\/uploads\/sites\/32\/revista\/Revista\/ACISAMED_0203_04_Especial1_MartinezSanchez.pdf\"><i class=\"far fa-file-pdf fa-2x\">&nbsp;<\/i><\/a><\/div>\n<p>Mart\u00ednez-S\u00e1nchez Abisai, Ch\u00e1vez-Angeles Manuel Gerardo, Mart\u00ednez-Ramos Ericay Berenice.<\/td>\n<\/tr>\n<\/tbody>\n<\/table>\n<div id=\"separator\"><\/div>\n<table border=\"0\">\n<tbody>\n<tr>\n<td>\n<div id=\"label_vol\"><strong>Volumen 2, N\u00famero 3 (Art\u00edculo de revisi\u00f3n)<\/strong><\/div>\n<\/td>\n<\/tr>\n<tr>\n<td>\n<div id=\"label_art\">Aliment\u00f3mica: conexi\u00f3n entre la nutrici\u00f3n y los alimentos. <a href=\"\/salud\/wp-content\/uploads\/sites\/32\/revista\/Revista\/ACISAMED_0203_05_Revision1_GarciaMontalvo.pdf\"><i class=\"far fa-file-pdf fa-2x\">&nbsp;<\/i><\/a><\/div>\n<p>Garc\u00eda-Montalvo Iv\u00e1n Antonio, Mat\u00edas-P\u00e9rez Diana, P\u00e9rez-Campos Eduardo.<\/td>\n<\/tr>\n<\/tbody>\n<\/table>\n<div id=\"separator\"><\/div>\n<table border=\"0\">\n<tbody>\n<tr>\n<td>\n<div id=\"label_vol\"><strong>El Arte de la Ciencia<\/strong><\/div>\n<\/td>\n<\/tr>\n<tr>\n<td>\n<div id=\"label_art\">Un libro para aprender y ensen\u00f1ar. <a href=\"\/salud\/wp-content\/uploads\/sites\/32\/revista\/Revista\/ACISAMED_0203_06_Editorial2_MunozFernandez.pdf\"><i class=\"far fa-file-pdf fa-2x\">&nbsp;<\/i><\/a><\/div>\n<p>Mu\u00f1oz-Fern\u00e1ndez Luis.<\/td>\n<\/tr>\n<\/tbody>\n<\/table>\n<div id=\"separator\"><\/div>\n<table border=\"0\">\n<tbody>\n<tr>\n<td>\n<div id=\"label_vol\"><strong>Volumen 2, N\u00famero 3 (Caso Cl\u00ednico Patol\u00f3gico)<\/strong><\/div>\n<\/td>\n<\/tr>\n<tr>\n<td>\n<div id=\"label_art\">Enfermedad de Fournier en pediatr\u00eda. Reporte de un 92 caso y revisi\u00f3n de literatura. <a href=\"\/salud\/wp-content\/uploads\/sites\/32\/revista\/Revista\/ACISAMED_0203_07_CasoClinPat1_VasquezRuiz.pdf\"><i class=\"far fa-file-pdf fa-2x\">&nbsp;<\/i><\/a><\/div>\n<p>V\u00e1squez-Ruiz Gervacio Samuel, Rojas-Granados Ade- lina, Lescas-M\u00e9ndez Octavio, Islas-Rojas Giovanna, Almaz\u00e1n-Bonora Gabriela, S\u00e1nchez-S\u00e1nchez Manuel, Altamirano-Jim\u00e9nez Armando, \u00c1ngeles-Castellanos Manuel.<\/td>\n<\/tr>\n<tr>\n<td>\n<div id=\"label_art\">Intoxicaci\u00f3n aguda por rodenticidas. Reporte de caso y revisi\u00f3n de la literatura.<a href=\"\/salud\/wp-content\/uploads\/sites\/32\/revista\/Revista\/ACISAMED_0203_08_CasoClinPat2_LescasMendez.pdf\"><i class=\"far fa-file-pdf fa-2x\">&nbsp;<\/i><\/a><\/div>\n<p>Lescas-M\u00e9ndez Octavio Augusto, Cordero-Reyes Sergio, V\u00e1squez-Ruiz Gervacio Samuel, Cruz-Garc\u00eda Floriberto, Ubaldo-Reyes Laura, \u00c1ngeles-Castellanos Manuel, S\u00e1nchez-S\u00e1nchez Manuel.<\/td>\n<\/tr>\n<\/tbody>\n<\/table>\n<p><a href=\"\/salud\/revista-avance-en-ciencia-salud-y-medicina\/\"><img loading=\"lazy\" decoding=\"async\" class=\"alignleft wp-image-492\" src=\"https:\/\/www.oaxaca.gob.mx\/salud\/wp-content\/uploads\/sites\/32\/2016\/01\/regresar.png\" alt=\"regresar\" width=\"30\" height=\"30\" srcset=\"https:\/\/www.oaxaca.gob.mx\/salud\/wp-content\/uploads\/sites\/32\/2016\/01\/regresar.png 512w, https:\/\/www.oaxaca.gob.mx\/salud\/wp-content\/uploads\/sites\/32\/2016\/01\/regresar-150x150.png 150w, https:\/\/www.oaxaca.gob.mx\/salud\/wp-content\/uploads\/sites\/32\/2016\/01\/regresar-300x300.png 300w\" sizes=\"auto, (max-width: 30px) 100vw, 30px\" \/><\/a>\t\t<\/p>\n","protected":false},"excerpt":{"rendered":"<p>Portada N\u00fam. 2 Vol. 3 &nbsp; Volumen 2, N\u00famero 3 (Editorial) Nacimiento y desarrollo de una revista de investigaci\u00f3n cl\u00ed\u0301nica y biom\u00e9dica para el estado de Oaxaca. &nbsp; Zamudio-Villarreal Juan Fernando. Volumen 2, N\u00famero 3 (Art\u00edculo especial) Relaci\u00f3n simbi\u00f3tica entre el virus del Dengue y el virus Chikungunya. &nbsp; Mart\u00ednez-S\u00e1nchez Abisai, Ch\u00e1vez-Angeles Manuel Gerardo, Mart\u00ednez-Ramos [&hellip;]<\/p>\n","protected":false},"author":1,"featured_media":0,"parent":0,"menu_order":0,"comment_status":"closed","ping_status":"closed","template":"","meta":{"episode_type":"","audio_file":"","podmotor_file_id":"","podmotor_episode_id":"","cover_image":"","cover_image_id":"","duration":"","filesize":"","filesize_raw":"","date_recorded":"","explicit":"","block":"","itunes_episode_number":"","itunes_title":"","itunes_season_number":"","itunes_episode_type":"","footnotes":""},"categories":[],"tags":[],"class_list":["post-471","page","type-page","status-publish","hentry"],"acf":[],"publishpress_future_action":{"enabled":false,"date":"2026-05-16 01:08:43","action":"change-status","newStatus":"draft","terms":[],"taxonomy":"category","extraData":[]},"publishpress_future_workflow_manual_trigger":{"enabledWorkflows":[]},"_links":{"self":[{"href":"https:\/\/www.oaxaca.gob.mx\/salud\/wp-json\/wp\/v2\/pages\/471","targetHints":{"allow":["GET"]}}],"collection":[{"href":"https:\/\/www.oaxaca.gob.mx\/salud\/wp-json\/wp\/v2\/pages"}],"about":[{"href":"https:\/\/www.oaxaca.gob.mx\/salud\/wp-json\/wp\/v2\/types\/page"}],"author":[{"embeddable":true,"href":"https:\/\/www.oaxaca.gob.mx\/salud\/wp-json\/wp\/v2\/users\/1"}],"replies":[{"embeddable":true,"href":"https:\/\/www.oaxaca.gob.mx\/salud\/wp-json\/wp\/v2\/comments?post=471"}],"version-history":[{"count":0,"href":"https:\/\/www.oaxaca.gob.mx\/salud\/wp-json\/wp\/v2\/pages\/471\/revisions"}],"wp:attachment":[{"href":"https:\/\/www.oaxaca.gob.mx\/salud\/wp-json\/wp\/v2\/media?parent=471"}],"wp:term":[{"taxonomy":"category","embeddable":true,"href":"https:\/\/www.oaxaca.gob.mx\/salud\/wp-json\/wp\/v2\/categories?post=471"},{"taxonomy":"post_tag","embeddable":true,"href":"https:\/\/www.oaxaca.gob.mx\/salud\/wp-json\/wp\/v2\/tags?post=471"}],"curies":[{"name":"wp","href":"https:\/\/api.w.org\/{rel}","templated":true}]}}