{"id":465,"date":"2016-01-20T10:55:58","date_gmt":"2016-01-20T16:55:58","guid":{"rendered":"https:\/\/www.oaxaca.gob.mx\/salud\/?page_id=465"},"modified":"2016-01-20T10:55:58","modified_gmt":"2016-01-20T16:55:58","slug":"volumen-3-numero-1-enero-marzo-2015","status":"publish","type":"page","link":"https:\/\/www.oaxaca.gob.mx\/salud\/volumen-3-numero-1-enero-marzo-2015\/","title":{"rendered":"Volumen 3, N\u00famero 1, (Enero-Marzo 2015)"},"content":{"rendered":"<table border=\"0\">\n<tbody>\n<tr>\n<td>\n<div id=\"label_art\"><strong>Portada N\u00fam. 3 Vol. 1<\/strong> <a href=\"\/salud\/wp-content\/uploads\/sites\/32\/revista\/Revista\/portada_enero2015.pdf\"><i class=\"far fa-file-pdf fa-2x\">&nbsp;<\/i><\/a><\/div>\n<\/td>\n<\/tr>\n<\/tbody>\n<\/table>\n<div id=\"separator\"><\/div>\n<table border=\"0\">\n<tbody>\n<tr>\n<td>\n<div id=\"label_vol\"><strong>Volumen 3, N\u00famero 1 (Original)<\/strong><\/div>\n<\/td>\n<\/tr>\n<tr>\n<td>\n<div id=\"label_art\">Vigilancia Virol\u00f3gica Molecular de Dengue en el Estado de Oaxaca 2010-2014. <a href=\"\/salud\/wp-content\/uploads\/sites\/32\/revista\/Revista\/ACISAMED_0301_03_Original1_LandetaVelazquez.pdf\"><i class=\"far fa-file-pdf fa-2x\">&nbsp;<\/i><\/a><\/div>\n<p>Ram\u00edrez-Palacios Luis Rom\u00e1Urbieta-M\u00e9ndez Eduardo,V\u00e1squez-G\u00f3mez Edith Magaly, Velasco-Aquino Virginia Margarita, Arellanes-Velasco Marisol Florencia, Ruiz-Jim\u00e9nez Raquel<\/td>\n<\/tr>\n<\/tbody>\n<\/table>\n<div id=\"separator\"><\/div>\n<table border=\"0\">\n<tbody>\n<tr>\n<td>\n<div id=\"label_vol\"><strong>Volumen 3, N\u00famero 1 (Original)<\/strong><\/div>\n<\/td>\n<\/tr>\n<tr>\n<td>\n<div id=\"label_art\">Efecto de las maniobras de reclutamiento alveolar sobre la oxigenaci\u00f3n en pacientes obesos con anestesia general en colecistectom\u00eda laparosc\u00f3pica. <a href=\"\/salud\/wp-content\/uploads\/sites\/32\/revista\/Revista\/ACISAMED_0301_04_Original2_UrbinaGutierrez.pdf\"><i class=\"far fa-file-pdf fa-2x\">&nbsp;<\/i><\/a><\/div>\n<p>Urbina-Guti\u00e9rrez Sol, Hern\u00e1ndez-Morales Leodega- rio, Pereyra-Nobara Texar Alfonso<\/td>\n<\/tr>\n<\/tbody>\n<\/table>\n<div id=\"separator\"><\/div>\n<table border=\"0\">\n<tbody>\n<tr>\n<td>\n<div id=\"label_vol\"><strong>Volumen 3, N\u00famero 1 (Art\u00edculo en revisi\u00f3n)<\/strong><\/div>\n<\/td>\n<\/tr>\n<tr>\n<td>\n<div id=\"label_art\">Aplicaci\u00f3n de la secuencia de siguiente generaci\u00f3n en la medicina actual. <a href=\"\/salud\/wp-content\/uploads\/sites\/32\/revista\/Revista\/ACISAMED_0301_05_Revision1_GarciaMontalvo.pdf\"><i class=\"far fa-file-pdf fa-2x\">&nbsp;<\/i><\/a><\/div>\n<p>Iv\u00e1n Antonio Garc\u00eda-Montalvo, Diana Mat\u00edas-P\u00e9rez<\/td>\n<\/tr>\n<\/tbody>\n<\/table>\n<div id=\"separator\"><\/div>\n<table border=\"0\">\n<tbody>\n<tr>\n<td>\n<div id=\"label_vol\"><strong>Volumen 3, N\u00famero 1 (Art\u00edculo especial)<\/strong><\/div>\n<\/td>\n<\/tr>\n<tr>\n<td>\n<div id=\"label_art\">Bases y aplicaciones de la cronobiologica cl\u00ednica. <a href=\"\/salud\/wp-content\/uploads\/sites\/32\/revista\/Revista\/ACISAMED_0204_05_Especial1_RojasGranados.pdf\"><i class=\"far fa-file-pdf fa-2x\">&nbsp;<\/i><\/a><\/div>\n<p>L\u00f3pez de la Cruz Michelle Fernanda, Rojas-Sosa Sergio Uriel, Rojas-Granados Adelina, Ubaldo-Reyes Laura, Lescas-M\u00e9ndez Octavio, S\u00e1nchez- S\u00e1nchez Bases and applications of clinical chronobiology. Manuel, \u00c1ngeles-Castellanos Manuel, Abreu-Sosa Anah\u00ed<\/td>\n<\/tr>\n<\/tbody>\n<\/table>\n<div id=\"separator\"><\/div>\n<table border=\"0\">\n<tbody>\n<tr>\n<td>\n<div id=\"label_vol\"><strong>Volumen 3, N\u00famero 1 (Caso Cl\u00ednico Patol\u00f3gico)<\/strong><\/div>\n<\/td>\n<\/tr>\n<tr>\n<td>\n<div id=\"label_art\">Leiomioma pararrectal. 33 Presentaci\u00f3n de caso y Revisi\u00f3n de la literatura. <a href=\"\/salud\/wp-content\/uploads\/sites\/32\/revista\/Revista\/ACISAMED_0204_07_CasoClinPat1_VelasquezWong.pdf\"><i class=\"far fa-file-pdf fa-2x\">&nbsp;<\/i><\/a><\/div>\n<p>Geminiano-Mart\u00ednez Eloy Enrique, S\u00e1nchez-Guerre- ro Rolando, Vel\u00e1squez-Paz Arturo<\/td>\n<\/tr>\n<\/tbody>\n<\/table>\n<p><a href=\"\/salud\/revista-avance-en-ciencia-salud-y-medicina\/\"><img loading=\"lazy\" decoding=\"async\" class=\"alignleft wp-image-492\" src=\"https:\/\/www.oaxaca.gob.mx\/salud\/wp-content\/uploads\/sites\/32\/2016\/01\/regresar.png\" alt=\"regresar\" width=\"30\" height=\"30\" srcset=\"https:\/\/www.oaxaca.gob.mx\/salud\/wp-content\/uploads\/sites\/32\/2016\/01\/regresar.png 512w, https:\/\/www.oaxaca.gob.mx\/salud\/wp-content\/uploads\/sites\/32\/2016\/01\/regresar-150x150.png 150w, https:\/\/www.oaxaca.gob.mx\/salud\/wp-content\/uploads\/sites\/32\/2016\/01\/regresar-300x300.png 300w\" sizes=\"auto, (max-width: 30px) 100vw, 30px\" \/><\/a>\t\t<\/p>\n","protected":false},"excerpt":{"rendered":"<p>Portada N\u00fam. 3 Vol. 1 &nbsp; Volumen 3, N\u00famero 1 (Original) Vigilancia Virol\u00f3gica Molecular de Dengue en el Estado de Oaxaca 2010-2014. &nbsp; Ram\u00edrez-Palacios Luis Rom\u00e1Urbieta-M\u00e9ndez Eduardo,V\u00e1squez-G\u00f3mez Edith Magaly, Velasco-Aquino Virginia Margarita, Arellanes-Velasco Marisol Florencia, Ruiz-Jim\u00e9nez Raquel Volumen 3, N\u00famero 1 (Original) Efecto de las maniobras de reclutamiento alveolar sobre la oxigenaci\u00f3n en pacientes obesos [&hellip;]<\/p>\n","protected":false},"author":1,"featured_media":0,"parent":0,"menu_order":0,"comment_status":"closed","ping_status":"closed","template":"","meta":{"episode_type":"","audio_file":"","podmotor_file_id":"","podmotor_episode_id":"","cover_image":"","cover_image_id":"","duration":"","filesize":"","filesize_raw":"","date_recorded":"","explicit":"","block":"","itunes_episode_number":"","itunes_title":"","itunes_season_number":"","itunes_episode_type":"","footnotes":""},"categories":[],"tags":[],"class_list":["post-465","page","type-page","status-publish","hentry"],"acf":[],"publishpress_future_action":{"enabled":false,"date":"2026-05-11 11:59:49","action":"change-status","newStatus":"draft","terms":[],"taxonomy":"category","extraData":[]},"publishpress_future_workflow_manual_trigger":{"enabledWorkflows":[]},"_links":{"self":[{"href":"https:\/\/www.oaxaca.gob.mx\/salud\/wp-json\/wp\/v2\/pages\/465","targetHints":{"allow":["GET"]}}],"collection":[{"href":"https:\/\/www.oaxaca.gob.mx\/salud\/wp-json\/wp\/v2\/pages"}],"about":[{"href":"https:\/\/www.oaxaca.gob.mx\/salud\/wp-json\/wp\/v2\/types\/page"}],"author":[{"embeddable":true,"href":"https:\/\/www.oaxaca.gob.mx\/salud\/wp-json\/wp\/v2\/users\/1"}],"replies":[{"embeddable":true,"href":"https:\/\/www.oaxaca.gob.mx\/salud\/wp-json\/wp\/v2\/comments?post=465"}],"version-history":[{"count":0,"href":"https:\/\/www.oaxaca.gob.mx\/salud\/wp-json\/wp\/v2\/pages\/465\/revisions"}],"wp:attachment":[{"href":"https:\/\/www.oaxaca.gob.mx\/salud\/wp-json\/wp\/v2\/media?parent=465"}],"wp:term":[{"taxonomy":"category","embeddable":true,"href":"https:\/\/www.oaxaca.gob.mx\/salud\/wp-json\/wp\/v2\/categories?post=465"},{"taxonomy":"post_tag","embeddable":true,"href":"https:\/\/www.oaxaca.gob.mx\/salud\/wp-json\/wp\/v2\/tags?post=465"}],"curies":[{"name":"wp","href":"https:\/\/api.w.org\/{rel}","templated":true}]}}