{"id":3004,"date":"2017-05-24T15:17:12","date_gmt":"2017-05-24T21:17:12","guid":{"rendered":"https:\/\/www.oaxaca.gob.mx\/salud\/?page_id=3004"},"modified":"2026-04-16T09:53:34","modified_gmt":"2026-04-16T15:53:34","slug":"sinpres","status":"publish","type":"page","link":"https:\/\/www.oaxaca.gob.mx\/salud\/sinpres\/","title":{"rendered":"SINPRES Y\/O SEFIP"},"content":{"rendered":"<p><b>SISTEMA ESTATAL DE FINANZAS P\u00daBLICAS DE OAXACA <\/b><b>(SEFIP)<\/b><b>.<\/b><br \/>\n<b>SISTEMA DE INFORMACI\u00d3N PRESUPUESTAL <\/b><b>(SINPRES)<\/b><b>.<\/b><\/p>\n<p>&nbsp;<\/p>\n<p>&nbsp;<\/p>\n<table border=\"0\" width=\"550\" align=\"center\">\n<tbody>\n<tr>\n<td align=\"left\"><strong>A\u00f1o 2026<\/strong><\/td>\n<\/tr>\n<tr>\n<td><strong>REPORTE DE INDICADORES DE AVANCE DE GESTI\u00d3N.<\/strong><\/p>\n<p><a href=\"https:\/\/www.oaxaca.gob.mx\/salud\/wp-content\/uploads\/sites\/32\/2026\/04\/AG-1ER-TRIM.pdf\" target=\"_blank\" rel=\"noopener noreferrer\">-1er Trimestre 2026.<\/a><\/td>\n<\/tr>\n<tr>\n<td align=\"left\"><strong>A\u00f1o 2025<\/strong><\/td>\n<\/tr>\n<tr>\n<td><strong>REPORTE DE INDICADORES DE AVANCE DE GESTI\u00d3N.<\/strong><\/p>\n<p><a href=\"https:\/\/www.oaxaca.gob.mx\/salud\/wp-content\/uploads\/sites\/32\/2025\/07\/AG-1ER-TRIM-2025.pdf\" target=\"_blank\" rel=\"noopener noreferrer\">-1er Trimestre 2025.<\/a><br \/>\n<a href=\"https:\/\/www.oaxaca.gob.mx\/salud\/wp-content\/uploads\/sites\/32\/2025\/07\/AG-2DO-TRIM-2025.pdf\" target=\"_blank\" rel=\"noopener noreferrer\">-2do Trimestre 2025.<\/a><br \/>\n<a href=\"https:\/\/www.oaxaca.gob.mx\/salud\/wp-content\/uploads\/sites\/32\/2025\/10\/AG-3ER-TRIM-2025.pdf\" target=\"_blank\" rel=\"noopener noreferrer\">-3er Trimestre 2025.<\/a><br \/>\n<a href=\"https:\/\/www.oaxaca.gob.mx\/salud\/wp-content\/uploads\/sites\/32\/2026\/01\/AVANCE-DE-GESTION-4TO-TRIMESTRE-2025.pdf\" target=\"_blank\" rel=\"noopener noreferrer\">-4to Trimestre 2025.<\/a><\/td>\n<\/tr>\n<tr>\n<td align=\"left\"><strong>A\u00f1o 2024<\/strong><\/td>\n<\/tr>\n<tr>\n<td><strong>REPORTE DE INDICADORES DE AVANCE DE GESTI\u00d3N.<\/strong><\/p>\n<p><a href=\"https:\/\/www.oaxaca.gob.mx\/salud\/wp-content\/uploads\/sites\/32\/2024\/07\/AVACE-DE-GESTION-1ER.-TRIM.-24_001a237.pdf\" target=\"_blank\" rel=\"noopener noreferrer\">-1er Trimestre 2024.<\/a><br \/>\n<a href=\"https:\/\/www.oaxaca.gob.mx\/salud\/wp-content\/uploads\/sites\/32\/2024\/08\/2DO_TRIMESTRE_2024AVANCE_DE_GESTION.pdf\" target=\"_blank\" rel=\"noopener noreferrer\">-2do Semestre 2024.<\/a><br \/>\n<a href=\"https:\/\/www.oaxaca.gob.mx\/salud\/wp-content\/uploads\/sites\/32\/2024\/11\/3ER.-TRIMESTRE-2024-AVANCE-DE-GESTION.pdf\" target=\"_blank\" rel=\"noopener noreferrer\">-3er Trimestre 2024.<\/a><br \/>\n<a href=\"https:\/\/www.oaxaca.gob.mx\/salud\/wp-content\/uploads\/sites\/32\/2025\/02\/1.-Reporte-Avance-de-Gestion-20250204T235328Z-001.zip\" target=\"_blank\" rel=\"noopener noreferrer\">-4to Trimestre 2024.<\/a><\/td>\n<\/tr>\n<tr>\n<td align=\"left\"><strong>A\u00f1o 2023<\/strong><\/td>\n<\/tr>\n<tr>\n<td><strong>REPORTE DE INDICADORES DE AVANCE DE GESTI\u00d3N.<\/strong><\/p>\n<p><a href=\"https:\/\/www.oaxaca.gob.mx\/salud\/wp-content\/uploads\/sites\/32\/2024\/06\/1ER.-TRIMESTRE-2023-AVANCE-DE-GESTION_.pdf\" target=\"_blank\" rel=\"noopener noreferrer\">-1er Trimestre 2023.<\/a><br \/>\n<a href=\"https:\/\/www.oaxaca.gob.mx\/salud\/wp-content\/uploads\/sites\/32\/2024\/06\/2DO.-TRIMESTRE-DE-2023-AVANCE-DE-GESTION_.pdf\" target=\"_blank\" rel=\"noopener noreferrer\">-2do Semestre 2023.<\/a><br \/>\n<a href=\"https:\/\/www.oaxaca.gob.mx\/salud\/wp-content\/uploads\/sites\/32\/2024\/06\/3ER.-TRIMESTRE-2023-AVANCE-DE-GESTION_.pdf\" target=\"_blank\" rel=\"noopener noreferrer\">-3er Trimestre 2023.<\/a><br \/>\n<a href=\"https:\/\/www.oaxaca.gob.mx\/salud\/wp-content\/uploads\/sites\/32\/2024\/08\/4TO.-TRIMESTRE-2023-COMPRIMIDO-2.pdf\" target=\"_blank\" rel=\"noopener noreferrer\">-4to Trimestre 2023.<\/a><\/td>\n<\/tr>\n<tr>\n<td align=\"left\"><strong>A\u00f1o 2022<\/strong><\/td>\n<\/tr>\n<tr>\n<td><strong>REPORTE DE INDICADORES DE AVANCE DE GESTI\u00d3N.<\/strong><\/p>\n<p><a href=\"https:\/\/www.oaxaca.gob.mx\/salud\/wp-content\/uploads\/sites\/32\/2022\/06\/AVANCES-DE-GESTION-1ER-TRIM-2022_compressed.pdf\" target=\"_blank\" rel=\"noopener noreferrer\">-1er Trimestre 2022.<\/a><br \/>\n<a href=\"https:\/\/www.oaxaca.gob.mx\/salud\/wp-content\/uploads\/sites\/32\/2022\/08\/2022_2do_Trim_218pp.pdf\" target=\"_blank\" rel=\"noopener noreferrer\">-2do Trimestre 2022.<\/a><br \/>\n<a href=\"https:\/\/www.oaxaca.gob.mx\/salud\/wp-content\/uploads\/sites\/32\/2023\/02\/Hoy_20022023123347.pdf\" target=\"_blank\" rel=\"noopener noreferrer\">-2do Semestre 2022.<\/a><br \/>\n<a href=\"https:\/\/www.oaxaca.gob.mx\/salud\/wp-content\/uploads\/sites\/32\/2022\/11\/3er_trim_SSO1_83.pdf\" target=\"_blank\" rel=\"noopener noreferrer\">-3er Trimestre 2022.<\/a><br \/>\n<a href=\"https:\/\/www.oaxaca.gob.mx\/salud\/wp-content\/uploads\/sites\/32\/2023\/02\/AVANCES-DE-GESTION-4TO-TRIM-2022-1.pdf\" target=\"_blank\" rel=\"noopener noreferrer\">-4to Trimestre 2022.<\/a><\/td>\n<\/tr>\n<tr>\n<td><\/td>\n<\/tr>\n<\/tbody>\n<tbody>\n<tr>\n<td align=\"left\"><strong>A\u00f1o 2021<\/strong><\/td>\n<\/tr>\n<tr>\n<td><strong>REPORTE DE INDICADORES DE AVANCE DE GESTI\u00d3N.<\/strong><\/p>\n<p><a href=\"https:\/\/www.oaxaca.gob.mx\/salud\/wp-content\/uploads\/sites\/32\/2022\/08\/1er_trim_2021.pdf\" target=\"_blank\" rel=\"noopener noreferrer\">-1er Trimestre 2021.<\/a><br \/>\n<a href=\"https:\/\/www.oaxaca.gob.mx\/salud\/wp-content\/uploads\/sites\/32\/2022\/08\/2do_trim_2021.pdf\" target=\"_blank\" rel=\"noopener noreferrer\">-2do Trimestre 2021.<\/a><br \/>\n<a href=\"https:\/\/www.oaxaca.gob.mx\/salud\/wp-content\/uploads\/sites\/32\/2022\/08\/3er_trim_2021.pdf\" target=\"_blank\" rel=\"noopener noreferrer\">-3er Trimestre 2021.<\/a><br \/>\n<a href=\"https:\/\/www.oaxaca.gob.mx\/salud\/wp-content\/uploads\/sites\/32\/2022\/08\/4to_trim_2021.pdf\" target=\"_blank\" rel=\"noopener noreferrer\">-4to Trimestre 2021.<\/a><\/td>\n<\/tr>\n<tr>\n<td><\/td>\n<\/tr>\n<\/tbody>\n<tbody>\n<tr>\n<td align=\"left\"><strong>A\u00f1o 2020<\/strong><\/td>\n<\/tr>\n<tr>\n<td><strong>REPORTE DE INDICADORES DE AVANCE DE GESTI\u00d3N.<\/strong><\/p>\n<p><a href=\"https:\/\/www.oaxaca.gob.mx\/salud\/wp-content\/uploads\/sites\/32\/2022\/06\/SEFIP_1ER_2020_425.pdf\" target=\"_blank\" rel=\"noopener noreferrer\">-1er Trimestre 2020.<\/a><br \/>\n<a href=\"https:\/\/www.oaxaca.gob.mx\/salud\/wp-content\/uploads\/sites\/32\/2022\/06\/SEFIP_2do_2020_65.pdf\" target=\"_blank\" rel=\"noopener noreferrer\">-2do Trimestre 2020.<\/a><br \/>\n<a href=\"https:\/\/www.oaxaca.gob.mx\/salud\/wp-content\/uploads\/sites\/32\/2022\/06\/SEFIP_3ER_2020_97.pdf\" target=\"_blank\" rel=\"noopener noreferrer\">-3er Trimestre 2020.<\/a><br \/>\n<a href=\"https:\/\/www.oaxaca.gob.mx\/salud\/wp-content\/uploads\/sites\/32\/2022\/06\/SEFIP_4to_2020_468.pdf\" target=\"_blank\" rel=\"noopener noreferrer\">-4to Trimestre 2020.<\/a><\/td>\n<\/tr>\n<tr>\n<td><\/td>\n<\/tr>\n<\/tbody>\n<tbody>\n<tr>\n<td align=\"left\"><strong>A\u00f1o 2019<\/strong><\/td>\n<\/tr>\n<tr>\n<td><strong>REPORTE DE INDICADORES DE AVANCE DE GESTI\u00d3N.<\/strong><\/p>\n<p><a href=\"https:\/\/www.oaxaca.gob.mx\/salud\/wp-content\/uploads\/sites\/32\/2020\/11\/Avance-Gestion-primer-trimestre_2019_.pdf\" target=\"_blank\" rel=\"noopener noreferrer\">-1er Trimestre 2019.<\/a><br \/>\n<a href=\"https:\/\/www.oaxaca.gob.mx\/salud\/wp-content\/uploads\/sites\/32\/2020\/12\/Avance-de-gestion-segundo-trimestre-SEFIP-2019.pdf\" target=\"_blank\" rel=\"noopener noreferrer\">-2do Trimestre 2019.<\/a><br \/>\n<a href=\"https:\/\/www.oaxaca.gob.mx\/salud\/wp-content\/uploads\/sites\/32\/2020\/07\/03-TERCER-TRIMESTRE-AVANCE-DE-GESTION-SEFIP2019.pdf\" target=\"_blank\" rel=\"noopener noreferrer\">-3er Trimestre 2019.<\/a><br \/>\n<a href=\"https:\/\/www.oaxaca.gob.mx\/salud\/wp-content\/uploads\/sites\/32\/2020\/07\/04-CUARTO-TRIMESTRE-AVANCE-DE-GESTION-SEFIP2019.pdf\" target=\"_blank\" rel=\"noopener noreferrer\">-4to Trimestre 2019.<\/a><\/td>\n<\/tr>\n<tr>\n<td><\/td>\n<\/tr>\n<\/tbody>\n<tbody>\n<tr>\n<td align=\"left\"><strong>A\u00f1o 2018<\/strong><\/td>\n<\/tr>\n<tr>\n<td><strong>REPORTE DE INDICADORES DE AVANCE DE GESTI\u00d3N.<\/strong><\/p>\n<p><a href=\"\/salud\/wp-content\/uploads\/sites\/32\/2018\/06\/1ER-TRIM-AvanceGestion2018_540.pdf\" target=\"_blank\" rel=\"noopener noreferrer\">-1er Trimestre 2018.<\/a><br \/>\n<a href=\"\/salud\/wp-content\/uploads\/sites\/32\/2018\/12\/2o-TRIM-AvanceGestion2018_540.pdf\" target=\"_blank\" rel=\"noopener noreferrer\">-2do Trimestre 2018.<\/a><br \/>\n<a href=\"\/salud\/wp-content\/uploads\/sites\/32\/2018\/12\/3ER-TRIM-AvanceGestion2018_540-1.pdf\" target=\"_blank\" rel=\"noopener noreferrer\">-3er Trimestre 2018.<\/a><br \/>\n<a href=\"https:\/\/www.oaxaca.gob.mx\/salud\/wp-content\/uploads\/sites\/32\/2019\/02\/Cuarto-trimestre-SEFIP-2018.pdf\" target=\"_blank\" rel=\"noopener noreferrer\">-4to Trimestre 2018.<\/a><\/td>\n<\/tr>\n<tr>\n<td><\/td>\n<\/tr>\n<\/tbody>\n<\/table>\n<table border=\"0\" width=\"550\" align=\"center\">\n<tbody>\n<tr>\n<td align=\"left\"><strong>A\u00f1o 2017<\/strong><\/td>\n<\/tr>\n<tr>\n<td><strong>REPORTE DE INDICADORES DE AVANCE DE GESTI\u00d3N.<\/strong><\/p>\n<p><a href=\"https:\/\/www.oaxaca.gob.mx\/salud\/wp-content\/uploads\/sites\/32\/2017\/05\/REPORTE-DE-INDICADORES-AVANCE-DE-GESTION-1ER-TRIMESTRE-2017-1.pdf\" target=\"_blank\" rel=\"noopener noreferrer\">-1er Trimestre 2017<\/a><br \/>\n<a href=\"https:\/\/www.oaxaca.gob.mx\/salud\/wp-content\/uploads\/sites\/32\/2018\/04\/SEGUNDO-TRIMESTRE-2017.pdf\" target=\"_blank\" rel=\"noopener noreferrer\">-2do Trimestre 2017<\/a><br \/>\n<a href=\"https:\/\/www.oaxaca.gob.mx\/salud\/wp-content\/uploads\/sites\/32\/2018\/04\/TERCER-TRIMESTRE-2017.pdf\" target=\"_blank\" rel=\"noopener noreferrer\">-3er Trimestre 2017<\/a><br \/>\n<a href=\"https:\/\/www.oaxaca.gob.mx\/salud\/wp-content\/uploads\/sites\/32\/2018\/04\/CUARTO-TRIMESTRE-2017.pdf\" target=\"_blank\" rel=\"noopener noreferrer\">-4to Trimestre 2017<\/a><\/td>\n<\/tr>\n<tr>\n<td><\/td>\n<\/tr>\n<\/tbody>\n<\/table>\n","protected":false},"excerpt":{"rendered":"<p>SISTEMA ESTATAL DE FINANZAS P\u00daBLICAS DE OAXACA (SEFIP). SISTEMA DE INFORMACI\u00d3N PRESUPUESTAL (SINPRES). &nbsp; &nbsp; A\u00f1o 2026 REPORTE DE INDICADORES DE AVANCE DE GESTI\u00d3N. -1er Trimestre 2026. A\u00f1o 2025 REPORTE DE INDICADORES DE AVANCE DE GESTI\u00d3N. -1er Trimestre 2025. -2do Trimestre 2025. -3er Trimestre 2025. -4to Trimestre 2025. A\u00f1o 2024 REPORTE DE INDICADORES DE AVANCE [&hellip;]<\/p>\n","protected":false},"author":1,"featured_media":0,"parent":0,"menu_order":0,"comment_status":"closed","ping_status":"closed","template":"","meta":{"episode_type":"","audio_file":"","podmotor_file_id":"","podmotor_episode_id":"","cover_image":"","cover_image_id":"","duration":"","filesize":"","filesize_raw":"","date_recorded":"","explicit":"","block":"","itunes_episode_number":"","itunes_title":"","itunes_season_number":"","itunes_episode_type":"","footnotes":""},"categories":[],"tags":[],"class_list":["post-3004","page","type-page","status-publish","hentry"],"acf":[],"publishpress_future_action":{"enabled":false,"date":"2026-05-17 11:08:27","action":"change-status","newStatus":"draft","terms":[],"taxonomy":"category","extraData":[]},"publishpress_future_workflow_manual_trigger":{"enabledWorkflows":[]},"_links":{"self":[{"href":"https:\/\/www.oaxaca.gob.mx\/salud\/wp-json\/wp\/v2\/pages\/3004","targetHints":{"allow":["GET"]}}],"collection":[{"href":"https:\/\/www.oaxaca.gob.mx\/salud\/wp-json\/wp\/v2\/pages"}],"about":[{"href":"https:\/\/www.oaxaca.gob.mx\/salud\/wp-json\/wp\/v2\/types\/page"}],"author":[{"embeddable":true,"href":"https:\/\/www.oaxaca.gob.mx\/salud\/wp-json\/wp\/v2\/users\/1"}],"replies":[{"embeddable":true,"href":"https:\/\/www.oaxaca.gob.mx\/salud\/wp-json\/wp\/v2\/comments?post=3004"}],"version-history":[{"count":2,"href":"https:\/\/www.oaxaca.gob.mx\/salud\/wp-json\/wp\/v2\/pages\/3004\/revisions"}],"predecessor-version":[{"id":14015,"href":"https:\/\/www.oaxaca.gob.mx\/salud\/wp-json\/wp\/v2\/pages\/3004\/revisions\/14015"}],"wp:attachment":[{"href":"https:\/\/www.oaxaca.gob.mx\/salud\/wp-json\/wp\/v2\/media?parent=3004"}],"wp:term":[{"taxonomy":"category","embeddable":true,"href":"https:\/\/www.oaxaca.gob.mx\/salud\/wp-json\/wp\/v2\/categories?post=3004"},{"taxonomy":"post_tag","embeddable":true,"href":"https:\/\/www.oaxaca.gob.mx\/salud\/wp-json\/wp\/v2\/tags?post=3004"}],"curies":[{"name":"wp","href":"https:\/\/api.w.org\/{rel}","templated":true}]}}