{"id":2812,"date":"2017-05-05T18:50:18","date_gmt":"2017-05-06T00:50:18","guid":{"rendered":"https:\/\/www.oaxaca.gob.mx\/salud\/?page_id=2812"},"modified":"2026-02-19T11:29:54","modified_gmt":"2026-02-19T17:29:54","slug":"sistema-de-formato-unico","status":"publish","type":"page","link":"https:\/\/www.oaxaca.gob.mx\/salud\/sistema-de-formato-unico\/","title":{"rendered":"SFU Y SRFT"},"content":{"rendered":"<p>SISTEMA DE FORMATO \u00daNICO (SFU)<br \/>\nSISTEMA DE RECURSOS FEDERALES TRANSFERIDOS (SRFT)<\/p>\n<table border=\"0\" width=\"550\" align=\"center\">\n<tbody>\n<tr>\n<td align=\"left\">En apego al art\u00edculo 48 de la Ley de Coordinaci\u00f3n Fiscal, se publica la siguiente informaci\u00f3n sobre el ejercicio y destino de los Fondos de Aportaciones Federales.<\/p>\n<p><strong>A\u00f1o 2025<\/strong><\/td>\n<\/tr>\n<tr>\n<td><strong>INFORMES DE NIVEL FINANCIERO\/EJERCICIO DEL GASTO<\/strong><\/p>\n<p><a href=\"https:\/\/www.oaxaca.gob.mx\/salud\/wp-content\/uploads\/sites\/32\/2026\/02\/1ER-TRIMESTRE-REPORTE-FINAL-EG.pdf\" target=\"_blank\" rel=\"noopener noreferrer\">-1er Trimestre 2025<\/a><br \/>\n<a href=\"https:\/\/www.oaxaca.gob.mx\/salud\/wp-content\/uploads\/sites\/32\/2026\/02\/2DO-TRIMESTRE-REPORTE-FINAL-EG.pdf\" target=\"_blank\" rel=\"noopener noreferrer\">-2do Trimestre 2025<\/a><br \/>\n<a href=\"https:\/\/www.oaxaca.gob.mx\/salud\/wp-content\/uploads\/sites\/32\/2026\/02\/3ER-TRIMESTRE-REPORTE-FINAL-EG.pdf\" target=\"_blank\" rel=\"noopener noreferrer\">-3er Trimestre 2025<\/a><br \/>\n<a href=\"https:\/\/www.oaxaca.gob.mx\/salud\/wp-content\/uploads\/sites\/32\/2026\/02\/4TO-TRIMESTRE-REPORTE-FINAL-EG.pdf\" target=\"_blank\" rel=\"noopener noreferrer\">-4to Trimestre 2025<\/a><\/td>\n<\/tr>\n<tr>\n<td><strong>INFORME DE GESTI\u00d3N DE PROYECTOS\/DESTINO DEL GASTO<\/strong><\/p>\n<p><a href=\"https:\/\/www.oaxaca.gob.mx\/salud\/wp-content\/uploads\/sites\/32\/2026\/02\/1ER-TRIMESTRE-REPORTE-FINAL.pdf\" target=\"_blank\" rel=\"noopener noreferrer\">-1er Trimestre 2025<\/a><br \/>\n<a href=\"https:\/\/www.oaxaca.gob.mx\/salud\/wp-content\/uploads\/sites\/32\/2026\/02\/2DO-TRIMESTRE-REPORTE-FINAL.pdf\" target=\"_blank\" rel=\"noopener noreferrer\">-2do Trimestre 2025<\/a><br \/>\n<a href=\"https:\/\/www.oaxaca.gob.mx\/salud\/wp-content\/uploads\/sites\/32\/2026\/02\/3ER-TRIMESTRE-REPORTE-FINAL.pdf\" target=\"_blank\" rel=\"noopener noreferrer\">-3er Trimestre 2025<\/a><br \/>\n<a href=\"https:\/\/www.oaxaca.gob.mx\/salud\/wp-content\/uploads\/sites\/32\/2026\/02\/4TO-TRIMESTRE-REPORTE-FINAL.pdf\" target=\"_blank\" rel=\"noopener noreferrer\">-4to Trimestre 2025<\/a><\/td>\n<\/tr>\n<tr>\n<td><strong>INFORME DE INDICADORES FASSA<\/strong><\/p>\n<p><a href=\"https:\/\/www.oaxaca.gob.mx\/salud\/wp-content\/uploads\/sites\/32\/2026\/02\/1ER-SEMESTRE-FASSA.pdf\" target=\"_blank\" rel=\"noopener noreferrer\">-1er Semestre 2025<\/a><br \/>\n<a href=\"https:\/\/www.oaxaca.gob.mx\/salud\/wp-content\/uploads\/sites\/32\/2026\/02\/2DO-SEMESTRE-FASSA.pdf\" target=\"_blank\" rel=\"noopener noreferrer\">-2do Semestre 2025<\/a><\/td>\n<\/tr>\n<tr>\n<td><strong>REPORTE GLOBAL RFT PERIODICO OFICIAL<\/strong><\/p>\n<p><a href=\"https:\/\/www.oaxaca.gob.mx\/salud\/wp-content\/uploads\/sites\/32\/2026\/02\/1ER-TRIM-2025-05-08.pdf\" target=\"_blank\" rel=\"noopener noreferrer\">-1er Trimestre 2025<\/a><br \/>\n<a href=\"https:\/\/www.oaxaca.gob.mx\/salud\/wp-content\/uploads\/sites\/32\/2026\/02\/2DO-TRIM-2025-08-06.pdf\" target=\"_blank\" rel=\"noopener noreferrer\">-2do Trimestre 2025<\/a><br \/>\n<a href=\"https:\/\/www.oaxaca.gob.mx\/salud\/wp-content\/uploads\/sites\/32\/2026\/02\/3ER-TRIM-2025-2025-11-07.pdf\" target=\"_blank\" rel=\"noopener noreferrer\">-3er Trimestre 2025<\/a><br \/>\n<a href=\"https:\/\/www.oaxaca.gob.mx\/salud\/wp-content\/uploads\/sites\/32\/2026\/02\/4TO-TRIM-2026-02-09.pdf\" target=\"_blank\" rel=\"noopener noreferrer\">-4to Trimestre 2025<\/a><\/td>\n<\/tr>\n<tr>\n<td align=\"left\">En apego al art\u00edculo 48 de la Ley de Coordinaci\u00f3n Fiscal, se publica la siguiente informaci\u00f3n sobre el ejercicio y destino de los Fondos de Aportaciones Federales.<\/p>\n<p><strong>A\u00f1o 2024<\/strong><\/td>\n<\/tr>\n<tr>\n<td><strong>INFORMES DE NIVEL FINANCIERO\/EJERCICIO DEL GASTO<\/strong><\/p>\n<p><a href=\"https:\/\/www.oaxaca.gob.mx\/salud\/wp-content\/uploads\/sites\/32\/2024\/08\/1_TRIM_EG_ReporteFinal2.xlsx\" target=\"_blank\" rel=\"noopener noreferrer\">-1er Trimestre 2024<\/a><br \/>\n<a href=\"https:\/\/www.oaxaca.gob.mx\/salud\/wp-content\/uploads\/sites\/32\/2024\/08\/REPORTE_EJERCICIO_DEL_GASTO2DO_TRIMESTRE-2024.xlsx\" target=\"_blank\" rel=\"noopener noreferrer\">-2do Trimestre 2024<\/a><br \/>\n<a href=\"https:\/\/www.oaxaca.gob.mx\/salud\/wp-content\/uploads\/sites\/32\/2025\/02\/EJERCICIO-DEL-GASTO-20250204T235255Z-001.zip\" target=\"_blank\" rel=\"noopener noreferrer\">-3er Trimestre 2024<\/a><br \/>\n<a href=\"https:\/\/www.oaxaca.gob.mx\/salud\/wp-content\/uploads\/sites\/32\/2025\/04\/ReporteFinalEG.pdf\" target=\"_blank\" rel=\"noopener noreferrer\">-4to Trimestre 2024<\/a><\/td>\n<\/tr>\n<tr>\n<td><strong>INFORME DE GESTI\u00d3N DE PROYECTOS\/DESTINO DEL GASTO<\/strong><\/p>\n<p><a href=\"https:\/\/www.oaxaca.gob.mx\/salud\/wp-content\/uploads\/sites\/32\/2024\/08\/1_TRIM_EG_ReporteFinal3.xlsx\" target=\"_blank\" rel=\"noopener noreferrer\">-1er Trimestre 2024<\/a><br \/>\n<a href=\"https:\/\/www.oaxaca.gob.mx\/salud\/wp-content\/uploads\/sites\/32\/2024\/08\/REPORTE-DG-2DO.-TRIMESTRE-2024.xlsx\" target=\"_blank\" rel=\"noopener noreferrer\">-2do Trimestre 2024<\/a><br \/>\n<a href=\"https:\/\/www.oaxaca.gob.mx\/salud\/wp-content\/uploads\/sites\/32\/2025\/02\/DESTINO-DEL-GASTO-20250204T235212Z-001.zip\" target=\"_blank\" rel=\"noopener noreferrer\">-3er Trimestre 2024<\/a><br \/>\n<a href=\"https:\/\/www.oaxaca.gob.mx\/salud\/wp-content\/uploads\/sites\/32\/2025\/04\/ReporteFinal.pdf\" target=\"_blank\" rel=\"noopener noreferrer\">-4to Trimestre 2024<\/a><\/td>\n<\/tr>\n<tr>\n<td><strong>INFORME DE INDICADORES FASSA<\/strong><\/p>\n<p><a href=\"https:\/\/www.oaxaca.gob.mx\/salud\/wp-content\/uploads\/sites\/32\/2024\/08\/FASSA.pdf\" target=\"_blank\" rel=\"noopener noreferrer\">-1er Semestre 2024<\/a><br \/>\n<a href=\"https:\/\/www.oaxaca.gob.mx\/salud\/wp-content\/uploads\/sites\/32\/2025\/04\/FASSA.pdf\" target=\"_blank\" rel=\"noopener noreferrer\">-2do Semestre 2024<\/a><\/td>\n<\/tr>\n<tr>\n<td><strong>REPORTE GLOBAL RFT PERIODICO OFICIAL<\/strong><\/p>\n<p><a href=\"https:\/\/www.oaxaca.gob.mx\/salud\/wp-content\/uploads\/sites\/32\/2025\/02\/REPORTE-GLOBAL-RFT-2024-20250204T234540Z-001.zip\" target=\"_blank\" rel=\"noopener noreferrer\">-1,2 3 Trimestre 2024<\/a><\/td>\n<\/tr>\n<tr>\n<td align=\"left\">En apego al art\u00edculo 48 de la Ley de Coordinaci\u00f3n Fiscal, se publica la siguiente informaci\u00f3n sobre el ejercicio y destino de los Fondos de Aportaciones Federales.<\/p>\n<p><strong>A\u00f1o 2023<\/strong><\/td>\n<\/tr>\n<tr>\n<td><strong>INFORMES DE NIVEL FINANCIERO\/EJERCICIO DEL GASTO<\/strong><\/p>\n<p><a href=\"https:\/\/www.oaxaca.gob.mx\/salud\/wp-content\/uploads\/sites\/32\/2024\/03\/1_TRIM_EG_ReporteFinal.xlsx\" target=\"_blank\" rel=\"noopener noreferrer\">-1er Trimestre 2023<\/a><br \/>\n<a href=\"https:\/\/www.oaxaca.gob.mx\/salud\/wp-content\/uploads\/sites\/32\/2024\/03\/2_TRIM_EG_ReporteFinal.pdf\" target=\"_blank\" rel=\"noopener noreferrer\">-2do Trimestre 2023<\/a><br \/>\n<a href=\"https:\/\/www.oaxaca.gob.mx\/salud\/wp-content\/uploads\/sites\/32\/2024\/03\/3_TRIM_EG_ReporteFinal.pdf\" target=\"_blank\" rel=\"noopener noreferrer\">-3er Trimestre 2023<\/a><br \/>\n<a href=\"https:\/\/www.oaxaca.gob.mx\/salud\/wp-content\/uploads\/sites\/32\/2024\/03\/4_TRIM_EG_ReporteFinal.pdf\" target=\"_blank\" rel=\"noopener noreferrer\">-4to Trimestre 2023<\/a><\/td>\n<\/tr>\n<tr>\n<td><strong>INFORME DE GESTI\u00d3N DE PROYECTOS\/DESTINO DEL GASTO<\/strong><\/p>\n<p><a href=\"https:\/\/www.oaxaca.gob.mx\/salud\/wp-content\/uploads\/sites\/32\/2024\/03\/1_TRIM_DG_ReporteFinal.pdf\" target=\"_blank\" rel=\"noopener noreferrer\">-1er Trimestre 2023<\/a><br \/>\n<a href=\"https:\/\/www.oaxaca.gob.mx\/salud\/wp-content\/uploads\/sites\/32\/2024\/03\/2_TRIM_DG_ReporteFinal.pdf\" target=\"_blank\" rel=\"noopener noreferrer\">-2do Trimestre 2023<\/a><br \/>\n<a href=\"https:\/\/www.oaxaca.gob.mx\/salud\/wp-content\/uploads\/sites\/32\/2024\/03\/3_TRIM_DG_ReporteFinal.pdf\" target=\"_blank\" rel=\"noopener noreferrer\">-3er Trimestre 2023<\/a><br \/>\n<a href=\"https:\/\/www.oaxaca.gob.mx\/salud\/wp-content\/uploads\/sites\/32\/2024\/03\/4_TRIM_DG_ReporteFinal.pdf\" target=\"_blank\" rel=\"noopener noreferrer\">-4to Trimestre 2023<\/a><\/td>\n<\/tr>\n<tr>\n<td><strong>INFORME DE INDICADORES FASSA<\/strong><\/p>\n<p><a href=\"https:\/\/www.oaxaca.gob.mx\/salud\/wp-content\/uploads\/sites\/32\/2024\/03\/1_SEM_FASSA.pdf\" target=\"_blank\" rel=\"noopener noreferrer\">-1er Semestre 2023<\/a><br \/>\n<a href=\"https:\/\/www.oaxaca.gob.mx\/salud\/wp-content\/uploads\/sites\/32\/2024\/03\/2_SEM_FASSA.pdf\" target=\"_blank\" rel=\"noopener noreferrer\">-2do Semestre 2023<\/a><\/td>\n<\/tr>\n<tr>\n<td align=\"left\">En apego al art\u00edculo 48 de la Ley de Coordinaci\u00f3n Fiscal, se publica la siguiente informaci\u00f3n sobre el ejercicio y destino de los Fondos de Aportaciones Federales.<\/p>\n<p><strong>A\u00f1o 2022<\/strong><\/td>\n<\/tr>\n<tr>\n<td><strong>INFORMES DE NIVEL FINANCIERO\/EJERCICIO DEL GASTO<\/strong><\/p>\n<p><a href=\"https:\/\/www.oaxaca.gob.mx\/salud\/wp-content\/uploads\/sites\/32\/2022\/11\/1_TRIM_EG_Reporte-Final.pdf\" target=\"_blank\" rel=\"noopener noreferrer\">-1er Trimestre 2022<\/a><br \/>\n<a href=\"https:\/\/www.oaxaca.gob.mx\/salud\/wp-content\/uploads\/sites\/32\/2022\/11\/2_TRIM_EG_Reporte-Final.pdf\" target=\"_blank\" rel=\"noopener noreferrer\">-2do Trimestre 2022<\/a><br \/>\n<a href=\"https:\/\/www.oaxaca.gob.mx\/salud\/wp-content\/uploads\/sites\/32\/2022\/11\/3_TRIM_EG_Reporte-Final.pdf\" target=\"_blank\" rel=\"noopener noreferrer\">-3er Trimestre 2022<\/a><br \/>\n<a href=\"https:\/\/www.oaxaca.gob.mx\/salud\/wp-content\/uploads\/sites\/32\/2023\/02\/4_TRIM_EG_Reporte-Final.pdf\" target=\"_blank\" rel=\"noopener noreferrer\">-4to Trimestre 2022<\/a><\/td>\n<\/tr>\n<tr>\n<td><strong>INFORME DE GESTI\u00d3N DE PROYECTOS\/DESTINO DEL GASTO<\/strong><\/p>\n<p><a href=\"https:\/\/www.oaxaca.gob.mx\/salud\/wp-content\/uploads\/sites\/32\/2022\/11\/1_TRIM_DG_Reporte-Final.pdf\" target=\"_blank\" rel=\"noopener noreferrer\">-1er Trimestre 2022<\/a><br \/>\n<a href=\"https:\/\/www.oaxaca.gob.mx\/salud\/wp-content\/uploads\/sites\/32\/2022\/11\/2_TRIM_DG_Reporte-Final.pdf\" target=\"_blank\" rel=\"noopener noreferrer\">-2do Trimestre 2022<\/a><br \/>\n<a href=\"https:\/\/www.oaxaca.gob.mx\/salud\/wp-content\/uploads\/sites\/32\/2022\/11\/3_TRIM_DG_Reporte-Final.pdf\" target=\"_blank\" rel=\"noopener noreferrer\">-3er Trimestre 2022<\/a><br \/>\n<a href=\"https:\/\/www.oaxaca.gob.mx\/salud\/wp-content\/uploads\/sites\/32\/2023\/02\/4_TRIM_DG_Reporte-Final.pdf\" target=\"_blank\" rel=\"noopener noreferrer\">-4to Trimestre 2021<\/a><\/td>\n<\/tr>\n<tr>\n<td><strong>INFORME DE INDICADORES FASSA<\/strong><\/p>\n<p><a href=\"https:\/\/www.oaxaca.gob.mx\/salud\/wp-content\/uploads\/sites\/32\/2022\/11\/2_TRIM_FASSA.pdf\" target=\"_blank\" rel=\"noopener noreferrer\">-2do Trimestre 2022<\/a><br \/>\n<a href=\"https:\/\/www.oaxaca.gob.mx\/salud\/wp-content\/uploads\/sites\/32\/2023\/02\/AVANCES-DE-GESTION-4TO-TRIM-2022.pdf\" target=\"_blank\" rel=\"noopener noreferrer\">-4to Trimestre 2022<\/a><\/td>\n<\/tr>\n<tr>\n<td align=\"left\">En apego al art\u00edculo 48 de la Ley de Coordinaci\u00f3n Fiscal, se publica la siguiente informaci\u00f3n sobre el ejercicio y destino de los Fondos de Aportaciones Federales.<\/p>\n<p><strong>A\u00f1o 2021<\/strong><\/td>\n<\/tr>\n<tr>\n<td><strong>INFORMES DE NIVEL FINANCIERO\/EJERCICIO DEL GASTO<\/strong><\/p>\n<p><a href=\"https:\/\/www.oaxaca.gob.mx\/salud\/wp-content\/uploads\/sites\/32\/2022\/01\/1_TRIM_EG_Reporte-Final-Salud-21.pdf\" target=\"_blank\" rel=\"noopener noreferrer\">-1er Trimestre 2021<\/a><br \/>\n<a href=\"https:\/\/www.oaxaca.gob.mx\/salud\/wp-content\/uploads\/sites\/32\/2022\/01\/2_TRIM_EG_Reporte-final-Salud-21.pdf\" target=\"_blank\" rel=\"noopener noreferrer\">-2do Trimestre 2021<\/a><br \/>\n<a href=\"https:\/\/www.oaxaca.gob.mx\/salud\/wp-content\/uploads\/sites\/32\/2022\/01\/3_TRIM_EG_Reporte-Final-Salud-21.pdf\" target=\"_blank\" rel=\"noopener noreferrer\">-3er Trimestre 2021<\/a><br \/>\n<a href=\"https:\/\/www.oaxaca.gob.mx\/salud\/wp-content\/uploads\/sites\/32\/2022\/02\/4_TRIM_EG_Reporte-Final1.xlsx\" target=\"_blank\" rel=\"noopener noreferrer\">-4to Trimestre 2021<\/a><\/td>\n<\/tr>\n<tr>\n<td><strong>INFORME DE GESTI\u00d3N DE PROYECTOS\/DESTINO DEL GASTO<\/strong><\/p>\n<p><a href=\"https:\/\/www.oaxaca.gob.mx\/salud\/wp-content\/uploads\/sites\/32\/2022\/01\/1_TRIM_DG_Reporte-Final-Salud-2021.pdf\" target=\"_blank\" rel=\"noopener noreferrer\">-1er Trimestre 2021<\/a><br \/>\n<a href=\"https:\/\/www.oaxaca.gob.mx\/salud\/wp-content\/uploads\/sites\/32\/2022\/01\/2_TRIM_DG_Reporte-Final-Salud-2021.pdf\" target=\"_blank\" rel=\"noopener noreferrer\">-2do Trimestre 2021<\/a><br \/>\n<a href=\"https:\/\/www.oaxaca.gob.mx\/salud\/wp-content\/uploads\/sites\/32\/2022\/01\/3_TRIM_DG_Reporte-Final-Salud-2021.pdf\" target=\"_blank\" rel=\"noopener noreferrer\">-3er Trimestre 2021<\/a><br \/>\n<a href=\"https:\/\/www.oaxaca.gob.mx\/salud\/wp-content\/uploads\/sites\/32\/2022\/02\/4_TRIM_DG_Reporte-Final1.xlsx\" target=\"_blank\" rel=\"noopener noreferrer\">-4to Trimestre 2021<\/a><\/td>\n<\/tr>\n<tr>\n<td><strong>INFORME DE INDICADORES FASSA<\/strong><\/p>\n<p><a href=\"https:\/\/www.oaxaca.gob.mx\/salud\/wp-content\/uploads\/sites\/32\/2022\/06\/2_TRIM_FASSA.xlsx\" target=\"_blank\" rel=\"noopener noreferrer\">-2do Trimestre 2021<\/a><br \/>\n<a href=\"https:\/\/www.oaxaca.gob.mx\/salud\/wp-content\/uploads\/sites\/32\/2022\/02\/4_TRIM_FASSA.xlsx\" target=\"_blank\" rel=\"noopener noreferrer\">-4to Trimestre 2021<\/a><\/td>\n<\/tr>\n<tr>\n<td align=\"left\">En apego al art\u00edculo 48 de la Ley de Coordinaci\u00f3n Fiscal, se publica la siguiente informaci\u00f3n sobre el ejercicio y destino de los Fondos de Aportaciones Federales.<\/p>\n<p><strong>A\u00f1o 2020<\/strong><\/td>\n<\/tr>\n<tr>\n<td><strong>INFORMES DE NIVEL FINANCIERO\/EJERCICIO DEL GASTO<\/strong><\/p>\n<p><a href=\"https:\/\/www.oaxaca.gob.mx\/salud\/wp-content\/uploads\/sites\/32\/2021\/02\/1ER-TRIMESTRE-EJERCICIO-DEL-GASTO-2020-SSO.pdf\" target=\"_blank\" rel=\"noopener noreferrer\">-1er Trimestre 2020<\/a><br \/>\n<a href=\"https:\/\/www.oaxaca.gob.mx\/salud\/wp-content\/uploads\/sites\/32\/2021\/02\/2o-TRIMESTRE-EJERCICIO-DEL-GASTO-2020-SSO.pdf\" target=\"_blank\" rel=\"noopener noreferrer\">-2do Trimestre 2020<\/a><br \/>\n<a href=\"https:\/\/www.oaxaca.gob.mx\/salud\/wp-content\/uploads\/sites\/32\/2021\/02\/3ER-TRIMESTRE-EJERCICIO-DEL-GASTO-2020-SSO.pdf\" target=\"_blank\" rel=\"noopener noreferrer\">-3er Trimestre 2020<\/a><br \/>\n<a href=\"https:\/\/www.oaxaca.gob.mx\/salud\/wp-content\/uploads\/sites\/32\/2021\/02\/4o-TRIMESTRE-EJERCICIO-DEL-GASTO-2020-SSO.pdf\" target=\"_blank\" rel=\"noopener noreferrer\">-4to Trimestre 2020<\/a><\/td>\n<\/tr>\n<tr>\n<td align=\"left\">En apego al art\u00edculo 48 de la Ley de Coordinaci\u00f3n Fiscal, se publica la siguiente informaci\u00f3n sobre el ejercicio y destino de los Fondos de Aportaciones Federales.<\/p>\n<p><strong>A\u00f1o 2019<\/strong><\/td>\n<\/tr>\n<tr>\n<td><strong>INFORMES DE NIVEL FINANCIERO\/EJERCICIO DEL GASTO<\/strong><\/p>\n<p><a href=\"https:\/\/www.oaxaca.gob.mx\/salud\/wp-content\/uploads\/sites\/32\/2019\/08\/1_TRIM_EJERCICIO-DEL-GASTO.pdf\" target=\"_blank\" rel=\"noopener noreferrer\">-1er Trimestre 2019<\/a><br \/>\n<a href=\"https:\/\/www.oaxaca.gob.mx\/salud\/wp-content\/uploads\/sites\/32\/2020\/09\/2o-TRIMESTRE-EJERCICIO-DEL-GASTO-2019.pdf\" target=\"_blank\" rel=\"noopener noreferrer\">-2do Trimestre 2019<\/a><br \/>\n<a href=\"https:\/\/www.oaxaca.gob.mx\/salud\/wp-content\/uploads\/sites\/32\/2020\/09\/3er-TRIMESTRE-EJERCICIO-DEL-GASTO-2019.pdf\" target=\"_blank\" rel=\"noopener noreferrer\">-3er Trimestre 2019<\/a><br \/>\n<a href=\"https:\/\/www.oaxaca.gob.mx\/salud\/wp-content\/uploads\/sites\/32\/2020\/09\/4o-TRIMESTRE-EJERCICIO-DEL-GASTO-2019.pdf\" target=\"_blank\" rel=\"noopener noreferrer\">-4to Trimestre 2019<\/a><\/td>\n<\/tr>\n<tr>\n<td><strong>INFORME DE GESTI\u00d3N DE PROYECTOS\/DESTINO DEL GASTO<\/strong><\/p>\n<p><a href=\"https:\/\/www.oaxaca.gob.mx\/salud\/wp-content\/uploads\/sites\/32\/2019\/08\/1_TRIM_DESTINO-DEL-GASTO.pdf\" target=\"_blank\" rel=\"noopener noreferrer\">-1er Trimestre 2019<\/a><\/td>\n<\/tr>\n<tr>\n<td><strong>INFORME DE INDICADORES FASSA<\/strong><\/td>\n<\/tr>\n<tr>\n<td><\/td>\n<\/tr>\n<\/tbody>\n<\/table>\n<table border=\"0\" width=\"550\" align=\"center\">\n<tbody>\n<tr>\n<td align=\"left\">En apego al art\u00edculo 48 de la Ley de Coordinaci\u00f3n Fiscal, se publica la siguiente informaci\u00f3n sobre el ejercicio y destino de los Fondos de Aportaciones Federales.<\/p>\n<p><strong>A\u00f1o 2018<\/strong><\/td>\n<\/tr>\n<tr>\n<td><strong>INFORMES DE NIVEL FINANCIERO\/EJERCICIO DEL GASTO<\/strong><\/p>\n<p><a href=\"https:\/\/www.oaxaca.gob.mx\/salud\/wp-content\/uploads\/sites\/32\/2018\/06\/1ER-TRIM-NIVEL-FINANCIERO-2018.pdf\" target=\"_blank\" rel=\"noopener noreferrer\">-1er Trimestre 2018<\/a><br \/>\n<a href=\"https:\/\/www.oaxaca.gob.mx\/salud\/wp-content\/uploads\/sites\/32\/2018\/12\/NIVEL-FINANCIERO-2T_2018.pdf\" target=\"_blank\" rel=\"noopener noreferrer\">-2do Trimestre 2018<\/a><br \/>\n<a href=\"\/salud\/wp-content\/uploads\/sites\/32\/2018\/12\/NIVEL-FINANCIERO-EJERCICIO-DEL-GASTO-3-TRIM-2018-1.pdf\" target=\"_blank\" rel=\"noopener noreferrer\">-3er Trimestre 2018<\/a><br \/>\n<a href=\"https:\/\/www.oaxaca.gob.mx\/salud\/wp-content\/uploads\/sites\/32\/2019\/02\/4o-TRIM-NIVEL-FINANCIERO-EJERCICIO-DEL-GASTO2018.pdf\" target=\"_blank\" rel=\"noopener noreferrer\">-4to Trimestre 2018<\/a><\/td>\n<\/tr>\n<tr>\n<td><strong>INFORME DE GESTI\u00d3N DE PROYECTOS\/DESTINO DEL GASTO<\/strong><\/p>\n<p><a href=\"https:\/\/www.oaxaca.gob.mx\/salud\/wp-content\/uploads\/sites\/32\/2018\/06\/1ER-TRIM-GESTION-DE-PROYECTOS-2018.pdf\" target=\"_blank\" rel=\"noopener noreferrer\">-1er Trimestre 2018<\/a><br \/>\n<a href=\"\/salud\/wp-content\/uploads\/sites\/32\/2018\/12\/GESTION-DE-PROYECTOS-2TRIMESTRE_2018-SSO-1.pdf\" target=\"_blank\" rel=\"noopener noreferrer\">-2do Trimestre 2018<\/a><br \/>\n<a href=\"https:\/\/www.oaxaca.gob.mx\/salud\/wp-content\/uploads\/sites\/32\/2018\/12\/GESTION-DE-PROYECTOS-DESTINO-DEL-GASTO-3-TRIM-2018.pdf\" target=\"_blank\" rel=\"noopener noreferrer\">-3er Trimestre 2018<\/a><br \/>\n<a href=\"https:\/\/www.oaxaca.gob.mx\/salud\/wp-content\/uploads\/sites\/32\/2019\/02\/4o-TRIM-GESTION-DE-PROYECTOS-DESTINO-DEL-GASTO-2018.pdf\" target=\"_blank\" rel=\"noopener noreferrer\">-4to Trimestre 2018<\/a><\/td>\n<\/tr>\n<tr>\n<td><strong>INFORME DE INDICADORES FASSA<\/strong><\/p>\n<p><a href=\"\/salud\/wp-content\/uploads\/sites\/32\/2018\/12\/INDICADORES-FASSA-1ER-SEMESTRE-2018-1.pdf\" target=\"_blank\" rel=\"noopener noreferrer\">-1er Semestre 2018<\/a><br \/>\n<a href=\"https:\/\/www.oaxaca.gob.mx\/salud\/wp-content\/uploads\/sites\/32\/2019\/02\/INDICADORES-FASSA-2o-SEMESTRE-2018.pdf\" target=\"_blank\" rel=\"noopener noreferrer\">-2do Semestre 2018<\/a><\/td>\n<\/tr>\n<tr>\n<td><\/td>\n<\/tr>\n<\/tbody>\n<\/table>\n<table border=\"0\" width=\"550\" align=\"center\">\n<tbody>\n<tr>\n<td align=\"left\">En apego al art\u00edculo 48 de la Ley de Coordinaci\u00f3n Fiscal, se publica la siguiente informaci\u00f3n sobre el ejercicio y destino de los Fondos de Aportaciones Federales.<\/p>\n<p><strong>A\u00f1o 2017<\/strong><\/td>\n<\/tr>\n<tr>\n<td><strong>INFORMES DE NIVEL FINANCIERO<\/strong><\/p>\n<p><a href=\"https:\/\/www.oaxaca.gob.mx\/salud\/wp-content\/uploads\/sites\/32\/2017\/05\/Informe-Nivel-Financiero-SFU-1er-Trimestre-2017.pdf\" target=\"_blank\" rel=\"noopener noreferrer\">-1er Trimestre 2017<\/a><br \/>\n<a href=\"https:\/\/www.oaxaca.gob.mx\/salud\/wp-content\/uploads\/sites\/32\/2018\/04\/2o-TRIM-NIVEL-FINANCIERO-2017.pdf\" target=\"_blank\" rel=\"noopener noreferrer\">-2do Trimestre 2017<\/a><br \/>\n<a href=\"\/salud\/wp-content\/uploads\/sites\/32\/2018\/04\/3er-TRIM-NIVEL-FINANCIERO-2017-1.pdf\" target=\"_blank\" rel=\"noopener noreferrer\">-3er Trimestre 2017<\/a><br \/>\n<a href=\"\/salud\/wp-content\/uploads\/sites\/32\/2018\/04\/4o-TRIM-NIVEL-FINANCIERO-2017-1.pdf\" target=\"_blank\" rel=\"noopener noreferrer\">-4to Trimestre 2017<\/a><\/td>\n<\/tr>\n<tr>\n<td><strong>INFORME DE GESTI\u00d3N DE PROYECTOS<\/strong><\/p>\n<p><a href=\"\/salud\/wp-content\/uploads\/sites\/32\/2018\/04\/1er-TRIMESTRE-GESTION-DE-PROYECTOS-2017-1.pdf\" target=\"_blank\" rel=\"noopener noreferrer\">-1er Trimestre 2017<\/a><br \/>\n<a href=\"\/salud\/wp-content\/uploads\/sites\/32\/2018\/04\/2o-TRIMESTRE-GESTION-DE-PROYECTOS-2017-1.pdf\" target=\"_blank\" rel=\"noopener noreferrer\">-2do Trimestre 2017<\/a><br \/>\n<a href=\"\/salud\/wp-content\/uploads\/sites\/32\/2018\/04\/3er-TRIMESTRE-GESTION-DE-PROYECTOS-2017-1.pdf\" target=\"_blank\" rel=\"noopener noreferrer\">-3er Trimestre 2017<\/a><br \/>\n<a href=\"\/salud\/wp-content\/uploads\/sites\/32\/2018\/04\/4o-TRIMESTRE-GESTION-DE-PROYECTOS-2017-1.pdf\" target=\"_blank\" rel=\"noopener noreferrer\">-4to Trimestre 2017<\/a><\/td>\n<\/tr>\n<tr>\n<td><strong>INFORME DE INDICADORES FASSA<\/strong><\/p>\n<p><a href=\"\/salud\/wp-content\/uploads\/sites\/32\/2018\/04\/1er-SEMESTRE-2017-1.pdf\" target=\"_blank\" rel=\"noopener noreferrer\">-1er Semestre 2017<\/a><br \/>\n<a href=\"\/salud\/wp-content\/uploads\/sites\/32\/2018\/04\/2o-SEMESTRE-2017-1.pdf\" target=\"_blank\" rel=\"noopener noreferrer\">-2do Semestre 2017<\/a><\/td>\n<\/tr>\n<tr>\n<td><\/td>\n<\/tr>\n<\/tbody>\n<\/table>\n<table border=\"0\" width=\"550\" align=\"center\">\n<tbody>\n<tr>\n<td align=\"left\">En apego al art\u00edculo 48 de la Ley de Coordinaci\u00f3n Fiscal, se publica la siguiente informaci\u00f3n sobre el ejercicio y destino de los Fondos de Aportaciones Federales.<\/p>\n<p><strong>A\u00f1o 2016<\/strong><\/td>\n<\/tr>\n<tr>\n<td><strong>INFORMES DE NIVEL FINANCIERO<\/strong><\/p>\n<p><a href=\"https:\/\/www.oaxaca.gob.mx\/salud\/wp-content\/uploads\/sites\/32\/2017\/05\/Informe-Nivel-Financiero-SFU-1er-Trimestre-2016.pdf\" target=\"_blank\" rel=\"noopener noreferrer\">-1er Trimestre 2016<\/a><br \/>\n<a href=\"https:\/\/www.oaxaca.gob.mx\/salud\/wp-content\/uploads\/sites\/32\/2017\/05\/Informe-Nivel-Financiero-SFU-2o-Trimestre-2016.pdf\" target=\"_blank\" rel=\"noopener noreferrer\">-2o Trimestre 2016<\/a><br \/>\n<a href=\"https:\/\/www.oaxaca.gob.mx\/salud\/wp-content\/uploads\/sites\/32\/2017\/05\/Informe-Nivel-Financiero-SFU-3er-Trimestre-2016.pdf\" target=\"_blank\" rel=\"noopener noreferrer\">-3er Trimestre 2016<\/a><br \/>\n<a href=\"https:\/\/www.oaxaca.gob.mx\/salud\/wp-content\/uploads\/sites\/32\/2017\/05\/Informe-Nivel-Financiero-SFU-4o-Trimestre-2016.pdf\" target=\"_blank\" rel=\"noopener noreferrer\">-4o Trimestre 2016<\/a><\/td>\n<\/tr>\n<tr>\n<td><strong>INDICADORES FASSA<\/strong><\/p>\n<p><a href=\"https:\/\/www.oaxaca.gob.mx\/salud\/wp-content\/uploads\/sites\/32\/2017\/05\/1er-Trimestre-de-2016-Indicadores-FASSA.xlsx\" target=\"_blank\" rel=\"noopener noreferrer\">-1er Trimestre 2016<\/a><br \/>\n<a href=\"https:\/\/www.oaxaca.gob.mx\/salud\/wp-content\/uploads\/sites\/32\/2017\/05\/2o-Trimestre-de-2016-Indicadores-FASSA.xlsx\" target=\"_blank\" rel=\"noopener noreferrer\">-2o Trimestre 2016<\/a><br \/>\n<a href=\"https:\/\/www.oaxaca.gob.mx\/salud\/wp-content\/uploads\/sites\/32\/2017\/05\/3er-Trimestre-de-2016-Indicadores-FASSA.xlsx\" target=\"_blank\" rel=\"noopener noreferrer\">-3er Trimestre 2016<\/a><br \/>\n<a href=\"https:\/\/www.oaxaca.gob.mx\/salud\/wp-content\/uploads\/sites\/32\/2017\/05\/4o-Trimestre-de-2016-Indicadores-FASSA.xlsx\" target=\"_blank\" rel=\"noopener noreferrer\">-4o Trimestre 2016<\/a><\/td>\n<\/tr>\n<tr>\n<td><\/td>\n<\/tr>\n<\/tbody>\n<\/table>\n","protected":false},"excerpt":{"rendered":"<p>SISTEMA DE FORMATO \u00daNICO (SFU) SISTEMA DE RECURSOS FEDERALES TRANSFERIDOS (SRFT) En apego al art\u00edculo 48 de la Ley de Coordinaci\u00f3n Fiscal, se publica la siguiente informaci\u00f3n sobre el ejercicio y destino de los Fondos de Aportaciones Federales. A\u00f1o 2025 INFORMES DE NIVEL FINANCIERO\/EJERCICIO DEL GASTO -1er Trimestre 2025 -2do Trimestre 2025 -3er Trimestre 2025 [&hellip;]<\/p>\n","protected":false},"author":1,"featured_media":0,"parent":0,"menu_order":0,"comment_status":"closed","ping_status":"closed","template":"","meta":{"episode_type":"","audio_file":"","podmotor_file_id":"","podmotor_episode_id":"","cover_image":"","cover_image_id":"","duration":"","filesize":"","filesize_raw":"","date_recorded":"","explicit":"","block":"","itunes_episode_number":"","itunes_title":"","itunes_season_number":"","itunes_episode_type":"","footnotes":""},"categories":[],"tags":[],"class_list":["post-2812","page","type-page","status-publish","hentry"],"acf":[],"publishpress_future_action":{"enabled":false,"date":"2026-05-17 11:08:28","action":"change-status","newStatus":"draft","terms":[],"taxonomy":"category","extraData":[]},"publishpress_future_workflow_manual_trigger":{"enabledWorkflows":[]},"_links":{"self":[{"href":"https:\/\/www.oaxaca.gob.mx\/salud\/wp-json\/wp\/v2\/pages\/2812","targetHints":{"allow":["GET"]}}],"collection":[{"href":"https:\/\/www.oaxaca.gob.mx\/salud\/wp-json\/wp\/v2\/pages"}],"about":[{"href":"https:\/\/www.oaxaca.gob.mx\/salud\/wp-json\/wp\/v2\/types\/page"}],"author":[{"embeddable":true,"href":"https:\/\/www.oaxaca.gob.mx\/salud\/wp-json\/wp\/v2\/users\/1"}],"replies":[{"embeddable":true,"href":"https:\/\/www.oaxaca.gob.mx\/salud\/wp-json\/wp\/v2\/comments?post=2812"}],"version-history":[{"count":2,"href":"https:\/\/www.oaxaca.gob.mx\/salud\/wp-json\/wp\/v2\/pages\/2812\/revisions"}],"predecessor-version":[{"id":13887,"href":"https:\/\/www.oaxaca.gob.mx\/salud\/wp-json\/wp\/v2\/pages\/2812\/revisions\/13887"}],"wp:attachment":[{"href":"https:\/\/www.oaxaca.gob.mx\/salud\/wp-json\/wp\/v2\/media?parent=2812"}],"wp:term":[{"taxonomy":"category","embeddable":true,"href":"https:\/\/www.oaxaca.gob.mx\/salud\/wp-json\/wp\/v2\/categories?post=2812"},{"taxonomy":"post_tag","embeddable":true,"href":"https:\/\/www.oaxaca.gob.mx\/salud\/wp-json\/wp\/v2\/tags?post=2812"}],"curies":[{"name":"wp","href":"https:\/\/api.w.org\/{rel}","templated":true}]}}