{"id":253,"date":"2015-12-17T13:59:29","date_gmt":"2015-12-17T19:59:29","guid":{"rendered":"http:\/\/sipevo.plataformagob.net\/?page_id=253"},"modified":"2015-12-17T13:59:29","modified_gmt":"2015-12-17T19:59:29","slug":"programas-de-prevencion-y-promocion-a-la-salud","status":"publish","type":"page","link":"https:\/\/www.oaxaca.gob.mx\/salud\/programas-de-prevencion-y-promocion-a-la-salud\/","title":{"rendered":"Programas de Prevenci\u00f3n y Promoci\u00f3n de la Salud"},"content":{"rendered":"<p>\t\t\t\tDifundir las acciones de prevenci\u00f3n y promoci\u00f3n de la salud, mediante la vigilancia epidemiol\u00f3gica, la atenci\u00f3n de urgencias, desastres y de las enfermedades transmisibles y no transmisibles, en forma oportuna y eficaz, fomentando la participaci\u00f3n activa de la comunidad.<\/p>\n<p>&nbsp;\t\t<\/p>\n","protected":false},"excerpt":{"rendered":"<p>Difundir las acciones de prevenci\u00f3n y promoci\u00f3n de la salud, mediante la vigilancia epidemiol\u00f3gica, la atenci\u00f3n de urgencias, desastres y de las enfermedades transmisibles y no transmisibles, en forma oportuna y eficaz, fomentando la participaci\u00f3n activa de la comunidad. &nbsp;<\/p>\n","protected":false},"author":1,"featured_media":0,"parent":0,"menu_order":0,"comment_status":"closed","ping_status":"closed","template":"","meta":{"episode_type":"","audio_file":"","podmotor_file_id":"","podmotor_episode_id":"","cover_image":"","cover_image_id":"","duration":"","filesize":"","filesize_raw":"","date_recorded":"","explicit":"","block":"","itunes_episode_number":"","itunes_title":"","itunes_season_number":"","itunes_episode_type":"","footnotes":""},"categories":[],"tags":[],"class_list":["post-253","page","type-page","status-publish","hentry"],"acf":[],"publishpress_future_action":{"enabled":false,"date":"2026-05-11 07:40:16","action":"change-status","newStatus":"draft","terms":[],"taxonomy":"category","extraData":[]},"publishpress_future_workflow_manual_trigger":{"enabledWorkflows":[]},"_links":{"self":[{"href":"https:\/\/www.oaxaca.gob.mx\/salud\/wp-json\/wp\/v2\/pages\/253","targetHints":{"allow":["GET"]}}],"collection":[{"href":"https:\/\/www.oaxaca.gob.mx\/salud\/wp-json\/wp\/v2\/pages"}],"about":[{"href":"https:\/\/www.oaxaca.gob.mx\/salud\/wp-json\/wp\/v2\/types\/page"}],"author":[{"embeddable":true,"href":"https:\/\/www.oaxaca.gob.mx\/salud\/wp-json\/wp\/v2\/users\/1"}],"replies":[{"embeddable":true,"href":"https:\/\/www.oaxaca.gob.mx\/salud\/wp-json\/wp\/v2\/comments?post=253"}],"version-history":[{"count":0,"href":"https:\/\/www.oaxaca.gob.mx\/salud\/wp-json\/wp\/v2\/pages\/253\/revisions"}],"wp:attachment":[{"href":"https:\/\/www.oaxaca.gob.mx\/salud\/wp-json\/wp\/v2\/media?parent=253"}],"wp:term":[{"taxonomy":"category","embeddable":true,"href":"https:\/\/www.oaxaca.gob.mx\/salud\/wp-json\/wp\/v2\/categories?post=253"},{"taxonomy":"post_tag","embeddable":true,"href":"https:\/\/www.oaxaca.gob.mx\/salud\/wp-json\/wp\/v2\/tags?post=253"}],"curies":[{"name":"wp","href":"https:\/\/api.w.org\/{rel}","templated":true}]}}