{"id":247,"date":"2015-12-17T13:54:02","date_gmt":"2015-12-17T19:54:02","guid":{"rendered":"http:\/\/sipevo.plataformagob.net\/?page_id=247"},"modified":"2015-12-17T13:54:02","modified_gmt":"2015-12-17T19:54:02","slug":"programas-de-regulacion-y-fomento-sanitario","status":"publish","type":"page","link":"https:\/\/www.oaxaca.gob.mx\/salud\/programas-de-regulacion-y-fomento-sanitario\/","title":{"rendered":"Programas de Regulaci\u00f3n y Fomento Sanitario"},"content":{"rendered":"<p>\t\t\t\tCoadyuvar a la protecci\u00f3n de la salud de la poblaci\u00f3n del Estado contra riesgos sanitarios, causados por agentes biol\u00f3gicos, qu\u00edmicos y f\u00edsicos mediante la verificaci\u00f3n, dictaminaci\u00f3n, vigilancia, supervisi\u00f3n y asesor\u00eda a la que se sujetar\u00e1n las personas, establecimientos, productos, veh\u00edculos y servicios relacionados con los insumos para la salud, los bienes y servicios, la salud ambiental y ocupacional, la farmacovigilancia, programas y proyectos y el control sanitario de la publicidad.\t\t<\/p>\n","protected":false},"excerpt":{"rendered":"<p>Coadyuvar a la protecci\u00f3n de la salud de la poblaci\u00f3n del Estado contra riesgos sanitarios, causados por agentes biol\u00f3gicos, qu\u00edmicos y f\u00edsicos mediante la verificaci\u00f3n, dictaminaci\u00f3n, vigilancia, supervisi\u00f3n y asesor\u00eda a la que se sujetar\u00e1n las personas, establecimientos, productos, veh\u00edculos y servicios relacionados con los insumos para la salud, los bienes y servicios, la salud [&hellip;]<\/p>\n","protected":false},"author":1,"featured_media":0,"parent":0,"menu_order":0,"comment_status":"closed","ping_status":"closed","template":"","meta":{"episode_type":"","audio_file":"","podmotor_file_id":"","podmotor_episode_id":"","cover_image":"","cover_image_id":"","duration":"","filesize":"","filesize_raw":"","date_recorded":"","explicit":"","block":"","itunes_episode_number":"","itunes_title":"","itunes_season_number":"","itunes_episode_type":"","footnotes":""},"categories":[],"tags":[],"class_list":["post-247","page","type-page","status-publish","hentry"],"acf":[],"publishpress_future_action":{"enabled":false,"date":"2026-05-11 07:40:13","action":"change-status","newStatus":"draft","terms":[],"taxonomy":"category","extraData":[]},"publishpress_future_workflow_manual_trigger":{"enabledWorkflows":[]},"_links":{"self":[{"href":"https:\/\/www.oaxaca.gob.mx\/salud\/wp-json\/wp\/v2\/pages\/247","targetHints":{"allow":["GET"]}}],"collection":[{"href":"https:\/\/www.oaxaca.gob.mx\/salud\/wp-json\/wp\/v2\/pages"}],"about":[{"href":"https:\/\/www.oaxaca.gob.mx\/salud\/wp-json\/wp\/v2\/types\/page"}],"author":[{"embeddable":true,"href":"https:\/\/www.oaxaca.gob.mx\/salud\/wp-json\/wp\/v2\/users\/1"}],"replies":[{"embeddable":true,"href":"https:\/\/www.oaxaca.gob.mx\/salud\/wp-json\/wp\/v2\/comments?post=247"}],"version-history":[{"count":0,"href":"https:\/\/www.oaxaca.gob.mx\/salud\/wp-json\/wp\/v2\/pages\/247\/revisions"}],"wp:attachment":[{"href":"https:\/\/www.oaxaca.gob.mx\/salud\/wp-json\/wp\/v2\/media?parent=247"}],"wp:term":[{"taxonomy":"category","embeddable":true,"href":"https:\/\/www.oaxaca.gob.mx\/salud\/wp-json\/wp\/v2\/categories?post=247"},{"taxonomy":"post_tag","embeddable":true,"href":"https:\/\/www.oaxaca.gob.mx\/salud\/wp-json\/wp\/v2\/tags?post=247"}],"curies":[{"name":"wp","href":"https:\/\/api.w.org\/{rel}","templated":true}]}}