{"id":2312,"date":"2017-03-29T12:32:35","date_gmt":"2017-03-29T18:32:35","guid":{"rendered":"https:\/\/www.oaxaca.gob.mx\/salud\/?page_id=2312"},"modified":"2017-03-29T12:32:35","modified_gmt":"2017-03-29T18:32:35","slug":"ley-general-de-transparencia","status":"publish","type":"page","link":"https:\/\/www.oaxaca.gob.mx\/salud\/ley-general-de-transparencia\/","title":{"rendered":"Ley General de Transparencia"},"content":{"rendered":"<p>\t\t\t\t<a href=\"https:\/\/consultapublicamx.inai.org.mx\/vut-web\/?idSujetoObigadoParametro=11933&amp;idEntidadParametro=20&amp;idSectorParametro=21\" target=\"_blank\" rel=\"noopener noreferrer\"><img loading=\"lazy\" decoding=\"async\" class=\"aligncenter wp-image-2673\" src=\"https:\/\/www.oaxaca.gob.mx\/salud\/wp-content\/uploads\/sites\/32\/2017\/03\/banner_plataforma_nacional3.jpg\" alt=\"banner_plataforma_nacional3\" width=\"687\" height=\"156\" srcset=\"https:\/\/www.oaxaca.gob.mx\/salud\/wp-content\/uploads\/sites\/32\/2017\/03\/banner_plataforma_nacional3.jpg 810w, https:\/\/www.oaxaca.gob.mx\/salud\/wp-content\/uploads\/sites\/32\/2017\/03\/banner_plataforma_nacional3-300x68.jpg 300w, https:\/\/www.oaxaca.gob.mx\/salud\/wp-content\/uploads\/sites\/32\/2017\/03\/banner_plataforma_nacional3-768x174.jpg 768w\" sizes=\"auto, (max-width: 687px) 100vw, 687px\" \/><\/a><\/p>\n<p>&nbsp;<\/p>\n[restabs alignment=\u00bbosc-tabs-left\u00bb responsive=\u00bbfalse\u00bb seltabcolor=\u00bb#d60071&#8243;]\n[restab title=\u00bbA\u00f1o 2016&#8243;][table \u201c1\u201d not found \/]<br \/>\n [table \u201c2\u201d not found \/]<br \/>\n[\/restab]\n[restab title=\u00bbA\u00f1o 2017&#8243;][table \u201c4\u201d not found \/]<br \/>\n [table \u201c2\u201d not found \/]<br \/>\n[\/restab]\n[restab title=\u00bbA\u00f1o 2018&#8243;][table \u201c5\u201d not found \/]<br \/>\n \n<table id=\"tablepress-6\" class=\"tablepress tablepress-id-6\">\n<thead>\n<tr class=\"row-1\">\n\t<th class=\"column-1\">Descripci\u00f3n<\/th><th class=\"column-2\">A\u00f1o<\/th><th class=\"column-3\">Archivo<\/th>\n<\/tr>\n<\/thead>\n<tbody class=\"row-hover\">\n<tr class=\"row-2\">\n\t<td class=\"column-1\">Manual de Tr\u00e1mites y Servicios de la Direcci\u00f3n de Regulaci\u00f3n y Fomento Sanitario<\/td><td class=\"column-2\">2019<\/td><td class=\"column-3\"><a href=\"https:\/\/www.oaxaca.gob.mx\/salud\/wp-content\/uploads\/sites\/32\/2019\/02\/Manual-de-Tr\u00e1mites-y-Servicios-29ENE2019-1.pdf\" target=\"_blank\" rel=\"noopener\">Manual<\/a><\/td>\n<\/tr>\n<tr class=\"row-3\">\n\t<td class=\"column-1\">Gu\u00eda para la Elaboraci\u00f3n de Manuales de Organizaci\u00f3n de los SSO<\/td><td class=\"column-2\">2019<\/td><td class=\"column-3\"><a href=\"https:\/\/www.oaxaca.gob.mx\/salud\/wp-content\/uploads\/sites\/32\/2019\/01\/GU\u00cdA-MANUAL-ORGANIZACI\u00d3N-2019.pdf\" target=\"_blank\" rel=\"noopener\">Gu\u00eda<\/a><\/td>\n<\/tr>\n<tr class=\"row-4\">\n\t<td class=\"column-1\">Gu\u00eda para la Elaboraci\u00f3n de Manuales de Procedimientos de los SSO<\/td><td class=\"column-2\">2019<\/td><td class=\"column-3\"><a href=\"https:\/\/www.oaxaca.gob.mx\/salud\/wp-content\/uploads\/sites\/32\/2019\/01\/GU\u00cdA-MANUAL-PROCEDIMIENTOS-2019.pdf\" target=\"_blank\" rel=\"noopener\">Gu\u00eda<\/a><\/td>\n<\/tr>\n<tr class=\"row-5\">\n\t<td class=\"column-1\">Manual de Procedimientos de Referencia y Contrarreferencia<\/td><td class=\"column-2\">2018<\/td><td class=\"column-3\"><a href=\"https:\/\/www.oaxaca.gob.mx\/salud\/wp-content\/uploads\/sites\/32\/2018\/05\/Manual_.pdf\" target=\"_blank\" rel=\"noopener\">Manual<\/a><\/td>\n<\/tr>\n<tr class=\"row-6\">\n\t<td class=\"column-1\">Lineamientos Generales para el Ejercicio FASSA<\/td><td class=\"column-2\">2017-2018<\/td><td class=\"column-3\"><a href=\"https:\/\/www.oaxaca.gob.mx\/salud\/wp-content\/uploads\/sites\/32\/2019\/02\/Lineamientos-Generales-2017-FASSA-1.pdf\" target=\"_blank\" rel=\"noopener\">Lineamientos<\/a><\/td>\n<\/tr>\n<tr class=\"row-7\">\n\t<td class=\"column-1\">Manual de Organizacion SSO POGEO 11-06-2016<\/td><td class=\"column-2\">2016<\/td><td class=\"column-3\"><a href=\"https:\/\/www.oaxaca.gob.mx\/salud\/wp-content\/uploads\/sites\/32\/2019\/03\/Manual-de-Organizacion-SSO-POGEO-11-06-2016.pdf\" target=\"_blank\" rel=\"noopener\">Manual<\/a><\/td>\n<\/tr>\n<\/tbody>\n<\/table>\n \n<table id=\"tablepress-7\" class=\"tablepress tablepress-id-7\">\n<thead>\n<tr class=\"row-1\">\n\t<th class=\"column-1\">Nombre<\/th><th class=\"column-2\">Extensi\u00f3n<\/th><th class=\"column-3\">Cargo<\/th>\n<\/tr>\n<\/thead>\n<tbody class=\"row-striping row-hover\">\n<tr class=\"row-2\">\n\t<td class=\"column-1\">M.C. Efr\u00e9n Emmanuel Jarqu\u00edn Gonz\u00e1lez<\/td><td class=\"column-2\">Tel\u00e9fono: (951) 516 3464<\/br>Direcci\u00f3n: J. P. Garc\u00eda 103, Centro, 68000 Oaxaca, Oax.<\/br><\/br><\/td><td class=\"column-3\">Secretario de Salud y Director General de los Servicios de Salud de Oaxaca<\/td>\n<\/tr>\n<tr class=\"row-3\">\n\t<td class=\"column-1\"><\/td><td class=\"column-2\">Tel\u00e9fono: (951) 515 1864 <\/br>Direcci\u00f3n: Calz. Porfirio D\u00edaz No. 405, C.P. 68050, Col. Reforma, Oaxaca de Ju\u00e1rez Oax.<\/br><\/br><\/td><td class=\"column-3\">Subdirecci\u00f3n General de Servicios de Salud<\/td>\n<\/tr>\n<tr class=\"row-4\">\n\t<td class=\"column-1\"><\/td><td class=\"column-2\">Tel\u00e9fono: (951) 518 5246<\/br>Direcci\u00f3n: Calz. Porfirio D\u00edaz No. 405, C.P. 68050, Col. Reforma, Oaxaca de Ju\u00e1rez Oax.<\/br><\/br><\/td><td class=\"column-3\">Subdirecci\u00f3n General de Innovaci\u00f3n y Calidad<\/td>\n<\/tr>\n<tr class=\"row-5\">\n\t<td class=\"column-1\">Mtra. Mitzy Dayli Garc\u00eda D\u00edaz<\/td><td class=\"column-2\">Tel\u00e9fono: 501 7600 ext. 109 <\/br>Direcci\u00f3n: Av. Independencia No. 407, C.P. 68000, Col. Centro, Oaxaca de Ju\u00e1rez, Oax. <\/br><\/br><\/td><td class=\"column-3\">Subdirectora General de Administraci\u00f3n y Finanzas<\/td>\n<\/tr>\n<tr class=\"row-6\">\n\t<td class=\"column-1\">M.C. Yaretzy Itati Garc\u00eda P\u00e9rez<\/td><td class=\"column-2\">Tel\u00e9fono: (951) 501 7600 ext. 123 y 112 <\/br>Direcci\u00f3n: Av. Independencia No. 407, C.P. 68000, Col. Centro, Oaxaca de Ju\u00e1rez, Oax. <\/br><\/br><\/td><td class=\"column-3\">Coordinadora Institucional<\/td>\n<\/tr>\n<tr class=\"row-7\">\n\t<td class=\"column-1\">M.S.P Roc\u00edo Hern\u00e1ndez P\u00e9rez<\/td><td class=\"column-2\">Tel\u00e9fono: (951) 518 6289, 502 6766<\/br>Direcci\u00f3n: Calz. Porfirio D\u00edaz No. 405, C.P. 68050, Col. Reforma, Oaxaca de Ju\u00e1rez Oax.<\/br><\/br><\/td><td class=\"column-3\">Coordinadora General de Jurisdicciones Sanitarias<\/td>\n<\/tr>\n<tr class=\"row-8\">\n\t<td class=\"column-1\">Dr. Benito Gil Garc\u00eda Moreno<\/td><td class=\"column-2\">Tel\u00e9fono: (951) 513 6647<\/br>Direcci\u00f3n: Av. Independencia No. 407, C.P. 68000, Col. Centro, Oaxaca de Ju\u00e1rez, Oax.<\/br><\/br><\/td><td class=\"column-3\">Coordinador General de Supervisi\u00f3n y Apoyo T\u00e9cnico<\/td>\n<\/tr>\n<tr class=\"row-9\">\n\t<td class=\"column-1\"><\/td><td class=\"column-2\">Tel\u00e9fono: (951) 518 7123<\/br>Direcci\u00f3n: Calzada Porfirio D\u00edaz No. 405, C.P.68050, Colonia Reforma, Oaxaca de Ju\u00e1rez, Oax. <\/br><\/br><\/td><td class=\"column-3\">Coordinaci\u00f3n General de Proyectos Estrat\u00e9gicos<\/td>\n<\/tr>\n<tr class=\"row-10\">\n\t<td class=\"column-1\">L.C.C. Guadalupe del Rosario Ojeda Manuel<\/td><td class=\"column-2\">Tel\u00e9fono: (951) 516 3464 Ext. 105, 514 3931 <\/br>Direcci\u00f3n: JP Garc\u00eda 103 Col.Centro<\/br><\/br><\/td><td class=\"column-3\">Jefa del Departamento de Comunicaci\u00f3n Social<\/td>\n<\/tr>\n<tr class=\"row-11\">\n\t<td class=\"column-1\">Mtra. Italivi Silva Cruz<\/td><td class=\"column-2\">Tel\u00e9fono: (951) 515 6716<\/br>Direcci\u00f3n: Priv. de La Paz No. 101, C.P. 68070, Col. Figueroa, Oaxaca de Ju\u00e1rez, Oax.<\/br><\/br><\/td><td class=\"column-3\">Directora de Asuntos Jur\u00eddicos<\/td>\n<\/tr>\n<tr class=\"row-12\">\n\t<td class=\"column-1\">M.C. Eder L\u00f3pez Toro<\/td><td class=\"column-2\">Tel\u00e9fono: (951) 513 6456, 518 5539<\/br>Direcci\u00f3n: Heroica Escuela Naval Militar, N\u00b0 701 Col. Reforma<\/br><\/br><\/td><td class=\"column-3\">Director de Prevenci\u00f3n y Promoci\u00f3n de la Salud<\/td>\n<\/tr>\n<tr class=\"row-13\">\n\t<td class=\"column-1\">M.C. Ismael de Jes\u00fas Arjona Ru\u00edz<\/td><td class=\"column-2\">Tel\u00e9fono: (951) 51 4 8278<\/br>Direcci\u00f3n: Miguel Cabrera No. 514, C.P. 68000, Col. Centro, Oaxaca de Ju\u00e1rez, oax. <\/br><\/br><\/td><td class=\"column-3\">Director de Atenci\u00f3n M\u00e9dica<\/td>\n<\/tr>\n<tr class=\"row-14\">\n\t<td class=\"column-1\">M.C. Andrea Ram\u00f3n Garc\u00eda<\/td><td class=\"column-2\">Tel\u00e9fonos: (951) 5163822, 5144748<\/br>Col\u00f3n 628, C.P. 68000, Col. Centro, Oaxaca de Ju\u00e1rez, Oax. <\/br><\/br><\/td><td class=\"column-3\">Directora General de la COEPRISO<\/td>\n<\/tr>\n<tr class=\"row-15\">\n\t<td class=\"column-1\">L.D. Carlos Augusto Chan Antonio<\/td><td class=\"column-2\">Tel\u00e9fono: (951) 502 3566 ext. 101<\/br>Direcci\u00f3n: Pensamientos No. 405, C.P. 68050, Col. Reforma, Oaxaca de Ju\u00e1rez, Oax. <\/br><\/br><\/td><td class=\"column-3\">Director de Planeaci\u00f3n y Desarrollo<\/td>\n<\/tr>\n<tr class=\"row-16\">\n\t<td class=\"column-1\">L.C. Christell G\u00f3mez Navarro<\/td><td class=\"column-2\">Tel\u00e9fono: (951) 515 1086<\/br>Direcci\u00f3n: Alamos no 1215, Col. Reforma, 68050 Oaxaca de Ju\u00e1rez, Oax. <\/br><\/br><\/td><td class=\"column-3\">Directora de Ense\u00f1anza y Calidad<\/td>\n<\/tr>\n<tr class=\"row-17\">\n\t<td class=\"column-1\">L.A.E. Nadezhna Lidoine Cabrera Gir\u00f3n <\/td><td class=\"column-2\">Tel\u00e9fono: (951) 501 0524, 132 8678<\/br>Direcci\u00f3n: Violetas No. 401, C.P. 68050, Col. Reforma, Oaxaca de Ju\u00e1rez, Oax. <\/br><\/br><\/td><td class=\"column-3\">Directora de Administraci\u00f3n<\/td>\n<\/tr>\n<tr class=\"row-18\">\n\t<td class=\"column-1\">Arq. Rigoberto Miguel Revilla<\/td><td class=\"column-2\">Tel\u00e9fono: (951) 132 7631, 132 7854, 518 4376<\/br>Direcci\u00f3n: Crisantemos No. 520, C.P. 68050, Col. Reforma, Oaxaca de Ju\u00e1rez, Oax. <\/br><\/br><\/td><td class=\"column-3\">Director de Infraestructura, Mantenimiento y Servicios Generales<\/td>\n<\/tr>\n<\/tbody>\n<\/table>\n<!-- #tablepress-7 from cache --> \n<table id=\"tablepress-8\" class=\"tablepress tablepress-id-8\">\n<thead>\n<tr class=\"row-1\">\n\t<th class=\"column-1\">Documento<\/th><th class=\"column-2\">Descargar<\/th>\n<\/tr>\n<\/thead>\n<tbody class=\"row-striping row-hover\">\n<tr class=\"row-2\">\n\t<td class=\"column-1\">Constituci&oacute;n Pol&iacute;tica de los Estados Unidos Mexicanos.<\/td><td class=\"column-2\"><a target=\"_blank\" href=\"https:\/\/www.oaxaca.gob.mx\/salud\/wp-content\/uploads\/sites\/32\/legislacion\/CPEUM.pdf\"><i class=\"far fa-file-pdf fa-2x\">&nbsp;<\/i><\/a><\/td>\n<\/tr>\n<tr class=\"row-3\">\n\t<td class=\"column-1\">LEY Org&aacute;nica de la Administraci&oacute;n P&uacute;blica Federal.<\/td><td class=\"column-2\"><a target=\"_blank\" href=\"https:\/\/\/\/www.oaxaca.gob.mx\/salud\/wp-content\/uploads\/sites\/32\/legislacion\/LOAPF.pdf\"><i class=\"far fa-file-pdf fa-2x\">&nbsp;<\/i><\/a><\/td>\n<\/tr>\n<tr class=\"row-4\">\n\t<td class=\"column-1\">LEY de Planeaci&oacute;n Federal.<\/td><td class=\"column-2\"><a target=\"_blank\" href=\"https:\/\/\/\/www.oaxaca.gob.mx\/salud\/wp-content\/uploads\/sites\/32\/legislacion\/LP.pdf\"><i class=\"far fa-file-pdf fa-2x\">&nbsp;<\/i><\/a><\/td>\n<\/tr>\n<tr class=\"row-5\">\n\t<td class=\"column-1\">LEY Federal de Responsabilidades de los Servidores P&uacute;blicos.<\/td><td class=\"column-2\"><a target=\"_blank\" href=\"https:\/\/\/\/www.oaxaca.gob.mx\/salud\/wp-content\/uploads\/sites\/32\/legislacion\/LFRSP.pdf\"><i class=\"far fa-file-pdf fa-2x\">&nbsp;<\/i><\/a><\/td>\n<\/tr>\n<tr class=\"row-6\">\n\t<td class=\"column-1\">LEY Federal del Trabajo.<\/td><td class=\"column-2\"><a target=\"_blank\" href=\"https:\/\/\/\/www.oaxaca.gob.mx\/salud\/wp-content\/uploads\/sites\/32\/legislacion\/LFT.pdf\"><i class=\"far fa-file-pdf fa-2x\">&nbsp;<\/i><\/a><\/td>\n<\/tr>\n<tr class=\"row-7\">\n\t<td class=\"column-1\">LEY General de Salud.<\/td><td class=\"column-2\"><a target=\"_blank\" href=\"https:\/\/\/\/www.oaxaca.gob.mx\/salud\/wp-content\/uploads\/sites\/32\/legislacion\/6_LGS.pdf\"><i class=\"far fa-file-pdf fa-2x\">&nbsp;<\/i><\/a><\/td>\n<\/tr>\n<tr class=\"row-8\">\n\t<td class=\"column-1\">LEY General del Equilibrio Ecol&oacute;gico y la Protecci&oacute;n al Ambiente.<\/td><td class=\"column-2\"><a target=\"_blank\" href=\"https:\/\/\/\/www.oaxaca.gob.mx\/salud\/wp-content\/uploads\/sites\/32\/legislacion\/7_LGEEYPA.pdf\"><i class=\"far fa-file-pdf fa-2x\">&nbsp;<\/i><\/a><\/td>\n<\/tr>\n<tr class=\"row-9\">\n\t<td class=\"column-1\">LEY de Ciencia y Tecnolog&iacute;a.<\/td><td class=\"column-2\"><a target=\"_blank\" href=\"https:\/\/\/\/www.oaxaca.gob.mx\/salud\/wp-content\/uploads\/sites\/32\/legislacion\/8_LCYT.pdf\"><i class=\"far fa-file-pdf fa-2x\">&nbsp;<\/i><\/a><\/td>\n<\/tr>\n<\/tbody>\n<\/table>\n[\/restab]\n[restab title=\u00bbA\u00f1o 2019&#8243; active=\u00bbactive\u00bb][https:\/\/scco.oaxaca.gob.mx\/index.php][\/restab][\/restabs]\n<p><img loading=\"lazy\" decoding=\"async\" class=\"alignnone size-full wp-image-7469\" src=\"https:\/\/www.oaxaca.gob.mx\/salud\/wp-content\/uploads\/sites\/32\/2019\/05\/SCCO.png\" alt=\"SCCO\" width=\"484\" height=\"350\" srcset=\"https:\/\/www.oaxaca.gob.mx\/salud\/wp-content\/uploads\/sites\/32\/2019\/05\/SCCO.png 484w, https:\/\/www.oaxaca.gob.mx\/salud\/wp-content\/uploads\/sites\/32\/2019\/05\/SCCO-300x217.png 300w\" sizes=\"auto, (max-width: 484px) 100vw, 484px\" \/>\t\t<\/p>\n","protected":false},"excerpt":{"rendered":"<p>&nbsp; [restabs alignment=\u00bbosc-tabs-left\u00bb responsive=\u00bbfalse\u00bb seltabcolor=\u00bb#d60071&#8243;] [restab title=\u00bbA\u00f1o 2016&#8243;] [\/restab] [restab title=\u00bbA\u00f1o 2017&#8243;] [\/restab] [restab title=\u00bbA\u00f1o 2018&#8243;] [\/restab] [restab title=\u00bbA\u00f1o 2019&#8243; active=\u00bbactive\u00bb][https:\/\/scco.oaxaca.gob.mx\/index.php][\/restab][\/restabs]<\/p>\n","protected":false},"author":1,"featured_media":0,"parent":0,"menu_order":0,"comment_status":"closed","ping_status":"closed","template":"","meta":{"episode_type":"","audio_file":"","podmotor_file_id":"","podmotor_episode_id":"","cover_image":"","cover_image_id":"","duration":"","filesize":"","filesize_raw":"","date_recorded":"","explicit":"","block":"","itunes_episode_number":"","itunes_title":"","itunes_season_number":"","itunes_episode_type":"","footnotes":""},"categories":[],"tags":[],"class_list":["post-2312","page","type-page","status-publish","hentry"],"acf":[],"publishpress_future_action":{"enabled":false,"date":"2026-05-11 07:40:59","action":"change-status","newStatus":"draft","terms":[],"taxonomy":"category","extraData":[]},"publishpress_future_workflow_manual_trigger":{"enabledWorkflows":[]},"_links":{"self":[{"href":"https:\/\/www.oaxaca.gob.mx\/salud\/wp-json\/wp\/v2\/pages\/2312","targetHints":{"allow":["GET"]}}],"collection":[{"href":"https:\/\/www.oaxaca.gob.mx\/salud\/wp-json\/wp\/v2\/pages"}],"about":[{"href":"https:\/\/www.oaxaca.gob.mx\/salud\/wp-json\/wp\/v2\/types\/page"}],"author":[{"embeddable":true,"href":"https:\/\/www.oaxaca.gob.mx\/salud\/wp-json\/wp\/v2\/users\/1"}],"replies":[{"embeddable":true,"href":"https:\/\/www.oaxaca.gob.mx\/salud\/wp-json\/wp\/v2\/comments?post=2312"}],"version-history":[{"count":0,"href":"https:\/\/www.oaxaca.gob.mx\/salud\/wp-json\/wp\/v2\/pages\/2312\/revisions"}],"wp:attachment":[{"href":"https:\/\/www.oaxaca.gob.mx\/salud\/wp-json\/wp\/v2\/media?parent=2312"}],"wp:term":[{"taxonomy":"category","embeddable":true,"href":"https:\/\/www.oaxaca.gob.mx\/salud\/wp-json\/wp\/v2\/categories?post=2312"},{"taxonomy":"post_tag","embeddable":true,"href":"https:\/\/www.oaxaca.gob.mx\/salud\/wp-json\/wp\/v2\/tags?post=2312"}],"curies":[{"name":"wp","href":"https:\/\/api.w.org\/{rel}","templated":true}]}}