{"id":21,"date":"2015-12-08T19:27:38","date_gmt":"2015-12-09T01:27:38","guid":{"rendered":"http:\/\/localhost\/salud_oaxaca\/?page_id=21"},"modified":"2015-12-08T19:27:38","modified_gmt":"2015-12-09T01:27:38","slug":"funciones","status":"publish","type":"page","link":"https:\/\/www.oaxaca.gob.mx\/salud\/funciones\/","title":{"rendered":"Funciones"},"content":{"rendered":"<p>\t\t\t\tDe acuerdo con la Ley Org\u00e1nica del Poder Ejecutivo del Estado, que manifiesta en el art\u00edculo 36. A la Secretar\u00eda de Salud le corresponde el despacho de los siguientes asuntos:<\/p>\n<p>&nbsp;<\/p>\n<p><strong>Art\u00edculo 36.<\/strong><\/p>\n<p>I. Establecer y conducir la pol\u00edtica estatal en materia de salud, de conformidad con el Sistema Nacional de Salud.<\/p>\n<p>II: Planear, coordinar y evaluar el Sistema Estatal de Salud de conformidad con el Plan Estatal de Desarrollo y las disposiciones legales en la materia, propiciando la participaci\u00f3n de los sectores p\u00fablico, social y privado.<\/p>\n<p>III. Elaborar en coordinaci\u00f3n con las autoridades competentes los programas de salud y presentarlos a la aprobaci\u00f3n del Gobernador del Estado.<\/p>\n<p>IV. Realizar programas de atenci\u00f3n m\u00e9dica, preferentemente en beneficio de grupos vulnerables y en situaci\u00f3n de desventaja, as\u00ed como lo relacionado con los derechos reproductivos y la salud sexual de hombres y mujeres y la atenci\u00f3n materno infantil.<\/p>\n<p>V. Planear, operar, controlar y evaluar el Sistema Estatal de Donaci\u00f3n de \u00d3rganos Humanos para trasplante.<\/p>\n<p>VI. Promover la capacitaci\u00f3n y desarrollo de los recursos humanos para la salud incorporando la perspectiva de g\u00e9nero en su dise\u00f1o y promoci\u00f3n, garantizando la igualdad de oportunidades.<\/p>\n<p>VII. Mantener actualizado el diagn\u00f3stico de salud en la entidad, estableciendo y coordinando el sistema de informaci\u00f3n en el Estado y supervisando que sea elaborado con base en estad\u00edsticas desagregadas por sexo, grupos de edad y tipo de localidad.<\/p>\n<p>VIII. Promover y participar en las actividades de investigaci\u00f3n para la salud dando oportunidad al desarrollo de aquellas que se ocupen de problemas de salud sexual y reproductiva con especial \u00e9nfasis en los adolescentes.<\/p>\n<p>IX. Planear, operar, controlar y evaluar el Sistema de Informaci\u00f3n de Salud del Estado, participando todas las dependencias y organismos auxiliares que proporcionen servicios de salud, as\u00ed como, el Instituto Mexicano del Seguro Social y el Instituto de Seguridad y Servicios Sociales de los Trabajadores del Estado.<\/p>\n<p>X. Normar el ejercicio privado de la medicina y profesiones afines, as\u00ed como promover su participaci\u00f3n activa en acciones concretas de los programas establecidos.<\/p>\n<p>XI. Adecuar y difundir las normas y procedimientos t\u00e9cnicos para la ejecuci\u00f3n de programas en materia asistencial, ense\u00f1anza, investigaci\u00f3n y educaci\u00f3n para la salud.<\/p>\n<p>XII. Organizar y fomentar la prestaci\u00f3n de servicios de planificaci\u00f3n familiar.<\/p>\n<p>XIII. Ejecutar la dictaminaci\u00f3n sanitaria en el Estado.<\/p>\n<p>XIV. Apoyar el mejoramiento de las condiciones sanitarias del medio ambiente.<\/p>\n<p>XV. Proponer e implementar la infraestructura sanitaria necesaria que procure niveles de sanidad m\u00ednimos entre la poblaci\u00f3n.<\/p>\n<p>XVI. Dictar las medidas de seguridad sanitarias que sean necesarias para proteger la salud de la poblaci\u00f3n.<\/p>\n<p>XVII. Vigilar y fomentar la regulaci\u00f3n sanitaria de la publicidad.<\/p>\n<p>XVIII. Apoyar y supervisar el ejercicio de la medicina tradicional, fomentando la cooperaci\u00f3n interinstitucional para apoyo y financiamiento de programas.<\/p>\n<p>XIX. Proponer al Ejecutivo Estatal, para su aprobaci\u00f3n acuerdos de coordinaci\u00f3n con las instituciones del sector salud, tendientes a promover y apoyar los programas de medicina preventiva.<\/p>\n<p>XX. Las dem\u00e1s que en el \u00e1mbito de su competencia le confiera directamente el Gobernador del Estado, su Reglamento Interno y dem\u00e1s disposiciones normativas aplicables.\t\t<\/p>\n","protected":false},"excerpt":{"rendered":"<p>De acuerdo con la Ley Org\u00e1nica del Poder Ejecutivo del Estado, que manifiesta en el art\u00edculo 36. A la Secretar\u00eda de Salud le corresponde el despacho de los siguientes asuntos: &nbsp; Art\u00edculo 36. I. Establecer y conducir la pol\u00edtica estatal en materia de salud, de conformidad con el Sistema Nacional de Salud. II: Planear, coordinar [&hellip;]<\/p>\n","protected":false},"author":1,"featured_media":0,"parent":0,"menu_order":0,"comment_status":"closed","ping_status":"closed","template":"","meta":{"episode_type":"","audio_file":"","podmotor_file_id":"","podmotor_episode_id":"","cover_image":"","cover_image_id":"","duration":"","filesize":"","filesize_raw":"","date_recorded":"","explicit":"","block":"","itunes_episode_number":"","itunes_title":"","itunes_season_number":"","itunes_episode_type":"","footnotes":""},"categories":[],"tags":[],"class_list":["post-21","page","type-page","status-publish","hentry"],"acf":[],"publishpress_future_action":{"enabled":false,"date":"2026-05-21 10:09:12","action":"change-status","newStatus":"draft","terms":[],"taxonomy":"category","extraData":[]},"publishpress_future_workflow_manual_trigger":{"enabledWorkflows":[]},"_links":{"self":[{"href":"https:\/\/www.oaxaca.gob.mx\/salud\/wp-json\/wp\/v2\/pages\/21","targetHints":{"allow":["GET"]}}],"collection":[{"href":"https:\/\/www.oaxaca.gob.mx\/salud\/wp-json\/wp\/v2\/pages"}],"about":[{"href":"https:\/\/www.oaxaca.gob.mx\/salud\/wp-json\/wp\/v2\/types\/page"}],"author":[{"embeddable":true,"href":"https:\/\/www.oaxaca.gob.mx\/salud\/wp-json\/wp\/v2\/users\/1"}],"replies":[{"embeddable":true,"href":"https:\/\/www.oaxaca.gob.mx\/salud\/wp-json\/wp\/v2\/comments?post=21"}],"version-history":[{"count":0,"href":"https:\/\/www.oaxaca.gob.mx\/salud\/wp-json\/wp\/v2\/pages\/21\/revisions"}],"wp:attachment":[{"href":"https:\/\/www.oaxaca.gob.mx\/salud\/wp-json\/wp\/v2\/media?parent=21"}],"wp:term":[{"taxonomy":"category","embeddable":true,"href":"https:\/\/www.oaxaca.gob.mx\/salud\/wp-json\/wp\/v2\/categories?post=21"},{"taxonomy":"post_tag","embeddable":true,"href":"https:\/\/www.oaxaca.gob.mx\/salud\/wp-json\/wp\/v2\/tags?post=21"}],"curies":[{"name":"wp","href":"https:\/\/api.w.org\/{rel}","templated":true}]}}