{"id":1963,"date":"2017-02-13T17:18:27","date_gmt":"2017-02-13T23:18:27","guid":{"rendered":"https:\/\/www.oaxaca.gob.mx\/salud\/?page_id=1963"},"modified":"2017-02-13T17:18:27","modified_gmt":"2017-02-13T23:18:27","slug":"coordinacion-general-de-proyectos-estrategicos","status":"publish","type":"page","link":"https:\/\/www.oaxaca.gob.mx\/salud\/coordinacion-general-de-proyectos-estrategicos\/","title":{"rendered":"Coordinaci\u00f3n General de Proyectos Estrat\u00e9gicos"},"content":{"rendered":"<p>\t\t\t\t<strong>Objetivo<\/strong><\/p>\n<p>Conducir la operaci\u00f3n de proyectos estrat\u00e9gicos con el prop\u00f3sito fortalecer y enlazar las acciones de los programas permanentes, que por su importancia ameriten de la articulaci\u00f3n congruente y eficaz de la estructura organizacional.<\/p>\n<p><strong>Contacto<\/strong><\/p>\n<p>Direcci\u00f3n: Calzada Porfirio D\u00edaz No. 405, C.P.68050, Colonia Reforma, Oaxaca de Ju\u00e1rez, Oax.<br \/>\nTel\u00e9fono: (951) 518 7123\t\t<\/p>\n","protected":false},"excerpt":{"rendered":"<p>Objetivo Conducir la operaci\u00f3n de proyectos estrat\u00e9gicos con el prop\u00f3sito fortalecer y enlazar las acciones de los programas permanentes, que por su importancia ameriten de la articulaci\u00f3n congruente y eficaz de la estructura organizacional. Contacto Direcci\u00f3n: Calzada Porfirio D\u00edaz No. 405, C.P.68050, Colonia Reforma, Oaxaca de Ju\u00e1rez, Oax. Tel\u00e9fono: (951) 518 7123<\/p>\n","protected":false},"author":1,"featured_media":0,"parent":0,"menu_order":0,"comment_status":"closed","ping_status":"closed","template":"","meta":{"episode_type":"","audio_file":"","podmotor_file_id":"","podmotor_episode_id":"","cover_image":"","cover_image_id":"","duration":"","filesize":"","filesize_raw":"","date_recorded":"","explicit":"","block":"","itunes_episode_number":"","itunes_title":"","itunes_season_number":"","itunes_episode_type":"","footnotes":""},"categories":[],"tags":[],"class_list":["post-1963","page","type-page","status-publish","hentry"],"acf":[],"publishpress_future_action":{"enabled":false,"date":"2026-05-11 07:40:15","action":"change-status","newStatus":"draft","terms":[],"taxonomy":"category","extraData":[]},"publishpress_future_workflow_manual_trigger":{"enabledWorkflows":[]},"_links":{"self":[{"href":"https:\/\/www.oaxaca.gob.mx\/salud\/wp-json\/wp\/v2\/pages\/1963","targetHints":{"allow":["GET"]}}],"collection":[{"href":"https:\/\/www.oaxaca.gob.mx\/salud\/wp-json\/wp\/v2\/pages"}],"about":[{"href":"https:\/\/www.oaxaca.gob.mx\/salud\/wp-json\/wp\/v2\/types\/page"}],"author":[{"embeddable":true,"href":"https:\/\/www.oaxaca.gob.mx\/salud\/wp-json\/wp\/v2\/users\/1"}],"replies":[{"embeddable":true,"href":"https:\/\/www.oaxaca.gob.mx\/salud\/wp-json\/wp\/v2\/comments?post=1963"}],"version-history":[{"count":0,"href":"https:\/\/www.oaxaca.gob.mx\/salud\/wp-json\/wp\/v2\/pages\/1963\/revisions"}],"wp:attachment":[{"href":"https:\/\/www.oaxaca.gob.mx\/salud\/wp-json\/wp\/v2\/media?parent=1963"}],"wp:term":[{"taxonomy":"category","embeddable":true,"href":"https:\/\/www.oaxaca.gob.mx\/salud\/wp-json\/wp\/v2\/categories?post=1963"},{"taxonomy":"post_tag","embeddable":true,"href":"https:\/\/www.oaxaca.gob.mx\/salud\/wp-json\/wp\/v2\/tags?post=1963"}],"curies":[{"name":"wp","href":"https:\/\/api.w.org\/{rel}","templated":true}]}}