{"id":1889,"date":"2017-02-02T15:35:24","date_gmt":"2017-02-02T21:35:24","guid":{"rendered":"https:\/\/www.oaxaca.gob.mx\/salud\/?page_id=1889"},"modified":"2025-02-11T12:39:51","modified_gmt":"2025-02-11T18:39:51","slug":"evaluaciones","status":"publish","type":"page","link":"https:\/\/www.oaxaca.gob.mx\/salud\/evaluaciones\/","title":{"rendered":"Evaluaciones"},"content":{"rendered":"<p>&nbsp;<\/p>\n<p>&nbsp;<\/p>\n<table border=\"0\" width=\"550\" align=\"center\">\n<tbody>\n<tr>\n<td align=\"left\">Con fundamento en lo dispuesto por los art\u00edculos 2 fracci\u00f3n X, 4, 43 y 80 de la Ley Estatal de Presupuesto y Responsabilidad Hacendaria; 134 y 155 del Reglamento de la Ley Estatal de Presupuesto y Responsabilidad Hacendaria; Art. 9 de la Ley de Transparencia y Acceso a la Informaci\u00f3n del Estado de Oaxaca.<\/p>\n<p><strong>A\u00f1o 2024<\/strong><\/td>\n<\/tr>\n<tr>\n<td><strong>EN MATERIA DE DISE\u00d1O DEL PROGRAMA PRESUPUESTARIO: 170 PREVENCI\u00d3N DE LA ENFERMEDAD Y PROMOCI\u00d3N DE LA SALUD<\/strong><\/p>\n<p><a href=\"https:\/\/www.oaxaca.gob.mx\/salud\/wp-content\/uploads\/sites\/32\/2025\/02\/Evaluacion-PG.-170-ejercicio-2024-20250204T234323Z-001.zip\" target=\"_blank\" rel=\"noopener noreferrer\">Informe de Resultados<\/a><\/td>\n<\/tr>\n<tr>\n<td align=\"left\">Con fundamento en lo dispuesto por los art\u00edculos 2 fracci\u00f3n X, 4, 43 y 80 de la Ley Estatal de Presupuesto y Responsabilidad Hacendaria; 134 y 155 del Reglamento de la Ley Estatal de Presupuesto y Responsabilidad Hacendaria; Art. 9 de la Ley de Transparencia y Acceso a la Informaci\u00f3n del Estado de Oaxaca.<\/p>\n<p><strong>A\u00f1o 2023<\/strong><\/td>\n<\/tr>\n<tr>\n<td><strong>EVALUACI\u00d3N DE CONSISTENCIA Y RESULTADOS DEL Pp.159 ATENCI\u00d3N M\u00c9DICA<\/strong><\/p>\n<p><a href=\"https:\/\/www.oaxaca.gob.mx\/salud\/wp-content\/uploads\/sites\/32\/2024\/03\/Informe-de-Evaluacion-159.pdf\" target=\"_blank\" rel=\"noopener noreferrer\">Informe de Resultados<\/a><br \/>\n<a href=\"https:\/\/www.oaxaca.gob.mx\/salud\/wp-content\/uploads\/sites\/32\/2024\/03\/Ficha-CONAC-159.pdf\" target=\"_blank\" rel=\"noopener noreferrer\">Fichas de Difusi\u00f3n de Resultados (Formatos CONAC)<\/a><\/td>\n<\/tr>\n<tr>\n<td align=\"left\">Con fundamento en lo dispuesto por los art\u00edculos 2 fracci\u00f3n X, 4, 43 y 80 de la Ley Estatal de Presupuesto y Responsabilidad Hacendaria; 134 y 155 del Reglamento de la Ley Estatal de Presupuesto y Responsabilidad Hacendaria; Art. 9 de la Ley de Transparencia y Acceso a la Informaci\u00f3n del Estado de Oaxaca.<\/p>\n<p><strong>A\u00f1o 2022<\/strong><\/td>\n<\/tr>\n<tr>\n<td><strong>MECANISMO DE ATENCI\u00d3N A LOS ASPECTOS SUCEPTIBLES DE MEJORA (MAASM)<\/strong><\/p>\n<p><a href=\"https:\/\/www.oaxaca.gob.mx\/salud\/wp-content\/uploads\/sites\/32\/2022\/10\/Oficio-AU1-SSO.pdf\" target=\"_blank\" rel=\"noopener noreferrer\">Oficio de entrega de Anexo \u00danico parte 1<\/a><br \/>\n<a href=\"https:\/\/www.oaxaca.gob.mx\/salud\/wp-content\/uploads\/sites\/32\/2022\/10\/AU1-SSO.pdf\" target=\"_blank\" rel=\"noopener noreferrer\">Anexo \u00danico parte 1<\/a><\/td>\n<\/tr>\n<tr>\n<td><strong>MONITOREO DE INDICADORES DE DESEMPE\u00d1O DE OAXACA (MIDO)<\/strong><\/p>\n<p><a href=\"https:\/\/www.oaxaca.gob.mx\/salud\/wp-content\/uploads\/sites\/32\/2022\/05\/MIDO-1.pdf\" target=\"_blank\" rel=\"noopener noreferrer\">L\u00edneas de Acci\u00f3n<\/a><br \/>\n<a href=\"https:\/\/www.oaxaca.gob.mx\/salud\/wp-content\/uploads\/sites\/32\/2022\/05\/MIDO-2.pdf\" target=\"_blank\" rel=\"noopener noreferrer\">Servicios de Salud de Oaxaca<\/a><\/td>\n<\/tr>\n<tr>\n<td><strong>EVALUACI\u00d3N ESPEC\u00cdFICA DEL DESEMPE\u00d1O DEL FONDO DE APORTACIONES PARA LOS SERVICIOS DE SALUD (FASSA)<\/strong><\/p>\n<p><a href=\"https:\/\/www.oaxaca.gob.mx\/salud\/wp-content\/uploads\/sites\/32\/2022\/06\/E3.-INFORME-FINAL-DE-EVALUACION_OAXACA_ATC-2019-y-2020.pdf\" target=\"_blank\" rel=\"noopener noreferrer\">2019 Y 2020<\/a><\/td>\n<\/tr>\n<tr>\n<td><\/td>\n<\/tr>\n<\/tbody>\n<tbody>\n<tr>\n<td align=\"left\">Con fundamento en el art\u00edculo 134 de la Constituci\u00f3n Pol\u00edtica de los Estados Unidos Mexicanos, art\u00edculo 79 de la Ley General de Contabilidad, art\u00edculo 49 fracci\u00f3n V de la Ley de Coordinaci\u00f3n Fiscal, art\u00edculo 79 de la Ley General de Contabilidad Gubernamental, art\u00edculos 85 y 110 de la Ley Federal de Presupuesto y Responsabilidad Hacendar\u00eda.<\/p>\n<p><strong>A\u00f1o 2021<\/strong><\/td>\n<\/tr>\n<tr>\n<td><strong>RESULTADOS DE LA EVALUACI\u00d3N DIAGN\u00d3STICA<\/strong><\/p>\n<p><a href=\"https:\/\/www.oaxaca.gob.mx\/salud\/wp-content\/uploads\/sites\/32\/2022\/01\/Informe-Final_Eval-Diseno_Prog169.pdf\" target=\"_blank\" rel=\"noopener noreferrer\">A) 169 Prevenci\u00f3n y Promoci\u00f3n de la salud<\/a><\/td>\n<\/tr>\n<tr>\n<td><\/td>\n<\/tr>\n<\/tbody>\n<tbody>\n<tr>\n<td><strong>PROGRAMA ANUAL DE EVALUACI\u00d3N<\/strong><\/p>\n<p><a href=\"https:\/\/www.oaxaca.gob.mx\/salud\/wp-content\/uploads\/sites\/32\/2022\/01\/PAE2021.pdf\" target=\"_blank\" rel=\"noopener noreferrer\">Ejercicio 2021<\/a><\/td>\n<\/tr>\n<tr>\n<td align=\"left\">Con fundamento en el art\u00edculo 134 de la Constituci\u00f3n Pol\u00edtica de los Estados Unidos Mexicanos, art\u00edculo 79 de la Ley General de Contabilidad, art\u00edculo 49 fracci\u00f3n V de la Ley de Coordinaci\u00f3n Fiscal, art\u00edculo 79 de la Ley General de Contabilidad Gubernamental, art\u00edculos 85 y 110 de la Ley Federal de Presupuesto y Responsabilidad Hacendar\u00eda.<\/p>\n<p><strong>A\u00f1o 2018<\/strong><\/td>\n<\/tr>\n<tr>\n<td><strong>RESULTADOS DE LA EVALUACI\u00d3N DIAGN\u00d3STICA<\/strong><\/p>\n<p><a href=\"\/salud\/wp-content\/uploads\/sites\/32\/2019\/04\/Evaluaci\u00f3n-Diagnostica-169-Prevenci\u00f3n-y-Promoci\u00f3n-de-la-Salud-2018-1.pdf\" target=\"_blank\" rel=\"noopener noreferrer\">A) 169 Prevenci\u00f3n y Promoci\u00f3n de la salud<\/a><\/td>\n<\/tr>\n<tr>\n<td><\/td>\n<\/tr>\n<\/tbody>\n<tbody>\n<tr>\n<td><strong>EVALUACIONES ESTRAT\u00c9GICAS Y DE RESULTADOS<\/strong><\/p>\n<p><a href=\"\/salud\/wp-content\/uploads\/sites\/32\/2019\/04\/Estrategia-y-de-Resutados-Proteccion_Social_Salud-1.pdf\" target=\"_blank\" rel=\"noopener noreferrer\">R\u00e9gimen Estatal de Protecci\u00f3n Social en Salud<\/a><\/td>\n<\/tr>\n<tr>\n<td><\/td>\n<\/tr>\n<\/tbody>\n<tbody>\n<tr>\n<td><strong>PROGRAMA ANUAL DE EVALUACI\u00d3N<\/strong><\/p>\n<p><a href=\"\/salud\/wp-content\/uploads\/sites\/32\/2019\/04\/Programa-Anual-de-Evaluaci\u00f3n-2018-1.pdf\" target=\"_blank\" rel=\"noopener noreferrer\">Ejercicio 2018<\/a><\/td>\n<\/tr>\n<tr>\n<td><\/td>\n<\/tr>\n<\/tbody>\n<tbody>\n<tr>\n<td align=\"left\">Con fundamento en el art\u00edculo 134 de la Constituci\u00f3n Pol\u00edtica de los Estados Unidos Mexicanos, art\u00edculo 79 de la Ley General de Contabilidad, art\u00edculo 49 fracci\u00f3n V de la Ley de Coordinaci\u00f3n Fiscal, art\u00edculo 79 de la Ley General de Contabilidad Gubernamental, art\u00edculos 85 y 110 de la Ley Federal de Presupuesto y Responsabilidad Hacendar\u00eda.<\/p>\n<p><strong>A\u00f1o 2017<\/strong><\/td>\n<\/tr>\n<tr>\n<td><strong>RESULTADOS DE LA EVALUACI\u00d3N DIAGN\u00d3STICA<\/strong><\/p>\n<p><a href=\"\/salud\/wp-content\/uploads\/sites\/32\/2018\/03\/159_ATENCI\u00d3N_M\u00c9DICA-1.pdf\" target=\"_blank\" rel=\"noopener noreferrer\">A) 159 Atenci\u00f3n M\u00e9dica<\/a><br \/>\n<a href=\"\/salud\/wp-content\/uploads\/sites\/32\/2018\/03\/164_FORTALECIMIENTO-DEL-SISTEMA-DE-SALUD-1.pdf\" target=\"_blank\" rel=\"noopener noreferrer\">B) 164 Fortalecimiento del Sistema De Salud<\/a><br \/>\n<a href=\"\/salud\/wp-content\/uploads\/sites\/32\/2018\/03\/169_Prevencion-y-Promocion-de-la-Salud_-1.pdf\" target=\"_blank\" rel=\"noopener noreferrer\">C) 169 Prevenci\u00f3n y Promoci\u00f3n De La Salud<\/a><br \/>\n<a href=\"\/salud\/wp-content\/uploads\/sites\/32\/2018\/03\/175_REGULACI\u00d3N-Y-FOMENTO-SANITARIO-1.pdf\" target=\"_blank\" rel=\"noopener noreferrer\">D) 175 Regulaci\u00f3n y Fomento Sanitario<\/a><\/td>\n<\/tr>\n<tr>\n<td><\/td>\n<\/tr>\n<\/tbody>\n<\/table>\n<table border=\"0\" width=\"550\" align=\"center\">\n<tbody>\n<tr>\n<td align=\"left\">Con fundamento en el art\u00edculo 134 de la Constituci\u00f3n Pol\u00edtica de los Estados Unidos Mexicanos, art\u00edculo 79 de la Ley General de Contabilidad, art\u00edculo 49 fracci\u00f3n V de la Ley de Coordinaci\u00f3n Fiscal, art\u00edculo 110 de la Ley Federal de Presupuesto y Responsabilidad Hacendar\u00eda.<\/p>\n<p><strong>A\u00f1o 2017<\/strong><\/td>\n<\/tr>\n<tr>\n<td><strong>PROGRAMA ANUAL DE EVALUACI\u00d3N<\/strong><\/p>\n<p><a href=\"https:\/\/www.oaxaca.gob.mx\/salud\/wp-content\/uploads\/sites\/32\/2017\/05\/PAE-2017-SSO.pdf\" target=\"_blank\" rel=\"noopener noreferrer\">Ejercicio 2017.<\/a><\/td>\n<\/tr>\n<tr>\n<td><\/td>\n<\/tr>\n<\/tbody>\n<\/table>\n<table border=\"0\" width=\"550\" align=\"center\">\n<tbody>\n<tr>\n<td align=\"left\">En apego al art\u00edculo 110 fracci\u00f3n II de la Ley Federal de Presupuesto y Responsabilidad Hacendaria se publica la siguiente informaci\u00f3n en materia de Salud.<\/p>\n<p><strong>A\u00f1o 2015<\/strong><\/td>\n<\/tr>\n<tr>\n<td><strong>EVALUACI\u00d3N DEL DESEMPE\u00d1O<\/strong><\/p>\n<p><a href=\"https:\/\/www.oaxaca.gob.mx\/salud\/wp-content\/uploads\/sites\/32\/2017\/02\/EVALUACION-FASSA_FINAL.pdf\" target=\"_blank\" rel=\"noopener noreferrer\">Informe de la Evaluaci\u00f3n Espec\u00edfica del Desempe\u00f1o del Fondo de aportaciones para los Servicios de Salud (FASSA).<\/a><\/p>\n<p><a href=\"https:\/\/www.oaxaca.gob.mx\/salud\/wp-content\/uploads\/sites\/32\/2017\/06\/FISE-Oaxaca-ok.pdf\" target=\"_blank\" rel=\"noopener noreferrer\">Informe de la Evaluaci\u00f3n Espec\u00edfica del Desempe\u00f1o del Fondo de Aportaciones para la Infraestructura Social para la Entidades Federativas (FISE).<\/a><\/p>\n<p><a href=\"https:\/\/www.oaxaca.gob.mx\/salud\/wp-content\/uploads\/sites\/32\/2017\/06\/FONREGION-ok.pdf\" target=\"_blank\" rel=\"noopener noreferrer\">Informe de la Evaluaci\u00f3n Espec\u00edfica del Desempe\u00f1o del Fondo Regional (FONREGI\u00d3N).<\/a><\/td>\n<\/tr>\n<tr>\n<td><\/td>\n<\/tr>\n<\/tbody>\n<\/table>\n","protected":false},"excerpt":{"rendered":"<p>&nbsp; &nbsp; Con fundamento en lo dispuesto por los art\u00edculos 2 fracci\u00f3n X, 4, 43 y 80 de la Ley Estatal de Presupuesto y Responsabilidad Hacendaria; 134 y 155 del Reglamento de la Ley Estatal de Presupuesto y Responsabilidad Hacendaria; Art. 9 de la Ley de Transparencia y Acceso a la Informaci\u00f3n del Estado de [&hellip;]<\/p>\n","protected":false},"author":1,"featured_media":0,"parent":0,"menu_order":0,"comment_status":"closed","ping_status":"closed","template":"","meta":{"episode_type":"","audio_file":"","podmotor_file_id":"","podmotor_episode_id":"","cover_image":"","cover_image_id":"","duration":"","filesize":"","filesize_raw":"","date_recorded":"","explicit":"","block":"","itunes_episode_number":"","itunes_title":"","itunes_season_number":"","itunes_episode_type":"","footnotes":""},"categories":[],"tags":[],"class_list":["post-1889","page","type-page","status-publish","hentry"],"acf":[],"publishpress_future_action":{"enabled":false,"date":"2026-05-24 07:45:36","action":"change-status","newStatus":"draft","terms":[],"taxonomy":"category","extraData":[]},"publishpress_future_workflow_manual_trigger":{"enabledWorkflows":[]},"_links":{"self":[{"href":"https:\/\/www.oaxaca.gob.mx\/salud\/wp-json\/wp\/v2\/pages\/1889","targetHints":{"allow":["GET"]}}],"collection":[{"href":"https:\/\/www.oaxaca.gob.mx\/salud\/wp-json\/wp\/v2\/pages"}],"about":[{"href":"https:\/\/www.oaxaca.gob.mx\/salud\/wp-json\/wp\/v2\/types\/page"}],"author":[{"embeddable":true,"href":"https:\/\/www.oaxaca.gob.mx\/salud\/wp-json\/wp\/v2\/users\/1"}],"replies":[{"embeddable":true,"href":"https:\/\/www.oaxaca.gob.mx\/salud\/wp-json\/wp\/v2\/comments?post=1889"}],"version-history":[{"count":2,"href":"https:\/\/www.oaxaca.gob.mx\/salud\/wp-json\/wp\/v2\/pages\/1889\/revisions"}],"predecessor-version":[{"id":12177,"href":"https:\/\/www.oaxaca.gob.mx\/salud\/wp-json\/wp\/v2\/pages\/1889\/revisions\/12177"}],"wp:attachment":[{"href":"https:\/\/www.oaxaca.gob.mx\/salud\/wp-json\/wp\/v2\/media?parent=1889"}],"wp:term":[{"taxonomy":"category","embeddable":true,"href":"https:\/\/www.oaxaca.gob.mx\/salud\/wp-json\/wp\/v2\/categories?post=1889"},{"taxonomy":"post_tag","embeddable":true,"href":"https:\/\/www.oaxaca.gob.mx\/salud\/wp-json\/wp\/v2\/tags?post=1889"}],"curies":[{"name":"wp","href":"https:\/\/api.w.org\/{rel}","templated":true}]}}