{"id":17,"date":"2015-12-08T19:27:07","date_gmt":"2015-12-09T01:27:07","guid":{"rendered":"http:\/\/localhost\/salud_oaxaca\/?page_id=17"},"modified":"2023-09-08T12:30:25","modified_gmt":"2023-09-08T18:30:25","slug":"mision-y-vision","status":"publish","type":"page","link":"https:\/\/www.oaxaca.gob.mx\/salud\/mision-y-vision\/","title":{"rendered":"Misi\u00f3n, Visi\u00f3n y Objetivos"},"content":{"rendered":"<p><strong>Misi\u00f3n<\/strong><\/p>\n<p>Brindar servicios de salud con calidad a la poblaci\u00f3n oaxaque\u00f1a no asegurada, mediante la prevenci\u00f3n y promoci\u00f3n del autocuidado de la salud del individuo y la comunidad, atenci\u00f3n m\u00e9dica oportuna, vigilancia sanitaria y administraci\u00f3n racional, justa y transparente de los recursos.<\/p>\n<p><strong>Visi\u00f3n<\/strong><\/p>\n<p>Ser la instituci\u00f3n l\u00edder del Sector Salud, que garantice el acceso a los oaxaque\u00f1os y oaxaque\u00f1as a un Sistema de Salud Universal, equitativo, participativo y de alta calidad, coadyuvando al desarrollo sustentable del Estado de Oaxaca.<\/p>\n<p><strong>Objetivo General<\/strong><\/p>\n<p>Consolidar el acceso efectivo de las y los Oaxaque\u00f1os a Servicios de Salud de Calidad.<\/p>\n","protected":false},"excerpt":{"rendered":"<p>Misi\u00f3n Brindar servicios de salud con calidad a la poblaci\u00f3n oaxaque\u00f1a no asegurada, mediante la prevenci\u00f3n y promoci\u00f3n del autocuidado de la salud del individuo y la comunidad, atenci\u00f3n m\u00e9dica oportuna, vigilancia sanitaria y administraci\u00f3n racional, justa y transparente de los recursos. Visi\u00f3n Ser la instituci\u00f3n l\u00edder del Sector Salud, que garantice el acceso a [&hellip;]<\/p>\n","protected":false},"author":1,"featured_media":0,"parent":0,"menu_order":0,"comment_status":"closed","ping_status":"closed","template":"","meta":{"episode_type":"","audio_file":"","podmotor_file_id":"","podmotor_episode_id":"","cover_image":"","cover_image_id":"","duration":"","filesize":"","filesize_raw":"","date_recorded":"","explicit":"","block":"","itunes_episode_number":"","itunes_title":"","itunes_season_number":"","itunes_episode_type":"","footnotes":""},"categories":[],"tags":[],"class_list":["post-17","page","type-page","status-publish","hentry"],"acf":[],"publishpress_future_action":{"enabled":false,"date":"2026-05-06 12:24:53","action":"change-status","newStatus":"draft","terms":[],"taxonomy":"category","extraData":[]},"publishpress_future_workflow_manual_trigger":{"enabledWorkflows":[]},"_links":{"self":[{"href":"https:\/\/www.oaxaca.gob.mx\/salud\/wp-json\/wp\/v2\/pages\/17","targetHints":{"allow":["GET"]}}],"collection":[{"href":"https:\/\/www.oaxaca.gob.mx\/salud\/wp-json\/wp\/v2\/pages"}],"about":[{"href":"https:\/\/www.oaxaca.gob.mx\/salud\/wp-json\/wp\/v2\/types\/page"}],"author":[{"embeddable":true,"href":"https:\/\/www.oaxaca.gob.mx\/salud\/wp-json\/wp\/v2\/users\/1"}],"replies":[{"embeddable":true,"href":"https:\/\/www.oaxaca.gob.mx\/salud\/wp-json\/wp\/v2\/comments?post=17"}],"version-history":[{"count":2,"href":"https:\/\/www.oaxaca.gob.mx\/salud\/wp-json\/wp\/v2\/pages\/17\/revisions"}],"predecessor-version":[{"id":11462,"href":"https:\/\/www.oaxaca.gob.mx\/salud\/wp-json\/wp\/v2\/pages\/17\/revisions\/11462"}],"wp:attachment":[{"href":"https:\/\/www.oaxaca.gob.mx\/salud\/wp-json\/wp\/v2\/media?parent=17"}],"wp:term":[{"taxonomy":"category","embeddable":true,"href":"https:\/\/www.oaxaca.gob.mx\/salud\/wp-json\/wp\/v2\/categories?post=17"},{"taxonomy":"post_tag","embeddable":true,"href":"https:\/\/www.oaxaca.gob.mx\/salud\/wp-json\/wp\/v2\/tags?post=17"}],"curies":[{"name":"wp","href":"https:\/\/api.w.org\/{rel}","templated":true}]}}