{"id":150,"date":"2015-12-10T18:56:17","date_gmt":"2015-12-11T00:56:17","guid":{"rendered":"http:\/\/localhost\/salud_oaxaca\/?page_id=150"},"modified":"2015-12-10T18:56:17","modified_gmt":"2015-12-11T00:56:17","slug":"coordinacion-institucional","status":"publish","type":"page","link":"https:\/\/www.oaxaca.gob.mx\/salud\/coordinacion-institucional\/","title":{"rendered":"Coordinaci\u00f3n Institucional"},"content":{"rendered":"<p>\t\t\t\t<strong>Objetivo<\/strong><\/p>\n<p>Coordinar las diferentes \u00e1reas administrativas, con la finalidad de que los asuntos de car\u00e1cter prioritario determinados por el Director General se cumplan en tiempo y forma, a trav\u00e9s de la vinculaci\u00f3n, coordinaci\u00f3n y concertaci\u00f3n de actividades con las instituciones para el fortalecimiento de acuerdos y convenios en el \u00e1mbtio del Sector Salud.<\/p>\n<p><strong>Contacto<\/strong><\/p>\n<p>Direcci\u00f3n: Av. Independencia No. 407, C.P. 68000, Col. Centro, Oaxaca de Ju\u00e1rez, Oax.<br \/>\nTel\u00e9fono: (951) 501 7600 ext. 123 y 112\t\t<\/p>\n","protected":false},"excerpt":{"rendered":"<p>Objetivo Coordinar las diferentes \u00e1reas administrativas, con la finalidad de que los asuntos de car\u00e1cter prioritario determinados por el Director General se cumplan en tiempo y forma, a trav\u00e9s de la vinculaci\u00f3n, coordinaci\u00f3n y concertaci\u00f3n de actividades con las instituciones para el fortalecimiento de acuerdos y convenios en el \u00e1mbtio del Sector Salud. Contacto Direcci\u00f3n: [&hellip;]<\/p>\n","protected":false},"author":1,"featured_media":0,"parent":0,"menu_order":0,"comment_status":"closed","ping_status":"closed","template":"","meta":{"episode_type":"","audio_file":"","podmotor_file_id":"","podmotor_episode_id":"","cover_image":"","cover_image_id":"","duration":"","filesize":"","filesize_raw":"","date_recorded":"","explicit":"","block":"","itunes_episode_number":"","itunes_title":"","itunes_season_number":"","itunes_episode_type":"","footnotes":""},"categories":[],"tags":[],"class_list":["post-150","page","type-page","status-publish","hentry"],"acf":[],"publishpress_future_action":{"enabled":false,"date":"2026-05-11 07:40:14","action":"change-status","newStatus":"draft","terms":[],"taxonomy":"category","extraData":[]},"publishpress_future_workflow_manual_trigger":{"enabledWorkflows":[]},"_links":{"self":[{"href":"https:\/\/www.oaxaca.gob.mx\/salud\/wp-json\/wp\/v2\/pages\/150","targetHints":{"allow":["GET"]}}],"collection":[{"href":"https:\/\/www.oaxaca.gob.mx\/salud\/wp-json\/wp\/v2\/pages"}],"about":[{"href":"https:\/\/www.oaxaca.gob.mx\/salud\/wp-json\/wp\/v2\/types\/page"}],"author":[{"embeddable":true,"href":"https:\/\/www.oaxaca.gob.mx\/salud\/wp-json\/wp\/v2\/users\/1"}],"replies":[{"embeddable":true,"href":"https:\/\/www.oaxaca.gob.mx\/salud\/wp-json\/wp\/v2\/comments?post=150"}],"version-history":[{"count":0,"href":"https:\/\/www.oaxaca.gob.mx\/salud\/wp-json\/wp\/v2\/pages\/150\/revisions"}],"wp:attachment":[{"href":"https:\/\/www.oaxaca.gob.mx\/salud\/wp-json\/wp\/v2\/media?parent=150"}],"wp:term":[{"taxonomy":"category","embeddable":true,"href":"https:\/\/www.oaxaca.gob.mx\/salud\/wp-json\/wp\/v2\/categories?post=150"},{"taxonomy":"post_tag","embeddable":true,"href":"https:\/\/www.oaxaca.gob.mx\/salud\/wp-json\/wp\/v2\/tags?post=150"}],"curies":[{"name":"wp","href":"https:\/\/api.w.org\/{rel}","templated":true}]}}