{"id":147,"date":"2015-12-10T18:51:22","date_gmt":"2015-12-11T00:51:22","guid":{"rendered":"http:\/\/localhost\/salud_oaxaca\/?page_id=147"},"modified":"2015-12-10T18:51:22","modified_gmt":"2015-12-11T00:51:22","slug":"direccion-de-infraestructura-mantenimiento-y-servicios-generales","status":"publish","type":"page","link":"https:\/\/www.oaxaca.gob.mx\/salud\/direccion-de-infraestructura-mantenimiento-y-servicios-generales\/","title":{"rendered":"Direcci\u00f3n de Infraestructura, Mantenimiento y Servicios Generales"},"content":{"rendered":"<p>\t\t\t\t<strong>Objetivo<\/strong><\/p>\n<p>Dirigir, organizar y coordinar las acciones de construcci\u00f3n, rehabilitaci\u00f3n, ampliaci\u00f3n y\/o adecuaci\u00f3n de la infraestructura f\u00edsica existente y de nueva creaci\u00f3n; conservar y mantener los inmuebles, equipo mec\u00e1nico y electromec\u00e1nico, de las \u00e1reas administrativas y unidades m\u00e9dicas que conforman los SSO.<\/p>\n<p><strong>Contacto<\/strong><\/p>\n<p>Direcci\u00f3n: Crisantemos No. 520, C.P. 68050, Col. Reforma, Oaxaca de Ju\u00e1rez, Oax.<br \/>\nTel\u00e9fono: (951) 132 7631, 132 7854, 518 4376\t\t<\/p>\n","protected":false},"excerpt":{"rendered":"<p>Objetivo Dirigir, organizar y coordinar las acciones de construcci\u00f3n, rehabilitaci\u00f3n, ampliaci\u00f3n y\/o adecuaci\u00f3n de la infraestructura f\u00edsica existente y de nueva creaci\u00f3n; conservar y mantener los inmuebles, equipo mec\u00e1nico y electromec\u00e1nico, de las \u00e1reas administrativas y unidades m\u00e9dicas que conforman los SSO. Contacto Direcci\u00f3n: Crisantemos No. 520, C.P. 68050, Col. Reforma, Oaxaca de Ju\u00e1rez, Oax. [&hellip;]<\/p>\n","protected":false},"author":1,"featured_media":0,"parent":0,"menu_order":0,"comment_status":"closed","ping_status":"closed","template":"","meta":{"episode_type":"","audio_file":"","podmotor_file_id":"","podmotor_episode_id":"","cover_image":"","cover_image_id":"","duration":"","filesize":"","filesize_raw":"","date_recorded":"","explicit":"","block":"","itunes_episode_number":"","itunes_title":"","itunes_season_number":"","itunes_episode_type":"","footnotes":""},"categories":[],"tags":[],"class_list":["post-147","page","type-page","status-publish","hentry"],"acf":[],"publishpress_future_action":{"enabled":false,"date":"2026-05-11 07:39:56","action":"change-status","newStatus":"draft","terms":[],"taxonomy":"category","extraData":[]},"publishpress_future_workflow_manual_trigger":{"enabledWorkflows":[]},"_links":{"self":[{"href":"https:\/\/www.oaxaca.gob.mx\/salud\/wp-json\/wp\/v2\/pages\/147","targetHints":{"allow":["GET"]}}],"collection":[{"href":"https:\/\/www.oaxaca.gob.mx\/salud\/wp-json\/wp\/v2\/pages"}],"about":[{"href":"https:\/\/www.oaxaca.gob.mx\/salud\/wp-json\/wp\/v2\/types\/page"}],"author":[{"embeddable":true,"href":"https:\/\/www.oaxaca.gob.mx\/salud\/wp-json\/wp\/v2\/users\/1"}],"replies":[{"embeddable":true,"href":"https:\/\/www.oaxaca.gob.mx\/salud\/wp-json\/wp\/v2\/comments?post=147"}],"version-history":[{"count":0,"href":"https:\/\/www.oaxaca.gob.mx\/salud\/wp-json\/wp\/v2\/pages\/147\/revisions"}],"wp:attachment":[{"href":"https:\/\/www.oaxaca.gob.mx\/salud\/wp-json\/wp\/v2\/media?parent=147"}],"wp:term":[{"taxonomy":"category","embeddable":true,"href":"https:\/\/www.oaxaca.gob.mx\/salud\/wp-json\/wp\/v2\/categories?post=147"},{"taxonomy":"post_tag","embeddable":true,"href":"https:\/\/www.oaxaca.gob.mx\/salud\/wp-json\/wp\/v2\/tags?post=147"}],"curies":[{"name":"wp","href":"https:\/\/api.w.org\/{rel}","templated":true}]}}