{"id":141,"date":"2015-12-10T18:41:43","date_gmt":"2015-12-11T00:41:43","guid":{"rendered":"http:\/\/localhost\/salud_oaxaca\/?page_id=141"},"modified":"2015-12-10T18:41:43","modified_gmt":"2015-12-11T00:41:43","slug":"direccion-de-ensenanza-y-calidad","status":"publish","type":"page","link":"https:\/\/www.oaxaca.gob.mx\/salud\/direccion-de-ensenanza-y-calidad\/","title":{"rendered":"Direcci\u00f3n de Ense\u00f1anza y Calidad"},"content":{"rendered":"<p>\t\t\t\t<strong>Objetivo<\/strong><\/p>\n<p>Establecer sistemas integrales de calidad a trav\u00e9s de la innovaci\u00f3n de los servicios de salud, y el fortalecimiento del personal a fin de mejorar los servicios que reciben los usuarios.<\/p>\n<p><strong>Contacto<\/strong><\/p>\n<p>Direcci\u00f3n: Calz. Porfirio D\u00edaz No. 405,C.P. 68050, Col. Reforma, Oaxaca de Ju\u00e1rez Oax.<br \/>\nTel\u00e9fono: (951) 515 1086\t\t<\/p>\n","protected":false},"excerpt":{"rendered":"<p>Objetivo Establecer sistemas integrales de calidad a trav\u00e9s de la innovaci\u00f3n de los servicios de salud, y el fortalecimiento del personal a fin de mejorar los servicios que reciben los usuarios. Contacto Direcci\u00f3n: Calz. Porfirio D\u00edaz No. 405,C.P. 68050, Col. Reforma, Oaxaca de Ju\u00e1rez Oax. Tel\u00e9fono: (951) 515 1086<\/p>\n","protected":false},"author":1,"featured_media":0,"parent":0,"menu_order":0,"comment_status":"closed","ping_status":"closed","template":"","meta":{"episode_type":"","audio_file":"","podmotor_file_id":"","podmotor_episode_id":"","cover_image":"","cover_image_id":"","duration":"","filesize":"","filesize_raw":"","date_recorded":"","explicit":"","block":"","itunes_episode_number":"","itunes_title":"","itunes_season_number":"","itunes_episode_type":"","footnotes":""},"categories":[],"tags":[],"class_list":["post-141","page","type-page","status-publish","hentry"],"acf":[],"publishpress_future_action":{"enabled":false,"date":"2026-05-11 07:40:14","action":"change-status","newStatus":"draft","terms":[],"taxonomy":"category","extraData":[]},"publishpress_future_workflow_manual_trigger":{"enabledWorkflows":[]},"_links":{"self":[{"href":"https:\/\/www.oaxaca.gob.mx\/salud\/wp-json\/wp\/v2\/pages\/141","targetHints":{"allow":["GET"]}}],"collection":[{"href":"https:\/\/www.oaxaca.gob.mx\/salud\/wp-json\/wp\/v2\/pages"}],"about":[{"href":"https:\/\/www.oaxaca.gob.mx\/salud\/wp-json\/wp\/v2\/types\/page"}],"author":[{"embeddable":true,"href":"https:\/\/www.oaxaca.gob.mx\/salud\/wp-json\/wp\/v2\/users\/1"}],"replies":[{"embeddable":true,"href":"https:\/\/www.oaxaca.gob.mx\/salud\/wp-json\/wp\/v2\/comments?post=141"}],"version-history":[{"count":0,"href":"https:\/\/www.oaxaca.gob.mx\/salud\/wp-json\/wp\/v2\/pages\/141\/revisions"}],"wp:attachment":[{"href":"https:\/\/www.oaxaca.gob.mx\/salud\/wp-json\/wp\/v2\/media?parent=141"}],"wp:term":[{"taxonomy":"category","embeddable":true,"href":"https:\/\/www.oaxaca.gob.mx\/salud\/wp-json\/wp\/v2\/categories?post=141"},{"taxonomy":"post_tag","embeddable":true,"href":"https:\/\/www.oaxaca.gob.mx\/salud\/wp-json\/wp\/v2\/tags?post=141"}],"curies":[{"name":"wp","href":"https:\/\/api.w.org\/{rel}","templated":true}]}}