{"id":137,"date":"2015-12-10T18:35:41","date_gmt":"2015-12-11T00:35:41","guid":{"rendered":"http:\/\/localhost\/salud_oaxaca\/?page_id=137"},"modified":"2015-12-10T18:35:41","modified_gmt":"2015-12-11T00:35:41","slug":"direccion-de-planeacion-y-desarrollo","status":"publish","type":"page","link":"https:\/\/www.oaxaca.gob.mx\/salud\/direccion-de-planeacion-y-desarrollo\/","title":{"rendered":"Direcci\u00f3n de Planeaci\u00f3n y Desarrollo"},"content":{"rendered":"<p>\t\t\t\t<strong>Objetivo<\/strong><\/p>\n<p>Dirigir procesos de planeaci\u00f3n, organizaci\u00f3n, programaci\u00f3n y presupuesto, as\u00ed como promover la evaluaci\u00f3n del desempe\u00f1o de los programas mediante sistemas de informaci\u00f3n, herramientas tecnol\u00f3gicas y de comunicaci\u00f3n, encaminadas al uso eficiente de los recursos de los SSO.<\/p>\n<p><strong>Contacto<\/strong><\/p>\n<p>Direcci\u00f3n: Pensamientos No. 405, C.P. 68050, Col. Reforma, Oaxaca de Ju\u00e1rez, Oax.<br \/>\nTel\u00e9fono: (951) 502 3566 ext. 103\t\t<\/p>\n","protected":false},"excerpt":{"rendered":"<p>Objetivo Dirigir procesos de planeaci\u00f3n, organizaci\u00f3n, programaci\u00f3n y presupuesto, as\u00ed como promover la evaluaci\u00f3n del desempe\u00f1o de los programas mediante sistemas de informaci\u00f3n, herramientas tecnol\u00f3gicas y de comunicaci\u00f3n, encaminadas al uso eficiente de los recursos de los SSO. Contacto Direcci\u00f3n: Pensamientos No. 405, C.P. 68050, Col. Reforma, Oaxaca de Ju\u00e1rez, Oax. Tel\u00e9fono: (951) 502 3566 [&hellip;]<\/p>\n","protected":false},"author":1,"featured_media":0,"parent":0,"menu_order":0,"comment_status":"closed","ping_status":"closed","template":"","meta":{"episode_type":"","audio_file":"","podmotor_file_id":"","podmotor_episode_id":"","cover_image":"","cover_image_id":"","duration":"","filesize":"","filesize_raw":"","date_recorded":"","explicit":"","block":"","itunes_episode_number":"","itunes_title":"","itunes_season_number":"","itunes_episode_type":"","footnotes":""},"categories":[],"tags":[],"class_list":["post-137","page","type-page","status-publish","hentry"],"acf":[],"publishpress_future_action":{"enabled":false,"date":"2026-05-11 07:40:12","action":"change-status","newStatus":"draft","terms":[],"taxonomy":"category","extraData":[]},"publishpress_future_workflow_manual_trigger":{"enabledWorkflows":[]},"_links":{"self":[{"href":"https:\/\/www.oaxaca.gob.mx\/salud\/wp-json\/wp\/v2\/pages\/137","targetHints":{"allow":["GET"]}}],"collection":[{"href":"https:\/\/www.oaxaca.gob.mx\/salud\/wp-json\/wp\/v2\/pages"}],"about":[{"href":"https:\/\/www.oaxaca.gob.mx\/salud\/wp-json\/wp\/v2\/types\/page"}],"author":[{"embeddable":true,"href":"https:\/\/www.oaxaca.gob.mx\/salud\/wp-json\/wp\/v2\/users\/1"}],"replies":[{"embeddable":true,"href":"https:\/\/www.oaxaca.gob.mx\/salud\/wp-json\/wp\/v2\/comments?post=137"}],"version-history":[{"count":0,"href":"https:\/\/www.oaxaca.gob.mx\/salud\/wp-json\/wp\/v2\/pages\/137\/revisions"}],"wp:attachment":[{"href":"https:\/\/www.oaxaca.gob.mx\/salud\/wp-json\/wp\/v2\/media?parent=137"}],"wp:term":[{"taxonomy":"category","embeddable":true,"href":"https:\/\/www.oaxaca.gob.mx\/salud\/wp-json\/wp\/v2\/categories?post=137"},{"taxonomy":"post_tag","embeddable":true,"href":"https:\/\/www.oaxaca.gob.mx\/salud\/wp-json\/wp\/v2\/tags?post=137"}],"curies":[{"name":"wp","href":"https:\/\/api.w.org\/{rel}","templated":true}]}}