{"id":134,"date":"2015-12-10T18:27:27","date_gmt":"2015-12-11T00:27:27","guid":{"rendered":"http:\/\/localhost\/salud_oaxaca\/?page_id=134"},"modified":"2015-12-10T18:27:27","modified_gmt":"2015-12-11T00:27:27","slug":"direccion-de-regulacion-y-fomento-sanitario","status":"publish","type":"page","link":"https:\/\/www.oaxaca.gob.mx\/salud\/direccion-de-regulacion-y-fomento-sanitario\/","title":{"rendered":"Direcci\u00f3n de Regulaci\u00f3n y Fomento Sanitario"},"content":{"rendered":"<p>\t\t\t\t<strong>Objetivo<\/strong><\/p>\n<p>Coadyuvar a la protecci\u00f3n de la salud de la poblaci\u00f3n del Estado contra riesgos sanitarios, causados por agentes biol\u00f3gicos, qu\u00edmicos y f\u00edsicos mediante la verificaci\u00f3n, dictaminaci\u00f3n, vigilancia, supervisi\u00f3n y asesor\u00eda a la que se sujetar\u00e1n las personas, establecimientos, productos, veh\u00edculos y servicios relacionados con los insumos para la salud, los bienes y servicios, la salud ambiental y ocupacional, la farmacovigilancia, programas y proyectos y el control sanitario de la publicidad.<\/p>\n<p><strong>Contacto<\/strong><\/p>\n<p>Col\u00f3n 628, C.P. 68000, Col. Centro, Oaxaca de Ju\u00e1rez, Oax.<br \/>\nTelefonos: (951) 5163822, 5144748, 5166615\t\t<\/p>\n","protected":false},"excerpt":{"rendered":"<p>Objetivo Coadyuvar a la protecci\u00f3n de la salud de la poblaci\u00f3n del Estado contra riesgos sanitarios, causados por agentes biol\u00f3gicos, qu\u00edmicos y f\u00edsicos mediante la verificaci\u00f3n, dictaminaci\u00f3n, vigilancia, supervisi\u00f3n y asesor\u00eda a la que se sujetar\u00e1n las personas, establecimientos, productos, veh\u00edculos y servicios relacionados con los insumos para la salud, los bienes y servicios, la [&hellip;]<\/p>\n","protected":false},"author":1,"featured_media":0,"parent":0,"menu_order":0,"comment_status":"closed","ping_status":"closed","template":"","meta":{"episode_type":"","audio_file":"","podmotor_file_id":"","podmotor_episode_id":"","cover_image":"","cover_image_id":"","duration":"","filesize":"","filesize_raw":"","date_recorded":"","explicit":"","block":"","itunes_episode_number":"","itunes_title":"","itunes_season_number":"","itunes_episode_type":"","footnotes":""},"categories":[],"tags":[],"class_list":["post-134","page","type-page","status-publish","hentry"],"acf":[],"publishpress_future_action":{"enabled":false,"date":"2026-05-11 07:40:23","action":"change-status","newStatus":"draft","terms":[],"taxonomy":"category","extraData":[]},"publishpress_future_workflow_manual_trigger":{"enabledWorkflows":[]},"_links":{"self":[{"href":"https:\/\/www.oaxaca.gob.mx\/salud\/wp-json\/wp\/v2\/pages\/134","targetHints":{"allow":["GET"]}}],"collection":[{"href":"https:\/\/www.oaxaca.gob.mx\/salud\/wp-json\/wp\/v2\/pages"}],"about":[{"href":"https:\/\/www.oaxaca.gob.mx\/salud\/wp-json\/wp\/v2\/types\/page"}],"author":[{"embeddable":true,"href":"https:\/\/www.oaxaca.gob.mx\/salud\/wp-json\/wp\/v2\/users\/1"}],"replies":[{"embeddable":true,"href":"https:\/\/www.oaxaca.gob.mx\/salud\/wp-json\/wp\/v2\/comments?post=134"}],"version-history":[{"count":0,"href":"https:\/\/www.oaxaca.gob.mx\/salud\/wp-json\/wp\/v2\/pages\/134\/revisions"}],"wp:attachment":[{"href":"https:\/\/www.oaxaca.gob.mx\/salud\/wp-json\/wp\/v2\/media?parent=134"}],"wp:term":[{"taxonomy":"category","embeddable":true,"href":"https:\/\/www.oaxaca.gob.mx\/salud\/wp-json\/wp\/v2\/categories?post=134"},{"taxonomy":"post_tag","embeddable":true,"href":"https:\/\/www.oaxaca.gob.mx\/salud\/wp-json\/wp\/v2\/tags?post=134"}],"curies":[{"name":"wp","href":"https:\/\/api.w.org\/{rel}","templated":true}]}}