{"id":127,"date":"2015-12-10T14:05:58","date_gmt":"2015-12-10T20:05:58","guid":{"rendered":"http:\/\/localhost\/salud_oaxaca\/?page_id=127"},"modified":"2015-12-10T14:05:58","modified_gmt":"2015-12-10T20:05:58","slug":"direccion-de-atencion-medica","status":"publish","type":"page","link":"https:\/\/www.oaxaca.gob.mx\/salud\/direccion-de-atencion-medica\/","title":{"rendered":"Direcci\u00f3n de Atenci\u00f3n M\u00e9dica"},"content":{"rendered":"<p>\t\t\t\t<strong>Objetivo<\/strong><\/p>\n<p>Dirigir las estrategias alineadas a la pol\u00edtica estatal en la prestaci\u00f3n de servicios de atenci\u00f3n m\u00e9dica, en las unidades m\u00e9dicas, a la poblaci\u00f3n sin servicios formales de salud, a trav\u00e9s de la asesor\u00eda t\u00e9cnica en materia normativa, uso de la tecnolog\u00eda adecuada y al aseguramiento de los recursos necesarios para proporcionar servicios m\u00e9dicos con calidad, equidad y eficiencia, propiciando una relaci\u00f3n confiable entre el prestador del servicio y el usuario.<\/p>\n<p><strong>Contacto<\/strong><\/p>\n<p>Direcci\u00f3n: Miguel Cabrera No. 514, C.P. 68000, Col. Centro, Oaxaca de Ju\u00e1rez, oax.<br \/>\nTel\u00e9fono: (951) 51 4 8278\t\t<\/p>\n","protected":false},"excerpt":{"rendered":"<p>Objetivo Dirigir las estrategias alineadas a la pol\u00edtica estatal en la prestaci\u00f3n de servicios de atenci\u00f3n m\u00e9dica, en las unidades m\u00e9dicas, a la poblaci\u00f3n sin servicios formales de salud, a trav\u00e9s de la asesor\u00eda t\u00e9cnica en materia normativa, uso de la tecnolog\u00eda adecuada y al aseguramiento de los recursos necesarios para proporcionar servicios m\u00e9dicos con [&hellip;]<\/p>\n","protected":false},"author":1,"featured_media":0,"parent":0,"menu_order":0,"comment_status":"closed","ping_status":"closed","template":"","meta":{"episode_type":"","audio_file":"","podmotor_file_id":"","podmotor_episode_id":"","cover_image":"","cover_image_id":"","duration":"","filesize":"","filesize_raw":"","date_recorded":"","explicit":"","block":"","itunes_episode_number":"","itunes_title":"","itunes_season_number":"","itunes_episode_type":"","footnotes":""},"categories":[],"tags":[],"class_list":["post-127","page","type-page","status-publish","hentry"],"acf":[],"publishpress_future_action":{"enabled":false,"date":"2026-05-11 07:40:19","action":"change-status","newStatus":"draft","terms":[],"taxonomy":"category","extraData":[]},"publishpress_future_workflow_manual_trigger":{"enabledWorkflows":[]},"_links":{"self":[{"href":"https:\/\/www.oaxaca.gob.mx\/salud\/wp-json\/wp\/v2\/pages\/127","targetHints":{"allow":["GET"]}}],"collection":[{"href":"https:\/\/www.oaxaca.gob.mx\/salud\/wp-json\/wp\/v2\/pages"}],"about":[{"href":"https:\/\/www.oaxaca.gob.mx\/salud\/wp-json\/wp\/v2\/types\/page"}],"author":[{"embeddable":true,"href":"https:\/\/www.oaxaca.gob.mx\/salud\/wp-json\/wp\/v2\/users\/1"}],"replies":[{"embeddable":true,"href":"https:\/\/www.oaxaca.gob.mx\/salud\/wp-json\/wp\/v2\/comments?post=127"}],"version-history":[{"count":0,"href":"https:\/\/www.oaxaca.gob.mx\/salud\/wp-json\/wp\/v2\/pages\/127\/revisions"}],"wp:attachment":[{"href":"https:\/\/www.oaxaca.gob.mx\/salud\/wp-json\/wp\/v2\/media?parent=127"}],"wp:term":[{"taxonomy":"category","embeddable":true,"href":"https:\/\/www.oaxaca.gob.mx\/salud\/wp-json\/wp\/v2\/categories?post=127"},{"taxonomy":"post_tag","embeddable":true,"href":"https:\/\/www.oaxaca.gob.mx\/salud\/wp-json\/wp\/v2\/tags?post=127"}],"curies":[{"name":"wp","href":"https:\/\/api.w.org\/{rel}","templated":true}]}}