{"id":12224,"date":"2025-03-04T11:30:36","date_gmt":"2025-03-04T17:30:36","guid":{"rendered":"https:\/\/www.oaxaca.gob.mx\/salud\/?page_id=12224"},"modified":"2025-03-20T09:44:56","modified_gmt":"2025-03-20T15:44:56","slug":"convenios-presupuestarios-federales","status":"publish","type":"page","link":"https:\/\/www.oaxaca.gob.mx\/salud\/convenios-presupuestarios-federales\/","title":{"rendered":"Convenios Presupuestarios Federales"},"content":{"rendered":"<p><b>DEPARTAMENTO DE CONTROL DE INVERSI\u00d3N<\/b><b>.<\/b><\/p>\n<p>&nbsp;<\/p>\n<p>&nbsp;<\/p>\n<table border=\"0\" width=\"550\" align=\"center\">\n<tbody>\n<tr>\n<td align=\"left\"><strong>A\u00f1o 2025<\/strong><\/td>\n<\/tr>\n<tr>\n<td><a href=\"https:\/\/www.oaxaca.gob.mx\/salud\/wp-content\/uploads\/sites\/32\/2025\/03\/ANEXO-6.-INFORME-DE-GASTO-DE-EQUIPAMIENTO.pdf\" target=\"_blank\" rel=\"noopener noreferrer\">-CC-U013-2024-OAX-26 ANEXO 6 GASTO DE EQUIPAMIENTO<\/a><br \/>\n<a href=\"https:\/\/www.oaxaca.gob.mx\/salud\/wp-content\/uploads\/sites\/32\/2025\/03\/ANEXO-6.-INFORME-DE-GASTO-DE-EQUIPAMIENTO-1.pdf\" target=\"_blank\" rel=\"noopener noreferrer\">-CC-U013-2024-OAX-28 ANEXO 6 GASTO DE EQUIPAMIENTO<\/a><\/td>\n<\/tr>\n<tr>\n<td align=\"left\"><strong>A\u00f1o 2024<\/strong><\/td>\n<\/tr>\n<tr>\n<td><a href=\"https:\/\/www.oaxaca.gob.mx\/salud\/wp-content\/uploads\/sites\/32\/2025\/03\/PO-U013-1-2024-OAXACA-20.zip\" target=\"_blank\" rel=\"noopener noreferrer\">-PO-U013-1-2024-OAXACA-20 ANEXO 6 Y 7<\/a><br \/>\n<a href=\"https:\/\/www.oaxaca.gob.mx\/salud\/wp-content\/uploads\/sites\/32\/2025\/03\/Anexo-6-Equipamiento-San-Felipe-Jalapa-y-Yaganiz.pdf\" target=\"_blank\" rel=\"noopener noreferrer\">-CC-E001-2024-OAX-25 ANEXO 6 GASTO DE EQUIPAMIENTO<\/a><br \/>\n<a href=\"https:\/\/www.oaxaca.gob.mx\/salud\/wp-content\/uploads\/sites\/32\/2025\/03\/6-Y-7.zip\" target=\"_blank\" rel=\"noopener noreferrer\">-PMA-E001-2024-OAXACA-20 ANEXO 6 CERTIFICACI\u00d3N DE GASTO Y ANEXO 7 REPORTE DE ACCIONES<\/a><br \/>\n<a href=\"https:\/\/www.oaxaca.gob.mx\/salud\/wp-content\/uploads\/sites\/32\/2025\/03\/Anexo-6-Equipamiento-de-Santiago-Astata.pdf\" target=\"_blank\" rel=\"noopener noreferrer\">-CC-E001-2024-OAX-06 ANEXO 6 GASTO DE EQUIPAMIENTO<\/a><\/td>\n<\/tr>\n<\/tbody>\n<\/table>\n","protected":false},"excerpt":{"rendered":"<p>DEPARTAMENTO DE CONTROL DE INVERSI\u00d3N. &nbsp; &nbsp; A\u00f1o 2025 -CC-U013-2024-OAX-26 ANEXO 6 GASTO DE EQUIPAMIENTO -CC-U013-2024-OAX-28 ANEXO 6 GASTO DE EQUIPAMIENTO A\u00f1o 2024 -PO-U013-1-2024-OAXACA-20 ANEXO 6 Y 7 -CC-E001-2024-OAX-25 ANEXO 6 GASTO DE EQUIPAMIENTO -PMA-E001-2024-OAXACA-20 ANEXO 6 CERTIFICACI\u00d3N DE GASTO Y ANEXO 7 REPORTE DE ACCIONES -CC-E001-2024-OAX-06 ANEXO 6 GASTO DE EQUIPAMIENTO<\/p>\n","protected":false},"author":41,"featured_media":0,"parent":0,"menu_order":0,"comment_status":"closed","ping_status":"closed","template":"","meta":{"episode_type":"","audio_file":"","podmotor_file_id":"","podmotor_episode_id":"","cover_image":"","cover_image_id":"","duration":"","filesize":"","filesize_raw":"","date_recorded":"","explicit":"","block":"","itunes_episode_number":"","itunes_title":"","itunes_season_number":"","itunes_episode_type":"","footnotes":""},"categories":[],"tags":[],"class_list":["post-12224","page","type-page","status-publish","hentry"],"acf":[],"publishpress_future_action":{"enabled":false,"date":"2026-05-04 21:51:49","action":"change-status","newStatus":"draft","terms":[],"taxonomy":"category","extraData":[]},"publishpress_future_workflow_manual_trigger":{"enabledWorkflows":[]},"_links":{"self":[{"href":"https:\/\/www.oaxaca.gob.mx\/salud\/wp-json\/wp\/v2\/pages\/12224","targetHints":{"allow":["GET"]}}],"collection":[{"href":"https:\/\/www.oaxaca.gob.mx\/salud\/wp-json\/wp\/v2\/pages"}],"about":[{"href":"https:\/\/www.oaxaca.gob.mx\/salud\/wp-json\/wp\/v2\/types\/page"}],"author":[{"embeddable":true,"href":"https:\/\/www.oaxaca.gob.mx\/salud\/wp-json\/wp\/v2\/users\/41"}],"replies":[{"embeddable":true,"href":"https:\/\/www.oaxaca.gob.mx\/salud\/wp-json\/wp\/v2\/comments?post=12224"}],"version-history":[{"count":2,"href":"https:\/\/www.oaxaca.gob.mx\/salud\/wp-json\/wp\/v2\/pages\/12224\/revisions"}],"predecessor-version":[{"id":12280,"href":"https:\/\/www.oaxaca.gob.mx\/salud\/wp-json\/wp\/v2\/pages\/12224\/revisions\/12280"}],"wp:attachment":[{"href":"https:\/\/www.oaxaca.gob.mx\/salud\/wp-json\/wp\/v2\/media?parent=12224"}],"wp:term":[{"taxonomy":"category","embeddable":true,"href":"https:\/\/www.oaxaca.gob.mx\/salud\/wp-json\/wp\/v2\/categories?post=12224"},{"taxonomy":"post_tag","embeddable":true,"href":"https:\/\/www.oaxaca.gob.mx\/salud\/wp-json\/wp\/v2\/tags?post=12224"}],"curies":[{"name":"wp","href":"https:\/\/api.w.org\/{rel}","templated":true}]}}