{"id":11674,"date":"2023-12-06T15:38:23","date_gmt":"2023-12-06T21:38:23","guid":{"rendered":"https:\/\/www.oaxaca.gob.mx\/salud\/?page_id=11674"},"modified":"2023-12-06T15:38:23","modified_gmt":"2023-12-06T21:38:23","slug":"mapa-del-sitio","status":"publish","type":"page","link":"https:\/\/www.oaxaca.gob.mx\/salud\/mapa-del-sitio\/","title":{"rendered":"Mapa del Sitio"},"content":{"rendered":"<div class=\"wsp-container\"><h2 class=\"wsp-pages-title\">P\u00e1ginas<\/h2>\n<ul class=\"wsp-pages-list\">\n<li class=\"page_item page-item-9\"><a href=\"https:\/\/www.oaxaca.gob.mx\/salud\/quienes-somos\/\">\u00bfQuienes somos?<\/a><\/li>\n<li class=\"page_item page-item-10613\"><a href=\"https:\/\/www.oaxaca.gob.mx\/salud\/7caf\/\">7CAF<\/a><\/li>\n<li class=\"page_item page-item-9701\"><a href=\"https:\/\/www.oaxaca.gob.mx\/salud\/acciones-de-gobierno\/\">Acciones de gobierno<\/a><\/li>\n<li class=\"page_item page-item-33\"><a href=\"https:\/\/www.oaxaca.gob.mx\/salud\/actividades\/\">Actividades<\/a><\/li>\n<li class=\"page_item page-item-8704\"><a href=\"https:\/\/www.oaxaca.gob.mx\/salud\/aviso-de-privacidad\/\">Aviso de Privacidad<\/a><\/li>\n<li class=\"page_item page-item-10334\"><a href=\"https:\/\/www.oaxaca.gob.mx\/salud\/brigada-de-los-sso-atiende-emergencia-sanitaria-en-poblado-de-santa-maria-chimalapa\/\">Brigada de los SSO atiende emergencia sanitaria en poblado de Santa Mar\u00eda Chimalapa.<\/a><\/li>\n<li class=\"page_item page-item-8492\"><a href=\"https:\/\/www.oaxaca.gob.mx\/salud\/calendar\/\">Calendar<\/a><\/li>\n<li class=\"page_item page-item-8601\"><a href=\"https:\/\/www.oaxaca.gob.mx\/salud\/calendar-2\/\">Calendar<\/a><\/li>\n<li class=\"page_item page-item-2372\"><a href=\"https:\/\/www.oaxaca.gob.mx\/salud\/capacitaciones\/\">Capacitaciones<\/a><\/li>\n<li class=\"page_item page-item-13963\"><a href=\"https:\/\/www.oaxaca.gob.mx\/salud\/catalogo-digital-de-tramites-cis-2\/\">Cat\u00e1logo Digital de Tr\u00e1mites CIS<\/a><\/li>\n<li class=\"page_item page-item-11308\"><a href=\"https:\/\/www.oaxaca.gob.mx\/salud\/cocoi\/\">COCOI<\/a><\/li>\n<li class=\"page_item page-item-13370\"><a href=\"https:\/\/www.oaxaca.gob.mx\/salud\/codigo-de-conducta\/\">C\u00f3digo de Conducta<\/a><\/li>\n<li class=\"page_item page-item-2547\"><a href=\"https:\/\/www.oaxaca.gob.mx\/salud\/codigo-de-etica\/\">C\u00f3digo de \u00c9tica<\/a><\/li>\n<li class=\"page_item page-item-486\"><a href=\"https:\/\/www.oaxaca.gob.mx\/salud\/colaboradores\/\">Colaboradores<\/a><\/li>\n<li class=\"page_item page-item-10534\"><a href=\"https:\/\/www.oaxaca.gob.mx\/salud\/comite-de-etica\/\">Comit\u00e9 de \u00c9tica<\/a><\/li>\n<li class=\"page_item page-item-505\"><a href=\"https:\/\/www.oaxaca.gob.mx\/salud\/comite-editorial\/\">Comit\u00e9 Editorial<\/a><\/li>\n<li class=\"page_item page-item-10125\"><a href=\"https:\/\/www.oaxaca.gob.mx\/salud\/conmemora-sso-dia-mundial-de-lucha-contra-la-tuberculosis-2\/\">Conmemora SSO D\u00eda Mundial de Lucha contra la Tuberculosis<\/a><\/li>\n<li class=\"page_item page-item-495\"><a href=\"https:\/\/www.oaxaca.gob.mx\/salud\/consejo-consultivo\/\">Consejo Consultivo<\/a><\/li>\n<li class=\"page_item page-item-15\"><a href=\"https:\/\/www.oaxaca.gob.mx\/salud\/contacto\/\">Contacto<\/a><\/li>\n<li class=\"page_item page-item-10092\"><a href=\"https:\/\/www.oaxaca.gob.mx\/salud\/continua-sso-vacunacion-contra-covid-19-a-personal-de-salud\/\">Contin\u00faa SSO vacunaci\u00f3n contra COVID-19 a personal de salud.<\/a><\/li>\n<li class=\"page_item page-item-7608\"><a href=\"https:\/\/www.oaxaca.gob.mx\/salud\/convenios\/\">Convenios<\/a><\/li>\n<li class=\"page_item page-item-12224\"><a href=\"https:\/\/www.oaxaca.gob.mx\/salud\/convenios-presupuestarios-federales\/\">Convenios Presupuestarios Federales<\/a><\/li>\n<li class=\"page_item page-item-743\"><a href=\"https:\/\/www.oaxaca.gob.mx\/salud\/convocatorias-2016\/\">Convocatorias 2016<\/a><\/li>\n<li class=\"page_item page-item-153\"><a href=\"https:\/\/www.oaxaca.gob.mx\/salud\/coordinacion-general-de-jurisdicciones-sanitarias\/\">Coordinaci\u00f3n General de Jurisdicciones Sanitarias<\/a><\/li>\n<li class=\"page_item page-item-1963\"><a href=\"https:\/\/www.oaxaca.gob.mx\/salud\/coordinacion-general-de-proyectos-estrategicos\/\">Coordinaci\u00f3n General de Proyectos Estrat\u00e9gicos<\/a><\/li>\n<li class=\"page_item page-item-159\"><a href=\"https:\/\/www.oaxaca.gob.mx\/salud\/coordinacion-general-de-supervision-y-apoyo-tecnico\/\">Coordinaci\u00f3n General de Supervisi\u00f3n y Apoyo T\u00e9cnico<\/a><\/li>\n<li class=\"page_item page-item-150\"><a href=\"https:\/\/www.oaxaca.gob.mx\/salud\/coordinacion-institucional\/\">Coordinaci\u00f3n Institucional<\/a><\/li>\n<li class=\"page_item page-item-9027\"><a href=\"https:\/\/www.oaxaca.gob.mx\/salud\/covid-19\/\">COVID-19<\/a><\/li>\n<li class=\"page_item page-item-7505\"><a href=\"https:\/\/www.oaxaca.gob.mx\/salud\/cumplimiento-obligaciones-lgtaip\/\">CUMPLIMIENTO DE OBLIGACIONES DE TRANSPARENCIA<\/a><\/li>\n<li class=\"page_item page-item-5441\"><a href=\"https:\/\/www.oaxaca.gob.mx\/salud\/dgdif\/\">DGDIF<\/a><\/li>\n<li class=\"page_item page-item-5446\"><a href=\"https:\/\/www.oaxaca.gob.mx\/salud\/dgplades\/\">DGPLADES<\/a><\/li>\n<li class=\"page_item page-item-144\"><a href=\"https:\/\/www.oaxaca.gob.mx\/salud\/direccion-de-administracion\/\">Direcci\u00f3n de Administraci\u00f3n<\/a><\/li>\n<li class=\"page_item page-item-118\"><a href=\"https:\/\/www.oaxaca.gob.mx\/salud\/h1\/\">Direcci\u00f3n de Asuntos Jur\u00eddicos<\/a><\/li>\n<li class=\"page_item page-item-127\"><a href=\"https:\/\/www.oaxaca.gob.mx\/salud\/direccion-de-atencion-medica\/\">Direcci\u00f3n de Atenci\u00f3n M\u00e9dica<\/a><\/li>\n<li class=\"page_item page-item-141\"><a href=\"https:\/\/www.oaxaca.gob.mx\/salud\/direccion-de-ensenanza-y-calidad\/\">Direcci\u00f3n de Ense\u00f1anza y Calidad<\/a><\/li>\n<li class=\"page_item page-item-147\"><a href=\"https:\/\/www.oaxaca.gob.mx\/salud\/direccion-de-infraestructura-mantenimiento-y-servicios-generales\/\">Direcci\u00f3n de Infraestructura, Mantenimiento y Servicios Generales<\/a><\/li>\n<li class=\"page_item page-item-137\"><a href=\"https:\/\/www.oaxaca.gob.mx\/salud\/direccion-de-planeacion-y-desarrollo\/\">Direcci\u00f3n de Planeaci\u00f3n y Desarrollo<\/a><\/li>\n<li class=\"page_item page-item-124\"><a href=\"https:\/\/www.oaxaca.gob.mx\/salud\/direccion-de-prevencion-y-promocion-de-la-salud\/\">Direcci\u00f3n de Prevenci\u00f3n y Promoci\u00f3n de la Salud<\/a><\/li>\n<li class=\"page_item page-item-134\"><a href=\"https:\/\/www.oaxaca.gob.mx\/salud\/direccion-de-regulacion-y-fomento-sanitario\/\">Direcci\u00f3n de Regulaci\u00f3n y Fomento Sanitario<\/a><\/li>\n<li class=\"page_item page-item-27\"><a href=\"https:\/\/www.oaxaca.gob.mx\/salud\/directorio\/\">Directorio<\/a><\/li>\n<li class=\"page_item page-item-431\"><a href=\"https:\/\/www.oaxaca.gob.mx\/salud\/directorio-de-hospitales\/\">Directorio de Hospitales<\/a><\/li>\n<li class=\"page_item page-item-491\"><a href=\"https:\/\/www.oaxaca.gob.mx\/salud\/editores-en-jefe\/\">Editores en Jefe<\/a><\/li>\n<li class=\"page_item page-item-12671\"><a href=\"https:\/\/www.oaxaca.gob.mx\/salud\/eje-rector\/\">Eje Rector<\/a><\/li>\n<li class=\"page_item page-item-10090\"><a href=\"https:\/\/www.oaxaca.gob.mx\/salud\/en-la-region-del-istmo-entregan-5-ambulancias-para-fortalecer-atencion-oportuna-en-localidades-de-dificil-acceso\/\">En la regi\u00f3n del Istmo entregan 5 ambulancias para fortalecer atenci\u00f3n oportuna en localidades de dif\u00edcil acceso.<\/a><\/li>\n<li class=\"page_item page-item-13680\"><a href=\"https:\/\/www.oaxaca.gob.mx\/salud\/enbg\/\">ENBG<\/a><\/li>\n<li class=\"page_item page-item-10104\"><a href=\"https:\/\/www.oaxaca.gob.mx\/salud\/entrega-sso-camionetas-a-4-municipios-para-fortalecer-actividades-en-materia-de-salud\/\">Entrega SSO camionetas a 4 municipios  para fortalecer actividades en materia de salud.<\/a><\/li>\n<li class=\"page_item page-item-25\"><a href=\"https:\/\/www.oaxaca.gob.mx\/salud\/estructura\/\">Estructura Org\u00e1nica<\/a><\/li>\n<li class=\"page_item page-item-8607\"><a href=\"https:\/\/www.oaxaca.gob.mx\/salud\/etica-e-integridad\/\">\u00c9tica e Integridad P\u00fablica<\/a><\/li>\n<li class=\"page_item page-item-1889\"><a href=\"https:\/\/www.oaxaca.gob.mx\/salud\/evaluaciones\/\">Evaluaciones<\/a><\/li>\n<li class=\"page_item page-item-11136 page_item_has_children\"><a href=\"https:\/\/www.oaxaca.gob.mx\/salud\/eventos\/\">Eventos<\/a>\n<ul class='children'>\n\t<li class=\"page_item page-item-11138\"><a href=\"https:\/\/www.oaxaca.gob.mx\/salud\/eventos\/categorias\/\">Categor\u00edas<\/a><\/li>\n\t<li class=\"page_item page-item-11139\"><a href=\"https:\/\/www.oaxaca.gob.mx\/salud\/eventos\/etiquetas\/\">Etiquetas<\/a><\/li>\n\t<li class=\"page_item page-item-11140\"><a href=\"https:\/\/www.oaxaca.gob.mx\/salud\/eventos\/mis-reservas\/\">Mis Reservas<\/a><\/li>\n\t<li class=\"page_item page-item-11137\"><a href=\"https:\/\/www.oaxaca.gob.mx\/salud\/eventos\/ubicaciones\/\">Ubicaciones<\/a><\/li>\n<\/ul>\n<\/li>\n<li class=\"page_item page-item-9262\"><a href=\"https:\/\/www.oaxaca.gob.mx\/salud\/fifonregion-2019\/\">FIFONREGI\u00d3N 2019<\/a><\/li>\n<li class=\"page_item page-item-209\"><a href=\"https:\/\/www.oaxaca.gob.mx\/salud\/informes\/\">Financieros<\/a><\/li>\n<li class=\"page_item page-item-10078\"><a href=\"https:\/\/www.oaxaca.gob.mx\/salud\/formato-ddps-2021\/\">Formato DDPS 2021<\/a><\/li>\n<li class=\"page_item page-item-35\"><a href=\"https:\/\/www.oaxaca.gob.mx\/salud\/fotogaleria\/\">Fotogaler\u00eda<\/a><\/li>\n<li class=\"page_item page-item-21\"><a href=\"https:\/\/www.oaxaca.gob.mx\/salud\/funciones\/\">Funciones<\/a><\/li>\n<li class=\"page_item page-item-7\"><a href=\"https:\/\/www.oaxaca.gob.mx\/salud\/gobierno-de-oaxaca\/\">Gobierno de Oaxaca<\/a><\/li>\n<li class=\"page_item page-item-11826\"><a href=\"https:\/\/www.oaxaca.gob.mx\/salud\/gratuidad\/\">Gratuidad<\/a><\/li>\n<li class=\"page_item page-item-10669\"><a href=\"https:\/\/www.oaxaca.gob.mx\/salud\/igualdad-de-genero\/\">Igualdad de G\u00e9nero<\/a><\/li>\n<li class=\"page_item page-item-10106\"><a href=\"https:\/\/www.oaxaca.gob.mx\/salud\/inicia-vacunacion-contra-covid-19-para-adultos-mayores-en-11-municipios-de-valles-centrales\/\">Inicia vacunaci\u00f3n contra COVID-19 para adultos mayores, en 11 municipios de Valles Centrales.<\/a><\/li>\n<li class=\"page_item page-item-7587\"><a href=\"https:\/\/www.oaxaca.gob.mx\/salud\/\">Inicio<\/a><\/li>\n<li class=\"page_item page-item-513\"><a href=\"https:\/\/www.oaxaca.gob.mx\/salud\/instrucciones-para-autores\/\">Instrucciones para Autores<\/a><\/li>\n<li class=\"page_item page-item-12221\"><a href=\"https:\/\/www.oaxaca.gob.mx\/salud\/inventario-de-bienes-muebles-y-altas\/\">Inventario de Bienes Muebles y Altas<\/a><\/li>\n<li class=\"page_item page-item-2312\"><a href=\"https:\/\/www.oaxaca.gob.mx\/salud\/ley-general-de-transparencia\/\">Ley General de Transparencia<\/a><\/li>\n<li class=\"page_item page-item-1257\"><a href=\"https:\/\/www.oaxaca.gob.mx\/salud\/licitaciones-publicas\/\">Licitaciones P\u00fablicas<\/a><\/li>\n<li class=\"page_item page-item-10297\"><a href=\"https:\/\/www.oaxaca.gob.mx\/salud\/lineamientos-de-operacion-del-grupo-de-trabajo-de-administracion-de-riesgos-de-los-servicios-de-salud-de-oaxaca-y-de-la-secretaria-de-salud\/\">LINEAMIENTOS DE OPERACI\u00d3N DEL GRUPO DE TRABAJO DE ADMINISTRACI\u00d3N DE RIESGOS DE LOS SERVICIOS DE SALUD DE OAXACA Y DE LA SECRETAR\u00cdA DE SALUD<\/a><\/li>\n<li class=\"page_item page-item-8296\"><a href=\"https:\/\/www.oaxaca.gob.mx\/salud\/manual-de-organizacion\/\">Manual de Organizaci\u00f3n<\/a><\/li>\n<li class=\"page_item page-item-5497\"><a href=\"https:\/\/www.oaxaca.gob.mx\/salud\/manuales\/\">Manuales de Organizaci\u00f3n y Procedimientos.<\/a><\/li>\n<li class=\"page_item page-item-11674\"><a href=\"https:\/\/www.oaxaca.gob.mx\/salud\/mapa-del-sitio\/\">Mapa del Sitio<\/a><\/li>\n<li class=\"page_item page-item-29\"><a href=\"https:\/\/www.oaxaca.gob.mx\/salud\/normatividad\/\">Marco Jur\u00eddico<\/a><\/li>\n<li class=\"page_item page-item-12160\"><a href=\"https:\/\/www.oaxaca.gob.mx\/salud\/mir\/\">MIR<\/a><\/li>\n<li class=\"page_item page-item-17\"><a href=\"https:\/\/www.oaxaca.gob.mx\/salud\/mision-y-vision\/\">Misi\u00f3n, Visi\u00f3n y Objetivos<\/a><\/li>\n<li class=\"page_item page-item-31\"><a href=\"https:\/\/www.oaxaca.gob.mx\/salud\/noticias\/\">Noticias<\/a><\/li>\n<li class=\"page_item page-item-19\"><a href=\"https:\/\/www.oaxaca.gob.mx\/salud\/objetivo-general\/\">Objetivo General<\/a><\/li>\n<li class=\"page_item page-item-9796\"><a href=\"https:\/\/www.oaxaca.gob.mx\/salud\/obras-2\/\">Obras<\/a><\/li>\n<li class=\"page_item page-item-8345\"><a href=\"https:\/\/www.oaxaca.gob.mx\/salud\/organigrama-2\/\">Organigrama<\/a><\/li>\n<li class=\"page_item page-item-13310\"><a href=\"https:\/\/www.oaxaca.gob.mx\/salud\/organigrama-coepriso\/\">Organigrama COEPRISO<\/a><\/li>\n<li class=\"page_item page-item-8814\"><a href=\"https:\/\/www.oaxaca.gob.mx\/salud\/p-o-a\/\">P.O.A.<\/a><\/li>\n<li class=\"page_item page-item-8491\"><a href=\"https:\/\/www.oaxaca.gob.mx\/salud\/pagina-ejemplo-2\/\">P\u00e1gina de ejemplo<\/a><\/li>\n<li class=\"page_item page-item-2\"><a href=\"https:\/\/www.oaxaca.gob.mx\/salud\/pagina-ejemplo\/\">P\u00e1gina de ejemplo<\/a><\/li>\n<li class=\"page_item page-item-2510\"><a href=\"https:\/\/www.oaxaca.gob.mx\/salud\/participacion-en-proyectos\/\">Participaci\u00f3n en Proyectos<\/a><\/li>\n<li class=\"page_item page-item-10102\"><a href=\"https:\/\/www.oaxaca.gob.mx\/salud\/presenta-sso-y-iaip-microsito-de-vacunacion-contra-el-covid-19-en-oaxaca\/\">Presenta SSO y IAIP microsito de vacunaci\u00f3n contra el COVID-19 en Oaxaca.<\/a><\/li>\n<li class=\"page_item page-item-7615\"><a href=\"https:\/\/www.oaxaca.gob.mx\/salud\/presupuestarios\/\">Presupuestarios<\/a><\/li>\n<li class=\"page_item page-item-8966\"><a href=\"https:\/\/www.oaxaca.gob.mx\/salud\/programa-anual-de-adquisiciones-arrendamientos-y-servicios\/\">Programa Anual de Adquisiciones, Arrendamientos y Servicios<\/a><\/li>\n<li class=\"page_item page-item-5228\"><a href=\"https:\/\/www.oaxaca.gob.mx\/salud\/programa-de-estimulos-a-la-calidad-del-desempeno-de-salud\/\">Programa de Est\u00edmulos a la Calidad del Desempe\u00f1o de Salud 2019.<\/a><\/li>\n<li class=\"page_item page-item-10290\"><a href=\"https:\/\/www.oaxaca.gob.mx\/salud\/programa-de-estimulos-a-la-calidad-del-desempeno-del-personal-de-salud-2021\/\">PROGRAMA DE EST\u00cdMULOS A LA CALIDAD DEL DESEMPE\u00d1O DEL PERSONAL DE SALUD 2021.<\/a><\/li>\n<li class=\"page_item page-item-7602\"><a href=\"https:\/\/www.oaxaca.gob.mx\/salud\/programa-anual-de-obras-publicas\/\">Programa de Obras P\u00fablicas<\/a><\/li>\n<li class=\"page_item page-item-250\"><a href=\"https:\/\/www.oaxaca.gob.mx\/salud\/programas-de-atencion-medica\/\">Programas de Atenci\u00f3n M\u00e9dica<\/a><\/li>\n<li class=\"page_item page-item-253\"><a href=\"https:\/\/www.oaxaca.gob.mx\/salud\/programas-de-prevencion-y-promocion-a-la-salud\/\">Programas de Prevenci\u00f3n y Promoci\u00f3n de la Salud<\/a><\/li>\n<li class=\"page_item page-item-247\"><a href=\"https:\/\/www.oaxaca.gob.mx\/salud\/programas-de-regulacion-y-fomento-sanitario\/\">Programas de Regulaci\u00f3n y Fomento Sanitario<\/a><\/li>\n<li class=\"page_item page-item-10118\"><a href=\"https:\/\/www.oaxaca.gob.mx\/salud\/realiza-sso-operativo-cuaresma-2021\/\">Realiza SSO operativo Cuaresma 2021.<\/a><\/li>\n<li class=\"page_item page-item-10336\"><a href=\"https:\/\/www.oaxaca.gob.mx\/salud\/reinstala-sso-comite-para-prevenir-la-mortalidad-materna-y-perinatal-en-la-entidad\/\">REINSTALA SSO COMIT\u00c9 PARA PREVENIR LA MORTALIDAD MATERNA Y PERINATAL EN LA ENTIDAD.<\/a><\/li>\n<li class=\"page_item page-item-509\"><a href=\"https:\/\/www.oaxaca.gob.mx\/salud\/revisores-y-traduccion\/\">Revisores y Traducci\u00f3n<\/a><\/li>\n<li class=\"page_item page-item-451\"><a href=\"https:\/\/www.oaxaca.gob.mx\/salud\/revista-avance-en-ciencia-salud-y-medicina\/\">Revista Avance<\/a><\/li>\n<li class=\"page_item page-item-11\"><a href=\"https:\/\/www.oaxaca.gob.mx\/salud\/sala-de-prensa\/\">Sala de Prensa<\/a><\/li>\n<li class=\"page_item page-item-2812\"><a href=\"https:\/\/www.oaxaca.gob.mx\/salud\/sistema-de-formato-unico\/\">SFU Y SRFT<\/a><\/li>\n<li class=\"page_item page-item-10094\"><a href=\"https:\/\/www.oaxaca.gob.mx\/salud\/signan-convenio-sso-uabjo-para-resguardo-de-vacunas-de-pfizer-biontech\/\">Signan convenio SSO-UABJO  para resguardo de vacunas de Pfizer-BioNTech.<\/a><\/li>\n<li class=\"page_item page-item-3004\"><a href=\"https:\/\/www.oaxaca.gob.mx\/salud\/sinpres\/\">SINPRES Y\/O SEFIP<\/a><\/li>\n<li class=\"page_item page-item-11036\"><a href=\"https:\/\/www.oaxaca.gob.mx\/salud\/sug\/\">SUG<\/a><\/li>\n<li class=\"page_item page-item-10108\"><a href=\"https:\/\/www.oaxaca.gob.mx\/salud\/toman-protesta-a-nuevos-integrantes-del-concejo-estatal-de-trasplantes-coetra\/\">Toman protesta a nuevos integrantes del Concejo Estatal de Trasplantes (COETRA).<\/a><\/li>\n<li class=\"page_item page-item-13\"><a href=\"https:\/\/www.oaxaca.gob.mx\/salud\/transparencia\/\">Transparencia<\/a><\/li>\n<li class=\"page_item page-item-13760\"><a href=\"https:\/\/www.oaxaca.gob.mx\/salud\/verificadores-coepriso\/\">Verificadores COEPRISO<\/a><\/li>\n<li class=\"page_item page-item-482\"><a href=\"https:\/\/www.oaxaca.gob.mx\/salud\/volumen-1-numero-1-abril-junio-2013\/\">Volumen 1, N\u00famero 1, (Abril-Junio 2013)<\/a><\/li>\n<li class=\"page_item page-item-480\"><a href=\"https:\/\/www.oaxaca.gob.mx\/salud\/volumen-1-numero-2-julio-septiembre-2013\/\">Volumen 1, N\u00famero 2, (Julio-Septiembre 2013)<\/a><\/li>\n<li class=\"page_item page-item-478\"><a href=\"https:\/\/www.oaxaca.gob.mx\/salud\/volumen-1-numero-3-octubre-diciembre-2013\/\">Volumen 1, N\u00famero 3, (Octubre-Diciembre 2013)<\/a><\/li>\n<li class=\"page_item page-item-476\"><a href=\"https:\/\/www.oaxaca.gob.mx\/salud\/volumen-2-numero-1-enero-marzo-2014\/\">Volumen 2, N\u00famero 1, (Enero-Marzo 2014)<\/a><\/li>\n<li class=\"page_item page-item-473\"><a href=\"https:\/\/www.oaxaca.gob.mx\/salud\/volumen-2-numero-2-abril-junio-2014\/\">Volumen 2, N\u00famero 2, (Abril-Junio 2014)<\/a><\/li>\n<li class=\"page_item page-item-471\"><a href=\"https:\/\/www.oaxaca.gob.mx\/salud\/volumen-2-numero-3-julio-septiembre-2014\/\">Volumen 2, N\u00famero 3, (Julio-Septiembre 2014)<\/a><\/li>\n<li class=\"page_item page-item-467\"><a href=\"https:\/\/www.oaxaca.gob.mx\/salud\/volumen-2-numero-4-octubre-diciembre-2014\/\">Volumen 2, N\u00famero 4, (Octubre-Diciembre 2014)<\/a><\/li>\n<li class=\"page_item page-item-465\"><a href=\"https:\/\/www.oaxaca.gob.mx\/salud\/volumen-3-numero-1-enero-marzo-2015\/\">Volumen 3, N\u00famero 1, (Enero-Marzo 2015)<\/a><\/li>\n<li class=\"page_item page-item-462\"><a href=\"https:\/\/www.oaxaca.gob.mx\/salud\/volumen-3-numero-2-abril-junio-2015\/\">Volumen 3, N\u00famero 2, (Abril-Junio 2015)<\/a><\/li>\n<li class=\"page_item page-item-457\"><a href=\"https:\/\/www.oaxaca.gob.mx\/salud\/volumen-3-numero-3-julio-septiembre-2015\/\">Volumen 3, N\u00famero 3, (Julio-Septiembre 2015)<\/a><\/li>\n<li class=\"page_item page-item-4017\"><a href=\"https:\/\/www.oaxaca.gob.mx\/salud\/volumen-4-numero-1-enero-marzo-2017\/\">Volumen 4, N\u00famero 1, (Enero-Marzo 2017)<\/a><\/li>\n<li class=\"page_item page-item-4360\"><a href=\"https:\/\/www.oaxaca.gob.mx\/salud\/volumen-4-numero-2-abril-junio-2017\/\">Volumen 4, N\u00famero 2, (Abril-Junio 2017)<\/a><\/li>\n<li class=\"page_item page-item-4786\"><a href=\"https:\/\/www.oaxaca.gob.mx\/salud\/volumen-4-numero-3-julio-septiembre-2017\/\">Volumen 4, N\u00famero 3, (Julio-Septiembre 2017)<\/a><\/li>\n<li class=\"page_item page-item-4805\"><a href=\"https:\/\/www.oaxaca.gob.mx\/salud\/volumen-4-numero-4-octubre-diciembre-2017\/\">Volumen 4, N\u00famero 4, (Octubre-Diciembre 2017)<\/a><\/li>\n<li class=\"page_item page-item-7606\"><a href=\"https:\/\/www.oaxaca.gob.mx\/salud\/volumen-5-numero-1-enero-marzo-2018\/\">Volumen 5, N\u00famero 1, (Enero-Marzo 2018)<\/a><\/li>\n<li class=\"page_item page-item-7617\"><a href=\"https:\/\/www.oaxaca.gob.mx\/salud\/volumen-5-numero-2-abril-junio-2018\/\">Volumen 5, N\u00famero 2, (Abril-Junio 2018)<\/a><\/li>\n<li class=\"page_item page-item-7619\"><a href=\"https:\/\/www.oaxaca.gob.mx\/salud\/volumen-5-numero-3-julio-septiembre-2018\/\">Volumen 5, N\u00famero 3, (Julio-Septiembre 2018)<\/a><\/li>\n<li class=\"page_item page-item-7621\"><a href=\"https:\/\/www.oaxaca.gob.mx\/salud\/volumen-5-numero-4-octubre-diciembre-2018\/\">Volumen 5, N\u00famero 4, (Octubre-Diciembre 2018)<\/a><\/li>\n<li class=\"page_item page-item-8493\"><a href=\"https:\/\/www.oaxaca.gob.mx\/salud\/volumen-6-numero-1-enero-marzo-2019\/\">Volumen 6, N\u00famero 1, (Enero-Marzo 2019)<\/a><\/li>\n<li class=\"page_item page-item-8613\"><a href=\"https:\/\/www.oaxaca.gob.mx\/salud\/volumen-6-numero-2-abril-junio-2019\/\">Volumen 6, N\u00famero 2, (Abril-Junio 2019)<\/a><\/li>\n<li class=\"page_item page-item-8753\"><a href=\"https:\/\/www.oaxaca.gob.mx\/salud\/volumen-6-numero-3-julio-septiembre-2019\/\">Volumen 6, N\u00famero 3, (Julio-Septiembre 2019)<\/a><\/li>\n<li class=\"page_item page-item-9524\"><a href=\"https:\/\/www.oaxaca.gob.mx\/salud\/volumen-6-numero-4-octubre-diciembre-2019\/\">Volumen 6, N\u00famero 4, (Octubre-Diciembre 2019)<\/a><\/li>\n<li class=\"page_item page-item-9647\"><a href=\"https:\/\/www.oaxaca.gob.mx\/salud\/volumen-7-numero-1-enero-marzo-2020\/\">Volumen 7, N\u00famero 1, (Enero-Marzo 2020)<\/a><\/li>\n<li class=\"page_item page-item-9822\"><a href=\"https:\/\/www.oaxaca.gob.mx\/salud\/volumen-7-numero-2-abril-junio-2020\/\">Volumen 7, N\u00famero 2, (Abril-Junio 2020)<\/a><\/li>\n<li class=\"page_item page-item-9887\"><a href=\"https:\/\/www.oaxaca.gob.mx\/salud\/volumen-7-numero-3-julio-septiembre-2020\/\">Volumen 7, N\u00famero 3, (Julio-Septiembre 2020)<\/a><\/li>\n<li class=\"page_item page-item-10188\"><a href=\"https:\/\/www.oaxaca.gob.mx\/salud\/volumen-7-numero-4-octubre-diciembre-2020\/\">Volumen 7, N\u00famero 4, (Octubre-Diciembre 2020)<\/a><\/li>\n<li class=\"page_item page-item-10448\"><a href=\"https:\/\/www.oaxaca.gob.mx\/salud\/volumen-8-numero-1-enero-marzo-2021\/\">Volumen 8, N\u00famero 1, (Enero-Marzo 2021)<\/a><\/li>\n<li class=\"page_item page-item-10452\"><a href=\"https:\/\/www.oaxaca.gob.mx\/salud\/volumen-8-numero-2-abril-junio-2021\/\">Volumen 8, N\u00famero 2, (Abril-Junio 2021)<\/a><\/li>\n<li class=\"page_item page-item-10723\"><a href=\"https:\/\/www.oaxaca.gob.mx\/salud\/volumen-8-numero-3-julio-septiembre-2021\/\">Volumen 8, N\u00famero 3, (Julio-Septiembre 2021)<\/a><\/li>\n<\/ul>\n<\/div>\n","protected":false},"excerpt":{"rendered":"","protected":false},"author":1,"featured_media":0,"parent":0,"menu_order":0,"comment_status":"closed","ping_status":"closed","template":"","meta":{"episode_type":"","audio_file":"","podmotor_file_id":"","podmotor_episode_id":"","cover_image":"","cover_image_id":"","duration":"","filesize":"","filesize_raw":"","date_recorded":"","explicit":"","block":"","itunes_episode_number":"","itunes_title":"","itunes_season_number":"","itunes_episode_type":"","footnotes":""},"categories":[],"tags":[],"class_list":["post-11674","page","type-page","status-publish","hentry"],"acf":[],"publishpress_future_action":{"enabled":false,"date":"2026-05-11 06:09:31","action":"change-status","newStatus":"draft","terms":[],"taxonomy":"category","extraData":[]},"publishpress_future_workflow_manual_trigger":{"enabledWorkflows":[]},"_links":{"self":[{"href":"https:\/\/www.oaxaca.gob.mx\/salud\/wp-json\/wp\/v2\/pages\/11674","targetHints":{"allow":["GET"]}}],"collection":[{"href":"https:\/\/www.oaxaca.gob.mx\/salud\/wp-json\/wp\/v2\/pages"}],"about":[{"href":"https:\/\/www.oaxaca.gob.mx\/salud\/wp-json\/wp\/v2\/types\/page"}],"author":[{"embeddable":true,"href":"https:\/\/www.oaxaca.gob.mx\/salud\/wp-json\/wp\/v2\/users\/1"}],"replies":[{"embeddable":true,"href":"https:\/\/www.oaxaca.gob.mx\/salud\/wp-json\/wp\/v2\/comments?post=11674"}],"version-history":[{"count":1,"href":"https:\/\/www.oaxaca.gob.mx\/salud\/wp-json\/wp\/v2\/pages\/11674\/revisions"}],"predecessor-version":[{"id":11675,"href":"https:\/\/www.oaxaca.gob.mx\/salud\/wp-json\/wp\/v2\/pages\/11674\/revisions\/11675"}],"wp:attachment":[{"href":"https:\/\/www.oaxaca.gob.mx\/salud\/wp-json\/wp\/v2\/media?parent=11674"}],"wp:term":[{"taxonomy":"category","embeddable":true,"href":"https:\/\/www.oaxaca.gob.mx\/salud\/wp-json\/wp\/v2\/categories?post=11674"},{"taxonomy":"post_tag","embeddable":true,"href":"https:\/\/www.oaxaca.gob.mx\/salud\/wp-json\/wp\/v2\/tags?post=11674"}],"curies":[{"name":"wp","href":"https:\/\/api.w.org\/{rel}","templated":true}]}}