{"id":11308,"date":"2023-06-23T11:59:03","date_gmt":"2023-06-23T17:59:03","guid":{"rendered":"https:\/\/www.oaxaca.gob.mx\/salud\/?page_id=11308"},"modified":"2026-04-29T12:50:46","modified_gmt":"2026-04-29T18:50:46","slug":"cocoi","status":"publish","type":"page","link":"https:\/\/www.oaxaca.gob.mx\/salud\/cocoi\/","title":{"rendered":"COCOI"},"content":{"rendered":"<p><b>COORDINACI\u00d3N DE CONTROL INTERNO DE LOS SERVICIOS DE SALUD DE OAXACA<\/b><b>.<\/b><\/p>\n<p>&nbsp;<\/p>\n<p>&nbsp;<\/p>\n<p>&nbsp;<\/p>\n<p>&nbsp;<\/p>\n<table border=\"0\" width=\"550\" align=\"center\">\n<tbody>\n<tr>\n<td align=\"left\"><strong>A\u00f1o 2026<\/strong><\/td>\n<\/tr>\n<tr>\n<td><strong>RAT-PTCI<\/strong><\/p>\n<p><a href=\"https:\/\/www.oaxaca.gob.mx\/salud\/wp-content\/uploads\/sites\/32\/2026\/03\/PTCI_2026.pdf\" target=\"_blank\" rel=\"noopener noreferrer\">-PT<\/a><br \/>\n<a href=\"https:\/\/www.oaxaca.gob.mx\/salud\/wp-content\/uploads\/sites\/32\/2026\/04\/RAT_1_PTCI_2026.pdf\" target=\"_blank\" rel=\"noopener noreferrer\">-1er Trimestre 2026<\/a><\/td>\n<\/tr>\n<tr>\n<td><strong>RAT-PTAR<\/strong><\/p>\n<p><a href=\"https:\/\/www.oaxaca.gob.mx\/salud\/wp-content\/uploads\/sites\/32\/2026\/03\/PTAR_2026.pdf\" target=\"_blank\" rel=\"noopener noreferrer\">-PT<\/a><br \/>\n<a href=\"https:\/\/www.oaxaca.gob.mx\/salud\/wp-content\/uploads\/sites\/32\/2026\/04\/RAT_1_PTAR_2026.pdf\" target=\"_blank\" rel=\"noopener noreferrer\">-1er Trimestre 2026<\/a><\/td>\n<\/tr>\n<tr>\n<td><strong>Actas<\/strong><\/p>\n<p><a href=\"https:\/\/www.oaxaca.gob.mx\/salud\/wp-content\/uploads\/sites\/32\/2026\/03\/Acta_COCOI_1_ord_10mar26_firmada.pdf\" target=\"_blank\" rel=\"noopener noreferrer\">-1ra Sesi\u00f3n Ordinaria 2026<\/a><\/td>\n<\/tr>\n<tr>\n<td align=\"left\"><strong>A\u00f1o 2025<\/strong><\/td>\n<\/tr>\n<tr>\n<td><strong>RAT-PTCI<\/strong><\/p>\n<p><a href=\"https:\/\/www.oaxaca.gob.mx\/salud\/wp-content\/uploads\/sites\/32\/2025\/04\/RAT_1_PTCI_2025.pdf\" target=\"_blank\" rel=\"noopener noreferrer\">-1er Trimestre 2025<\/a><br \/>\n<a href=\"https:\/\/www.oaxaca.gob.mx\/salud\/wp-content\/uploads\/sites\/32\/2025\/08\/RAT_2_PTCI_2025_SSO.pdf\" target=\"_blank\" rel=\"noopener noreferrer\">-2do Trimestre 2025<\/a><br \/>\n<a href=\"https:\/\/www.oaxaca.gob.mx\/salud\/wp-content\/uploads\/sites\/32\/2025\/10\/RAT_3_PTCI_2025.pdf\" target=\"_blank\" rel=\"noopener noreferrer\">-3er Trimestre 2025<\/a><\/td>\n<\/tr>\n<tr>\n<td><strong>RAT-PTAR<\/strong><\/p>\n<p><a href=\"https:\/\/www.oaxaca.gob.mx\/salud\/wp-content\/uploads\/sites\/32\/2025\/04\/RAT_1_PTAR_2025.pdf\" target=\"_blank\" rel=\"noopener noreferrer\">-1er Trimestre 2025<\/a><br \/>\n<a href=\"https:\/\/www.oaxaca.gob.mx\/salud\/wp-content\/uploads\/sites\/32\/2025\/07\/RAT_2_PTAR_2025.pdf\" target=\"_blank\" rel=\"noopener noreferrer\">-2do Trimestre 2025<\/a><br \/>\n<a href=\"https:\/\/www.oaxaca.gob.mx\/salud\/wp-content\/uploads\/sites\/32\/2025\/10\/RAT_3_PTAR_2025.pdf\" target=\"_blank\" rel=\"noopener noreferrer\">-3er Trimestre 2025<\/a><\/td>\n<\/tr>\n<tr>\n<td><strong>Actas<\/strong><\/p>\n<p><a href=\"https:\/\/www.oaxaca.gob.mx\/salud\/wp-content\/uploads\/sites\/32\/2025\/03\/Acta_COCOI_2_Ord_24mar25_firmada.pdf\" target=\"_blank\" rel=\"noopener noreferrer\">-1ra Sesi\u00f3n Ordinaria 2025<\/a><br \/>\n<a href=\"https:\/\/www.oaxaca.gob.mx\/salud\/wp-content\/uploads\/sites\/32\/2025\/06\/acta_COCOI_2_ord_28may25.pdf\" target=\"_blank\" rel=\"noopener noreferrer\">-2da Sesi\u00f3n Ordinaria 2025<\/a><br \/>\n<a href=\"https:\/\/www.oaxaca.gob.mx\/salud\/wp-content\/uploads\/sites\/32\/2025\/09\/acta_COCOI_3_ord_29ago25.pdf\" target=\"_blank\" rel=\"noopener noreferrer\">-3ra Sesi\u00f3n Ordinaria 2025<\/a><\/td>\n<\/tr>\n<\/tbody>\n<\/table>\n<h3><\/h3>\n<h3><strong>Programa de Trabajo de Control Interno (PTCI) 2025<\/strong><\/h3>\n<a href=\"https:\/\/www.oaxaca.gob.mx\/salud\/wp-content\/uploads\/sites\/32\/2025\/06\/PTCI_2025_act.pdf\" class=\"pdfemb-viewer\" style=\"\" data-width=\"max\" data-height=\"max\" data-toolbar=\"top\" data-toolbar-fixed=\"on\">PTCI_2025_act<\/a>\n<h3><\/h3>\n<h3><strong>Programa de Trabajo de Administraci\u00f3n de Riesgos (PTAR) 2025<\/strong><\/h3>\n<a href=\"https:\/\/www.oaxaca.gob.mx\/salud\/wp-content\/uploads\/sites\/32\/2025\/06\/PTAR_2025_act.pdf\" class=\"pdfemb-viewer\" style=\"\" data-width=\"max\" data-height=\"max\" data-toolbar=\"top\" data-toolbar-fixed=\"on\">PTAR_2025_act<\/a>\n<h3><\/h3>\n<h3><strong>Lineamientos<\/strong><\/h3>\n<a href=\"https:\/\/www.oaxaca.gob.mx\/salud\/wp-content\/uploads\/sites\/32\/2025\/01\/lineamientos_GT_AR_SSO_26nov24.pdf\" class=\"pdfemb-viewer\" style=\"\" data-width=\"max\" data-height=\"max\" data-toolbar=\"top\" data-toolbar-fixed=\"on\">lineamientos_GT_AR_SSO_26nov24<\/a>\n<p>&nbsp;<\/p>\n<a href=\"https:\/\/www.oaxaca.gob.mx\/salud\/wp-content\/uploads\/sites\/32\/2023\/12\/nuevo_acuerdo_manual_CI_06jul23.pdf\" class=\"pdfemb-viewer\" style=\"\" data-width=\"max\" data-height=\"max\" data-toolbar=\"top\" data-toolbar-fixed=\"on\">nuevo_acuerdo_manual_CI_06jul23<\/a>\n<p>&nbsp;<\/p>\n<a href=\"https:\/\/www.oaxaca.gob.mx\/salud\/wp-content\/uploads\/sites\/32\/2023\/06\/lineamientos_GTAR-SSO_28mar23.pdf\" class=\"pdfemb-viewer\" style=\"\" data-width=\"max\" data-height=\"max\" data-toolbar=\"top\" data-toolbar-fixed=\"on\">lineamientos_GTAR-SSO_28mar23<\/a>\n","protected":false},"excerpt":{"rendered":"<p>COORDINACI\u00d3N DE CONTROL INTERNO DE LOS SERVICIOS DE SALUD DE OAXACA. &nbsp; &nbsp; &nbsp; &nbsp; A\u00f1o 2026 RAT-PTCI -PT -1er Trimestre 2026 RAT-PTAR -PT -1er Trimestre 2026 Actas -1ra Sesi\u00f3n Ordinaria 2026 A\u00f1o 2025 RAT-PTCI -1er Trimestre 2025 -2do Trimestre 2025 -3er Trimestre 2025 RAT-PTAR -1er Trimestre 2025 -2do Trimestre 2025 -3er Trimestre 2025 Actas [&hellip;]<\/p>\n","protected":false},"author":41,"featured_media":0,"parent":0,"menu_order":0,"comment_status":"closed","ping_status":"closed","template":"","meta":{"episode_type":"","audio_file":"","podmotor_file_id":"","podmotor_episode_id":"","cover_image":"","cover_image_id":"","duration":"","filesize":"","filesize_raw":"","date_recorded":"","explicit":"","block":"","itunes_episode_number":"","itunes_title":"","itunes_season_number":"","itunes_episode_type":"","footnotes":""},"categories":[],"tags":[],"class_list":["post-11308","page","type-page","status-publish","hentry"],"acf":[],"publishpress_future_action":{"enabled":false,"date":"2026-05-15 21:21:44","action":"change-status","newStatus":"draft","terms":[],"taxonomy":"category","extraData":[]},"publishpress_future_workflow_manual_trigger":{"enabledWorkflows":[]},"_links":{"self":[{"href":"https:\/\/www.oaxaca.gob.mx\/salud\/wp-json\/wp\/v2\/pages\/11308","targetHints":{"allow":["GET"]}}],"collection":[{"href":"https:\/\/www.oaxaca.gob.mx\/salud\/wp-json\/wp\/v2\/pages"}],"about":[{"href":"https:\/\/www.oaxaca.gob.mx\/salud\/wp-json\/wp\/v2\/types\/page"}],"author":[{"embeddable":true,"href":"https:\/\/www.oaxaca.gob.mx\/salud\/wp-json\/wp\/v2\/users\/41"}],"replies":[{"embeddable":true,"href":"https:\/\/www.oaxaca.gob.mx\/salud\/wp-json\/wp\/v2\/comments?post=11308"}],"version-history":[{"count":2,"href":"https:\/\/www.oaxaca.gob.mx\/salud\/wp-json\/wp\/v2\/pages\/11308\/revisions"}],"predecessor-version":[{"id":13502,"href":"https:\/\/www.oaxaca.gob.mx\/salud\/wp-json\/wp\/v2\/pages\/11308\/revisions\/13502"}],"wp:attachment":[{"href":"https:\/\/www.oaxaca.gob.mx\/salud\/wp-json\/wp\/v2\/media?parent=11308"}],"wp:term":[{"taxonomy":"category","embeddable":true,"href":"https:\/\/www.oaxaca.gob.mx\/salud\/wp-json\/wp\/v2\/categories?post=11308"},{"taxonomy":"post_tag","embeddable":true,"href":"https:\/\/www.oaxaca.gob.mx\/salud\/wp-json\/wp\/v2\/tags?post=11308"}],"curies":[{"name":"wp","href":"https:\/\/api.w.org\/{rel}","templated":true}]}}