{"id":10448,"date":"2021-11-26T11:11:10","date_gmt":"2021-11-26T17:11:10","guid":{"rendered":"https:\/\/www.oaxaca.gob.mx\/salud\/?page_id=10448"},"modified":"2021-11-26T11:11:10","modified_gmt":"2021-11-26T17:11:10","slug":"volumen-8-numero-1-enero-marzo-2021","status":"publish","type":"page","link":"https:\/\/www.oaxaca.gob.mx\/salud\/volumen-8-numero-1-enero-marzo-2021\/","title":{"rendered":"Volumen 8, N\u00famero 1, (Enero-Marzo 2021)"},"content":{"rendered":"<p>Portada N\u00fam. 1 Vol. 8 2021 <a href=\"https:\/\/www.oaxaca.gob.mx\/salud\/wp-content\/uploads\/sites\/32\/2021\/11\/PORTADA-ENERO-2021.pdf\" target=\"_blank\" rel=\"noopener noreferrer\"><i class=\"far fa-file-pdf fa-2x\">\u00a0<\/i><\/a><\/p>\n<p>Volumen 8, N\u00famero 1 2021<br \/>\nComit\u00e9 Editorial <a href=\"https:\/\/www.oaxaca.gob.mx\/salud\/wp-content\/uploads\/sites\/32\/2020\/08\/ACS201-01E.pdf\" target=\"_blank\" rel=\"noopener noreferrer\"><i class=\"far fa-file-pdf fa-2x\">\u00a0<\/i><\/a><\/p>\n<p>Volumen 8, N\u00famero 1 2021 ( Art\u00edculo Original )<br \/>\nAlteraciones causadas por inhibidores.<br \/>\n<a href=\"https:\/\/www.oaxaca.gob.mx\/salud\/wp-content\/uploads\/sites\/32\/2021\/11\/Articulo-Original-3_Alteraciones-causadas-por-inhibidores.pdf\" target=\"_blank\" rel=\"noopener noreferrer\"><i class=\"far fa-file-pdf fa-2x\">\u00a0<\/i><\/a><\/p>\n<p>Volumen 8, N\u00famero 1 2021 ( Art\u00edculo Original )<br \/>\nSindrome hemofagocitico. <a href=\"https:\/\/www.oaxaca.gob.mx\/salud\/wp-content\/uploads\/sites\/32\/2021\/11\/Articulo-Original-2_Sindrome-hemofagocitico.pdf\" target=\"_blank\" rel=\"noopener noreferrer\"><i class=\"far fa-file-pdf fa-2x\">\u00a0<\/i><\/a><\/p>\n<p>Volumen 8, N\u00famero 1 2021 ( Art\u00edculo Original )<br \/>\nModulaci\u00f3n de los indices de resistencia a la insulinamodulaci\u00f3n. <a href=\"https:\/\/www.oaxaca.gob.mx\/salud\/wp-content\/uploads\/sites\/32\/2021\/11\/Articulo-Original-1_Modulacion-de-los-indices-de-resistencia-a-la-insulinamodulacion.pdf\" target=\"_blank\" rel=\"noopener noreferrer\"><i class=\"far fa-file-pdf fa-2x\">\u00a0<\/i><\/a><\/p>\n<p>Volumen 8, N\u00famero 1 2021 (Art\u00edculo en Revisi\u00f3n )<br \/>\nAterombosis. <a href=\"https:\/\/www.oaxaca.gob.mx\/salud\/wp-content\/uploads\/sites\/32\/2021\/11\/Articulo-de-Revision_Aterombosis.pdf\" target=\"_blank\" rel=\"noopener noreferrer\"><i class=\"far fa-file-pdf fa-2x\">\u00a0<\/i><\/a><\/p>\n<p>Volumen 8, N\u00famero 1 2021 (Novedades en Salud)<br \/>\nPandemia COVID en estudiantes. <a href=\"https:\/\/www.oaxaca.gob.mx\/salud\/wp-content\/uploads\/sites\/32\/2021\/11\/Arte-y-Medicina_Pandemia-covid-en-estudiantes.pdf\" target=\"_blank\" rel=\"noopener noreferrer\"><i class=\"far fa-file-pdf fa-2x\">\u00a0<\/i><\/a><\/p>\n","protected":false},"excerpt":{"rendered":"<p>Portada N\u00fam. 1 Vol. 8 2021 \u00a0 Volumen 8, N\u00famero 1 2021 Comit\u00e9 Editorial \u00a0 Volumen 8, N\u00famero 1 2021 ( Art\u00edculo Original ) Alteraciones causadas por inhibidores. \u00a0 Volumen 8, N\u00famero 1 2021 ( Art\u00edculo Original ) Sindrome hemofagocitico. \u00a0 Volumen 8, N\u00famero 1 2021 ( Art\u00edculo Original ) Modulaci\u00f3n de los indices de [&hellip;]<\/p>\n","protected":false},"author":41,"featured_media":0,"parent":0,"menu_order":0,"comment_status":"closed","ping_status":"closed","template":"","meta":{"episode_type":"","audio_file":"","podmotor_file_id":"","podmotor_episode_id":"","cover_image":"","cover_image_id":"","duration":"","filesize":"","filesize_raw":"","date_recorded":"","explicit":"","block":"","itunes_episode_number":"","itunes_title":"","itunes_season_number":"","itunes_episode_type":"","footnotes":""},"categories":[],"tags":[],"class_list":["post-10448","page","type-page","status-publish","hentry"],"acf":[],"publishpress_future_action":{"enabled":false,"date":"2026-05-11 07:41:00","action":"change-status","newStatus":"draft","terms":[],"taxonomy":"category","extraData":[]},"publishpress_future_workflow_manual_trigger":{"enabledWorkflows":[]},"_links":{"self":[{"href":"https:\/\/www.oaxaca.gob.mx\/salud\/wp-json\/wp\/v2\/pages\/10448","targetHints":{"allow":["GET"]}}],"collection":[{"href":"https:\/\/www.oaxaca.gob.mx\/salud\/wp-json\/wp\/v2\/pages"}],"about":[{"href":"https:\/\/www.oaxaca.gob.mx\/salud\/wp-json\/wp\/v2\/types\/page"}],"author":[{"embeddable":true,"href":"https:\/\/www.oaxaca.gob.mx\/salud\/wp-json\/wp\/v2\/users\/41"}],"replies":[{"embeddable":true,"href":"https:\/\/www.oaxaca.gob.mx\/salud\/wp-json\/wp\/v2\/comments?post=10448"}],"version-history":[{"count":2,"href":"https:\/\/www.oaxaca.gob.mx\/salud\/wp-json\/wp\/v2\/pages\/10448\/revisions"}],"predecessor-version":[{"id":10450,"href":"https:\/\/www.oaxaca.gob.mx\/salud\/wp-json\/wp\/v2\/pages\/10448\/revisions\/10450"}],"wp:attachment":[{"href":"https:\/\/www.oaxaca.gob.mx\/salud\/wp-json\/wp\/v2\/media?parent=10448"}],"wp:term":[{"taxonomy":"category","embeddable":true,"href":"https:\/\/www.oaxaca.gob.mx\/salud\/wp-json\/wp\/v2\/categories?post=10448"},{"taxonomy":"post_tag","embeddable":true,"href":"https:\/\/www.oaxaca.gob.mx\/salud\/wp-json\/wp\/v2\/tags?post=10448"}],"curies":[{"name":"wp","href":"https:\/\/api.w.org\/{rel}","templated":true}]}}