{"id":10297,"date":"2021-07-16T10:10:48","date_gmt":"2021-07-16T15:10:48","guid":{"rendered":"https:\/\/www.oaxaca.gob.mx\/salud\/?page_id=10297"},"modified":"2021-07-16T10:10:48","modified_gmt":"2021-07-16T15:10:48","slug":"lineamientos-de-operacion-del-grupo-de-trabajo-de-administracion-de-riesgos-de-los-servicios-de-salud-de-oaxaca-y-de-la-secretaria-de-salud","status":"publish","type":"page","link":"https:\/\/www.oaxaca.gob.mx\/salud\/lineamientos-de-operacion-del-grupo-de-trabajo-de-administracion-de-riesgos-de-los-servicios-de-salud-de-oaxaca-y-de-la-secretaria-de-salud\/","title":{"rendered":"LINEAMIENTOS DE OPERACI\u00d3N DEL GRUPO DE TRABAJO DE ADMINISTRACI\u00d3N DE RIESGOS DE LOS SERVICIOS DE SALUD DE OAXACA Y DE LA SECRETAR\u00cdA DE SALUD"},"content":{"rendered":"[pdf]https:\/\/www.oaxaca.gob.mx\/salud\/wp-content\/uploads\/sites\/32\/2021\/07\/03_Lineamientos_operacion-_GTAR_26may21.pdf[\/pdf]\n","protected":false},"excerpt":{"rendered":"<p>[pdf]https:\/\/www.oaxaca.gob.mx\/salud\/wp-content\/uploads\/sites\/32\/2021\/07\/03_Lineamientos_operacion-_GTAR_26may21.pdf[\/pdf]<\/p>\n","protected":false},"author":41,"featured_media":0,"parent":0,"menu_order":0,"comment_status":"closed","ping_status":"closed","template":"","meta":{"episode_type":"","audio_file":"","podmotor_file_id":"","podmotor_episode_id":"","cover_image":"","cover_image_id":"","duration":"","filesize":"","filesize_raw":"","date_recorded":"","explicit":"","block":"","itunes_episode_number":"","itunes_title":"","itunes_season_number":"","itunes_episode_type":"","footnotes":""},"categories":[],"tags":[],"class_list":["post-10297","page","type-page","status-publish","hentry"],"acf":[],"publishpress_future_action":{"enabled":false,"date":"2026-05-11 08:01:45","action":"change-status","newStatus":"draft","terms":[],"taxonomy":"category","extraData":[]},"publishpress_future_workflow_manual_trigger":{"enabledWorkflows":[]},"_links":{"self":[{"href":"https:\/\/www.oaxaca.gob.mx\/salud\/wp-json\/wp\/v2\/pages\/10297","targetHints":{"allow":["GET"]}}],"collection":[{"href":"https:\/\/www.oaxaca.gob.mx\/salud\/wp-json\/wp\/v2\/pages"}],"about":[{"href":"https:\/\/www.oaxaca.gob.mx\/salud\/wp-json\/wp\/v2\/types\/page"}],"author":[{"embeddable":true,"href":"https:\/\/www.oaxaca.gob.mx\/salud\/wp-json\/wp\/v2\/users\/41"}],"replies":[{"embeddable":true,"href":"https:\/\/www.oaxaca.gob.mx\/salud\/wp-json\/wp\/v2\/comments?post=10297"}],"version-history":[{"count":2,"href":"https:\/\/www.oaxaca.gob.mx\/salud\/wp-json\/wp\/v2\/pages\/10297\/revisions"}],"predecessor-version":[{"id":10299,"href":"https:\/\/www.oaxaca.gob.mx\/salud\/wp-json\/wp\/v2\/pages\/10297\/revisions\/10299"}],"wp:attachment":[{"href":"https:\/\/www.oaxaca.gob.mx\/salud\/wp-json\/wp\/v2\/media?parent=10297"}],"wp:term":[{"taxonomy":"category","embeddable":true,"href":"https:\/\/www.oaxaca.gob.mx\/salud\/wp-json\/wp\/v2\/categories?post=10297"},{"taxonomy":"post_tag","embeddable":true,"href":"https:\/\/www.oaxaca.gob.mx\/salud\/wp-json\/wp\/v2\/tags?post=10297"}],"curies":[{"name":"wp","href":"https:\/\/api.w.org\/{rel}","templated":true}]}}