{"id":10092,"date":"2021-03-18T16:59:34","date_gmt":"2021-03-18T22:59:34","guid":{"rendered":"https:\/\/www.oaxaca.gob.mx\/salud\/?page_id=10092"},"modified":"2021-03-19T17:01:25","modified_gmt":"2021-03-19T23:01:25","slug":"continua-sso-vacunacion-contra-covid-19-a-personal-de-salud","status":"publish","type":"page","link":"https:\/\/www.oaxaca.gob.mx\/salud\/continua-sso-vacunacion-contra-covid-19-a-personal-de-salud\/","title":{"rendered":"Contin\u00faa SSO vacunaci\u00f3n contra COVID-19 a personal de salud."},"content":{"rendered":"<ul>\n<li><em>En estricto apego a la pol\u00edtica nacional de vacunaci\u00f3n contin\u00faa la aplicaci\u00f3n del inmunol\u00f3gico en Valles Centrales<\/em><\/li>\n<\/ul>\n<p>Oaxaca de Ju\u00e1rez, Oax, 28 de febrero de 2021.- Con el objetivo de implementar indicaciones plasmadas en los lineamientos de la pol\u00edtica nacional de vacunaci\u00f3n, los Servicios de Salud de Oaxaca (SSO) contin\u00faa vacunando a personal de salud en Valles Centrales.<\/p>\n<p>Siguiendo la instrucci\u00f3n del gobierno federal de aplicar los inmunol\u00f3gicos contra COVID-19 de manera gradual, escalonada y por etapas, los SSO infoman que el personal sanitario contin\u00faa recibiendo el inmunol\u00f3gico de manera ordenada y de acuerdo a lo establecido en el censo.<\/p>\n<p>Se prev\u00e9 que en las pr\u00f3ximas horas, se concluya la aplicaci\u00f3n de primeras y segundas dosis destinadas al personal de salud de las diversas instituciones en el estado para completar un total de\u00a0 8 mil 775 dosis de la farmac\u00e9utica Pfizer- BioNTech.<\/p>\n<p>Finalmente, los SSO informan que el proceso de vacunaci\u00f3n a nivel sanitario se lleva a cabo en total coordinaci\u00f3n con el enlace correcaminos de Oaxaca y el resto de instituciones de salud en la entidad, con total transparencia, atendiendo en todo momento los lineamientos, recomendaciones y disposiciones establecidas por el gobierno federal.<\/p>\n","protected":false},"excerpt":{"rendered":"<p>En estricto apego a la pol\u00edtica nacional de vacunaci\u00f3n contin\u00faa la aplicaci\u00f3n del inmunol\u00f3gico en Valles Centrales Oaxaca de Ju\u00e1rez, Oax, 28 de febrero de 2021.- Con el objetivo de implementar indicaciones plasmadas en los lineamientos de la pol\u00edtica nacional de vacunaci\u00f3n, los Servicios de Salud de Oaxaca (SSO) contin\u00faa vacunando a personal de salud [&hellip;]<\/p>\n","protected":false},"author":41,"featured_media":10088,"parent":0,"menu_order":0,"comment_status":"closed","ping_status":"closed","template":"","meta":{"episode_type":"","audio_file":"","podmotor_file_id":"","podmotor_episode_id":"","cover_image":"","cover_image_id":"","duration":"","filesize":"","filesize_raw":"","date_recorded":"","explicit":"","block":"","itunes_episode_number":"","itunes_title":"","itunes_season_number":"","itunes_episode_type":"","footnotes":""},"categories":[5,6],"tags":[],"class_list":["post-10092","page","type-page","status-publish","has-post-thumbnail","hentry","category-slide","category-noticias"],"acf":[],"publishpress_future_action":{"enabled":false,"date":"2026-05-11 07:57:48","action":"change-status","newStatus":"draft","terms":[],"taxonomy":"category","extraData":[]},"publishpress_future_workflow_manual_trigger":{"enabledWorkflows":[]},"_links":{"self":[{"href":"https:\/\/www.oaxaca.gob.mx\/salud\/wp-json\/wp\/v2\/pages\/10092","targetHints":{"allow":["GET"]}}],"collection":[{"href":"https:\/\/www.oaxaca.gob.mx\/salud\/wp-json\/wp\/v2\/pages"}],"about":[{"href":"https:\/\/www.oaxaca.gob.mx\/salud\/wp-json\/wp\/v2\/types\/page"}],"author":[{"embeddable":true,"href":"https:\/\/www.oaxaca.gob.mx\/salud\/wp-json\/wp\/v2\/users\/41"}],"replies":[{"embeddable":true,"href":"https:\/\/www.oaxaca.gob.mx\/salud\/wp-json\/wp\/v2\/comments?post=10092"}],"version-history":[{"count":1,"href":"https:\/\/www.oaxaca.gob.mx\/salud\/wp-json\/wp\/v2\/pages\/10092\/revisions"}],"predecessor-version":[{"id":10093,"href":"https:\/\/www.oaxaca.gob.mx\/salud\/wp-json\/wp\/v2\/pages\/10092\/revisions\/10093"}],"wp:featuredmedia":[{"embeddable":true,"href":"https:\/\/www.oaxaca.gob.mx\/salud\/wp-json\/wp\/v2\/media\/10088"}],"wp:attachment":[{"href":"https:\/\/www.oaxaca.gob.mx\/salud\/wp-json\/wp\/v2\/media?parent=10092"}],"wp:term":[{"taxonomy":"category","embeddable":true,"href":"https:\/\/www.oaxaca.gob.mx\/salud\/wp-json\/wp\/v2\/categories?post=10092"},{"taxonomy":"post_tag","embeddable":true,"href":"https:\/\/www.oaxaca.gob.mx\/salud\/wp-json\/wp\/v2\/tags?post=10092"}],"curies":[{"name":"wp","href":"https:\/\/api.w.org\/{rel}","templated":true}]}}