{"id":10090,"date":"2021-03-19T16:59:14","date_gmt":"2021-03-19T22:59:14","guid":{"rendered":"https:\/\/www.oaxaca.gob.mx\/salud\/?page_id=10090"},"modified":"2021-03-19T16:59:14","modified_gmt":"2021-03-19T22:59:14","slug":"en-la-region-del-istmo-entregan-5-ambulancias-para-fortalecer-atencion-oportuna-en-localidades-de-dificil-acceso","status":"publish","type":"page","link":"https:\/\/www.oaxaca.gob.mx\/salud\/en-la-region-del-istmo-entregan-5-ambulancias-para-fortalecer-atencion-oportuna-en-localidades-de-dificil-acceso\/","title":{"rendered":"En la regi\u00f3n del Istmo entregan 5 ambulancias para fortalecer atenci\u00f3n oportuna en localidades de dif\u00edcil acceso."},"content":{"rendered":"<p><strong>Istmo de Tehuantepec, Oax. 05 de marzo de 2021<\/strong>.- Con la finalidad de incrementar la capacidad de respuesta y prestar servicio oportuno a los habitantes que reciban atenci\u00f3n en unidades m\u00e9dicas en la regi\u00f3n del Istmo y requieran traslado hacia un segundo nivel de atenci\u00f3n, los Servicios de Salud de Oaxaca (SSO) recibieron a trav\u00e9s de la Direcci\u00f3n General del Instituto de Salud para el Bienestar (INSABI) 5 ambulancias equipadas.<\/p>\n<p>En representaci\u00f3n del gobernador del estado, Alejandro Murat Hinojosa, el coordinador general de Relaciones Internacionales, Pedro Matar Orraca, hizo la entrega de las cinco unidades de emergencia y resalt\u00f3 que estas acciones beneficiar\u00e1n a las y los habitantes de la regi\u00f3n del Istmo.<\/p>\n<p>Cabe destacar que las cinco ambulancias tuvieron un monto aproximado de cinco millones de pesos, tres unidades beneficiar\u00e1n a las localidades de Felipe \u00c1ngeles de San Juan Mazatl\u00e1n, as\u00ed como Plan de San Luis y Encinal Colorado pertenecientes al municipio de San Juan Guichicovi.<\/p>\n<p>Mientras que dos unidades de motor de urgencias m\u00e9dicas b\u00e1sicas, fueron destinadas para los hospitales \u201cDr. Macedonio Ben\u00edtez Fuentes\u201d de Juchit\u00e1n de Zaragoza, y de especialidades de Salina Cruz.<\/p>\n<p>En representaci\u00f3n del Secretario de Salud, Juan Carlos M\u00e1rquez Heine, el Subdirector General de Innovaci\u00f3n y Calidad de los SSO, H\u00e9ctor Matus Santiago, destac\u00f3 que la entrega de ambulancias es resultado de la buena coordinaci\u00f3n entre los tres \u00f3rdenes de gobierno para el fortalecimiento y bienestar de la poblaci\u00f3n.<\/p>\n<p>El funcionario asever\u00f3 que las unidades de emergencia garantizar\u00e1n el traslado de pacientes de comunidades alejadas y de dif\u00edcil acceso a la unidad hospitalaria m\u00e1s cercana para recibir atenci\u00f3n m\u00e9dica oportuna.<\/p>\n<p>Las autoridades municipales agradecieron el apoyo que brinda el gobierno federal y del estado para respaldar la salud de las y los oaxaque\u00f1os, a trav\u00e9s de la entrega de unidades m\u00f3viles de salud.<\/p>\n","protected":false},"excerpt":{"rendered":"<p>Istmo de Tehuantepec, Oax. 05 de marzo de 2021.- Con la finalidad de incrementar la capacidad de respuesta y prestar servicio oportuno a los habitantes que reciban atenci\u00f3n en unidades m\u00e9dicas en la regi\u00f3n del Istmo y requieran traslado hacia un segundo nivel de atenci\u00f3n, los Servicios de Salud de Oaxaca (SSO) recibieron a trav\u00e9s [&hellip;]<\/p>\n","protected":false},"author":41,"featured_media":10085,"parent":0,"menu_order":0,"comment_status":"closed","ping_status":"closed","template":"","meta":{"episode_type":"","audio_file":"","podmotor_file_id":"","podmotor_episode_id":"","cover_image":"","cover_image_id":"","duration":"","filesize":"","filesize_raw":"","date_recorded":"","explicit":"","block":"","itunes_episode_number":"","itunes_title":"","itunes_season_number":"","itunes_episode_type":"","footnotes":""},"categories":[5,6],"tags":[],"class_list":["post-10090","page","type-page","status-publish","has-post-thumbnail","hentry","category-slide","category-noticias"],"acf":[],"publishpress_future_action":{"enabled":false,"date":"2026-05-11 07:58:57","action":"change-status","newStatus":"draft","terms":[],"taxonomy":"category","extraData":[]},"publishpress_future_workflow_manual_trigger":{"enabledWorkflows":[]},"_links":{"self":[{"href":"https:\/\/www.oaxaca.gob.mx\/salud\/wp-json\/wp\/v2\/pages\/10090","targetHints":{"allow":["GET"]}}],"collection":[{"href":"https:\/\/www.oaxaca.gob.mx\/salud\/wp-json\/wp\/v2\/pages"}],"about":[{"href":"https:\/\/www.oaxaca.gob.mx\/salud\/wp-json\/wp\/v2\/types\/page"}],"author":[{"embeddable":true,"href":"https:\/\/www.oaxaca.gob.mx\/salud\/wp-json\/wp\/v2\/users\/41"}],"replies":[{"embeddable":true,"href":"https:\/\/www.oaxaca.gob.mx\/salud\/wp-json\/wp\/v2\/comments?post=10090"}],"version-history":[{"count":1,"href":"https:\/\/www.oaxaca.gob.mx\/salud\/wp-json\/wp\/v2\/pages\/10090\/revisions"}],"predecessor-version":[{"id":10091,"href":"https:\/\/www.oaxaca.gob.mx\/salud\/wp-json\/wp\/v2\/pages\/10090\/revisions\/10091"}],"wp:featuredmedia":[{"embeddable":true,"href":"https:\/\/www.oaxaca.gob.mx\/salud\/wp-json\/wp\/v2\/media\/10085"}],"wp:attachment":[{"href":"https:\/\/www.oaxaca.gob.mx\/salud\/wp-json\/wp\/v2\/media?parent=10090"}],"wp:term":[{"taxonomy":"category","embeddable":true,"href":"https:\/\/www.oaxaca.gob.mx\/salud\/wp-json\/wp\/v2\/categories?post=10090"},{"taxonomy":"post_tag","embeddable":true,"href":"https:\/\/www.oaxaca.gob.mx\/salud\/wp-json\/wp\/v2\/tags?post=10090"}],"curies":[{"name":"wp","href":"https:\/\/api.w.org\/{rel}","templated":true}]}}