{"id":7781,"date":"2020-12-11T16:46:09","date_gmt":"2020-12-11T22:46:09","guid":{"rendered":"https:\/\/www.oaxaca.gob.mx\/proteccioncivil\/?page_id=7781"},"modified":"2021-11-08T11:46:17","modified_gmt":"2021-11-08T17:46:17","slug":"buzon-de-quejas-y-denuncias","status":"publish","type":"page","link":"https:\/\/www.oaxaca.gob.mx\/proteccioncivil\/etica-e-integridad\/buzon-de-quejas-y-denuncias\/","title":{"rendered":"Buz\u00f3n de Quejas y Denuncias"},"content":{"rendered":"<p><strong>Correo: eticaeintegridadcepco@oaxaca.gob.mx\u00a0<\/strong><\/p>\n<p><strong>Domicilio: Prolongaci\u00f3n de Xicot\u00e9ncatl 1031, Colonia Eliseo Jim\u00e9nez Ruiz, C.P. 68120<\/strong><\/p>\n","protected":false},"excerpt":{"rendered":"<p>Correo: eticaeintegridadcepco@oaxaca.gob.mx\u00a0 Domicilio: Prolongaci\u00f3n de Xicot\u00e9ncatl 1031, Colonia Eliseo Jim\u00e9nez Ruiz, C.P. 68120<\/p>\n","protected":false},"author":27,"featured_media":7786,"parent":4369,"menu_order":0,"comment_status":"closed","ping_status":"closed","template":"plantillas\/template-anticorrupcion.php","meta":{"episode_type":"","audio_file":"","podmotor_file_id":"","podmotor_episode_id":"","cover_image":"","cover_image_id":"","duration":"","filesize":"","filesize_raw":"","date_recorded":"","explicit":"","block":"","itunes_episode_number":"","itunes_title":"","itunes_season_number":"","itunes_episode_type":"","footnotes":""},"categories":[],"tags":[],"class_list":["post-7781","page","type-page","status-publish","has-post-thumbnail","hentry"],"acf":[],"publishpress_future_action":{"enabled":false,"date":"2026-05-09 08:23:55","action":"change-status","newStatus":"draft","terms":[],"taxonomy":"category","extraData":[]},"publishpress_future_workflow_manual_trigger":{"enabledWorkflows":[]},"_links":{"self":[{"href":"https:\/\/www.oaxaca.gob.mx\/proteccioncivil\/wp-json\/wp\/v2\/pages\/7781","targetHints":{"allow":["GET"]}}],"collection":[{"href":"https:\/\/www.oaxaca.gob.mx\/proteccioncivil\/wp-json\/wp\/v2\/pages"}],"about":[{"href":"https:\/\/www.oaxaca.gob.mx\/proteccioncivil\/wp-json\/wp\/v2\/types\/page"}],"author":[{"embeddable":true,"href":"https:\/\/www.oaxaca.gob.mx\/proteccioncivil\/wp-json\/wp\/v2\/users\/27"}],"replies":[{"embeddable":true,"href":"https:\/\/www.oaxaca.gob.mx\/proteccioncivil\/wp-json\/wp\/v2\/comments?post=7781"}],"version-history":[{"count":9,"href":"https:\/\/www.oaxaca.gob.mx\/proteccioncivil\/wp-json\/wp\/v2\/pages\/7781\/revisions"}],"predecessor-version":[{"id":8976,"href":"https:\/\/www.oaxaca.gob.mx\/proteccioncivil\/wp-json\/wp\/v2\/pages\/7781\/revisions\/8976"}],"up":[{"embeddable":true,"href":"https:\/\/www.oaxaca.gob.mx\/proteccioncivil\/wp-json\/wp\/v2\/pages\/4369"}],"wp:featuredmedia":[{"embeddable":true,"href":"https:\/\/www.oaxaca.gob.mx\/proteccioncivil\/wp-json\/wp\/v2\/media\/7786"}],"wp:attachment":[{"href":"https:\/\/www.oaxaca.gob.mx\/proteccioncivil\/wp-json\/wp\/v2\/media?parent=7781"}],"wp:term":[{"taxonomy":"category","embeddable":true,"href":"https:\/\/www.oaxaca.gob.mx\/proteccioncivil\/wp-json\/wp\/v2\/categories?post=7781"},{"taxonomy":"post_tag","embeddable":true,"href":"https:\/\/www.oaxaca.gob.mx\/proteccioncivil\/wp-json\/wp\/v2\/tags?post=7781"}],"curies":[{"name":"wp","href":"https:\/\/api.w.org\/{rel}","templated":true}]}}