{"id":3997,"date":"2019-04-03T20:56:29","date_gmt":"2019-04-03T18:56:29","guid":{"rendered":"https:\/\/www.oaxaca.gob.mx\/proteccioncivil\/?page_id=3997"},"modified":"2025-07-09T11:32:12","modified_gmt":"2025-07-09T17:32:12","slug":"funciones","status":"publish","type":"page","link":"https:\/\/www.oaxaca.gob.mx\/proteccioncivil\/funciones\/","title":{"rendered":"Funciones"},"content":{"rendered":"<p>&nbsp;<\/p>\n<p align=\"justify\"><b>Son funciones generales de la Coordinaci\u00f3n Estatal de protecci\u00f3n Civil y Gesti\u00f3n de Riesgos:<\/b><\/p>\n<p align=\"justify\">Priorizar la prevenci\u00f3n de riesgos, prestar auxilio, priorizar el an\u00e1lisis y gesti\u00f3n prospectiva de riesgos de desastres.<\/p>\n<p align=\"justify\">Actuar bajo los principios rectores de protecci\u00f3n a la vida, salud, integridad de las personas y sus bienes; implementar la gesti\u00f3n preventiva sobre la correctiva; la publicidad y participaci\u00f3n social para la prevenci\u00f3n; prevenir los riesgos en zonas de vulnerabilidad; fomentar la cultura de protecci\u00f3n civil para la prevenci\u00f3n y autoprotecci\u00f3n; actuar con equidad de g\u00e9nero e interculturalidad, legalidad, control, eficacia, racionalidad, equidad, transparencia y rendici\u00f3n de cuentas; promover la corresponsabilidad de sociedad \u2013 gobierno y honradez y respeto a los derechos humanos.<\/p>\n<p align=\"justify\">Implementar pol\u00edticas p\u00fablicas para identificar y analizar riesgos, como base para implementar medidas de prevenci\u00f3n y mitigaci\u00f3n; promover la participaci\u00f3n social a trav\u00e9s de la colaboraci\u00f3n de empresas, organizaciones, barrios y comunidades; implementar la Gesti\u00f3n Integral de Riesgos para revertir los procesos de riesgo, mediante la planeaci\u00f3n , programaci\u00f3n y desarrollo del ordenamiento territorial y ecol\u00f3gico, con la intervenci\u00f3n de las autoridades competentes; establecer un sistema de certificaci\u00f3n de competencias para garantizar el perfil adecuado del personal de protecci\u00f3n civil a nivel estatal y municipal.<\/p>\n<p align=\"justify\">Asimismo, promover la socioformaci\u00f3n de protecci\u00f3n civil; suscribir convenios con los medios de comunicaci\u00f3n masivos y electr\u00f3nicos; distribuir estrat\u00e9gicamente las tareas de las delegaciones regionales con criterios basados en Localizaci\u00f3n de riesgos, necesidades y recursos disponibles; operar la Coordinaci\u00f3n Ejecutiva del Consejo Estatal de Protecci\u00f3n Civil.<\/p>\n","protected":false},"excerpt":{"rendered":"<p>&nbsp; Son funciones generales de la Coordinaci\u00f3n Estatal de protecci\u00f3n Civil y Gesti\u00f3n de Riesgos: Priorizar la prevenci\u00f3n de riesgos, prestar auxilio, priorizar el an\u00e1lisis y gesti\u00f3n prospectiva de riesgos de desastres. Actuar bajo los principios rectores de protecci\u00f3n a la vida, salud, integridad de las personas y sus bienes; implementar la gesti\u00f3n preventiva sobre [&hellip;]<\/p>\n","protected":false},"author":1,"featured_media":0,"parent":0,"menu_order":0,"comment_status":"closed","ping_status":"closed","template":"","meta":{"episode_type":"","audio_file":"","podmotor_file_id":"","podmotor_episode_id":"","cover_image":"","cover_image_id":"","duration":"","filesize":"","filesize_raw":"","date_recorded":"","explicit":"","block":"","itunes_episode_number":"","itunes_title":"","itunes_season_number":"","itunes_episode_type":"","footnotes":""},"categories":[],"tags":[],"class_list":["post-3997","page","type-page","status-publish","hentry"],"acf":[],"publishpress_future_action":{"enabled":false,"date":"2026-05-11 12:14:18","action":"change-status","newStatus":"draft","terms":[],"taxonomy":"category","extraData":[]},"publishpress_future_workflow_manual_trigger":{"enabledWorkflows":[]},"_links":{"self":[{"href":"https:\/\/www.oaxaca.gob.mx\/proteccioncivil\/wp-json\/wp\/v2\/pages\/3997","targetHints":{"allow":["GET"]}}],"collection":[{"href":"https:\/\/www.oaxaca.gob.mx\/proteccioncivil\/wp-json\/wp\/v2\/pages"}],"about":[{"href":"https:\/\/www.oaxaca.gob.mx\/proteccioncivil\/wp-json\/wp\/v2\/types\/page"}],"author":[{"embeddable":true,"href":"https:\/\/www.oaxaca.gob.mx\/proteccioncivil\/wp-json\/wp\/v2\/users\/1"}],"replies":[{"embeddable":true,"href":"https:\/\/www.oaxaca.gob.mx\/proteccioncivil\/wp-json\/wp\/v2\/comments?post=3997"}],"version-history":[{"count":1,"href":"https:\/\/www.oaxaca.gob.mx\/proteccioncivil\/wp-json\/wp\/v2\/pages\/3997\/revisions"}],"predecessor-version":[{"id":14772,"href":"https:\/\/www.oaxaca.gob.mx\/proteccioncivil\/wp-json\/wp\/v2\/pages\/3997\/revisions\/14772"}],"wp:attachment":[{"href":"https:\/\/www.oaxaca.gob.mx\/proteccioncivil\/wp-json\/wp\/v2\/media?parent=3997"}],"wp:term":[{"taxonomy":"category","embeddable":true,"href":"https:\/\/www.oaxaca.gob.mx\/proteccioncivil\/wp-json\/wp\/v2\/categories?post=3997"},{"taxonomy":"post_tag","embeddable":true,"href":"https:\/\/www.oaxaca.gob.mx\/proteccioncivil\/wp-json\/wp\/v2\/tags?post=3997"}],"curies":[{"name":"wp","href":"https:\/\/api.w.org\/{rel}","templated":true}]}}