{"id":3378,"date":"2018-08-06T10:58:31","date_gmt":"2018-08-06T16:58:31","guid":{"rendered":"https:\/\/www.oaxaca.gob.mx\/proteccioncivil\/?page_id=3378"},"modified":"2023-12-08T11:28:44","modified_gmt":"2023-12-08T17:28:44","slug":"mapa-del-sitio","status":"publish","type":"page","link":"https:\/\/www.oaxaca.gob.mx\/proteccioncivil\/mapa-del-sitio\/","title":{"rendered":"Mapa del sitio"},"content":{"rendered":"<div class=\"wsp-container\"><h2 class=\"wsp-pages-title\">P\u00e1ginas<\/h2>\n<ul class=\"wsp-pages-list\">\n<li class=\"page_item page-item-11\"><a href=\"https:\/\/www.oaxaca.gob.mx\/proteccioncivil\/que-hacemos\/\">\u00bfQu\u00e9 Hacemos?<\/a><\/li>\n<li class=\"page_item page-item-9\"><a href=\"https:\/\/www.oaxaca.gob.mx\/proteccioncivil\/quienes-somos\/\">\u00bfQui\u00e9nes Somos?<\/a><\/li>\n<li class=\"page_item page-item-7777\"><a href=\"https:\/\/www.oaxaca.gob.mx\/proteccioncivil\/actas-de-sesion-etica-e-integridad\/\">Actas de Sesi\u00f3n \u00c9tica e Integridad<\/a><\/li>\n<li class=\"page_item page-item-13772\"><a href=\"https:\/\/www.oaxaca.gob.mx\/proteccioncivil\/acuerdo-por-el-que-se-emite-los-lineamientos-que-establecen-los-requisitos-para-acreditar-registrar-y-revalidar-a-las-personas-fisicas-y-morales-que-cuenten-con-los-conocimientos-capacidad-tecnica\/\">ACUERDO.- POR EL QUE SE EMITE LOS LINEAMIENTOS QUE ESTABLECEN LOS REQUISITOS PARA ACREDITAR, REGISTRAR Y REVALIDAR A LAS PERSONAS F\u00cdSICAS Y MORALES QUE CUENTEN CON LOS CONOCIMIENTOS, CAPACIDAD T\u00c9CNICA Y PR\u00c1CTICA EN MATERIA DE PREVENCI\u00d3N DE RIESGOS, DESASTRES, GESTI\u00d3N INTEGRAL DE RIESGO Y PROTECCI\u00d3N CIVIL<\/a><\/li>\n<li class=\"page_item page-item-17113\"><a href=\"https:\/\/www.oaxaca.gob.mx\/proteccioncivil\/archivo-concentracion\/\">ARCHIVO DE CONCENTRACION<\/a><\/li>\n<li class=\"page_item page-item-14214\"><a href=\"https:\/\/www.oaxaca.gob.mx\/proteccioncivil\/atlas-de-riesgos-estatal\/\">ATLAS DE RIESGOS ESTATAL<\/a><\/li>\n<li class=\"page_item page-item-3988\"><a href=\"https:\/\/www.oaxaca.gob.mx\/proteccioncivil\/aviso-de-privacidad\/\">Aviso de Privacidad<\/a><\/li>\n<li class=\"page_item page-item-17235\"><a href=\"https:\/\/www.oaxaca.gob.mx\/proteccioncivil\/avisos\/\">AVISOS<\/a><\/li>\n<li class=\"page_item page-item-4122\"><a href=\"https:\/\/www.oaxaca.gob.mx\/proteccioncivil\/bienvenida\/\">Bienvenida<\/a><\/li>\n<li class=\"page_item page-item-4369 page_item_has_children\"><a href=\"https:\/\/www.oaxaca.gob.mx\/proteccioncivil\/etica-e-integridad\/\">COMIT\u00c9 DE \u00c9TICA Y PREVENCI\u00d3N DEL CONFLICTO DE INTERESES<\/a>\n<ul class='children'>\n\t<li class=\"page_item page-item-7781\"><a href=\"https:\/\/www.oaxaca.gob.mx\/proteccioncivil\/etica-e-integridad\/buzon-de-quejas-y-denuncias\/\">Buz\u00f3n de Quejas y Denuncias<\/a><\/li>\n<\/ul>\n<\/li>\n<li class=\"page_item page-item-4169\"><a href=\"https:\/\/www.oaxaca.gob.mx\/proteccioncivil\/comite-y-unidad-de-transparencia\/\">Comit\u00e9 y Unidad de Transparencia<\/a><\/li>\n<li class=\"page_item page-item-17220\"><a href=\"https:\/\/www.oaxaca.gob.mx\/proteccioncivil\/comunicado-1er-simulacro\/\">COMUNICADO 1ER SIMULACRO<\/a><\/li>\n<li class=\"page_item page-item-11173\"><a href=\"https:\/\/www.oaxaca.gob.mx\/proteccioncivil\/comunicado\/\">COMUNICADOS<\/a><\/li>\n<li class=\"page_item page-item-17\"><a href=\"https:\/\/www.oaxaca.gob.mx\/proteccioncivil\/contacto\/\">Contacto<\/a><\/li>\n<li class=\"page_item page-item-14446\"><a href=\"https:\/\/www.oaxaca.gob.mx\/proteccioncivil\/\">COORDINACI\u00d3N ESTATAL DE PROTECCI\u00d3N CIVIL Y GESTI\u00d3N DE RIESGOS<\/a><\/li>\n<li class=\"page_item page-item-4073\"><a href=\"https:\/\/www.oaxaca.gob.mx\/proteccioncivil\/testing\/\">CUMPLIMIENTO DE OBLIGACIONES DE TRANSPARENCIA<\/a><\/li>\n<li class=\"page_item page-item-13301\"><a href=\"https:\/\/www.oaxaca.gob.mx\/proteccioncivil\/decreto-num-19-mediante-el-cual-reforman-adicionan-y-derogan-diversas-disposiciones-de-la-ley-estatal-de-derechos-de-oaxaca\/\">DECRETO N\u00daM. 19 MEDIANTE EL CUAL REFORMAN, ADICIONAN Y DEROGAN, DIVERSAS DISPOSICIONES DE LA LEY ESTATAL DE DERECHOS DE OAXACA<\/a><\/li>\n<li class=\"page_item page-item-134\"><a href=\"https:\/\/www.oaxaca.gob.mx\/proteccioncivil\/directorio\/\">Directorio<\/a><\/li>\n<li class=\"page_item page-item-132\"><a href=\"https:\/\/www.oaxaca.gob.mx\/proteccioncivil\/estructura\/\">Estructura Org\u00e1nica<\/a><\/li>\n<li class=\"page_item page-item-3997\"><a href=\"https:\/\/www.oaxaca.gob.mx\/proteccioncivil\/funciones\/\">Funciones<\/a><\/li>\n<li class=\"page_item page-item-1319\"><a href=\"https:\/\/www.oaxaca.gob.mx\/proteccioncivil\/galeria\/\">GALER\u00cdA<\/a><\/li>\n<li class=\"page_item page-item-14927\"><a href=\"https:\/\/www.oaxaca.gob.mx\/proteccioncivil\/incendio-forestal\/\">INCENDIO FORESTAL<\/a><\/li>\n<li class=\"page_item page-item-1611\"><a href=\"https:\/\/www.oaxaca.gob.mx\/proteccioncivil\/infografias\/\">INFOGRAF\u00cdAS<\/a><\/li>\n<li class=\"page_item page-item-4136\"><a href=\"https:\/\/www.oaxaca.gob.mx\/proteccioncivil\/informacion-administrativa-y-financiera\/\">Informaci\u00f3n Administrativa y Financiera<\/a><\/li>\n<li class=\"page_item page-item-383\"><a href=\"https:\/\/www.oaxaca.gob.mx\/proteccioncivil\/planes-y-programas\/\">LINEAMIENTOS PARA PLANES Y PROGRAMAS<\/a><\/li>\n<li class=\"page_item page-item-3378\"><a href=\"https:\/\/www.oaxaca.gob.mx\/proteccioncivil\/mapa-del-sitio\/\">Mapa del sitio<\/a><\/li>\n<li class=\"page_item page-item-125\"><a href=\"https:\/\/www.oaxaca.gob.mx\/proteccioncivil\/mision-y-vision\/\">Misi\u00f3n y Visi\u00f3n<\/a><\/li>\n<li class=\"page_item page-item-12933\"><a href=\"https:\/\/www.oaxaca.gob.mx\/proteccioncivil\/multimedia\/\">MULTIMEDIA<\/a><\/li>\n<li class=\"page_item page-item-4000\"><a href=\"https:\/\/www.oaxaca.gob.mx\/proteccioncivil\/marco-juridico\/\">NORMATIVIDAD<\/a><\/li>\n<li class=\"page_item page-item-4025\"><a href=\"https:\/\/www.oaxaca.gob.mx\/proteccioncivil\/noticias\/\">NOTICIAS<\/a><\/li>\n<li class=\"page_item page-item-10440\"><a href=\"https:\/\/www.oaxaca.gob.mx\/proteccioncivil\/personal-verificador-autorizado\/\">PERSONAL VERIFICADOR AUTORIZADO<\/a><\/li>\n<li class=\"page_item page-item-11501\"><a href=\"https:\/\/www.oaxaca.gob.mx\/proteccioncivil\/11501-2\/\">PERSONAS F\u00cdSICAS O MORALES AUTORIZADAS EN MATERIA DE PROTECCI\u00d3N CIVIL<\/a><\/li>\n<li class=\"page_item page-item-3947\"><a href=\"https:\/\/www.oaxaca.gob.mx\/proteccioncivil\/pronostico-meteorologico\/\">PRON\u00d3STICO METEOROL\u00d3GICO<\/a><\/li>\n<li class=\"page_item page-item-4020\"><a href=\"https:\/\/www.oaxaca.gob.mx\/proteccioncivil\/telefonos\/\">TEL\u00c9FONOS<\/a><\/li>\n<li class=\"page_item page-item-12900\"><a href=\"https:\/\/www.oaxaca.gob.mx\/proteccioncivil\/pronostico-del-tiempo-para-hoy\/\">TEMPERATURAS PARA ESTE D\u00cdA<\/a><\/li>\n<li class=\"page_item page-item-4013\"><a href=\"https:\/\/www.oaxaca.gob.mx\/proteccioncivil\/tramites-y-servicios\/\">Tr\u00e1mites y Servicios<\/a><\/li>\n<li class=\"page_item page-item-15\"><a href=\"https:\/\/www.oaxaca.gob.mx\/proteccioncivil\/transparencia\/\">TRANSPARENCIA<\/a><\/li>\n<li class=\"page_item page-item-4018\"><a href=\"https:\/\/www.oaxaca.gob.mx\/proteccioncivil\/ubicacion\/\">Ubicaci\u00f3n<\/a><\/li>\n<li class=\"page_item page-item-7036 current_page_parent\"><a href=\"https:\/\/www.oaxaca.gob.mx\/proteccioncivil\/slide-anything-popup-preview\/\">Slide Anything Popup Preview<\/a><\/li>\n<\/ul>\n<\/div>\n","protected":false},"excerpt":{"rendered":"","protected":false},"author":1,"featured_media":0,"parent":0,"menu_order":0,"comment_status":"closed","ping_status":"closed","template":"","meta":{"episode_type":"","audio_file":"","podmotor_file_id":"","podmotor_episode_id":"","cover_image":"","cover_image_id":"","duration":"","filesize":"","filesize_raw":"","date_recorded":"","explicit":"","block":"","itunes_episode_number":"","itunes_title":"","itunes_season_number":"","itunes_episode_type":"","footnotes":""},"categories":[],"tags":[],"class_list":["post-3378","page","type-page","status-publish","hentry"],"acf":[],"publishpress_future_action":{"enabled":false,"date":"2026-05-09 06:45:30","action":"change-status","newStatus":"draft","terms":[],"taxonomy":"category","extraData":[]},"publishpress_future_workflow_manual_trigger":{"enabledWorkflows":[]},"_links":{"self":[{"href":"https:\/\/www.oaxaca.gob.mx\/proteccioncivil\/wp-json\/wp\/v2\/pages\/3378","targetHints":{"allow":["GET"]}}],"collection":[{"href":"https:\/\/www.oaxaca.gob.mx\/proteccioncivil\/wp-json\/wp\/v2\/pages"}],"about":[{"href":"https:\/\/www.oaxaca.gob.mx\/proteccioncivil\/wp-json\/wp\/v2\/types\/page"}],"author":[{"embeddable":true,"href":"https:\/\/www.oaxaca.gob.mx\/proteccioncivil\/wp-json\/wp\/v2\/users\/1"}],"replies":[{"embeddable":true,"href":"https:\/\/www.oaxaca.gob.mx\/proteccioncivil\/wp-json\/wp\/v2\/comments?post=3378"}],"version-history":[{"count":1,"href":"https:\/\/www.oaxaca.gob.mx\/proteccioncivil\/wp-json\/wp\/v2\/pages\/3378\/revisions"}],"predecessor-version":[{"id":10988,"href":"https:\/\/www.oaxaca.gob.mx\/proteccioncivil\/wp-json\/wp\/v2\/pages\/3378\/revisions\/10988"}],"wp:attachment":[{"href":"https:\/\/www.oaxaca.gob.mx\/proteccioncivil\/wp-json\/wp\/v2\/media?parent=3378"}],"wp:term":[{"taxonomy":"category","embeddable":true,"href":"https:\/\/www.oaxaca.gob.mx\/proteccioncivil\/wp-json\/wp\/v2\/categories?post=3378"},{"taxonomy":"post_tag","embeddable":true,"href":"https:\/\/www.oaxaca.gob.mx\/proteccioncivil\/wp-json\/wp\/v2\/tags?post=3378"}],"curies":[{"name":"wp","href":"https:\/\/api.w.org\/{rel}","templated":true}]}}