{"id":17,"date":"2016-02-16T14:41:26","date_gmt":"2016-02-16T20:41:26","guid":{"rendered":"https:\/\/www.oaxaca.gob.mx\/proteccioncivil\/?page_id=17"},"modified":"2024-10-03T15:33:10","modified_gmt":"2024-10-03T21:33:10","slug":"contacto","status":"publish","type":"page","link":"https:\/\/www.oaxaca.gob.mx\/proteccioncivil\/contacto\/","title":{"rendered":"Contacto"},"content":{"rendered":"<h6><\/h6>\n<div class=\"row\">\n<div class=\"col-lg-6\">[template name=\u00bbtemplates\/contact_form\u00bb site=\u00bbproteccioncivil\u00bb]<\/div>\n<div class=\"col-lg-6\">\n<div class=\"row\">\n<div class=\"col-lg-12\">[gmap width=\u00bb600&#8243; height=\u00bb400&#8243; responsive=\u00bbyes\u00bb address=\u00bbCoordinaci\u00f3n Estatal de Protecci\u00f3n Civil, Col\u00f3n 719, Barrio De Los Siete Pr\u00edncipes, Oaxaca de Ju\u00e1rez, Oaxaca. C.P. 68000<br \/>\n\u00bb zoom=\u00bb0&#8243;]\n<h6>Local\u00a0 \u00a0 \u00a0<i class=\"fas fa-phone\"><\/i>951-689-07-99<\/h6>\n<\/div>\n<\/div>\n<div class=\"row\">\n<div class=\"col-lg-12\">\n<div class=\"card\">\n<div class=\"card-header\"><\/div>\n<div class=\"card-body\">\n<hr \/>\n<h6>Local\u00a0 \u00a0 \u00a0<i class=\"fas fa-phone\"><\/i>951-689-07-99<\/h6>\n<h6 class=\"card-title\">Nacional<\/h6>\n<p class=\"card-text\">\n<\/div>\n<\/div>\n<\/div>\n<\/div>\n<\/div>\n<\/div>\n","protected":false},"excerpt":{"rendered":"<p>[template name=\u00bbtemplates\/contact_form\u00bb site=\u00bbproteccioncivil\u00bb] [gmap width=\u00bb600&#8243; height=\u00bb400&#8243; responsive=\u00bbyes\u00bb address=\u00bbCoordinaci\u00f3n Estatal de Protecci\u00f3n Civil, Col\u00f3n 719, Barrio De Los Siete Pr\u00edncipes, Oaxaca de Ju\u00e1rez, Oaxaca. C.P. 68000 \u00bb zoom=\u00bb0&#8243;] Local\u00a0 \u00a0 \u00a0951-689-07-99 Local\u00a0 \u00a0 \u00a0951-689-07-99 Nacional<\/p>\n","protected":false},"author":1,"featured_media":0,"parent":0,"menu_order":0,"comment_status":"closed","ping_status":"closed","template":"plantillas\/template-contacto.php","meta":{"episode_type":"","audio_file":"","podmotor_file_id":"","podmotor_episode_id":"","cover_image":"","cover_image_id":"","duration":"","filesize":"","filesize_raw":"","date_recorded":"","explicit":"","block":"","itunes_episode_number":"","itunes_title":"","itunes_season_number":"","itunes_episode_type":"","footnotes":""},"categories":[],"tags":[],"class_list":["post-17","page","type-page","status-publish","hentry"],"acf":[],"publishpress_future_action":{"enabled":false,"date":"2026-05-11 12:13:55","action":"change-status","newStatus":"draft","terms":[],"taxonomy":"category","extraData":[]},"publishpress_future_workflow_manual_trigger":{"enabledWorkflows":[]},"_links":{"self":[{"href":"https:\/\/www.oaxaca.gob.mx\/proteccioncivil\/wp-json\/wp\/v2\/pages\/17","targetHints":{"allow":["GET"]}}],"collection":[{"href":"https:\/\/www.oaxaca.gob.mx\/proteccioncivil\/wp-json\/wp\/v2\/pages"}],"about":[{"href":"https:\/\/www.oaxaca.gob.mx\/proteccioncivil\/wp-json\/wp\/v2\/types\/page"}],"author":[{"embeddable":true,"href":"https:\/\/www.oaxaca.gob.mx\/proteccioncivil\/wp-json\/wp\/v2\/users\/1"}],"replies":[{"embeddable":true,"href":"https:\/\/www.oaxaca.gob.mx\/proteccioncivil\/wp-json\/wp\/v2\/comments?post=17"}],"version-history":[{"count":1,"href":"https:\/\/www.oaxaca.gob.mx\/proteccioncivil\/wp-json\/wp\/v2\/pages\/17\/revisions"}],"predecessor-version":[{"id":12123,"href":"https:\/\/www.oaxaca.gob.mx\/proteccioncivil\/wp-json\/wp\/v2\/pages\/17\/revisions\/12123"}],"wp:attachment":[{"href":"https:\/\/www.oaxaca.gob.mx\/proteccioncivil\/wp-json\/wp\/v2\/media?parent=17"}],"wp:term":[{"taxonomy":"category","embeddable":true,"href":"https:\/\/www.oaxaca.gob.mx\/proteccioncivil\/wp-json\/wp\/v2\/categories?post=17"},{"taxonomy":"post_tag","embeddable":true,"href":"https:\/\/www.oaxaca.gob.mx\/proteccioncivil\/wp-json\/wp\/v2\/tags?post=17"}],"curies":[{"name":"wp","href":"https:\/\/api.w.org\/{rel}","templated":true}]}}