{"id":14214,"date":"2025-05-29T14:18:56","date_gmt":"2025-05-29T20:18:56","guid":{"rendered":"https:\/\/www.oaxaca.gob.mx\/proteccioncivil\/?page_id=14214"},"modified":"2026-03-23T10:58:42","modified_gmt":"2026-03-23T16:58:42","slug":"atlas-de-riesgos-estatal","status":"publish","type":"page","link":"https:\/\/www.oaxaca.gob.mx\/proteccioncivil\/atlas-de-riesgos-estatal\/","title":{"rendered":"ATLAS DE RIESGOS ESTATAL"},"content":{"rendered":"<h6 style=\"text-align: justify\">En el convenio de colaboraci\u00f3n entre el Consejo de Recursos Minerales y la Unidad Estatal de Protecci\u00f3n Civil del Estado de Oaxaca se estableci\u00f3 la realizaci\u00f3n de un documento para uso en los planes de protecci\u00f3n civil para el estado con la perspectiva a la prevenci\u00f3n y mitigaci\u00f3n de da\u00f1os de fen\u00f3menos naturales sobre la poblaci\u00f3n. El objetivo del trabajo es proporcionar informaci\u00f3n b\u00e1sica regional de la distribuci\u00f3n de zonas de erosi\u00f3n, deslizamiento de terrenos y sismicidad del estado, con el prop\u00f3sito de integrar informaci\u00f3n digital disponible en un sistema de informaci\u00f3n geogr\u00e1fica que permita la visualizaci\u00f3n y la consulta de los atributos de los temas tratados.<\/h6>\n<h6 style=\"text-align: justify\">Los peligros naturales se deben a circunstancias naturales que ponen en peligro el bienestar del ser humano y su medio ambiente. Se suele considerar como tales a aquellos que son debidos a fen\u00f3menos clim\u00e1ticos o geol\u00f3gicos, lo que excluye los riesgos sanitarios que representan los agentes pat\u00f3genos. Los riesgos m\u00e1s conocidos son los que se materializan de forma epis\u00f3dica, a menudo con alcances catastr\u00f3ficos. Con todo, hay riesgos continuados cuya naturaleza resulta menos obvia, como los relacionados con la radiactividad natural o los metales t\u00f3xicos presentes en la naturaleza. Los desastres naturales m\u00e1s espectaculares son los terremotos y la erupci\u00f3n de volcanes, que se producen en los bordes de las placas continentales, y son por tanto, caracter\u00edsticos de ciertas \u00e1reas en particular del Pac\u00edfico que incluye al estado de Oaxaca. Otro riesgo importante son los tsunamis, que son olas gigantescas que alcanzan su altura m\u00e1xima junto a la costa, produciendo enormes p\u00e9rdidas tanto materiales como humanas.<\/h6>\n<h6 style=\"text-align: justify\">Los desastres clim\u00e1ticos incluyen varios tipos de tormentas, da\u00f1os a las l\u00edneas de costas, las sequ\u00edas, las inundaciones, el granizo, los rayos del sol y los incendios debido a causas naturales. Los huracanes tropicales son la cat\u00e1strofe natural m\u00e1s extendida y da\u00f1ina, produce da\u00f1os no solo directos por la acci\u00f3n del viento, sino tambi\u00e9n por las inundaciones. La actividad ha incrementado la gravedad de las inundaciones en algunas \u00e1reas debido a los cambios en el uso del suelo, como los provocados por la urbanizaci\u00f3n y la deforestaci\u00f3n. Si bien la mayor\u00eda de los grandes incendios de la entidad es producto de la mano del hombre, los incendios forestales de origen natural provocado por los rayos solares, pueden producir gran devastaci\u00f3n, no obstante, estos pueden desempe\u00f1ar un papel vital en la ecolog\u00eda de las \u00e1reas secas devolviendo al suelo, el nutriente requerido proveniente de la vegetaci\u00f3n.<\/h6>\n<h6 style=\"text-align: justify\">Muchos desastres naturales, como los terremotos son inevitables, pero es posible adoptar medidas para minimizar su impacto. Se puede reglamentar la construcci\u00f3n al respecto proponiendo se construyan edificios sobre cimientos a prueba de terremotos; el impacto de las inundaciones, puede reducirse por medio de la ingenier\u00eda, con embalses y canalizaciones, y alertando y asesorando a la poblaci\u00f3n en caso de que se prevean tormentas importantes. La deforestaci\u00f3n, deslizamientos en masa y erosi\u00f3n, entre otros, pueden controlarse o atenuarse con pr\u00e1cticas de aprovechamiento racional, obras civiles y t\u00e9cnicas de conservaci\u00f3n del suelo.<br \/>\nEste trabajo tiene como finalidad principal la de ubicar los puntos vulnerables respecto a la sismicidad, erosi\u00f3n y deslizamiento de masas, para que las instituciones gubernamentales posteriormente realicen programas de informaci\u00f3n y prevenci\u00f3n de desastres.<\/h6>\n<h6 style=\"text-align: justify\">Esta primera versi\u00f3n documental est\u00e1 completa, ya que analiza todos fen\u00f3menos que pueden impactar al territorio estatal, cabe mencionar que para la publicaci\u00f3n del mismo no se hab\u00eda considerado el an\u00e1lisis de vulnerabilidad y c\u00e1lculo de riesgo como p\u00e9rdida esperada.<\/h6>\n<h3><\/h3>\n<h3><a href=\"https:\/\/www.oaxaca.gob.mx\/proteccioncivil\/wp-content\/uploads\/sites\/26\/2025\/05\/Atlas-Oaxaca-2010.pdf\">ATLAS ESTATAL DE RIESGOS DEL ESTADO DE OAXACA<\/a><\/h3>\n\n<table id=\"tablepress-45\" class=\"tablepress tablepress-id-45\">\n<thead>\n<tr class=\"row-1\">\n\t<th class=\"column-1\"><td style=\"background-color: #008000\"><h3><span style=\"color: #ffffff\"><a style=\"color: #ffffff\" href=\"https:\/\/anr.cenapred.unam.mx\/portal\/apps\/dashboards\/5d7d011646994a96a322c5a66a44d78d\">ATLAS MUNICIPALES DE RIESGOS INTEGRADOS AL ATLAS NACIONAL DE RIESGOS<\/a><\/span><\/h3><\/th>\n<\/tr>\n<\/thead>\n<tbody class=\"row-striping\">\n<\/tbody>\n<\/table>\n<!-- #tablepress-45 from cache -->\n<p>&nbsp;<\/p>\n","protected":false},"excerpt":{"rendered":"<p>En el convenio de colaboraci\u00f3n entre el Consejo de Recursos Minerales y la Unidad Estatal de Protecci\u00f3n Civil del Estado de Oaxaca se estableci\u00f3 la realizaci\u00f3n de un documento para uso en los planes de protecci\u00f3n civil para el estado con la perspectiva a la prevenci\u00f3n y mitigaci\u00f3n de da\u00f1os de fen\u00f3menos naturales sobre la [&hellip;]<\/p>\n","protected":false},"author":27,"featured_media":0,"parent":0,"menu_order":0,"comment_status":"closed","ping_status":"closed","template":"","meta":{"episode_type":"","audio_file":"","podmotor_file_id":"","podmotor_episode_id":"","cover_image":"","cover_image_id":"","duration":"","filesize":"","filesize_raw":"","date_recorded":"","explicit":"","block":"","itunes_episode_number":"","itunes_title":"","itunes_season_number":"","itunes_episode_type":"","footnotes":""},"categories":[],"tags":[],"class_list":["post-14214","page","type-page","status-publish","hentry"],"acf":[],"publishpress_future_action":{"enabled":false,"date":"2026-04-23 18:20:20","action":"change-status","newStatus":"draft","terms":[],"taxonomy":"category","extraData":[]},"publishpress_future_workflow_manual_trigger":{"enabledWorkflows":[]},"_links":{"self":[{"href":"https:\/\/www.oaxaca.gob.mx\/proteccioncivil\/wp-json\/wp\/v2\/pages\/14214","targetHints":{"allow":["GET"]}}],"collection":[{"href":"https:\/\/www.oaxaca.gob.mx\/proteccioncivil\/wp-json\/wp\/v2\/pages"}],"about":[{"href":"https:\/\/www.oaxaca.gob.mx\/proteccioncivil\/wp-json\/wp\/v2\/types\/page"}],"author":[{"embeddable":true,"href":"https:\/\/www.oaxaca.gob.mx\/proteccioncivil\/wp-json\/wp\/v2\/users\/27"}],"replies":[{"embeddable":true,"href":"https:\/\/www.oaxaca.gob.mx\/proteccioncivil\/wp-json\/wp\/v2\/comments?post=14214"}],"version-history":[{"count":3,"href":"https:\/\/www.oaxaca.gob.mx\/proteccioncivil\/wp-json\/wp\/v2\/pages\/14214\/revisions"}],"predecessor-version":[{"id":17195,"href":"https:\/\/www.oaxaca.gob.mx\/proteccioncivil\/wp-json\/wp\/v2\/pages\/14214\/revisions\/17195"}],"wp:attachment":[{"href":"https:\/\/www.oaxaca.gob.mx\/proteccioncivil\/wp-json\/wp\/v2\/media?parent=14214"}],"wp:term":[{"taxonomy":"category","embeddable":true,"href":"https:\/\/www.oaxaca.gob.mx\/proteccioncivil\/wp-json\/wp\/v2\/categories?post=14214"},{"taxonomy":"post_tag","embeddable":true,"href":"https:\/\/www.oaxaca.gob.mx\/proteccioncivil\/wp-json\/wp\/v2\/tags?post=14214"}],"curies":[{"name":"wp","href":"https:\/\/api.w.org\/{rel}","templated":true}]}}