{"id":13772,"date":"2025-03-31T16:15:12","date_gmt":"2025-03-31T22:15:12","guid":{"rendered":"https:\/\/www.oaxaca.gob.mx\/proteccioncivil\/?page_id=13772"},"modified":"2025-03-31T16:19:12","modified_gmt":"2025-03-31T22:19:12","slug":"acuerdo-por-el-que-se-emite-los-lineamientos-que-establecen-los-requisitos-para-acreditar-registrar-y-revalidar-a-las-personas-fisicas-y-morales-que-cuenten-con-los-conocimientos-capacidad-tecnica","status":"publish","type":"page","link":"https:\/\/www.oaxaca.gob.mx\/proteccioncivil\/acuerdo-por-el-que-se-emite-los-lineamientos-que-establecen-los-requisitos-para-acreditar-registrar-y-revalidar-a-las-personas-fisicas-y-morales-que-cuenten-con-los-conocimientos-capacidad-tecnica\/","title":{"rendered":"ACUERDO.- POR EL QUE SE EMITE LOS LINEAMIENTOS QUE ESTABLECEN LOS REQUISITOS PARA ACREDITAR, REGISTRAR Y REVALIDAR A LAS PERSONAS F\u00cdSICAS Y MORALES QUE CUENTEN CON LOS CONOCIMIENTOS, CAPACIDAD T\u00c9CNICA Y PR\u00c1CTICA EN MATERIA DE PREVENCI\u00d3N DE RIESGOS, DESASTRES, GESTI\u00d3N INTEGRAL DE RIESGO Y PROTECCI\u00d3N CIVIL"},"content":{"rendered":"<a href=\"https:\/\/www.oaxaca.gob.mx\/proteccioncivil\/wp-content\/uploads\/sites\/26\/2025\/03\/SEC12-02DA-2025-03-22.pdf\" class=\"pdfemb-viewer\" style=\"\" data-width=\"max\" data-height=\"max\" data-toolbar=\"top\" data-toolbar-fixed=\"on\">SEC12-02DA-2025-03-22<\/a>\n","protected":false},"excerpt":{"rendered":"","protected":false},"author":27,"featured_media":0,"parent":0,"menu_order":0,"comment_status":"closed","ping_status":"closed","template":"","meta":{"episode_type":"","audio_file":"","podmotor_file_id":"","podmotor_episode_id":"","cover_image":"","cover_image_id":"","duration":"","filesize":"","filesize_raw":"","date_recorded":"","explicit":"","block":"","itunes_episode_number":"","itunes_title":"","itunes_season_number":"","itunes_episode_type":"","footnotes":""},"categories":[],"tags":[],"class_list":["post-13772","page","type-page","status-publish","hentry"],"acf":[],"publishpress_future_action":{"enabled":false,"date":"2026-04-23 18:22:55","action":"change-status","newStatus":"draft","terms":[],"taxonomy":"category","extraData":[]},"publishpress_future_workflow_manual_trigger":{"enabledWorkflows":[]},"_links":{"self":[{"href":"https:\/\/www.oaxaca.gob.mx\/proteccioncivil\/wp-json\/wp\/v2\/pages\/13772","targetHints":{"allow":["GET"]}}],"collection":[{"href":"https:\/\/www.oaxaca.gob.mx\/proteccioncivil\/wp-json\/wp\/v2\/pages"}],"about":[{"href":"https:\/\/www.oaxaca.gob.mx\/proteccioncivil\/wp-json\/wp\/v2\/types\/page"}],"author":[{"embeddable":true,"href":"https:\/\/www.oaxaca.gob.mx\/proteccioncivil\/wp-json\/wp\/v2\/users\/27"}],"replies":[{"embeddable":true,"href":"https:\/\/www.oaxaca.gob.mx\/proteccioncivil\/wp-json\/wp\/v2\/comments?post=13772"}],"version-history":[{"count":2,"href":"https:\/\/www.oaxaca.gob.mx\/proteccioncivil\/wp-json\/wp\/v2\/pages\/13772\/revisions"}],"predecessor-version":[{"id":13776,"href":"https:\/\/www.oaxaca.gob.mx\/proteccioncivil\/wp-json\/wp\/v2\/pages\/13772\/revisions\/13776"}],"wp:attachment":[{"href":"https:\/\/www.oaxaca.gob.mx\/proteccioncivil\/wp-json\/wp\/v2\/media?parent=13772"}],"wp:term":[{"taxonomy":"category","embeddable":true,"href":"https:\/\/www.oaxaca.gob.mx\/proteccioncivil\/wp-json\/wp\/v2\/categories?post=13772"},{"taxonomy":"post_tag","embeddable":true,"href":"https:\/\/www.oaxaca.gob.mx\/proteccioncivil\/wp-json\/wp\/v2\/tags?post=13772"}],"curies":[{"name":"wp","href":"https:\/\/api.w.org\/{rel}","templated":true}]}}