{"id":134,"date":"2016-05-04T13:30:44","date_gmt":"2016-05-04T19:30:44","guid":{"rendered":"https:\/\/www.oaxaca.gob.mx\/proteccioncivil\/?page_id=134"},"modified":"2024-10-08T11:34:38","modified_gmt":"2024-10-08T17:34:38","slug":"directorio","status":"publish","type":"page","link":"https:\/\/www.oaxaca.gob.mx\/proteccioncivil\/directorio\/","title":{"rendered":"Directorio"},"content":{"rendered":"<p>&nbsp;<\/p>\n<nav>\n<div id=\"nav-tab\" class=\"nav nav-tabs\" role=\"tablist\"><a id=\"nav-1-tab\" class=\"nav-item nav-link active\" role=\"tab\" href=\"#nav-1\">Jefaturas<\/a><\/div>\n<\/nav>\n<div id=\"nav-tabContent\" class=\"tab-content\">\n<div class=\"row mt-4\">\n<div class=\"col-md-12\">\n<h5>Tel\u00e9fonos: 951 689 07 99\u00a0 \u00a0 \u00a0 correo &#8211; cepcygr@gmail.com<\/h5>\n<\/div>\n<\/div>\n<div id=\"nav-1\" class=\"tab-pane fade show active\" role=\"tabpanel\">\n<div style=\"margin-top: 30px\">\n<table id=\"tablepress-tab_directorio_pc\" class=\"tablepress tablepress-id-tab_directorio_pc\">\n<thead>\n<tr class=\"row-1\">\n\t<th class=\"column-1\">Nombre<\/th><th class=\"column-2\">Tel\u00e9fono<\/th><th class=\"column-3\">Correo<\/th><th class=\"column-4\">Puesto<\/th><th class=\"column-5\">Curriculum<\/th>\n<\/tr>\n<\/thead>\n<tbody class=\"row-striping row-hover\">\n<tr class=\"row-2\">\n\t<td class=\"column-1\">MANUEL ALBERTO MAZA S\u00c1NCHEZ<\/td><td class=\"column-2\">9516890799<br \/>\n<\/td><td class=\"column-3\">cepcygr@gmail.com<br \/>\n<br \/>\n<\/td><td class=\"column-4\">COORDINADOR ESTATAL DE PROTECCI\u00d3N CIVIL Y GESTI\u00d3N DE RIESGOS<\/td><td class=\"column-5\"><a href=\"https:\/\/www.oaxaca.gob.mx\/proteccioncivil\/wp-content\/uploads\/sites\/26\/2024\/11\/MANUEL-ALBERTO-MAZA-SANCHEZ.pdf\" target=\"_blank\" rel=\"noopener noreferrer\"><i class=\"far fa-file-pdf fa-2x\">\u00a0<\/i><\/a><br \/>\n<\/td>\n<\/tr>\n<tr class=\"row-3\">\n\t<td class=\"column-1\">LUIS JAVIER VALERIANO GONZ\u00c1LEZ  <\/td><td class=\"column-2\">9516890799<br \/>\n<br \/>\next. 1004<\/td><td class=\"column-3\">direccion.investigacion@oaxaca.gob.mx<\/td><td class=\"column-4\">DIRECTOR DE INVESTIGACI\u00d3N, DIAGN\u00d3STICO Y GESTI\u00d3N DE RIESGOS<\/td><td class=\"column-5\"><a href=\"https:\/\/www.oaxaca.gob.mx\/proteccioncivil\/wp-content\/uploads\/sites\/26\/2024\/11\/LUIS-JAVIER-VALERIANO-GONZALEZ.pdf\" target=\"_blank\" rel=\"noopener noreferrer\"><i class=\"far fa-file-pdf fa-2x\">\u00a0<\/i><\/a><br \/>\n<\/td>\n<\/tr>\n<tr class=\"row-4\">\n\t<td class=\"column-1\">JONATHAN ROJAS MAGNO <\/td><td class=\"column-2\">9516890799<\/td><td class=\"column-3\">direccion.administrativa@oaxaca.gob.mx<\/td><td class=\"column-4\">DIRECTOR ADMINISTRATIVO<\/td><td class=\"column-5\"><a href=\"https:\/\/www.oaxaca.gob.mx\/proteccioncivil\/wp-content\/uploads\/sites\/26\/2024\/11\/JONATHAN-ROJAS-MAGNO.pdf\" target=\"_blank\" rel=\"noopener noreferrer\"><i class=\"far fa-file-pdf fa-2x\">\u00a0<\/i><\/a><\/td>\n<\/tr>\n<tr class=\"row-5\">\n\t<td class=\"column-1\">JUAN CARLOS LUNA MORALES<\/td><td class=\"column-2\">9516890799<br \/>\next. 1002<\/td><td class=\"column-3\">mail.capacitacioncepco2023@gmail.com<\/td><td class=\"column-4\">DIRECTOR DE VINCULACI\u00d3N SOCIAL<\/td><td class=\"column-5\"><a href=\"https:\/\/www.oaxaca.gob.mx\/proteccioncivil\/wp-content\/uploads\/sites\/26\/2024\/11\/JUAN-CARLOS-LUNA-MORALES2.pdf\" target=\"_blank\" rel=\"noopener noreferrer\"><i class=\"far fa-file-pdf fa-2x\">\u00a0<\/i><\/a><\/td>\n<\/tr>\n<tr class=\"row-6\">\n\t<td class=\"column-1\">PATRICIA LILIANA JAIMES MORELOS<\/td><td class=\"column-2\">9516890799<br \/>\next. 1001<\/td><td class=\"column-3\">juridicocepco@gmail.com<\/td><td class=\"column-4\">JEFA DE UNIDAD JUR\u00cdDICA<\/td><td class=\"column-5\"><a href=\"https:\/\/www.oaxaca.gob.mx\/proteccioncivil\/wp-content\/uploads\/sites\/26\/2024\/11\/PATRICIA-LILIANA-JAIMES-MORELOS.pdf\" target=\"_blank\" rel=\"noopener noreferrer\"><i class=\"far fa-file-pdf fa-2x\">\u00a0<\/i><\/a><br \/>\n<\/td>\n<\/tr>\n<tr class=\"row-7\">\n\t<td class=\"column-1\">V\u00cdCTOR MANUEL M\u00c9NDEZ ARAG\u00d3N<\/td><td class=\"column-2\">9516890799  <br \/>\next. 1003<\/td><td class=\"column-3\">victor.mendez@oaxaca.gob.mx<\/td><td class=\"column-4\">JEFE DE LA UNIDAD DEL GRUPO DE RESPUESTA INMEDIATA<\/td><td class=\"column-5\"><a href=\"https:\/\/www.oaxaca.gob.mx\/proteccioncivil\/wp-content\/uploads\/sites\/26\/2024\/11\/VICTOR-M-MENDEZ-ARAGON.pdf\" target=\"_blank\" rel=\"noopener noreferrer\"><i class=\"far fa-file-pdf fa-2x\">\u00a0<\/i><\/a><\/td>\n<\/tr>\n<tr class=\"row-8\">\n\t<td class=\"column-1\">LUZ NUNILA MARTINEZ PEREZ <\/td><td class=\"column-2\">9516890799<\/td><td class=\"column-3\">recursos.humanos@oaxaca.gobmx<\/td><td class=\"column-4\">JEFA DEL DEPARTAMENTO DE RECURSOS HUMANOS<\/td><td class=\"column-5\"><a href=\"https:\/\/www.oaxaca.gob.mx\/proteccioncivil\/wp-content\/uploads\/sites\/26\/2024\/11\/LUZ-NUNILA-MARTINEZ-PEREZ-1.pdf\" target=\"_blank\" rel=\"noopener noreferrer\"><i class=\"far fa-file-pdf fa-2x\">\u00a0<\/i><\/a><br \/>\n<\/td>\n<\/tr>\n<tr class=\"row-9\">\n\t<td class=\"column-1\">EVERARDO HILARIO S\u00c1NCHEZ <\/td><td class=\"column-2\">9516890799<\/td><td class=\"column-3\">everardo.hilario@oaxaca.gob.mx<\/td><td class=\"column-4\">JEFE DE DEPARTAMENTO DE TECNOLOG\u00cdAS DE LA INFORMACI\u00d3N<\/td><td class=\"column-5\"><a href=\"https:\/\/www.oaxaca.gob.mx\/proteccioncivil\/wp-content\/uploads\/sites\/26\/2024\/11\/Anexo1Curriculum-EVERARDO-HILARIO-SANCHEZ-2.pdf\" target=\"_blank\" rel=\"noopener noreferrer\"><i class=\"far fa-file-pdf fa-2x\">\u00a0<\/i><\/a><br \/>\n<\/td>\n<\/tr>\n<tr class=\"row-10\">\n\t<td class=\"column-1\">JOS\u00c9 MANUEL LARA CRUZ<\/td><td class=\"column-2\">9516890799<\/td><td class=\"column-3\">manuel.lara@oaxaca.gob.mx <\/td><td class=\"column-4\">JEFE DE DEPARTAMENTO DE RECURSOS FINANCIEROS<\/td><td class=\"column-5\"><a href=\"https:\/\/www.oaxaca.gob.mx\/proteccioncivil\/wp-content\/uploads\/sites\/26\/2024\/11\/Anexo1Curriculum-LIC.-JOSE-MANUEL-LARA-CRUZ-1.pdf\" target=\"_blank\" rel=\"noopener noreferrer\"><i class=\"far fa-file-pdf fa-2x\">\u00a0<\/i><\/a><br \/>\n<\/td>\n<\/tr>\n<tr class=\"row-11\">\n\t<td class=\"column-1\">CUTBERTO VULFRANO RU\u00cdZ JARQU\u00cdN<\/td><td class=\"column-2\">9516890799<\/td><td class=\"column-3\">cutberto.ruiz@oaxaca.gob.mx<\/td><td class=\"column-4\">JEFE DE DEPARTAMENTO DE MONITOREO Y ALERTAMIENTO PREVENTIVO<\/td><td class=\"column-5\"><a href=\"https:\/\/www.oaxaca.gob.mx\/proteccioncivil\/wp-content\/uploads\/sites\/26\/2024\/11\/Anexo1_cutberto_ruiz_jarquin.pdf\" target=\"_blank\" rel=\"noopener noreferrer\"><i class=\"far fa-file-pdf fa-2x\">\u00a0<\/i><\/a><\/td>\n<\/tr>\n<tr class=\"row-12\">\n\t<td class=\"column-1\">CLAUDIA BEATRIZ CORT\u00c9S SEGURA<\/td><td class=\"column-2\">9516890799<\/td><td class=\"column-3\">claudia.segura@oaxaca.gob.mx<\/td><td class=\"column-4\">JEFA DEL DEPARTAMENTO DE FORTALECIMIENTO DE CAPACIDADES<\/td><td class=\"column-5\"><a href=\"https:\/\/www.oaxaca.gob.mx\/proteccioncivil\/wp-content\/uploads\/sites\/26\/2024\/11\/CLAUDIA-B-CORTES-SEGURA.pdf\" target=\"_blank\" rel=\"noopener noreferrer\"><i class=\"far fa-file-pdf fa-2x\">\u00a0<\/i><\/a><\/td>\n<\/tr>\n<tr class=\"row-13\">\n\t<td class=\"column-1\">JUAN MIGUEL MORALES D\u00cdAZ<\/td><td class=\"column-2\">9516890799<\/td><td class=\"column-3\">miguel.morales@oaxaca.gob.mx<\/td><td class=\"column-4\">JEFE DE DEPARTAMENTO DE AN\u00c1LISIS DE AMENAZAS Y VULNERABILIDADES NATURALES<\/td><td class=\"column-5\"><a href=\"https:\/\/www.oaxaca.gob.mx\/proteccioncivil\/wp-content\/uploads\/sites\/26\/2024\/11\/Curriculum_JUANMIGUEL.pdf\" target=\"_blank\" rel=\"noopener noreferrer\"><i class=\"far fa-file-pdf fa-2x\">\u00a0<\/i><\/a><br \/>\n<\/td>\n<\/tr>\n<tr class=\"row-14\">\n\t<td class=\"column-1\">V\u00cdCTOR MANUEL DOM\u00cdNGUEZ ROBLES<\/td><td class=\"column-2\">9516890799<\/td><td class=\"column-3\">bigthorr@gmail.com<\/td><td class=\"column-4\">JEFE DE DEPARTAMENTO DE EVALUACI\u00d3N Y DICTAMINACI\u00d3N DE RIESGOS<\/td><td class=\"column-5\"><a href=\"https:\/\/www.oaxaca.gob.mx\/proteccioncivil\/wp-content\/uploads\/sites\/26\/2024\/11\/VICTOR-MANUEL-DMGZ-ROBLES.pdf\" target=\"_blank\" rel=\"noopener noreferrer\"><i class=\"far fa-file-pdf fa-2x\">\u00a0<\/i><\/a><\/td>\n<\/tr>\n<tr class=\"row-15\">\n\t<td class=\"column-1\">RAMIRO RAMIREZ TABOADA<\/td><td class=\"column-2\">9516890799<\/td><td class=\"column-3\">asesoriamunicipal2024@gmail.com<\/td><td class=\"column-4\">JEFE DE DEPARTAMENTO DE ASESOR\u00cdA COMUNITARIA Y ENLACE REGIONAL Y MUNICIPAL<\/td><td class=\"column-5\"><a href=\"https:\/\/www.oaxaca.gob.mx\/proteccioncivil\/wp-content\/uploads\/sites\/26\/2024\/11\/RAMIRO-RAMIREZ-TABOADA-1.pdf\" target=\"_blank\" rel=\"noopener noreferrer\"><i class=\"far fa-file-pdf fa-2x\">\u00a0<\/i><\/a><br \/>\n<\/td>\n<\/tr>\n<tr class=\"row-16\">\n\t<td class=\"column-1\">ROBERTO JEAN PAUL M\u00c9NDEZ GONZ\u00c1LEZ <\/td><td class=\"column-2\">9516890799<\/td><td class=\"column-3\">roberto.mendez@oaxaca.gob.mx<\/td><td class=\"column-4\">JEFE DE DEPARTAMENTO  DE ATLAS DE RIESGOS <\/td><td class=\"column-5\"><a href=\"https:\/\/www.oaxaca.gob.mx\/proteccioncivil\/wp-content\/uploads\/sites\/26\/2024\/11\/Curriculum-Roberto-Jean-Paul-Mendez-Gonzalez-CEPCO.pdf\" target=\"_blank\" rel=\"noopener noreferrer\"><i class=\"far fa-file-pdf fa-2x\">\u00a0<\/i><\/a><br \/>\n<\/td>\n<\/tr>\n<tr class=\"row-17\">\n\t<td class=\"column-1\">ABRAHAM L\u00d3PEZ GARC\u00cdA <\/td><td class=\"column-2\">9516890799<\/td><td class=\"column-3\">materialesyservicios@gmail.com<\/td><td class=\"column-4\">JEFE DE DEPARTAMENTO DE RECURSOS MATERIALES Y SERVICIOS GENERALES<\/td><td class=\"column-5\"><a href=\"https:\/\/www.oaxaca.gob.mx\/proteccioncivil\/wp-content\/uploads\/sites\/26\/2024\/11\/ABRAHAM-LOPEZ-GARCIA.pdf\" target=\"_blank\" rel=\"noopener noreferrer\"><i class=\"far fa-file-pdf fa-2x\">\u00a0<\/i><\/a><\/td>\n<\/tr>\n<tr class=\"row-18\">\n\t<td class=\"column-1\">SHEILA VINIZA D\u00cdAZ L\u00d3PEZ <\/td><td class=\"column-2\">9516890799<\/td><td class=\"column-3\">sheila.diaz@oaxaca.gob.mx <\/td><td class=\"column-4\">JEFA DE DEPARTAMENTO DE COMUNICACI\u00d3N SOCIAL<\/td><td class=\"column-5\"><a href=\"https:\/\/www.oaxaca.gob.mx\/proteccioncivil\/wp-content\/uploads\/sites\/26\/2025\/03\/SHEILA-VINIZA-DIAZ-LOPEZ.pdf\" target=\"_blank\" rel=\"noopener noreferrer\"><i class=\"far fa-file-pdf fa-2x\">\u00a0<\/i><\/a><\/td>\n<\/tr>\n<tr class=\"row-19\">\n\t<td class=\"column-1\"><\/td><td class=\"column-2\"><\/td><td class=\"column-3\"><\/td><td class=\"column-4\"><\/td><td class=\"column-5\"><\/td>\n<\/tr>\n<\/tbody>\n<\/table>\n<!-- #tablepress-tab_directorio_pc from cache --><\/div>\n<\/div>\n<\/div>\n","protected":false},"excerpt":{"rendered":"<p>&nbsp; Jefaturas Tel\u00e9fonos: 951 689 07 99\u00a0 \u00a0 \u00a0 correo &#8211; cepcygr@gmail.com<\/p>\n","protected":false},"author":1,"featured_media":0,"parent":0,"menu_order":0,"comment_status":"closed","ping_status":"closed","template":"","meta":{"episode_type":"","audio_file":"","podmotor_file_id":"","podmotor_episode_id":"","cover_image":"","cover_image_id":"","duration":"","filesize":"","filesize_raw":"","date_recorded":"","explicit":"","block":"","itunes_episode_number":"","itunes_title":"","itunes_season_number":"","itunes_episode_type":"","footnotes":""},"categories":[],"tags":[],"class_list":["post-134","page","type-page","status-publish","hentry"],"acf":[],"publishpress_future_action":{"enabled":false,"date":"2026-05-17 22:00:30","action":"change-status","newStatus":"draft","terms":[],"taxonomy":"category","extraData":[]},"publishpress_future_workflow_manual_trigger":{"enabledWorkflows":[]},"_links":{"self":[{"href":"https:\/\/www.oaxaca.gob.mx\/proteccioncivil\/wp-json\/wp\/v2\/pages\/134","targetHints":{"allow":["GET"]}}],"collection":[{"href":"https:\/\/www.oaxaca.gob.mx\/proteccioncivil\/wp-json\/wp\/v2\/pages"}],"about":[{"href":"https:\/\/www.oaxaca.gob.mx\/proteccioncivil\/wp-json\/wp\/v2\/types\/page"}],"author":[{"embeddable":true,"href":"https:\/\/www.oaxaca.gob.mx\/proteccioncivil\/wp-json\/wp\/v2\/users\/1"}],"replies":[{"embeddable":true,"href":"https:\/\/www.oaxaca.gob.mx\/proteccioncivil\/wp-json\/wp\/v2\/comments?post=134"}],"version-history":[{"count":2,"href":"https:\/\/www.oaxaca.gob.mx\/proteccioncivil\/wp-json\/wp\/v2\/pages\/134\/revisions"}],"predecessor-version":[{"id":12194,"href":"https:\/\/www.oaxaca.gob.mx\/proteccioncivil\/wp-json\/wp\/v2\/pages\/134\/revisions\/12194"}],"wp:attachment":[{"href":"https:\/\/www.oaxaca.gob.mx\/proteccioncivil\/wp-json\/wp\/v2\/media?parent=134"}],"wp:term":[{"taxonomy":"category","embeddable":true,"href":"https:\/\/www.oaxaca.gob.mx\/proteccioncivil\/wp-json\/wp\/v2\/categories?post=134"},{"taxonomy":"post_tag","embeddable":true,"href":"https:\/\/www.oaxaca.gob.mx\/proteccioncivil\/wp-json\/wp\/v2\/tags?post=134"}],"curies":[{"name":"wp","href":"https:\/\/api.w.org\/{rel}","templated":true}]}}