{"id":64,"date":"2022-07-22T19:17:58","date_gmt":"2022-07-22T19:17:58","guid":{"rendered":"https:\/\/q-www.oaxaca.gob.mx\/propaeo\/?page_id=64"},"modified":"2025-12-09T20:43:39","modified_gmt":"2025-12-09T20:43:39","slug":"comite-de-etica","status":"publish","type":"page","link":"https:\/\/www.oaxaca.gob.mx\/propaeo\/comite-de-etica\/","title":{"rendered":"Comit\u00e9 de \u00c9tica"},"content":{"rendered":"<p>La Procuradur\u00eda de Protecci\u00f3n al Ambiente del Estado de Oaxaca (PROPAEO), en apego a los principios de transparencia, legalidad e integridad, pone a su disposici\u00f3n el Buz\u00f3n de \u00c9tica: buzon.etica@oaxaca.gob.mx<\/p>\n","protected":false},"excerpt":{"rendered":"<p>La Procuradur\u00eda de Protecci\u00f3n al Ambiente del Estado de Oaxaca (PROPAEO), en apego a los principios de transparencia, legalidad e integridad, pone a su disposici\u00f3n el Buz\u00f3n de \u00c9tica: buzon.etica@oaxaca.gob.mx<\/p>\n","protected":false},"author":1,"featured_media":0,"parent":0,"menu_order":0,"comment_status":"closed","ping_status":"closed","template":"","meta":{"episode_type":"","audio_file":"","podmotor_file_id":"","podmotor_episode_id":"","cover_image":"","cover_image_id":"","duration":"","filesize":"","filesize_raw":"","date_recorded":"","explicit":"","block":"","itunes_episode_number":"","itunes_title":"","itunes_season_number":"","itunes_episode_type":"","footnotes":""},"categories":[],"tags":[],"class_list":["post-64","page","type-page","status-publish","hentry"],"acf":[],"publishpress_future_action":{"enabled":false,"date":"2026-04-11 12:10:23","action":"change-status","newStatus":"draft","terms":[],"taxonomy":"category","extraData":[]},"publishpress_future_workflow_manual_trigger":{"enabledWorkflows":[]},"_links":{"self":[{"href":"https:\/\/www.oaxaca.gob.mx\/propaeo\/wp-json\/wp\/v2\/pages\/64","targetHints":{"allow":["GET"]}}],"collection":[{"href":"https:\/\/www.oaxaca.gob.mx\/propaeo\/wp-json\/wp\/v2\/pages"}],"about":[{"href":"https:\/\/www.oaxaca.gob.mx\/propaeo\/wp-json\/wp\/v2\/types\/page"}],"author":[{"embeddable":true,"href":"https:\/\/www.oaxaca.gob.mx\/propaeo\/wp-json\/wp\/v2\/users\/1"}],"replies":[{"embeddable":true,"href":"https:\/\/www.oaxaca.gob.mx\/propaeo\/wp-json\/wp\/v2\/comments?post=64"}],"version-history":[{"count":2,"href":"https:\/\/www.oaxaca.gob.mx\/propaeo\/wp-json\/wp\/v2\/pages\/64\/revisions"}],"predecessor-version":[{"id":809,"href":"https:\/\/www.oaxaca.gob.mx\/propaeo\/wp-json\/wp\/v2\/pages\/64\/revisions\/809"}],"wp:attachment":[{"href":"https:\/\/www.oaxaca.gob.mx\/propaeo\/wp-json\/wp\/v2\/media?parent=64"}],"wp:term":[{"taxonomy":"category","embeddable":true,"href":"https:\/\/www.oaxaca.gob.mx\/propaeo\/wp-json\/wp\/v2\/categories?post=64"},{"taxonomy":"post_tag","embeddable":true,"href":"https:\/\/www.oaxaca.gob.mx\/propaeo\/wp-json\/wp\/v2\/tags?post=64"}],"curies":[{"name":"wp","href":"https:\/\/api.w.org\/{rel}","templated":true}]}}