{"id":19,"date":"2022-06-15T16:47:17","date_gmt":"2022-06-15T16:47:17","guid":{"rendered":"https:\/\/q-www.oaxaca.gob.mx\/propaeo\/?page_id=19"},"modified":"2024-08-22T02:01:09","modified_gmt":"2024-08-22T02:01:09","slug":"mision-vision-y-objetivos","status":"publish","type":"page","link":"https:\/\/www.oaxaca.gob.mx\/propaeo\/mision-vision-y-objetivos\/","title":{"rendered":"Misi\u00f3n, Visi\u00f3n y Objetivos"},"content":{"rendered":"<p><strong>MISI\u00d3N<\/strong><\/p>\n<p>Procurar la justicia ambiental, a trav\u00e9s de la atenci\u00f3n a la denuncia popular, acciones de inspecci\u00f3n, verificaci\u00f3n, vigilancia, instauraci\u00f3n de procedimientos administrativos, as\u00ed como el uso y la aplicaci\u00f3n de instrumentos voluntarios, garantizando el cumplimiento de la normatividad ambiental.<\/p>\n<p><strong>VISI\u00d3N<\/strong><\/p>\n<p>Ser una instituci\u00f3n referente por su capacidad de proteger, vigilar y promover el respeto a los derechos ambientales de los ciudadanos, trabajando de forma eficaz ordenada y confiable, as\u00ed como coadyuvar con la sociedad y todos los sectores econ\u00f3micos con el fin de brindar soluciones sustentables.<\/p>\n<p><strong>OBJETIVO GENERAL<\/strong><\/p>\n<p>Vigilar el cumplimiento de la normatividad ambiental en el Estado e imponer las sanciones correspondientes por el incumplimiento de las mismas, mediante los procedimientos administrativos que permitan garantizar el derecho de toda persona a disfrutar de un ambiente adecuado para su desarrollo, salud y bienestar.<\/p>\n<p><strong>OBJETIVOS ESTRATEGICOS<\/strong><\/p>\n<p>\u2022 Atender al 100% las denuncias ciudadanas en tiempo y forma.<br \/>\n\u2022 Fomentar una participaci\u00f3n decidida, informada y responsable de la sociedad.<br \/>\n\u2022 Promover el acceso a la informaci\u00f3n ambiental, poniendo a disposici\u00f3n de la poblaci\u00f3n, informaci\u00f3n oportuna y objetiva para mejorar la toma de decisiones en materia de justicia ambiental.<br \/>\n\u2022 Construir una instituci\u00f3n moderna y eficiente, bajo criterios de honestidad,\u00a0transparencia y confiabilidad.<br \/>\n\u2022 Difundir la normatividad ambiental aplicable.<br \/>\n\u2022 Promover el cumplimiento de la normatividad ambiental vigente.<br \/>\n\u2022 Generar una coordinaci\u00f3n interinstitucional en materia de medio ambiente con los tres \u00f3rdenes de gobierno.<\/p>\n","protected":false},"excerpt":{"rendered":"<p>MISI\u00d3N Procurar la justicia ambiental, a trav\u00e9s de la atenci\u00f3n a la denuncia popular, acciones de inspecci\u00f3n, verificaci\u00f3n, vigilancia, instauraci\u00f3n de procedimientos administrativos, as\u00ed como el uso y la aplicaci\u00f3n de instrumentos voluntarios, garantizando el cumplimiento de la normatividad ambiental. VISI\u00d3N Ser una instituci\u00f3n referente por su capacidad de proteger, vigilar y promover el respeto [&hellip;]<\/p>\n","protected":false},"author":1,"featured_media":0,"parent":0,"menu_order":0,"comment_status":"closed","ping_status":"closed","template":"","meta":{"episode_type":"","audio_file":"","podmotor_file_id":"","podmotor_episode_id":"","cover_image":"","cover_image_id":"","duration":"","filesize":"","filesize_raw":"","date_recorded":"","explicit":"","block":"","itunes_episode_number":"","itunes_title":"","itunes_season_number":"","itunes_episode_type":"","footnotes":""},"categories":[],"tags":[],"class_list":["post-19","page","type-page","status-publish","hentry"],"acf":[],"publishpress_future_action":{"enabled":false,"date":"2026-04-11 10:38:12","action":"change-status","newStatus":"draft","terms":[],"taxonomy":"category","extraData":[]},"publishpress_future_workflow_manual_trigger":{"enabledWorkflows":[]},"_links":{"self":[{"href":"https:\/\/www.oaxaca.gob.mx\/propaeo\/wp-json\/wp\/v2\/pages\/19","targetHints":{"allow":["GET"]}}],"collection":[{"href":"https:\/\/www.oaxaca.gob.mx\/propaeo\/wp-json\/wp\/v2\/pages"}],"about":[{"href":"https:\/\/www.oaxaca.gob.mx\/propaeo\/wp-json\/wp\/v2\/types\/page"}],"author":[{"embeddable":true,"href":"https:\/\/www.oaxaca.gob.mx\/propaeo\/wp-json\/wp\/v2\/users\/1"}],"replies":[{"embeddable":true,"href":"https:\/\/www.oaxaca.gob.mx\/propaeo\/wp-json\/wp\/v2\/comments?post=19"}],"version-history":[{"count":2,"href":"https:\/\/www.oaxaca.gob.mx\/propaeo\/wp-json\/wp\/v2\/pages\/19\/revisions"}],"predecessor-version":[{"id":488,"href":"https:\/\/www.oaxaca.gob.mx\/propaeo\/wp-json\/wp\/v2\/pages\/19\/revisions\/488"}],"wp:attachment":[{"href":"https:\/\/www.oaxaca.gob.mx\/propaeo\/wp-json\/wp\/v2\/media?parent=19"}],"wp:term":[{"taxonomy":"category","embeddable":true,"href":"https:\/\/www.oaxaca.gob.mx\/propaeo\/wp-json\/wp\/v2\/categories?post=19"},{"taxonomy":"post_tag","embeddable":true,"href":"https:\/\/www.oaxaca.gob.mx\/propaeo\/wp-json\/wp\/v2\/tags?post=19"}],"curies":[{"name":"wp","href":"https:\/\/api.w.org\/{rel}","templated":true}]}}