{"id":14,"date":"2022-06-15T16:25:46","date_gmt":"2022-06-15T16:25:46","guid":{"rendered":"https:\/\/q-www.oaxaca.gob.mx\/propaeo\/?page_id=14"},"modified":"2025-04-28T17:03:29","modified_gmt":"2025-04-28T17:03:29","slug":"tramites-y-servicios","status":"publish","type":"page","link":"https:\/\/www.oaxaca.gob.mx\/propaeo\/tramites-y-servicios\/","title":{"rendered":"Tr\u00e1mites y Servicios"},"content":{"rendered":"<h1>Servicios de la Procuradur\u00eda de Protecci\u00f3n al Ambiente<\/h1>\n<ul>\n<li><strong>Departamento de Quejas y Denuncias:<\/strong>\n<ul>\n<li>Recepci\u00f3n de Denuncias<\/li>\n<li>Atenci\u00f3n de Denuncias<\/li>\n<\/ul>\n<\/li>\n<li><em>N\u00famero de Contacto: 951 7251 399<\/em><\/li>\n<li><em>Correo Electr\u00f3nico: quejas.propaeo@oaxaca.gob.mx<\/em><\/li>\n<p>&nbsp;<\/p>\n","protected":false},"excerpt":{"rendered":"<p>Servicios de la Procuradur\u00eda de Protecci\u00f3n al Ambiente Departamento de Quejas y Denuncias: Recepci\u00f3n de Denuncias Atenci\u00f3n de Denuncias N\u00famero de Contacto: 951 7251 399 Correo Electr\u00f3nico: quejas.propaeo@oaxaca.gob.mx &nbsp;<\/p>\n","protected":false},"author":1,"featured_media":0,"parent":0,"menu_order":0,"comment_status":"closed","ping_status":"closed","template":"","meta":{"episode_type":"","audio_file":"","podmotor_file_id":"","podmotor_episode_id":"","cover_image":"","cover_image_id":"","duration":"","filesize":"","filesize_raw":"","date_recorded":"","explicit":"","block":"","itunes_episode_number":"","itunes_title":"","itunes_season_number":"","itunes_episode_type":"","footnotes":""},"categories":[],"tags":[],"class_list":["post-14","page","type-page","status-publish","hentry"],"acf":[],"publishpress_future_action":{"enabled":false,"date":"2026-04-11 10:20:17","action":"change-status","newStatus":"draft","terms":[],"taxonomy":"category","extraData":[]},"publishpress_future_workflow_manual_trigger":{"enabledWorkflows":[]},"_links":{"self":[{"href":"https:\/\/www.oaxaca.gob.mx\/propaeo\/wp-json\/wp\/v2\/pages\/14","targetHints":{"allow":["GET"]}}],"collection":[{"href":"https:\/\/www.oaxaca.gob.mx\/propaeo\/wp-json\/wp\/v2\/pages"}],"about":[{"href":"https:\/\/www.oaxaca.gob.mx\/propaeo\/wp-json\/wp\/v2\/types\/page"}],"author":[{"embeddable":true,"href":"https:\/\/www.oaxaca.gob.mx\/propaeo\/wp-json\/wp\/v2\/users\/1"}],"replies":[{"embeddable":true,"href":"https:\/\/www.oaxaca.gob.mx\/propaeo\/wp-json\/wp\/v2\/comments?post=14"}],"version-history":[{"count":2,"href":"https:\/\/www.oaxaca.gob.mx\/propaeo\/wp-json\/wp\/v2\/pages\/14\/revisions"}],"predecessor-version":[{"id":588,"href":"https:\/\/www.oaxaca.gob.mx\/propaeo\/wp-json\/wp\/v2\/pages\/14\/revisions\/588"}],"wp:attachment":[{"href":"https:\/\/www.oaxaca.gob.mx\/propaeo\/wp-json\/wp\/v2\/media?parent=14"}],"wp:term":[{"taxonomy":"category","embeddable":true,"href":"https:\/\/www.oaxaca.gob.mx\/propaeo\/wp-json\/wp\/v2\/categories?post=14"},{"taxonomy":"post_tag","embeddable":true,"href":"https:\/\/www.oaxaca.gob.mx\/propaeo\/wp-json\/wp\/v2\/tags?post=14"}],"curies":[{"name":"wp","href":"https:\/\/api.w.org\/{rel}","templated":true}]}}