{"id":9107,"date":"2023-11-16T12:15:16","date_gmt":"2023-11-16T18:15:16","guid":{"rendered":"https:\/\/www.oaxaca.gob.mx\/planeacion\/?page_id=9107"},"modified":"2025-01-27T10:11:11","modified_gmt":"2025-01-27T16:11:11","slug":"metodologias-y-lineamientos","status":"publish","type":"page","link":"https:\/\/www.oaxaca.gob.mx\/planeacion\/metodologias-y-lineamientos\/","title":{"rendered":"Metodolog\u00edas y lineamientos"},"content":{"rendered":"<div class=\"row\">\n<div class=\"col-md-4 text-center\"><strong>Bases del Pan Estatal<br \/>\nde Desarrollo 2022 -2028 <\/strong><\/div>\n<div class=\"col-md-4 text-center\"><strong>Gu\u00eda para la elaboraci\u00f3n de<br \/>\nPlanes Municipales de Desarrollo con<br \/>\nEnfoque Participativo<br \/>\n<\/strong><\/div>\n<div class=\"col-md-4 text-center\"><strong>Lineamientos para la revisi\u00f3n y<br \/>\nvalidaci\u00f3n de Planes Municipales de<br \/>\nDesarrollo con enfoque participativo<br \/>\n<\/strong><\/div>\n<p>&nbsp;<\/p>\n<\/div>\n<div class=\"row\">\n<div class=\"col-md-4 text-center\"><a href=\"https:\/\/www.oaxaca.gob.mx\/planeacion\/wp-content\/uploads\/sites\/29\/2023\/11\/Bases-del-Plan-Estatal-de-Desarrollo-2022-2028_Baja.pdf\" target=\"_blank\" rel=\"noopener\"><img loading=\"lazy\" decoding=\"async\" width=\"120\" height=\"155\" class=\"size-full wp-image-9119 alignnone\" src=\"https:\/\/www.oaxaca.gob.mx\/planeacion\/wp-content\/uploads\/sites\/29\/2023\/11\/Bases-del-Plan-Estatal-de-Desarrollo-2022-2028-1.png\" alt=\"\" \/><\/a><\/div>\n<div class=\"col-md-4 text-center\"><a href=\"https:\/\/www.oaxaca.gob.mx\/planeacion\/wp-content\/uploads\/sites\/29\/2023\/11\/23_11_08_Guia-para-la-elaboracion-del-PMD_Paginas.pdf\" target=\"_blank\" rel=\"noopener\"><img loading=\"lazy\" decoding=\"async\" width=\"120\" height=\"155\" class=\"size-full wp-image-9120 alignnone\" src=\"https:\/\/www.oaxaca.gob.mx\/planeacion\/wp-content\/uploads\/sites\/29\/2023\/11\/23_11_08_Guia-para-la-elaboracion-del-PMD_Paginas-1.png\" alt=\"\" \/><\/a><\/div>\n<div class=\"col-md-4 text-center\"><a href=\"https:\/\/www.oaxaca.gob.mx\/planeacion\/wp-content\/uploads\/sites\/29\/2025\/01\/LINEAMIENTOS-PMD-30.08.23.pdf\" target=\"_blank\" rel=\"noopener\"><img loading=\"lazy\" decoding=\"async\" class=\"size-full wp-image-9120 alignnone\" src=\"https:\/\/www.oaxaca.gob.mx\/planeacion\/wp-content\/uploads\/sites\/29\/2025\/01\/imglineamientos.png\" alt=\"\" width=\"120\" height=\"155\" \/><\/a><\/div>\n<p>&nbsp;<\/p>\n<\/div>\n<p>&nbsp;<\/p>\n<div class=\"row\">\n<div class=\"col-md-4 text-center\"><strong>Acuerdo que aprueba los<br \/>\nPlanes Estrat\u00e9gicos Sectoriales<br \/>\ny Planes Especiales derivados<br \/>\ndel PED 2022 &#8211; 2028<br \/>\n<\/strong><\/div>\n<div class=\"col-md-4 text-center\"><strong>Metodolog\u00eda para la formulaci\u00f3n<br \/>\nde Planes Estrat\u00e9gicos Sectoriales<br \/>\ny Planes Especiales<br \/>\n<\/strong><\/div>\n<div class=\"col-md-4 text-center\"><strong>Gu\u00eda para la elaboraci\u00f3n de Planes<br \/>\nEstrat\u00e9gicos Institucionales <\/strong><\/div>\n<p>&nbsp;<\/p>\n<\/div>\n<div class=\"row\">\n<div class=\"col-md-4 text-center\"><a href=\"https:\/\/www.oaxaca.gob.mx\/planeacion\/wp-content\/uploads\/sites\/29\/2025\/01\/ACUERDO-PES-PE-10.09.24.pdf\" target=\"_blank\" rel=\"noopener\"><img loading=\"lazy\" decoding=\"async\" class=\"size-full wp-image-9120 alignnone\" src=\"https:\/\/www.oaxaca.gob.mx\/planeacion\/wp-content\/uploads\/sites\/29\/2025\/01\/imgacuerdo.png\" alt=\"\" width=\"120\" height=\"155\" \/><\/a><\/div>\n<div class=\"col-md-4 text-center\"><a href=\"https:\/\/www.oaxaca.gob.mx\/planeacion\/wp-content\/uploads\/sites\/29\/2024\/07\/24_07_03_Metodologia-PES.pdf\" target=\"_blank\" rel=\"noopener\"><img decoding=\"async\" class=\"size-full wp-image-9120 alignnone\" src=\"https:\/\/www.oaxaca.gob.mx\/planeacion\/wp-content\/uploads\/sites\/29\/2023\/11\/23_11_15_Metodologia-PES.png\" alt=\"\" \/><\/a><\/div>\n<div class=\"col-md-4 text-center\"><a href=\"https:\/\/www.oaxaca.gob.mx\/planeacion\/wp-content\/uploads\/sites\/29\/2024\/12\/Guia-PEI-2024.pdf\" target=\"_blank\" rel=\"noopener\"><img loading=\"lazy\" decoding=\"async\" class=\"size-full wp-image-9119 alignnone\" src=\"https:\/\/www.oaxaca.gob.mx\/planeacion\/wp-content\/uploads\/sites\/29\/2025\/01\/g.png\" alt=\"\" width=\"120\" height=\"155\" \/><\/a><\/div>\n<p>&nbsp;<\/p>\n<\/div>\n<div class=\"row\">\n<div class=\"col-md-4 text-center\"><strong>Formatos de la Gu\u00eda para<br \/> la elaboraci\u00f3n de Planes Estrat\u00e9gicos <br \/> Institucionales de Desarrollo 2022 -2028 <\/strong><\/div>\n<p>&nbsp;<\/p>\n<\/div>\n<div class=\"row\">\n<div class=\"col-md-4 text-center\"><a href=\"https:\/\/www.oaxaca.gob.mx\/planeacion\/wp-content\/uploads\/sites\/29\/2025\/01\/Formatos-Guia-PEI.zip\" target=\"_blank\" rel=\"noopener\"><br \/>\n<img decoding=\"async\" style=\"width: 150px;height: 100px\" src=\"https:\/\/www.oaxaca.gob.mx\/planeacion\/wp-content\/uploads\/sites\/29\/2025\/01\/carpeta-zip.png\" alt=\"\" \/><\/a><\/div>\n<p>&nbsp;<\/p>\n<\/div>\n","protected":false},"excerpt":{"rendered":"<p>Bases del Pan Estatal de Desarrollo 2022 -2028 Gu\u00eda para la elaboraci\u00f3n de Planes Municipales de Desarrollo con Enfoque Participativo Lineamientos para la revisi\u00f3n y validaci\u00f3n de Planes Municipales de Desarrollo con enfoque participativo &nbsp; &nbsp; &nbsp; Acuerdo que aprueba los Planes Estrat\u00e9gicos Sectoriales y Planes Especiales derivados del PED 2022 &#8211; 2028 Metodolog\u00eda para [&hellip;]<\/p>\n","protected":false},"author":30,"featured_media":0,"parent":0,"menu_order":0,"comment_status":"closed","ping_status":"closed","template":"","meta":{"episode_type":"","audio_file":"","podmotor_file_id":"","podmotor_episode_id":"","cover_image":"","cover_image_id":"","duration":"","filesize":"","filesize_raw":"","date_recorded":"","explicit":"","block":"","itunes_episode_number":"","itunes_title":"","itunes_season_number":"","itunes_episode_type":"","footnotes":""},"categories":[],"tags":[],"class_list":["post-9107","page","type-page","status-publish","hentry"],"acf":[],"publishpress_future_action":{"enabled":false,"date":"2026-05-20 11:28:49","action":"change-status","newStatus":"draft","terms":[],"taxonomy":"category","extraData":[]},"publishpress_future_workflow_manual_trigger":{"enabledWorkflows":[]},"_links":{"self":[{"href":"https:\/\/www.oaxaca.gob.mx\/planeacion\/wp-json\/wp\/v2\/pages\/9107","targetHints":{"allow":["GET"]}}],"collection":[{"href":"https:\/\/www.oaxaca.gob.mx\/planeacion\/wp-json\/wp\/v2\/pages"}],"about":[{"href":"https:\/\/www.oaxaca.gob.mx\/planeacion\/wp-json\/wp\/v2\/types\/page"}],"author":[{"embeddable":true,"href":"https:\/\/www.oaxaca.gob.mx\/planeacion\/wp-json\/wp\/v2\/users\/30"}],"replies":[{"embeddable":true,"href":"https:\/\/www.oaxaca.gob.mx\/planeacion\/wp-json\/wp\/v2\/comments?post=9107"}],"version-history":[{"count":2,"href":"https:\/\/www.oaxaca.gob.mx\/planeacion\/wp-json\/wp\/v2\/pages\/9107\/revisions"}],"predecessor-version":[{"id":11449,"href":"https:\/\/www.oaxaca.gob.mx\/planeacion\/wp-json\/wp\/v2\/pages\/9107\/revisions\/11449"}],"wp:attachment":[{"href":"https:\/\/www.oaxaca.gob.mx\/planeacion\/wp-json\/wp\/v2\/media?parent=9107"}],"wp:term":[{"taxonomy":"category","embeddable":true,"href":"https:\/\/www.oaxaca.gob.mx\/planeacion\/wp-json\/wp\/v2\/categories?post=9107"},{"taxonomy":"post_tag","embeddable":true,"href":"https:\/\/www.oaxaca.gob.mx\/planeacion\/wp-json\/wp\/v2\/tags?post=9107"}],"curies":[{"name":"wp","href":"https:\/\/api.w.org\/{rel}","templated":true}]}}