{"id":1888,"date":"2019-03-25T20:56:31","date_gmt":"2019-03-25T19:56:31","guid":{"rendered":"https:\/\/www.oaxaca.gob.mx\/coplade\/?page_id=1888"},"modified":"2019-03-25T20:56:31","modified_gmt":"2019-03-25T19:56:31","slug":"direccion-de-desarrollo-regional","status":"publish","type":"page","link":"https:\/\/www.oaxaca.gob.mx\/planeacion\/direccion-de-desarrollo-regional\/","title":{"rendered":"Direcci\u00f3n de Desarrollo Regional"},"content":{"rendered":"<div class=\"post\">\n<p><strong>ART\u00cdCULO 51 bis.\u00a0<\/strong>La Direcci\u00f3n de Desarrollo Regional contar\u00e1 con un Director, quien depender\u00e1 directamente del Coordinador General y tendr\u00e1 las siguientes facultades:<\/p>\n<p>&nbsp;<\/p>\n<ol>\n<li>Coordinar la operaci\u00f3n de las Subdirecciones y M\u00f3dulos de Desarrollo Regional;<\/li>\n<\/ol>\n<p><strong>\u00a0<\/strong><\/p>\n<ol>\n<li>Dirigir el seguimiento de los acuerdos, convenios y dem\u00e1s instrumentos de coordinaci\u00f3n, suscritos por la Coordinaci\u00f3n General con los municipios y Microrregiones, en el \u00e1mbito de su competencia;<\/li>\n<\/ol>\n<p>&nbsp;<\/p>\n<p><strong>III.<\/strong>\u00a0Coordinar el seguimiento de la operaci\u00f3n de los \u00f3rganos regionales del COPLADE;<\/p>\n<p>&nbsp;<\/p>\n<ol>\n<li>Supervisar y evaluar el seguimiento del programa operativo de las Subdirecciones y M\u00f3dulos de Desarrollo Regional, para el cumplimiento de las atribuciones de la Coordinaci\u00f3n General;<\/li>\n<\/ol>\n<p>&nbsp;<\/p>\n<ol>\n<li>Coordinar la instrumentaci\u00f3n de planes, estrategias, programas, proyectos, obras y acciones de inversi\u00f3n para promover el desarrollo regional;<\/li>\n<\/ol>\n<p>&nbsp;<\/p>\n<ol>\n<li>Informar peri\u00f3dicamente al Coordinador General sobre las actividades relevantes realizadas por la Direcci\u00f3n de Desarrollo Regional a su cargo;<\/li>\n<\/ol>\n<p>&nbsp;<\/p>\n<p><strong>VII.<\/strong>\u00a0Proporcionar la informaci\u00f3n relativa a su \u00e1mbito de competencia, y que solicite la Unidad de Transparencia, conforme al R\u00e9gimen de Transparencia;<\/p>\n<p>&nbsp;<\/p>\n<p><strong>VIII.<\/strong>\u00a0Proporcionar informaci\u00f3n de los asuntos a su cargo, que soliciten las Coordinaciones y Direcciones de la Coordinaci\u00f3n General, en el \u00e1mbito de su competencia;<\/p>\n<p>&nbsp;<\/p>\n<ol>\n<li>Proponer al o a la Coordinador(a) General las l\u00edneas de acci\u00f3n que realizar\u00e1n las Subdirecciones y M\u00f3dulos de Desarrollo Regional para elaborar el Programa Anual de Trabajo de la Coordinaci\u00f3n General, y<\/li>\n<\/ol>\n<p>&nbsp;<\/p>\n<ol>\n<li>Las que le se\u00f1alen las dem\u00e1s disposiciones normativas aplicables y las que le confiera \u00e9l o la Coordinador(a) General, en el \u00e1mbito de su competencia.<\/li>\n<\/ol>\n<\/div>\n","protected":false},"excerpt":{"rendered":"<p>ART\u00cdCULO 51 bis.\u00a0La Direcci\u00f3n de Desarrollo Regional contar\u00e1 con un Director, quien depender\u00e1 directamente del Coordinador General y tendr\u00e1 las siguientes facultades: &nbsp; Coordinar la operaci\u00f3n de las Subdirecciones y M\u00f3dulos de Desarrollo Regional; \u00a0 Dirigir el seguimiento de los acuerdos, convenios y dem\u00e1s instrumentos de coordinaci\u00f3n, suscritos por la Coordinaci\u00f3n General con los municipios [&hellip;]<\/p>\n","protected":false},"author":1,"featured_media":0,"parent":0,"menu_order":0,"comment_status":"closed","ping_status":"closed","template":"","meta":{"episode_type":"","audio_file":"","podmotor_file_id":"","podmotor_episode_id":"","cover_image":"","cover_image_id":"","duration":"","filesize":"","filesize_raw":"","date_recorded":"","explicit":"","block":"","itunes_episode_number":"","itunes_title":"","itunes_season_number":"","itunes_episode_type":"","footnotes":""},"categories":[],"tags":[],"class_list":["post-1888","page","type-page","status-publish","hentry"],"acf":[],"publishpress_future_action":{"enabled":false,"date":"2026-04-11 06:42:40","action":"change-status","newStatus":"draft","terms":[],"taxonomy":"category","extraData":[]},"publishpress_future_workflow_manual_trigger":{"enabledWorkflows":[]},"_links":{"self":[{"href":"https:\/\/www.oaxaca.gob.mx\/planeacion\/wp-json\/wp\/v2\/pages\/1888","targetHints":{"allow":["GET"]}}],"collection":[{"href":"https:\/\/www.oaxaca.gob.mx\/planeacion\/wp-json\/wp\/v2\/pages"}],"about":[{"href":"https:\/\/www.oaxaca.gob.mx\/planeacion\/wp-json\/wp\/v2\/types\/page"}],"author":[{"embeddable":true,"href":"https:\/\/www.oaxaca.gob.mx\/planeacion\/wp-json\/wp\/v2\/users\/1"}],"replies":[{"embeddable":true,"href":"https:\/\/www.oaxaca.gob.mx\/planeacion\/wp-json\/wp\/v2\/comments?post=1888"}],"version-history":[{"count":0,"href":"https:\/\/www.oaxaca.gob.mx\/planeacion\/wp-json\/wp\/v2\/pages\/1888\/revisions"}],"wp:attachment":[{"href":"https:\/\/www.oaxaca.gob.mx\/planeacion\/wp-json\/wp\/v2\/media?parent=1888"}],"wp:term":[{"taxonomy":"category","embeddable":true,"href":"https:\/\/www.oaxaca.gob.mx\/planeacion\/wp-json\/wp\/v2\/categories?post=1888"},{"taxonomy":"post_tag","embeddable":true,"href":"https:\/\/www.oaxaca.gob.mx\/planeacion\/wp-json\/wp\/v2\/tags?post=1888"}],"curies":[{"name":"wp","href":"https:\/\/api.w.org\/{rel}","templated":true}]}}