{"id":1885,"date":"2019-03-25T20:54:18","date_gmt":"2019-03-25T19:54:18","guid":{"rendered":"https:\/\/www.oaxaca.gob.mx\/coplade\/?page_id=1885"},"modified":"2019-03-25T20:54:18","modified_gmt":"2019-03-25T19:54:18","slug":"direccion-de-coinversion-social","status":"publish","type":"page","link":"https:\/\/www.oaxaca.gob.mx\/planeacion\/direccion-de-coinversion-social\/","title":{"rendered":"Direcci\u00f3n de Coinversi\u00f3n Social"},"content":{"rendered":"<div class=\"post\">\n<p><strong>ARTICULO 48.\u00a0<\/strong>La Direcci\u00f3n\u00a0<strong>Coinversi\u00f3n Social<\/strong>\u00a0contar\u00e1 con un(a) Director(a) quien depender\u00e1 directamente del o de la Coordinador(a) de Operaci\u00f3n\u00a0<strong>Municipal, Microrregional y Coinversi\u00f3n Social<\/strong>\u00a0y tendr\u00e1 las siguientes facultades:<\/p>\n<p>&nbsp;<\/p>\n<ol>\n<li><strong>Definir el dise\u00f1o, planeaci\u00f3n, ejecuci\u00f3n y evaluaci\u00f3n de pol\u00edticas de desarrollo social a nivel municipal y microrregional, as\u00ed como su contribuci\u00f3n al fortalecimiento institucional de las organizaciones de la sociedad civil<\/strong>;<\/li>\n<\/ol>\n<p>&nbsp;<\/p>\n<ol>\n<li><strong>Coordinar propuestas de coinversi\u00f3n social con recursos del gobierno del estado y municipios para impulsar iniciativas sociales y productivas con alto nivel de innovaci\u00f3n y sustentabilidad<\/strong>;<\/li>\n<\/ol>\n<p>&nbsp;<\/p>\n<p><strong>III.<\/strong>\u00a0<strong>Promover los mecanismos para la concurrencia de recursos con dependencias e instituciones privadas, organizaciones de cooperaci\u00f3n nacional e internacional interesados en participar en proyectos de las organizaciones civiles<\/strong>;<\/p>\n<p><strong>\u00a0<\/strong><\/p>\n<ol>\n<li><strong>Proponer y dirigir los programas y proyectos de utilidad social que fortalezcan la procuraci\u00f3n de fondos, conforme a la normatividad aplicable<\/strong>;<\/li>\n<\/ol>\n<p>&nbsp;<\/p>\n<ol>\n<li><strong>Emitir y difundir las reglas de operaci\u00f3n para la ejecuci\u00f3n de programas y proyectos de utilidad social presentados por organizaciones civiles<\/strong>;<\/li>\n<\/ol>\n<p>&nbsp;<\/p>\n<ol>\n<li><strong>Conducir el proceso de recepci\u00f3n, validaci\u00f3n, dictaminaci\u00f3n, evaluaci\u00f3n y monitoreo de los proyectos presentados por las organizaciones civiles, de acuerdo a las convocatorias y normatividad aplicable<\/strong>;<\/li>\n<\/ol>\n<p>&nbsp;<\/p>\n<p><strong>VII.<\/strong>\u00a0<strong>Proporcionar a la Direcci\u00f3n Jur\u00eddica la documentaci\u00f3n y antecedentes que \u00e9sta requiera para la revisi\u00f3n y opini\u00f3n<\/strong>\u00a0de acuerdos, convenios y dem\u00e1s instrumentos suscritos por la Coordinaci\u00f3n General, para la ejecuci\u00f3n de los programas, proyectos, obras y acciones de coinversi\u00f3n;<\/p>\n<p>&nbsp;<\/p>\n<p><strong>VIII.<\/strong>\u00a0<strong>Controlar y resguardar los<\/strong>\u00a0convenios, actas y minutas que\u00a0<strong>suscriba la Coordinaci\u00f3n General en materia de Coinversi\u00f3n Social<\/strong>;<\/p>\n<p>&nbsp;<\/p>\n<ol>\n<li>Proporcionar la informaci\u00f3n relativa a su \u00e1mbito de competencia, que solicite la Unidad de Transparencia, conforme al R\u00e9gimen de\u00a0<strong>la materia<\/strong>;<\/li>\n<\/ol>\n<p>&nbsp;<\/p>\n<ol>\n<li>Proponer al Coordinador (a) de Operaci\u00f3n Municipal, Microrregional y Coinversi\u00f3n Social las actividades y l\u00edneas de acci\u00f3n que se realizar\u00e1n en la Direcci\u00f3n para elaborar el Programa Anual de Trabajo, y<\/li>\n<\/ol>\n<p>&nbsp;<\/p>\n<ol>\n<li>Las que le se\u00f1alen las dem\u00e1s disposiciones normativas aplicables y las que le confiera su superior jer\u00e1rquico, en el \u00e1mbito de su competencia.<\/li>\n<\/ol>\n<\/div>\n","protected":false},"excerpt":{"rendered":"<p>ARTICULO 48.\u00a0La Direcci\u00f3n\u00a0Coinversi\u00f3n Social\u00a0contar\u00e1 con un(a) Director(a) quien depender\u00e1 directamente del o de la Coordinador(a) de Operaci\u00f3n\u00a0Municipal, Microrregional y Coinversi\u00f3n Social\u00a0y tendr\u00e1 las siguientes facultades: &nbsp; Definir el dise\u00f1o, planeaci\u00f3n, ejecuci\u00f3n y evaluaci\u00f3n de pol\u00edticas de desarrollo social a nivel municipal y microrregional, as\u00ed como su contribuci\u00f3n al fortalecimiento institucional de las organizaciones de la [&hellip;]<\/p>\n","protected":false},"author":1,"featured_media":0,"parent":0,"menu_order":0,"comment_status":"closed","ping_status":"closed","template":"","meta":{"episode_type":"","audio_file":"","podmotor_file_id":"","podmotor_episode_id":"","cover_image":"","cover_image_id":"","duration":"","filesize":"","filesize_raw":"","date_recorded":"","explicit":"","block":"","itunes_episode_number":"","itunes_title":"","itunes_season_number":"","itunes_episode_type":"","footnotes":""},"categories":[],"tags":[],"class_list":["post-1885","page","type-page","status-publish","hentry"],"acf":[],"publishpress_future_action":{"enabled":false,"date":"2026-05-21 10:17:05","action":"change-status","newStatus":"draft","terms":[],"taxonomy":"category","extraData":[]},"publishpress_future_workflow_manual_trigger":{"enabledWorkflows":[]},"_links":{"self":[{"href":"https:\/\/www.oaxaca.gob.mx\/planeacion\/wp-json\/wp\/v2\/pages\/1885","targetHints":{"allow":["GET"]}}],"collection":[{"href":"https:\/\/www.oaxaca.gob.mx\/planeacion\/wp-json\/wp\/v2\/pages"}],"about":[{"href":"https:\/\/www.oaxaca.gob.mx\/planeacion\/wp-json\/wp\/v2\/types\/page"}],"author":[{"embeddable":true,"href":"https:\/\/www.oaxaca.gob.mx\/planeacion\/wp-json\/wp\/v2\/users\/1"}],"replies":[{"embeddable":true,"href":"https:\/\/www.oaxaca.gob.mx\/planeacion\/wp-json\/wp\/v2\/comments?post=1885"}],"version-history":[{"count":0,"href":"https:\/\/www.oaxaca.gob.mx\/planeacion\/wp-json\/wp\/v2\/pages\/1885\/revisions"}],"wp:attachment":[{"href":"https:\/\/www.oaxaca.gob.mx\/planeacion\/wp-json\/wp\/v2\/media?parent=1885"}],"wp:term":[{"taxonomy":"category","embeddable":true,"href":"https:\/\/www.oaxaca.gob.mx\/planeacion\/wp-json\/wp\/v2\/categories?post=1885"},{"taxonomy":"post_tag","embeddable":true,"href":"https:\/\/www.oaxaca.gob.mx\/planeacion\/wp-json\/wp\/v2\/tags?post=1885"}],"curies":[{"name":"wp","href":"https:\/\/api.w.org\/{rel}","templated":true}]}}