{"id":1881,"date":"2019-03-25T20:44:42","date_gmt":"2019-03-25T19:44:42","guid":{"rendered":"https:\/\/www.oaxaca.gob.mx\/coplade\/?page_id=1881"},"modified":"2019-03-25T20:44:42","modified_gmt":"2019-03-25T19:44:42","slug":"direccion-de-desarrollo-de-proyectos","status":"publish","type":"page","link":"https:\/\/www.oaxaca.gob.mx\/planeacion\/direccion-de-desarrollo-de-proyectos\/","title":{"rendered":"Direcci\u00f3n de Desarrollo de Proyectos"},"content":{"rendered":"<h1>FUNCIONES<\/h1>\n<ul>\n<li>Conducir los trabajos que apoyen la participaci\u00f3n de los sectores social y privado, en la toma de decisiones para la inversi\u00f3n p\u00fablica de programas. proyectos, obras y acciones de impacto social en beneficio de la comunidad, incidiendo preferentemente en el abatimiento de los indicadores de pobreza especificados por el Consejo Nacional de Evaluaci\u00f3n de la Pol\u00edtica de Desarrollo Social;<\/li>\n<li>Coadyuvar con las Dependencias y Entidades de los tres \u00f3rdenes de gobierno para la inclusi\u00f3n de pol\u00edticas p\u00fablicas en la atenci\u00f3n focalizada de la demanda de los sectores social y privada, en base a la oferta de los diferentes programas federales, estatales y municipales;<\/li>\n<li>Desarrollar programas, proyectos, obras y acciones de infraestructura y equipamiento productivo, social, b\u00e1sico, vivienda, servicios de salud y educaci\u00f3n, alineado con los lineamientos y reglas de operaci\u00f3n de los programas federales y estatales;<\/li>\n<li>Brindar asesor\u00eda t\u00e9cnica en materia de proyectos productivos y de infraestructura a los sectores social y privado, de las instituciones de educaci\u00f3n, y centros de investigaci\u00f3n;<\/li>\n<li>Proponer mecanismos que coadyuven en la actualizaci\u00f3n del SISPLADE para la consulta y planeaci\u00f3n de los sectores social y privado, as\u00ed como con los Comit\u00e9s de Desarrollo Comunitario y Vecinal;<\/li>\n<li>Coadyuvar en la elaboraci\u00f3n de las bases de datos de las organizaciones representativas que sirvan como fuente de informaci\u00f3n estad\u00edstica para los diferentes programas federal, estatal y municipal, as\u00ed como la agenda de gobierno y evaluaci\u00f3n de la planeaci\u00f3n;<\/li>\n<li>Coordinar la relaci\u00f3n institucional con los sectores social y privado, de las instituciones de educaci\u00f3n y centros de investigaci\u00f3n;<\/li>\n<li>Coordinar con la Coordinaci\u00f3n de Planeaci\u00f3n del Desarrollo, las acciones tendientes a orientar a los sectores social y privado, de las iinstituciones de educaci\u00f3n y centros de investigaci\u00f3n para la planeaci\u00f3n, dise\u00f1o, promoci\u00f3n, aplicaci\u00f3n y conducci\u00f3n de los programas y proyectos de desarrollo del Estado;<\/li>\n<li>Coadyuvar en la evaluaci\u00f3n peri\u00f3dica que guardan los programas y presupuestos de las diversas Dependencias y Entidades, as\u00ed como los resultados de su ejecuci\u00f3n, conforme a los objetivos del Plan Estatal de Desarrollo y dem\u00e1s normatividad aplicable;<\/li>\n<li>Asistir como representante de la Coordinaci\u00f3n General ante instancias estatales y federales, cuando as\u00ed se requiera;<\/li>\n<li>Proporcionar la informaci\u00f3n relativa a su \u00e1mbito de competencia, y que solicite la Unidad de Enlace, para la aplicaci\u00f3n conforme al R\u00e9gimen de Transparencia;<\/li>\n<li>Proponer a consideraci\u00f3n del o de la Coordinador(a) General, para su autorizaci\u00f3n, el Programa Anual de Trabajo del \u00c1rea Administrativa a su cargo, y<\/li>\n<li>Las que le se\u00f1alen las dem\u00e1s disposiciones normativas aplicables y las que le confiera \u00e9l o la Coordinador(a) General, en el \u00e1mbito de su competencia.<\/li>\n<\/ul>\n","protected":false},"excerpt":{"rendered":"<p>FUNCIONES Conducir los trabajos que apoyen la participaci\u00f3n de los sectores social y privado, en la toma de decisiones para la inversi\u00f3n p\u00fablica de programas. proyectos, obras y acciones de impacto social en beneficio de la comunidad, incidiendo preferentemente en el abatimiento de los indicadores de pobreza especificados por el Consejo Nacional de Evaluaci\u00f3n de [&hellip;]<\/p>\n","protected":false},"author":1,"featured_media":0,"parent":0,"menu_order":0,"comment_status":"closed","ping_status":"closed","template":"","meta":{"episode_type":"","audio_file":"","podmotor_file_id":"","podmotor_episode_id":"","cover_image":"","cover_image_id":"","duration":"","filesize":"","filesize_raw":"","date_recorded":"","explicit":"","block":"","itunes_episode_number":"","itunes_title":"","itunes_season_number":"","itunes_episode_type":"","footnotes":""},"categories":[],"tags":[],"class_list":["post-1881","page","type-page","status-publish","hentry"],"acf":[],"publishpress_future_action":{"enabled":false,"date":"2026-04-11 08:07:35","action":"change-status","newStatus":"draft","terms":[],"taxonomy":"category","extraData":[]},"publishpress_future_workflow_manual_trigger":{"enabledWorkflows":[]},"_links":{"self":[{"href":"https:\/\/www.oaxaca.gob.mx\/planeacion\/wp-json\/wp\/v2\/pages\/1881","targetHints":{"allow":["GET"]}}],"collection":[{"href":"https:\/\/www.oaxaca.gob.mx\/planeacion\/wp-json\/wp\/v2\/pages"}],"about":[{"href":"https:\/\/www.oaxaca.gob.mx\/planeacion\/wp-json\/wp\/v2\/types\/page"}],"author":[{"embeddable":true,"href":"https:\/\/www.oaxaca.gob.mx\/planeacion\/wp-json\/wp\/v2\/users\/1"}],"replies":[{"embeddable":true,"href":"https:\/\/www.oaxaca.gob.mx\/planeacion\/wp-json\/wp\/v2\/comments?post=1881"}],"version-history":[{"count":0,"href":"https:\/\/www.oaxaca.gob.mx\/planeacion\/wp-json\/wp\/v2\/pages\/1881\/revisions"}],"wp:attachment":[{"href":"https:\/\/www.oaxaca.gob.mx\/planeacion\/wp-json\/wp\/v2\/media?parent=1881"}],"wp:term":[{"taxonomy":"category","embeddable":true,"href":"https:\/\/www.oaxaca.gob.mx\/planeacion\/wp-json\/wp\/v2\/categories?post=1881"},{"taxonomy":"post_tag","embeddable":true,"href":"https:\/\/www.oaxaca.gob.mx\/planeacion\/wp-json\/wp\/v2\/tags?post=1881"}],"curies":[{"name":"wp","href":"https:\/\/api.w.org\/{rel}","templated":true}]}}