{"id":1877,"date":"2019-03-25T20:37:40","date_gmt":"2019-03-25T19:37:40","guid":{"rendered":"https:\/\/www.oaxaca.gob.mx\/coplade\/?page_id=1877"},"modified":"2019-03-25T20:37:40","modified_gmt":"2019-03-25T19:37:40","slug":"direccion-de-sistemas-de-informacion-para-la-planeacion","status":"publish","type":"page","link":"https:\/\/www.oaxaca.gob.mx\/planeacion\/direccion-de-sistemas-de-informacion-para-la-planeacion\/","title":{"rendered":"Direcci\u00f3n de Sistemas de Informaci\u00f3n para la Planeaci\u00f3n"},"content":{"rendered":"<h1>FUNCIONES<\/h1>\n<ul>\n<li>Planear y administrar el desarrollo del SISPLADE que facilite la planeaci\u00f3n, aplicaci\u00f3n y orientaci\u00f3n de las pol\u00edticas p\u00fablicas, acciones y proyectos en el \u00e1mbito estatal;<\/li>\n<li>Generar los mecanismos estrat\u00e9gicos de coordinaci\u00f3n en las Comisiones Intersectoriales, Subcomit\u00e9s Regionales, los Consejos de Desarrollo Microrregional y Municipal, as\u00ed como aquellas instancias de planeaci\u00f3n que contribuyan a estas tareas, propiciando la colaboraci\u00f3n de los sectores social y privado;<\/li>\n<li>Coordinar el dise\u00f1o y desarrollo de una plataforma inform\u00e1tica que permita el an\u00e1lisis de la informaci\u00f3n estad\u00edstica y espacial con el fin de orientar la pol\u00edtica de Desarrollo del Estado;<\/li>\n<li>Definir los requerimientos que deber\u00e1n contener el SISPLADE, as\u00ed como el an\u00e1lisis y difusi\u00f3n de estad\u00edsticas y estudios relativos a la demograf\u00eda, econom\u00eda y Desarrollo del Estado;<\/li>\n<li>Dirigir la capacitaci\u00f3n en el uso del SISPLADE y herramientas tecnol\u00f3gicas de los servidores p\u00fablicos de la Coordinaci\u00f3n General, de las Dependencias y Entidades de los tres \u00f3rdenes de gobierno, as\u00ed como los sectores social y privado, de las instituciones educativas y centros de investigaci\u00f3n, cuando as\u00ed se requiera;<\/li>\n<li>Coordinar la integraci\u00f3n de una agenda de gobierno a trav\u00e9s del aporte de informaci\u00f3n;<\/li>\n<li>Proponer la implementaci\u00f3n de herramientas y mecanismos tecnol\u00f3gicos que faciliten la elaboraci\u00f3n de estudios, informes y reportes, con las diferentes \u00e1reas administrativas, as\u00ed como con las Dependencias y Entidades de los tres \u00f3rdenes de gobierno con los sectores social y privado;<\/li>\n<li>Plantear las herramientas tecnol\u00f3gicas para el control y el seguimiento acuerdos, convenios y dem\u00e1s instrumentos suscritos en el seno del COPLADE, por el Gobernador o, en su caso, por la Coordinaci\u00f3n General y dem\u00e1s Dependencias y Entidades, para lograr el desarrollo en las regiones, microrregiones, municipios y localidades del Estado;<\/li>\n<li>Colaborar por medio de herramientas tecnol\u00f3gicas en el seguimiento del Banco de Proyectos sectoriales y regionales de inversi\u00f3n p\u00fablica del Estado, para fortalecer la planeaci\u00f3n en el Desarrollo;<\/li>\n<li>Coordinar los trabajos necesarios para los mecanismos de respuesta ante la existencia de siniestros y contingencias;<\/li>\n<li>Dirigir los trabajos para el mantenimiento y actualizaci\u00f3n del SISPLADE de acuerdo a las necesidades de los programas, proyectos, obras y acciones en el \u00e1mbito estatal que coordine el COPLADE;<\/li>\n<li>Supervisar y vigilar el cumplimiento de las normas y criterios establecidos en el gobierno del Estado para la optimizaci\u00f3n y aplicaci\u00f3n de los recursos inform\u00e1ticos y de telecomunicaciones de la Coordinaci\u00f3n General;<\/li>\n<li>Supervisar la implementaci\u00f3n de mecanismos en el control de los bienes y servicios inform\u00e1ticos y de telecomunicaciones de la Coordinaci\u00f3n General;<\/li>\n<li>Dirigir la asesor\u00eda y asistencia t\u00e9cnica para los operadores de los bienes y servicios inform\u00e1ticos en las diversas \u00e1reas administrativas;<\/li>\n<li>Colaborar en el dictamen t\u00e9cnico para la adquisici\u00f3n, arrendamiento, ampliaci\u00f3n o modificaci\u00f3n de equipos, servicios de mantenimiento, instalaciones y sistemas de inform\u00e1tica y de telecomunicaciones en la Coordinaci\u00f3n General;<\/li>\n<li>Asistir como representante del o de la Coordinador(a) General ante instancias estatales y federales, cuando as\u00ed se requiera;<\/li>\n<li>Proporcionar la informaci\u00f3n relativa a su \u00e1mbito de competencia, y que solicite la Unidad de Enlace, para la aplicaci\u00f3n conforme al R\u00e9gimen de Transparencia;<\/li>\n<li>Proponer a consideraci\u00f3n del o de la Coordinador(a)de Planeaci\u00f3n del Desarrollo, para su autorizaci\u00f3n, el Programa Anual de Trabajo del \u00e1rea administrativa a su cargo;<\/li>\n<li>Informar peri\u00f3dicamente al o a la Coordinador(a) de Planeaci\u00f3n del Desarrollo de las actividades m\u00e1s relevantes de la Direcci\u00f3n, y<\/li>\n<li>Las que le se\u00f1alen las dem\u00e1s disposiciones normativas aplicables y las que le confiera su superior jer\u00e1rquico, en el \u00e1mbito de su competencia.<\/li>\n<\/ul>\n","protected":false},"excerpt":{"rendered":"<p>FUNCIONES Planear y administrar el desarrollo del SISPLADE que facilite la planeaci\u00f3n, aplicaci\u00f3n y orientaci\u00f3n de las pol\u00edticas p\u00fablicas, acciones y proyectos en el \u00e1mbito estatal; Generar los mecanismos estrat\u00e9gicos de coordinaci\u00f3n en las Comisiones Intersectoriales, Subcomit\u00e9s Regionales, los Consejos de Desarrollo Microrregional y Municipal, as\u00ed como aquellas instancias de planeaci\u00f3n que contribuyan a estas [&hellip;]<\/p>\n","protected":false},"author":1,"featured_media":0,"parent":0,"menu_order":0,"comment_status":"closed","ping_status":"closed","template":"","meta":{"episode_type":"","audio_file":"","podmotor_file_id":"","podmotor_episode_id":"","cover_image":"","cover_image_id":"","duration":"","filesize":"","filesize_raw":"","date_recorded":"","explicit":"","block":"","itunes_episode_number":"","itunes_title":"","itunes_season_number":"","itunes_episode_type":"","footnotes":""},"categories":[],"tags":[],"class_list":["post-1877","page","type-page","status-publish","hentry"],"acf":[],"publishpress_future_action":{"enabled":false,"date":"2026-04-12 08:44:38","action":"change-status","newStatus":"draft","terms":[],"taxonomy":"category","extraData":[]},"publishpress_future_workflow_manual_trigger":{"enabledWorkflows":[]},"_links":{"self":[{"href":"https:\/\/www.oaxaca.gob.mx\/planeacion\/wp-json\/wp\/v2\/pages\/1877","targetHints":{"allow":["GET"]}}],"collection":[{"href":"https:\/\/www.oaxaca.gob.mx\/planeacion\/wp-json\/wp\/v2\/pages"}],"about":[{"href":"https:\/\/www.oaxaca.gob.mx\/planeacion\/wp-json\/wp\/v2\/types\/page"}],"author":[{"embeddable":true,"href":"https:\/\/www.oaxaca.gob.mx\/planeacion\/wp-json\/wp\/v2\/users\/1"}],"replies":[{"embeddable":true,"href":"https:\/\/www.oaxaca.gob.mx\/planeacion\/wp-json\/wp\/v2\/comments?post=1877"}],"version-history":[{"count":0,"href":"https:\/\/www.oaxaca.gob.mx\/planeacion\/wp-json\/wp\/v2\/pages\/1877\/revisions"}],"wp:attachment":[{"href":"https:\/\/www.oaxaca.gob.mx\/planeacion\/wp-json\/wp\/v2\/media?parent=1877"}],"wp:term":[{"taxonomy":"category","embeddable":true,"href":"https:\/\/www.oaxaca.gob.mx\/planeacion\/wp-json\/wp\/v2\/categories?post=1877"},{"taxonomy":"post_tag","embeddable":true,"href":"https:\/\/www.oaxaca.gob.mx\/planeacion\/wp-json\/wp\/v2\/tags?post=1877"}],"curies":[{"name":"wp","href":"https:\/\/api.w.org\/{rel}","templated":true}]}}